{"id":9201,"date":"2021-11-02T10:31:45","date_gmt":"2021-11-02T10:31:45","guid":{"rendered":"https:\/\/moya-birchbark.com\/de\/?post_type=product&#038;p=9201"},"modified":"2024-08-20T13:07:30","modified_gmt":"2024-08-20T13:07:30","slug":"dekorationsanhaenger-4er-set","status":"publish","type":"product","link":"https:\/\/moya-birchbark.com\/de\/produkt\/dekorationsanhaenger-4er-set\/","title":{"rendered":"Dekorationsanh\u00e4nger &#8211; grafische Ornamente | 4er Set"},"content":{"rendered":"<p>Ob Wir bei Moya streben eine abfallfreie Produktion an, so wird auch aus den kleinsten Birkenrindenst\u00fccken Dekoratives und N\u00fctzliches gefertigt &#8211; wie unseren formsch\u00f6nen Ornamente.<\/p>\n<p>Ob am Ast, Christbaum, als Geschenk oder Hochzeitsdekoration \u2013 sie machen das ganze Jahr \u00fcber eine gute Figur.<\/p>\n<p>Sie lassen sich perfekt mit anderen Farben, Formen und Materialien vereinen und schm\u00fccken auf viele Weisen \u2013 vielleicht als Teil eines Mobiles? Die geometrischen Formen mit einer Menge an Kombinationsm\u00f6glichkeiten laden zum kreativ werden ein!<\/p>\n<p><strong>Details<br \/>\n<\/strong>\u2013 100% nat\u00fcrliche Birkenrinde ohne jegliche Zusatzstoffe, Faden<br \/>\n&#8211; Gr\u00f6\u00dfe: Pop out Karte 10 x 10 cm<br \/>\n&#8211; Enth\u00e4lt je 2 Dekorationsanh\u00e4nger pro Karte<br \/>\n&#8211; Wird jeweils flach und im Kuvert verpackt geliefert<br \/>\n&#8211; Eine Anleitung zum Zusammenstecken liegt bei<\/p>\n","protected":false},"excerpt":{"rendered":"<p>DIY Dekoration in 3 einfachen Schritten: Rausdr\u00fccken, Zusammenstecken und Genie\u00dfen! Die samtweiche Birkenrinde macht viel Freude beim gemeinsamen Basteln, Verschenken und Dekorieren<\/p>\n","protected":false},"featured_media":10781,"comment_status":"open","ping_status":"closed","template":"","meta":{"inline_featured_image":false},"product_cat":[362,288],"product_tag":[],"class_list":["post-9201","product","type-product","status-publish","has-post-thumbnail","hentry","product_cat-schenken-und-dekorieren","product_cat-nachhaltige-dekoration-aus-birke-anhaenger","product_shipping_class-weihnachten"],"yoast_head":"<!-- This site is optimized with the Yoast SEO plugin v19.10 - https:\/\/yoast.com\/wordpress\/plugins\/seo\/ -->\n<title>Dekoration Ornamente aus nat\u00fcrlicher Birkenrinde - Moya Birkenrinde<\/title>\n<meta name=\"description\" content=\"Dekoration Ornamente Set aus nat\u00fcrlicher Birkenrinde. Grafische Ornamente, die zum kreativ werden einladen. Als Christbaumschmuck oder Mobile\" \/>\n<meta name=\"robots\" content=\"index, follow, max-snippet:-1, max-image-preview:large, max-video-preview:-1\" \/>\n<link rel=\"canonical\" href=\"https:\/\/moya-birchbark.com\/de\/produkt\/dekorationsanhaenger-4er-set\/\" \/>\n<meta property=\"og:locale\" content=\"de_DE\" \/>\n<meta property=\"og:type\" content=\"article\" \/>\n<meta property=\"og:title\" content=\"Dekoration Ornamente aus nat\u00fcrlicher Birkenrinde - Moya Birkenrinde\" \/>\n<meta property=\"og:description\" content=\"Dekoration Ornamente Set aus nat\u00fcrlicher Birkenrinde. Grafische Ornamente, die zum kreativ werden einladen. Als Christbaumschmuck oder Mobile\" \/>\n<meta property=\"og:url\" content=\"https:\/\/moya-birchbark.com\/de\/produkt\/dekorationsanhaenger-4er-set\/\" \/>\n<meta property=\"og:site_name\" content=\"Moya Birkenrinde\" \/>\n<meta property=\"article:modified_time\" content=\"2024-08-20T13:07:30+00:00\" \/>\n<meta property=\"og:image\" content=\"https:\/\/moya-birchbark.com\/de\/wp-content\/uploads\/sites\/4\/2021\/08\/Moya_Anhaenger\u00a9FriederReuter_web_05_b.jpg\" \/>\n\t<meta property=\"og:image:width\" content=\"1024\" \/>\n\t<meta property=\"og:image:height\" content=\"855\" \/>\n\t<meta property=\"og:image:type\" content=\"image\/jpeg\" \/>\n<meta name=\"twitter:card\" content=\"summary_large_image\" \/>\n<meta name=\"twitter:label1\" content=\"Gesch\u00e4tzte Lesezeit\" \/>\n\t<meta name=\"twitter:data1\" content=\"1\u00a0Minute\" \/>\n<script type=\"application\/ld+json\" class=\"yoast-schema-graph\">{\"@context\":\"https:\/\/schema.org\",\"@graph\":[{\"@type\":\"WebPage\",\"@id\":\"https:\/\/moya-birchbark.com\/de\/produkt\/dekorationsanhaenger-4er-set\/\",\"url\":\"https:\/\/moya-birchbark.com\/de\/produkt\/dekorationsanhaenger-4er-set\/\",\"name\":\"Dekoration Ornamente aus nat\u00fcrlicher Birkenrinde - Moya Birkenrinde\",\"isPartOf\":{\"@id\":\"https:\/\/moya-birchbark.com\/de\/#website\"},\"datePublished\":\"2021-11-02T10:31:45+00:00\",\"dateModified\":\"2024-08-20T13:07:30+00:00\",\"description\":\"Dekoration Ornamente Set aus nat\u00fcrlicher Birkenrinde. Grafische Ornamente, die zum kreativ werden einladen. Als Christbaumschmuck oder Mobile\",\"breadcrumb\":{\"@id\":\"https:\/\/moya-birchbark.com\/de\/produkt\/dekorationsanhaenger-4er-set\/#breadcrumb\"},\"inLanguage\":\"de\",\"potentialAction\":[{\"@type\":\"ReadAction\",\"target\":[\"https:\/\/moya-birchbark.com\/de\/produkt\/dekorationsanhaenger-4er-set\/\"]}]},{\"@type\":\"BreadcrumbList\",\"@id\":\"https:\/\/moya-birchbark.com\/de\/produkt\/dekorationsanhaenger-4er-set\/#breadcrumb\",\"itemListElement\":[{\"@type\":\"ListItem\",\"position\":1,\"name\":\"Home\",\"item\":\"https:\/\/moya-birchbark.com\/de\/\"},{\"@type\":\"ListItem\",\"position\":2,\"name\":\"Shop\",\"item\":\"https:\/\/moya-birchbark.com\/de\/shop-moya-birkenrinde\/\"},{\"@type\":\"ListItem\",\"position\":3,\"name\":\"Schenken &amp; Dekorieren\",\"item\":\"https:\/\/moya-birchbark.com\/de\/produkt-kategorie\/schenken-und-dekorieren\/\"},{\"@type\":\"ListItem\",\"position\":4,\"name\":\"Geschenkideen\",\"item\":\"https:\/\/moya-birchbark.com\/de\/produkt-kategorie\/schenken-und-dekorieren\/nachhaltige-dekoration-aus-birke-anhaenger\/\"},{\"@type\":\"ListItem\",\"position\":5,\"name\":\"Dekorationsanh\u00e4nger &#8211; grafische Ornamente | 4er Set\"}]},{\"@type\":\"WebSite\",\"@id\":\"https:\/\/moya-birchbark.com\/de\/#website\",\"url\":\"https:\/\/moya-birchbark.com\/de\/\",\"name\":\"Moya Birkenrinde\",\"description\":\"MOYA Birch Bark\",\"publisher\":{\"@id\":\"https:\/\/moya-birchbark.com\/de\/#organization\"},\"potentialAction\":[{\"@type\":\"SearchAction\",\"target\":{\"@type\":\"EntryPoint\",\"urlTemplate\":\"https:\/\/moya-birchbark.com\/de\/?s={search_term_string}\"},\"query-input\":\"required name=search_term_string\"}],\"inLanguage\":\"de\"},{\"@type\":\"Organization\",\"@id\":\"https:\/\/moya-birchbark.com\/de\/#organization\",\"name\":\"Moya Birkenrinde\",\"url\":\"https:\/\/moya-birchbark.com\/de\/\",\"logo\":{\"@type\":\"ImageObject\",\"inLanguage\":\"de\",\"@id\":\"https:\/\/moya-birchbark.com\/de\/#\/schema\/logo\/image\/\",\"url\":\"https:\/\/moya-birchbark.com\/de\/wp-content\/uploads\/sites\/4\/2021\/05\/MOYA-Birch-Bark-Logo-white.png\",\"contentUrl\":\"https:\/\/moya-birchbark.com\/de\/wp-content\/uploads\/sites\/4\/2021\/05\/MOYA-Birch-Bark-Logo-white.png\",\"width\":520,\"height\":152,\"caption\":\"Moya Birkenrinde\"},\"image\":{\"@id\":\"https:\/\/moya-birchbark.com\/de\/#\/schema\/logo\/image\/\"}}]}<\/script>\n<!-- \/ Yoast SEO plugin. -->","yoast_head_json":{"title":"Dekoration Ornamente aus nat\u00fcrlicher Birkenrinde - Moya Birkenrinde","description":"Dekoration Ornamente Set aus nat\u00fcrlicher Birkenrinde. Grafische Ornamente, die zum kreativ werden einladen. Als Christbaumschmuck oder Mobile","robots":{"index":"index","follow":"follow","max-snippet":"max-snippet:-1","max-image-preview":"max-image-preview:large","max-video-preview":"max-video-preview:-1"},"canonical":"https:\/\/moya-birchbark.com\/de\/produkt\/dekorationsanhaenger-4er-set\/","og_locale":"de_DE","og_type":"article","og_title":"Dekoration Ornamente aus nat\u00fcrlicher Birkenrinde - Moya Birkenrinde","og_description":"Dekoration Ornamente Set aus nat\u00fcrlicher Birkenrinde. Grafische Ornamente, die zum kreativ werden einladen. Als Christbaumschmuck oder Mobile","og_url":"https:\/\/moya-birchbark.com\/de\/produkt\/dekorationsanhaenger-4er-set\/","og_site_name":"Moya Birkenrinde","article_modified_time":"2024-08-20T13:07:30+00:00","og_image":[{"width":1024,"height":855,"url":"https:\/\/moya-birchbark.com\/de\/wp-content\/uploads\/sites\/4\/2021\/08\/Moya_Anhaenger\u00a9FriederReuter_web_05_b.jpg","type":"image\/jpeg"}],"twitter_card":"summary_large_image","twitter_misc":{"Gesch\u00e4tzte Lesezeit":"1\u00a0Minute"},"schema":{"@context":"https:\/\/schema.org","@graph":[{"@type":"WebPage","@id":"https:\/\/moya-birchbark.com\/de\/produkt\/dekorationsanhaenger-4er-set\/","url":"https:\/\/moya-birchbark.com\/de\/produkt\/dekorationsanhaenger-4er-set\/","name":"Dekoration Ornamente aus nat\u00fcrlicher Birkenrinde - Moya Birkenrinde","isPartOf":{"@id":"https:\/\/moya-birchbark.com\/de\/#website"},"datePublished":"2021-11-02T10:31:45+00:00","dateModified":"2024-08-20T13:07:30+00:00","description":"Dekoration Ornamente Set aus nat\u00fcrlicher Birkenrinde. Grafische Ornamente, die zum kreativ werden einladen. Als Christbaumschmuck oder Mobile","breadcrumb":{"@id":"https:\/\/moya-birchbark.com\/de\/produkt\/dekorationsanhaenger-4er-set\/#breadcrumb"},"inLanguage":"de","potentialAction":[{"@type":"ReadAction","target":["https:\/\/moya-birchbark.com\/de\/produkt\/dekorationsanhaenger-4er-set\/"]}]},{"@type":"BreadcrumbList","@id":"https:\/\/moya-birchbark.com\/de\/produkt\/dekorationsanhaenger-4er-set\/#breadcrumb","itemListElement":[{"@type":"ListItem","position":1,"name":"Home","item":"https:\/\/moya-birchbark.com\/de\/"},{"@type":"ListItem","position":2,"name":"Shop","item":"https:\/\/moya-birchbark.com\/de\/shop-moya-birkenrinde\/"},{"@type":"ListItem","position":3,"name":"Schenken &amp; Dekorieren","item":"https:\/\/moya-birchbark.com\/de\/produkt-kategorie\/schenken-und-dekorieren\/"},{"@type":"ListItem","position":4,"name":"Geschenkideen","item":"https:\/\/moya-birchbark.com\/de\/produkt-kategorie\/schenken-und-dekorieren\/nachhaltige-dekoration-aus-birke-anhaenger\/"},{"@type":"ListItem","position":5,"name":"Dekorationsanh\u00e4nger &#8211; grafische Ornamente | 4er Set"}]},{"@type":"WebSite","@id":"https:\/\/moya-birchbark.com\/de\/#website","url":"https:\/\/moya-birchbark.com\/de\/","name":"Moya Birkenrinde","description":"MOYA Birch Bark","publisher":{"@id":"https:\/\/moya-birchbark.com\/de\/#organization"},"potentialAction":[{"@type":"SearchAction","target":{"@type":"EntryPoint","urlTemplate":"https:\/\/moya-birchbark.com\/de\/?s={search_term_string}"},"query-input":"required name=search_term_string"}],"inLanguage":"de"},{"@type":"Organization","@id":"https:\/\/moya-birchbark.com\/de\/#organization","name":"Moya Birkenrinde","url":"https:\/\/moya-birchbark.com\/de\/","logo":{"@type":"ImageObject","inLanguage":"de","@id":"https:\/\/moya-birchbark.com\/de\/#\/schema\/logo\/image\/","url":"https:\/\/moya-birchbark.com\/de\/wp-content\/uploads\/sites\/4\/2021\/05\/MOYA-Birch-Bark-Logo-white.png","contentUrl":"https:\/\/moya-birchbark.com\/de\/wp-content\/uploads\/sites\/4\/2021\/05\/MOYA-Birch-Bark-Logo-white.png","width":520,"height":152,"caption":"Moya Birkenrinde"},"image":{"@id":"https:\/\/moya-birchbark.com\/de\/#\/schema\/logo\/image\/"}}]}},"_links":{"self":[{"href":"https:\/\/moya-birchbark.com\/de\/wp-json\/wp\/v2\/product\/9201","targetHints":{"allow":["GET"]}}],"collection":[{"href":"https:\/\/moya-birchbark.com\/de\/wp-json\/wp\/v2\/product"}],"about":[{"href":"https:\/\/moya-birchbark.com\/de\/wp-json\/wp\/v2\/types\/product"}],"replies":[{"embeddable":true,"href":"https:\/\/moya-birchbark.com\/de\/wp-json\/wp\/v2\/comments?post=9201"}],"wp:featuredmedia":[{"embeddable":true,"href":"https:\/\/moya-birchbark.com\/de\/wp-json\/wp\/v2\/media\/10781"}],"wp:attachment":[{"href":"https:\/\/moya-birchbark.com\/de\/wp-json\/wp\/v2\/media?parent=9201"}],"wp:term":[{"taxonomy":"product_cat","embeddable":true,"href":"https:\/\/moya-birchbark.com\/de\/wp-json\/wp\/v2\/product_cat?post=9201"},{"taxonomy":"product_tag","embeddable":true,"href":"https:\/\/moya-birchbark.com\/de\/wp-json\/wp\/v2\/product_tag?post=9201"}],"curies":[{"name":"wp","href":"https:\/\/api.w.org\/{rel}","templated":true}]}}