{"id":9196,"date":"2021-08-11T10:33:46","date_gmt":"2021-08-11T10:33:46","guid":{"rendered":"https:\/\/moya-birchbark.com\/de\/?post_type=product&#038;p=9196"},"modified":"2025-04-08T13:20:58","modified_gmt":"2025-04-08T13:20:58","slug":"kartenhalter-fotohalter-aus-nachhaltiger-birkenrinde","status":"publish","type":"product","link":"https:\/\/moya-birchbark.com\/de\/produkt\/kartenhalter-fotohalter-aus-nachhaltiger-birkenrinde\/","title":{"rendered":"Bildaufsteller &#8211; Fotohalter aus Birkenrinde"},"content":{"rendered":"<p>Unsere Kartenhalter \/ Fotohalter aus nachhaltiger Birkenrinde geben die M\u00f6glichkeit Fotos, Karten und alle m\u00f6glichen Erinnerungen im 2D-Format zu pr\u00e4sentieren.<br \/>\nAls dekorativer Hingucker mit wunderbarer Haptik sind sie schnell platziert, platzsparend und f\u00fcr unz\u00e4hlige Anwendungen geeignet!<br \/>\nMit ihrer grafischen Anmutung schm\u00fccken sie festliche Tische mit Namenskarten oder als Men\u00fchalter, beschildern im Lieblingscaf\u00e9 das Kuchenb\u00fcffet oder reservieren Tische und halten Dir am Arbeitsplatz das Foto Deiner Liebsten, Urlaubserinnerungen oder wichtige Notizen immer im Blick. Nat\u00fcrlich sind sie auch Zuhause \u00fcberall da perfekt, wo Du Dich mit Dekorativem, Bildern und Karten umgeben m\u00f6chtest.<br \/>\nIhr erhaltet die Bildaufsteller flach, in Form einer Karte \u2013 sch\u00f6n verpackt in einem edlen, semitransparenten Kuvert, so lassen sich von au\u00dfen schon die dekorativen Formen erkennen. Auch k\u00f6nnt ihr sie zusammen mit Eurem Lieblingsfoto per Post an Freunde versenden und somit einen ganz besonderen Gru\u00df gestalten.<br \/>\nEine Karte beinhaltet zwei Bildaufsteller, je bestehend aus einem Dreieck und einem Halbkreis, welche vorsichtig ineinandergesteckt werden. Das gew\u00fcnschte Bild wird in den Schlitz des Dreieckes platziert.<\/p>\n<p><strong>Details<br \/>\n<\/strong>&#8211; Ma\u00dfe Pop out Karte:10 x 10 cm<br \/>\n&#8211; Birkenrinde<br \/>\n&#8211; Enth\u00e4lt 2 Bildaufsteller<br \/>\n&#8211; Wird flach und im Kuvert verpackt geliefert<\/p>\n","protected":false},"excerpt":{"rendered":"<p>Als dekorativer Hingucker mit wunderbarer Haptik ist Dein neuer Kartenaufsteller f\u00fcr unz\u00e4hlige Anwendungen geeignet und l\u00e4sst Deine Fotos, Karten und Erinnerungen gl\u00e4nzen.<\/p>\n<p>&nbsp;<\/p>\n","protected":false},"featured_media":9252,"comment_status":"open","ping_status":"closed","template":"","meta":{"inline_featured_image":false},"product_cat":[362,288],"product_tag":[],"class_list":["post-9196","product","type-product","status-publish","has-post-thumbnail","hentry","product_cat-schenken-und-dekorieren","product_cat-nachhaltige-dekoration-aus-birke-anhaenger","product_shipping_class-weihnachten"],"yoast_head":"<!-- This site is optimized with the Yoast SEO plugin v19.10 - https:\/\/yoast.com\/wordpress\/plugins\/seo\/ -->\n<title>Kartenhalter \/ Fotohalter aus nachhaltiger Birkenrinde - MOYA<\/title>\n<meta name=\"description\" content=\"Kartenhalter \/ Fotohalter aus nachhaltiger Birkenrinde von MOYA - klein, dekorativ und einfach zusammenzustecken\" \/>\n<meta name=\"robots\" content=\"index, follow, max-snippet:-1, max-image-preview:large, max-video-preview:-1\" \/>\n<link rel=\"canonical\" href=\"https:\/\/moya-birchbark.com\/de\/produkt\/kartenhalter-fotohalter-aus-nachhaltiger-birkenrinde\/\" \/>\n<meta property=\"og:locale\" content=\"de_DE\" \/>\n<meta property=\"og:type\" content=\"article\" \/>\n<meta property=\"og:title\" content=\"Kartenhalter \/ Fotohalter aus nachhaltiger Birkenrinde - MOYA\" \/>\n<meta property=\"og:description\" content=\"Kartenhalter \/ Fotohalter aus nachhaltiger Birkenrinde von MOYA - klein, dekorativ und einfach zusammenzustecken\" \/>\n<meta property=\"og:url\" content=\"https:\/\/moya-birchbark.com\/de\/produkt\/kartenhalter-fotohalter-aus-nachhaltiger-birkenrinde\/\" \/>\n<meta property=\"og:site_name\" content=\"Moya Birkenrinde\" \/>\n<meta property=\"article:modified_time\" content=\"2025-04-08T13:20:58+00:00\" \/>\n<meta property=\"og:image\" content=\"https:\/\/moya-birchbark.com\/de\/wp-content\/uploads\/sites\/4\/2021\/08\/Moya_Bildaufsteller\u00a9FriederReuter_web_07.jpg\" \/>\n\t<meta property=\"og:image:width\" content=\"2000\" \/>\n\t<meta property=\"og:image:height\" content=\"1333\" \/>\n\t<meta property=\"og:image:type\" content=\"image\/jpeg\" \/>\n<meta name=\"twitter:card\" content=\"summary_large_image\" \/>\n<meta name=\"twitter:label1\" content=\"Gesch\u00e4tzte Lesezeit\" \/>\n\t<meta name=\"twitter:data1\" content=\"1\u00a0Minute\" \/>\n<script type=\"application\/ld+json\" class=\"yoast-schema-graph\">{\"@context\":\"https:\/\/schema.org\",\"@graph\":[{\"@type\":\"WebPage\",\"@id\":\"https:\/\/moya-birchbark.com\/de\/produkt\/kartenhalter-fotohalter-aus-nachhaltiger-birkenrinde\/\",\"url\":\"https:\/\/moya-birchbark.com\/de\/produkt\/kartenhalter-fotohalter-aus-nachhaltiger-birkenrinde\/\",\"name\":\"Kartenhalter \/ Fotohalter aus nachhaltiger Birkenrinde - MOYA\",\"isPartOf\":{\"@id\":\"https:\/\/moya-birchbark.com\/de\/#website\"},\"datePublished\":\"2021-08-11T10:33:46+00:00\",\"dateModified\":\"2025-04-08T13:20:58+00:00\",\"description\":\"Kartenhalter \/ Fotohalter aus nachhaltiger Birkenrinde von MOYA - klein, dekorativ und einfach zusammenzustecken\",\"breadcrumb\":{\"@id\":\"https:\/\/moya-birchbark.com\/de\/produkt\/kartenhalter-fotohalter-aus-nachhaltiger-birkenrinde\/#breadcrumb\"},\"inLanguage\":\"de\",\"potentialAction\":[{\"@type\":\"ReadAction\",\"target\":[\"https:\/\/moya-birchbark.com\/de\/produkt\/kartenhalter-fotohalter-aus-nachhaltiger-birkenrinde\/\"]}]},{\"@type\":\"BreadcrumbList\",\"@id\":\"https:\/\/moya-birchbark.com\/de\/produkt\/kartenhalter-fotohalter-aus-nachhaltiger-birkenrinde\/#breadcrumb\",\"itemListElement\":[{\"@type\":\"ListItem\",\"position\":1,\"name\":\"Home\",\"item\":\"https:\/\/moya-birchbark.com\/de\/\"},{\"@type\":\"ListItem\",\"position\":2,\"name\":\"Shop\",\"item\":\"https:\/\/moya-birchbark.com\/de\/shop-moya-birkenrinde\/\"},{\"@type\":\"ListItem\",\"position\":3,\"name\":\"Schenken &amp; Dekorieren\",\"item\":\"https:\/\/moya-birchbark.com\/de\/produkt-kategorie\/schenken-und-dekorieren\/\"},{\"@type\":\"ListItem\",\"position\":4,\"name\":\"Geschenkideen\",\"item\":\"https:\/\/moya-birchbark.com\/de\/produkt-kategorie\/schenken-und-dekorieren\/nachhaltige-dekoration-aus-birke-anhaenger\/\"},{\"@type\":\"ListItem\",\"position\":5,\"name\":\"Bildaufsteller &#8211; Fotohalter aus Birkenrinde\"}]},{\"@type\":\"WebSite\",\"@id\":\"https:\/\/moya-birchbark.com\/de\/#website\",\"url\":\"https:\/\/moya-birchbark.com\/de\/\",\"name\":\"Moya Birkenrinde\",\"description\":\"MOYA Birch Bark\",\"publisher\":{\"@id\":\"https:\/\/moya-birchbark.com\/de\/#organization\"},\"potentialAction\":[{\"@type\":\"SearchAction\",\"target\":{\"@type\":\"EntryPoint\",\"urlTemplate\":\"https:\/\/moya-birchbark.com\/de\/?s={search_term_string}\"},\"query-input\":\"required name=search_term_string\"}],\"inLanguage\":\"de\"},{\"@type\":\"Organization\",\"@id\":\"https:\/\/moya-birchbark.com\/de\/#organization\",\"name\":\"Moya Birkenrinde\",\"url\":\"https:\/\/moya-birchbark.com\/de\/\",\"logo\":{\"@type\":\"ImageObject\",\"inLanguage\":\"de\",\"@id\":\"https:\/\/moya-birchbark.com\/de\/#\/schema\/logo\/image\/\",\"url\":\"https:\/\/moya-birchbark.com\/de\/wp-content\/uploads\/sites\/4\/2021\/05\/MOYA-Birch-Bark-Logo-white.png\",\"contentUrl\":\"https:\/\/moya-birchbark.com\/de\/wp-content\/uploads\/sites\/4\/2021\/05\/MOYA-Birch-Bark-Logo-white.png\",\"width\":520,\"height\":152,\"caption\":\"Moya Birkenrinde\"},\"image\":{\"@id\":\"https:\/\/moya-birchbark.com\/de\/#\/schema\/logo\/image\/\"}}]}<\/script>\n<!-- \/ Yoast SEO plugin. -->","yoast_head_json":{"title":"Kartenhalter \/ Fotohalter aus nachhaltiger Birkenrinde - MOYA","description":"Kartenhalter \/ Fotohalter aus nachhaltiger Birkenrinde von MOYA - klein, dekorativ und einfach zusammenzustecken","robots":{"index":"index","follow":"follow","max-snippet":"max-snippet:-1","max-image-preview":"max-image-preview:large","max-video-preview":"max-video-preview:-1"},"canonical":"https:\/\/moya-birchbark.com\/de\/produkt\/kartenhalter-fotohalter-aus-nachhaltiger-birkenrinde\/","og_locale":"de_DE","og_type":"article","og_title":"Kartenhalter \/ Fotohalter aus nachhaltiger Birkenrinde - MOYA","og_description":"Kartenhalter \/ Fotohalter aus nachhaltiger Birkenrinde von MOYA - klein, dekorativ und einfach zusammenzustecken","og_url":"https:\/\/moya-birchbark.com\/de\/produkt\/kartenhalter-fotohalter-aus-nachhaltiger-birkenrinde\/","og_site_name":"Moya Birkenrinde","article_modified_time":"2025-04-08T13:20:58+00:00","og_image":[{"width":2000,"height":1333,"url":"https:\/\/moya-birchbark.com\/de\/wp-content\/uploads\/sites\/4\/2021\/08\/Moya_Bildaufsteller\u00a9FriederReuter_web_07.jpg","type":"image\/jpeg"}],"twitter_card":"summary_large_image","twitter_misc":{"Gesch\u00e4tzte Lesezeit":"1\u00a0Minute"},"schema":{"@context":"https:\/\/schema.org","@graph":[{"@type":"WebPage","@id":"https:\/\/moya-birchbark.com\/de\/produkt\/kartenhalter-fotohalter-aus-nachhaltiger-birkenrinde\/","url":"https:\/\/moya-birchbark.com\/de\/produkt\/kartenhalter-fotohalter-aus-nachhaltiger-birkenrinde\/","name":"Kartenhalter \/ Fotohalter aus nachhaltiger Birkenrinde - MOYA","isPartOf":{"@id":"https:\/\/moya-birchbark.com\/de\/#website"},"datePublished":"2021-08-11T10:33:46+00:00","dateModified":"2025-04-08T13:20:58+00:00","description":"Kartenhalter \/ Fotohalter aus nachhaltiger Birkenrinde von MOYA - klein, dekorativ und einfach zusammenzustecken","breadcrumb":{"@id":"https:\/\/moya-birchbark.com\/de\/produkt\/kartenhalter-fotohalter-aus-nachhaltiger-birkenrinde\/#breadcrumb"},"inLanguage":"de","potentialAction":[{"@type":"ReadAction","target":["https:\/\/moya-birchbark.com\/de\/produkt\/kartenhalter-fotohalter-aus-nachhaltiger-birkenrinde\/"]}]},{"@type":"BreadcrumbList","@id":"https:\/\/moya-birchbark.com\/de\/produkt\/kartenhalter-fotohalter-aus-nachhaltiger-birkenrinde\/#breadcrumb","itemListElement":[{"@type":"ListItem","position":1,"name":"Home","item":"https:\/\/moya-birchbark.com\/de\/"},{"@type":"ListItem","position":2,"name":"Shop","item":"https:\/\/moya-birchbark.com\/de\/shop-moya-birkenrinde\/"},{"@type":"ListItem","position":3,"name":"Schenken &amp; Dekorieren","item":"https:\/\/moya-birchbark.com\/de\/produkt-kategorie\/schenken-und-dekorieren\/"},{"@type":"ListItem","position":4,"name":"Geschenkideen","item":"https:\/\/moya-birchbark.com\/de\/produkt-kategorie\/schenken-und-dekorieren\/nachhaltige-dekoration-aus-birke-anhaenger\/"},{"@type":"ListItem","position":5,"name":"Bildaufsteller &#8211; Fotohalter aus Birkenrinde"}]},{"@type":"WebSite","@id":"https:\/\/moya-birchbark.com\/de\/#website","url":"https:\/\/moya-birchbark.com\/de\/","name":"Moya Birkenrinde","description":"MOYA Birch Bark","publisher":{"@id":"https:\/\/moya-birchbark.com\/de\/#organization"},"potentialAction":[{"@type":"SearchAction","target":{"@type":"EntryPoint","urlTemplate":"https:\/\/moya-birchbark.com\/de\/?s={search_term_string}"},"query-input":"required name=search_term_string"}],"inLanguage":"de"},{"@type":"Organization","@id":"https:\/\/moya-birchbark.com\/de\/#organization","name":"Moya Birkenrinde","url":"https:\/\/moya-birchbark.com\/de\/","logo":{"@type":"ImageObject","inLanguage":"de","@id":"https:\/\/moya-birchbark.com\/de\/#\/schema\/logo\/image\/","url":"https:\/\/moya-birchbark.com\/de\/wp-content\/uploads\/sites\/4\/2021\/05\/MOYA-Birch-Bark-Logo-white.png","contentUrl":"https:\/\/moya-birchbark.com\/de\/wp-content\/uploads\/sites\/4\/2021\/05\/MOYA-Birch-Bark-Logo-white.png","width":520,"height":152,"caption":"Moya Birkenrinde"},"image":{"@id":"https:\/\/moya-birchbark.com\/de\/#\/schema\/logo\/image\/"}}]}},"_links":{"self":[{"href":"https:\/\/moya-birchbark.com\/de\/wp-json\/wp\/v2\/product\/9196","targetHints":{"allow":["GET"]}}],"collection":[{"href":"https:\/\/moya-birchbark.com\/de\/wp-json\/wp\/v2\/product"}],"about":[{"href":"https:\/\/moya-birchbark.com\/de\/wp-json\/wp\/v2\/types\/product"}],"replies":[{"embeddable":true,"href":"https:\/\/moya-birchbark.com\/de\/wp-json\/wp\/v2\/comments?post=9196"}],"wp:featuredmedia":[{"embeddable":true,"href":"https:\/\/moya-birchbark.com\/de\/wp-json\/wp\/v2\/media\/9252"}],"wp:attachment":[{"href":"https:\/\/moya-birchbark.com\/de\/wp-json\/wp\/v2\/media?parent=9196"}],"wp:term":[{"taxonomy":"product_cat","embeddable":true,"href":"https:\/\/moya-birchbark.com\/de\/wp-json\/wp\/v2\/product_cat?post=9196"},{"taxonomy":"product_tag","embeddable":true,"href":"https:\/\/moya-birchbark.com\/de\/wp-json\/wp\/v2\/product_tag?post=9196"}],"curies":[{"name":"wp","href":"https:\/\/api.w.org\/{rel}","templated":true}]}}