{"id":9193,"date":"2021-08-11T08:13:48","date_gmt":"2021-08-11T08:13:48","guid":{"rendered":"https:\/\/moya-birchbark.com\/de\/?post_type=product&#038;p=9193"},"modified":"2023-12-15T09:55:22","modified_gmt":"2023-12-15T09:55:22","slug":"pflanzenschilder-zum-beschriften","status":"publish","type":"product","link":"https:\/\/moya-birchbark.com\/de\/produkt\/pflanzenschilder-zum-beschriften\/","title":{"rendered":"Beschreibbare Pflanzenstecker aus Birkenrinde (9 St\u00fcck)"},"content":{"rendered":"<p>Neben Blatt und Bl\u00fcte reihen sich unsere Pflanzenschilder zum Beschriften aus Birkenrinde ideal im Topf und Gartenbeet ein! Gleichzeitig sind sie die perfekten kleinen Helfer, um sich die &#8211; manchmal doch recht komplizierten &#8211; Namen unserer gr\u00fcnen Lieblinge zu merken.<br \/>\nDie schlichten Dreiecke einfach vorsichtig voneinander trennen und individuell beschriften. Mit Fineliner klappt\u2018s am besten! Ob frisch Ges\u00e4tes, Kr\u00e4uter, Zimmer- oder Gartenpflanzen &#8211; Du wei\u00dft jetzt immer sofort wo welche gr\u00fcne Pracht w\u00e4chst und wie sie hei\u00dft.<br \/>\nEine Karte enth\u00e4lt neun Pflanzenstecker in drei verschiedenen Gr\u00f6\u00dfen, die untereinander sch\u00f6n kombinierbar sind und passend f\u00fcr alle Blument\u00f6pfe und Beete.<\/p>\n<p><strong>Details<br \/>\n<\/strong>\u2013 100% nat\u00fcrliche Birkenrinde ohne jegliche Zusatzstoffe<br \/>\n&#8211; Gr\u00f6\u00dfe: Pop out Karte 10 x 10 cm<br \/>\n&#8211; Enth\u00e4lt Insgesamt 9 Pflanzenstecker<br \/>\nGr\u00f6\u00dfe S 1,6cm x 5cm | 2x<br \/>\nGr\u00f6\u00dfe M 5cm x 3,3cm | 5x<br \/>\nGro\u00dfe L 10cm x 6,5cm | 2x<br \/>\n&#8211; Wird jeweils flach und im Kuvert verpackt geliefert<\/p>\n","protected":false},"excerpt":{"rendered":"<p>Neben Blatt und Bl\u00fcte reihen sich unsere beschreibbaren Pflanzenschilder aus Birkenrinde ideal im Topf und Gartenbeet ein &#8211;<br \/>\ndamit Du immer sofort wei\u00dft, wo welche gr\u00fcne Pracht w\u00e4chst.<\/p>\n","protected":false},"featured_media":9281,"comment_status":"open","ping_status":"closed","template":"","meta":{"inline_featured_image":false},"product_cat":[362,288],"product_tag":[],"class_list":["post-9193","product","type-product","status-publish","has-post-thumbnail","hentry","product_cat-schenken-und-dekorieren","product_cat-nachhaltige-dekoration-aus-birke-anhaenger","product_shipping_class-weihnachten"],"yoast_head":"<!-- This site is optimized with the Yoast SEO plugin v19.10 - https:\/\/yoast.com\/wordpress\/plugins\/seo\/ -->\n<title>Pflanzenschilder zum Beschriften - Moya Birkenrinde<\/title>\n<meta name=\"description\" content=\"Pflanzenschilder zum Beschriften aus nat\u00fcrlicher Birkenrinde f\u00fcr Blumentopf und Gartenbeet. Set aus neun Pflanzensteckern\" \/>\n<meta name=\"robots\" content=\"index, follow, max-snippet:-1, max-image-preview:large, max-video-preview:-1\" \/>\n<link rel=\"canonical\" href=\"https:\/\/moya-birchbark.com\/de\/produkt\/pflanzenschilder-zum-beschriften\/\" \/>\n<meta property=\"og:locale\" content=\"de_DE\" \/>\n<meta property=\"og:type\" content=\"article\" \/>\n<meta property=\"og:title\" content=\"Pflanzenschilder zum Beschriften - Moya Birkenrinde\" \/>\n<meta property=\"og:description\" content=\"Pflanzenschilder zum Beschriften aus nat\u00fcrlicher Birkenrinde f\u00fcr Blumentopf und Gartenbeet. Set aus neun Pflanzensteckern\" \/>\n<meta property=\"og:url\" content=\"https:\/\/moya-birchbark.com\/de\/produkt\/pflanzenschilder-zum-beschriften\/\" \/>\n<meta property=\"og:site_name\" content=\"Moya Birkenrinde\" \/>\n<meta property=\"article:modified_time\" content=\"2023-12-15T09:55:22+00:00\" \/>\n<meta property=\"og:image\" content=\"https:\/\/moya-birchbark.com\/de\/wp-content\/uploads\/sites\/4\/2021\/08\/Moya_Pflanzenstecker\u00a9FriederReuter_web_11_Rosmarin_schrift.jpg\" \/>\n\t<meta property=\"og:image:width\" content=\"746\" \/>\n\t<meta property=\"og:image:height\" content=\"556\" \/>\n\t<meta property=\"og:image:type\" content=\"image\/jpeg\" \/>\n<meta name=\"twitter:card\" content=\"summary_large_image\" \/>\n<meta name=\"twitter:label1\" content=\"Gesch\u00e4tzte Lesezeit\" \/>\n\t<meta name=\"twitter:data1\" content=\"1\u00a0Minute\" \/>\n<script type=\"application\/ld+json\" class=\"yoast-schema-graph\">{\"@context\":\"https:\/\/schema.org\",\"@graph\":[{\"@type\":\"WebPage\",\"@id\":\"https:\/\/moya-birchbark.com\/de\/produkt\/pflanzenschilder-zum-beschriften\/\",\"url\":\"https:\/\/moya-birchbark.com\/de\/produkt\/pflanzenschilder-zum-beschriften\/\",\"name\":\"Pflanzenschilder zum Beschriften - Moya Birkenrinde\",\"isPartOf\":{\"@id\":\"https:\/\/moya-birchbark.com\/de\/#website\"},\"datePublished\":\"2021-08-11T08:13:48+00:00\",\"dateModified\":\"2023-12-15T09:55:22+00:00\",\"description\":\"Pflanzenschilder zum Beschriften aus nat\u00fcrlicher Birkenrinde f\u00fcr Blumentopf und Gartenbeet. Set aus neun Pflanzensteckern\",\"breadcrumb\":{\"@id\":\"https:\/\/moya-birchbark.com\/de\/produkt\/pflanzenschilder-zum-beschriften\/#breadcrumb\"},\"inLanguage\":\"de\",\"potentialAction\":[{\"@type\":\"ReadAction\",\"target\":[\"https:\/\/moya-birchbark.com\/de\/produkt\/pflanzenschilder-zum-beschriften\/\"]}]},{\"@type\":\"BreadcrumbList\",\"@id\":\"https:\/\/moya-birchbark.com\/de\/produkt\/pflanzenschilder-zum-beschriften\/#breadcrumb\",\"itemListElement\":[{\"@type\":\"ListItem\",\"position\":1,\"name\":\"Home\",\"item\":\"https:\/\/moya-birchbark.com\/de\/\"},{\"@type\":\"ListItem\",\"position\":2,\"name\":\"Shop\",\"item\":\"https:\/\/moya-birchbark.com\/de\/shop-moya-birkenrinde\/\"},{\"@type\":\"ListItem\",\"position\":3,\"name\":\"Schenken &amp; Dekorieren\",\"item\":\"https:\/\/moya-birchbark.com\/de\/produkt-kategorie\/schenken-und-dekorieren\/\"},{\"@type\":\"ListItem\",\"position\":4,\"name\":\"Geschenkideen\",\"item\":\"https:\/\/moya-birchbark.com\/de\/produkt-kategorie\/schenken-und-dekorieren\/nachhaltige-dekoration-aus-birke-anhaenger\/\"},{\"@type\":\"ListItem\",\"position\":5,\"name\":\"Beschreibbare Pflanzenstecker aus Birkenrinde (9 St\u00fcck)\"}]},{\"@type\":\"WebSite\",\"@id\":\"https:\/\/moya-birchbark.com\/de\/#website\",\"url\":\"https:\/\/moya-birchbark.com\/de\/\",\"name\":\"Moya Birkenrinde\",\"description\":\"MOYA Birch Bark\",\"publisher\":{\"@id\":\"https:\/\/moya-birchbark.com\/de\/#organization\"},\"potentialAction\":[{\"@type\":\"SearchAction\",\"target\":{\"@type\":\"EntryPoint\",\"urlTemplate\":\"https:\/\/moya-birchbark.com\/de\/?s={search_term_string}\"},\"query-input\":\"required name=search_term_string\"}],\"inLanguage\":\"de\"},{\"@type\":\"Organization\",\"@id\":\"https:\/\/moya-birchbark.com\/de\/#organization\",\"name\":\"Moya Birkenrinde\",\"url\":\"https:\/\/moya-birchbark.com\/de\/\",\"logo\":{\"@type\":\"ImageObject\",\"inLanguage\":\"de\",\"@id\":\"https:\/\/moya-birchbark.com\/de\/#\/schema\/logo\/image\/\",\"url\":\"https:\/\/moya-birchbark.com\/de\/wp-content\/uploads\/sites\/4\/2021\/05\/MOYA-Birch-Bark-Logo-white.png\",\"contentUrl\":\"https:\/\/moya-birchbark.com\/de\/wp-content\/uploads\/sites\/4\/2021\/05\/MOYA-Birch-Bark-Logo-white.png\",\"width\":520,\"height\":152,\"caption\":\"Moya Birkenrinde\"},\"image\":{\"@id\":\"https:\/\/moya-birchbark.com\/de\/#\/schema\/logo\/image\/\"}}]}<\/script>\n<!-- \/ Yoast SEO plugin. -->","yoast_head_json":{"title":"Pflanzenschilder zum Beschriften - Moya Birkenrinde","description":"Pflanzenschilder zum Beschriften aus nat\u00fcrlicher Birkenrinde f\u00fcr Blumentopf und Gartenbeet. Set aus neun Pflanzensteckern","robots":{"index":"index","follow":"follow","max-snippet":"max-snippet:-1","max-image-preview":"max-image-preview:large","max-video-preview":"max-video-preview:-1"},"canonical":"https:\/\/moya-birchbark.com\/de\/produkt\/pflanzenschilder-zum-beschriften\/","og_locale":"de_DE","og_type":"article","og_title":"Pflanzenschilder zum Beschriften - Moya Birkenrinde","og_description":"Pflanzenschilder zum Beschriften aus nat\u00fcrlicher Birkenrinde f\u00fcr Blumentopf und Gartenbeet. Set aus neun Pflanzensteckern","og_url":"https:\/\/moya-birchbark.com\/de\/produkt\/pflanzenschilder-zum-beschriften\/","og_site_name":"Moya Birkenrinde","article_modified_time":"2023-12-15T09:55:22+00:00","og_image":[{"width":746,"height":556,"url":"https:\/\/moya-birchbark.com\/de\/wp-content\/uploads\/sites\/4\/2021\/08\/Moya_Pflanzenstecker\u00a9FriederReuter_web_11_Rosmarin_schrift.jpg","type":"image\/jpeg"}],"twitter_card":"summary_large_image","twitter_misc":{"Gesch\u00e4tzte Lesezeit":"1\u00a0Minute"},"schema":{"@context":"https:\/\/schema.org","@graph":[{"@type":"WebPage","@id":"https:\/\/moya-birchbark.com\/de\/produkt\/pflanzenschilder-zum-beschriften\/","url":"https:\/\/moya-birchbark.com\/de\/produkt\/pflanzenschilder-zum-beschriften\/","name":"Pflanzenschilder zum Beschriften - Moya Birkenrinde","isPartOf":{"@id":"https:\/\/moya-birchbark.com\/de\/#website"},"datePublished":"2021-08-11T08:13:48+00:00","dateModified":"2023-12-15T09:55:22+00:00","description":"Pflanzenschilder zum Beschriften aus nat\u00fcrlicher Birkenrinde f\u00fcr Blumentopf und Gartenbeet. Set aus neun Pflanzensteckern","breadcrumb":{"@id":"https:\/\/moya-birchbark.com\/de\/produkt\/pflanzenschilder-zum-beschriften\/#breadcrumb"},"inLanguage":"de","potentialAction":[{"@type":"ReadAction","target":["https:\/\/moya-birchbark.com\/de\/produkt\/pflanzenschilder-zum-beschriften\/"]}]},{"@type":"BreadcrumbList","@id":"https:\/\/moya-birchbark.com\/de\/produkt\/pflanzenschilder-zum-beschriften\/#breadcrumb","itemListElement":[{"@type":"ListItem","position":1,"name":"Home","item":"https:\/\/moya-birchbark.com\/de\/"},{"@type":"ListItem","position":2,"name":"Shop","item":"https:\/\/moya-birchbark.com\/de\/shop-moya-birkenrinde\/"},{"@type":"ListItem","position":3,"name":"Schenken &amp; Dekorieren","item":"https:\/\/moya-birchbark.com\/de\/produkt-kategorie\/schenken-und-dekorieren\/"},{"@type":"ListItem","position":4,"name":"Geschenkideen","item":"https:\/\/moya-birchbark.com\/de\/produkt-kategorie\/schenken-und-dekorieren\/nachhaltige-dekoration-aus-birke-anhaenger\/"},{"@type":"ListItem","position":5,"name":"Beschreibbare Pflanzenstecker aus Birkenrinde (9 St\u00fcck)"}]},{"@type":"WebSite","@id":"https:\/\/moya-birchbark.com\/de\/#website","url":"https:\/\/moya-birchbark.com\/de\/","name":"Moya Birkenrinde","description":"MOYA Birch Bark","publisher":{"@id":"https:\/\/moya-birchbark.com\/de\/#organization"},"potentialAction":[{"@type":"SearchAction","target":{"@type":"EntryPoint","urlTemplate":"https:\/\/moya-birchbark.com\/de\/?s={search_term_string}"},"query-input":"required name=search_term_string"}],"inLanguage":"de"},{"@type":"Organization","@id":"https:\/\/moya-birchbark.com\/de\/#organization","name":"Moya Birkenrinde","url":"https:\/\/moya-birchbark.com\/de\/","logo":{"@type":"ImageObject","inLanguage":"de","@id":"https:\/\/moya-birchbark.com\/de\/#\/schema\/logo\/image\/","url":"https:\/\/moya-birchbark.com\/de\/wp-content\/uploads\/sites\/4\/2021\/05\/MOYA-Birch-Bark-Logo-white.png","contentUrl":"https:\/\/moya-birchbark.com\/de\/wp-content\/uploads\/sites\/4\/2021\/05\/MOYA-Birch-Bark-Logo-white.png","width":520,"height":152,"caption":"Moya Birkenrinde"},"image":{"@id":"https:\/\/moya-birchbark.com\/de\/#\/schema\/logo\/image\/"}}]}},"_links":{"self":[{"href":"https:\/\/moya-birchbark.com\/de\/wp-json\/wp\/v2\/product\/9193","targetHints":{"allow":["GET"]}}],"collection":[{"href":"https:\/\/moya-birchbark.com\/de\/wp-json\/wp\/v2\/product"}],"about":[{"href":"https:\/\/moya-birchbark.com\/de\/wp-json\/wp\/v2\/types\/product"}],"replies":[{"embeddable":true,"href":"https:\/\/moya-birchbark.com\/de\/wp-json\/wp\/v2\/comments?post=9193"}],"wp:featuredmedia":[{"embeddable":true,"href":"https:\/\/moya-birchbark.com\/de\/wp-json\/wp\/v2\/media\/9281"}],"wp:attachment":[{"href":"https:\/\/moya-birchbark.com\/de\/wp-json\/wp\/v2\/media?parent=9193"}],"wp:term":[{"taxonomy":"product_cat","embeddable":true,"href":"https:\/\/moya-birchbark.com\/de\/wp-json\/wp\/v2\/product_cat?post=9193"},{"taxonomy":"product_tag","embeddable":true,"href":"https:\/\/moya-birchbark.com\/de\/wp-json\/wp\/v2\/product_tag?post=9193"}],"curies":[{"name":"wp","href":"https:\/\/api.w.org\/{rel}","templated":true}]}}