{"id":8038,"date":"2021-02-18T10:05:10","date_gmt":"2021-02-18T10:05:10","guid":{"rendered":"https:\/\/moya-birchbark.com\/de\/?post_type=product&#038;p=8038"},"modified":"2026-02-06T05:19:42","modified_gmt":"2026-02-06T05:19:42","slug":"birkenrinde-rohmaterial-kaufen","status":"publish","type":"product","link":"https:\/\/moya-birchbark.com\/de\/produkt\/birkenrinde-rohmaterial-kaufen\/","title":{"rendered":"Birkenrinde in Platten mit und ohne Tr\u00e4ger"},"content":{"rendered":"<p>Birkenrinde k\u00f6nnen Sie nun als Rohmaterial direkt bei uns kaufen. Wir bieten eine Vielzahl unterschiedlicher Arten von Birkenrinde an f\u00fcr die wir Ihnen je nach Bedarf und Oberfl\u00e4che ein individuelles Angebot anbieten k\u00f6nnen. Ob Sie die einmalige Haptik einfach an einem kleinen Abschnitt in A5 erfahren m\u00f6chten, oder f\u00fcr Ihr DIY-Projekt gr\u00f6\u00dfere Mengen zum basteln ben\u00f6tigen, wir haben bestimmt das richtige Material f\u00fcr Sie.<\/p>\n<p>Es ist weiter m\u00f6glich in einer Sonderanfertigung die unterschiedlichen Rinden Oberfl\u00e4chen auf eine festes Tr\u00e4germaterial zu laminieren. Dies bietet den Vorteil einer geraden und ebenen Oberfl\u00e4che wie Sie es von unseren <a href=\"https:\/\/moya-birchbark.com\/de\/produkt-kategorie\/wand-paneele\/\" target=\"_blank\" rel=\"noopener noreferrer\">MOYA Panels<\/a> kennen.<\/p>\n<h5>Folgende Oberfl\u00e4chen sind verf\u00fcgbar:<\/h5>\n<p>1. Nat\u00fcrlich wei\u00df (Au\u00dfenseite)<br \/>\n2. Gesch\u00e4lt beige-rosa<br \/>\n3. Gef\u00e4rbt wei\u00df<br \/>\n4. Gef\u00e4rbt schwarz<br \/>\n5. Gef\u00e4rbt braun<br \/>\n6. Nat\u00fcrlich braun (Innenseite)<\/p>\n<h5>Folgende Tr\u00e4germaterialien bieten wir an:<\/h5>\n<p>1. Mulitplex<br \/>\n2. Zement<br \/>\n3. HPL<\/p>\n<h5><\/h5>\n<h5>Individuelle Angebote:<\/h5>\n<p>Sie haben sich dazu entschieden Rohmaterial unserer Birkenrinde zu kaufen? Bitte wenden Sie sich wegen einer Bestellung an uns, wir werden Ihnen je nach Art der Rinde sowie Gr\u00f6\u00dfe ein individuelles Angebot schnellstm\u00f6glich zukommen lassen. Bitte benutzen Sie hierzu unser Kontaktformular das Sie <a href=\"https:\/\/moya-birchbark.com\/de\/kontakt\/\" target=\"_blank\" rel=\"noopener noreferrer\">hier<\/a> finden.<\/p>\n<h5>Informative Links:<\/h5>\n<p>Machen Sie sich <a href=\"https:\/\/moya-birchbark.com\/de\/produkt-kategorie\/wand-paneele\/\" target=\"_blank\" rel=\"noopener noreferrer\">hier<\/a> einen Eindruck \u00fcber die Paneele Varianten sowie Musterboxen von MOYA.<br \/>\nMachen Sie sich <a href=\"https:\/\/www.youtube.com\/channel\/UCbLIaO0VTr0ZFK76-TnSgfg\" target=\"_blank\" rel=\"noopener noreferrer\">hier<\/a> einen Eindruck \u00fcber unsere Produkte in bewegten Bildern!<\/p>\n","protected":false},"excerpt":{"rendered":"<p>Gr\u00f6\u00dfen und Preise auf Anfrage<br \/>\n<i>Angegebene Preise sind Richtpreise f\u00fcr verschiedene\u00a0Ausf\u00fchrungen\u00a0pro m<\/i><sup style=\"font-style: italic;\">2<\/sup><i>.<\/i><\/p>\n<p><em><strong>Bei Interesse schreiben Sie uns bitte eine <a href=\"https:\/\/moya-birchbark.com\/de\/kontakt\/?noredirect=de-DE\" target=\"_blank\" rel=\"noopener noreferrer\">Nachricht<\/a>.<\/strong><\/em><\/p>\n","protected":false},"featured_media":8039,"comment_status":"open","ping_status":"closed","template":"","meta":{"inline_featured_image":false},"product_cat":[330],"product_tag":[],"class_list":["post-8038","product","type-product","status-publish","has-post-thumbnail","hentry","product_cat-birkenrinde-nachhaltiges-naturmaterial"],"yoast_head":"<!-- This site is optimized with the Yoast SEO plugin v19.10 - https:\/\/yoast.com\/wordpress\/plugins\/seo\/ -->\n<title>Birkenrinde - Rohmaterial kaufen - MOYA Birch Bark<\/title>\n<meta name=\"description\" content=\"Unsere Birkenrinde k\u00f6nnen Sie nun als Rohmaterial direkt bei uns kaufen. Gerne machen wir Ihnen ein individuelles Angebot.\" \/>\n<meta name=\"robots\" content=\"index, follow, max-snippet:-1, max-image-preview:large, max-video-preview:-1\" \/>\n<link rel=\"canonical\" href=\"https:\/\/moya-birchbark.com\/de\/produkt\/birkenrinde-rohmaterial-kaufen\/\" \/>\n<meta property=\"og:locale\" content=\"de_DE\" \/>\n<meta property=\"og:type\" content=\"article\" \/>\n<meta property=\"og:title\" content=\"Birkenrinde - Rohmaterial kaufen - MOYA Birch Bark\" \/>\n<meta property=\"og:description\" content=\"Unsere Birkenrinde k\u00f6nnen Sie nun als Rohmaterial direkt bei uns kaufen. Gerne machen wir Ihnen ein individuelles Angebot.\" \/>\n<meta property=\"og:url\" content=\"https:\/\/moya-birchbark.com\/de\/produkt\/birkenrinde-rohmaterial-kaufen\/\" \/>\n<meta property=\"og:site_name\" content=\"Moya Birkenrinde\" \/>\n<meta property=\"article:modified_time\" content=\"2026-02-06T05:19:42+00:00\" \/>\n<meta property=\"og:image\" content=\"https:\/\/moya-birchbark.com\/de\/wp-content\/uploads\/sites\/4\/2021\/02\/Birkenrinde-Oberflaechen-Rohmaterial-Muster-basteln-Moya-01.jpg\" \/>\n\t<meta property=\"og:image:width\" content=\"1500\" \/>\n\t<meta property=\"og:image:height\" content=\"1125\" \/>\n\t<meta property=\"og:image:type\" content=\"image\/jpeg\" \/>\n<meta name=\"twitter:card\" content=\"summary_large_image\" \/>\n<meta name=\"twitter:label1\" content=\"Gesch\u00e4tzte Lesezeit\" \/>\n\t<meta name=\"twitter:data1\" content=\"1\u00a0Minute\" \/>\n<script type=\"application\/ld+json\" class=\"yoast-schema-graph\">{\"@context\":\"https:\/\/schema.org\",\"@graph\":[{\"@type\":\"WebPage\",\"@id\":\"https:\/\/moya-birchbark.com\/de\/produkt\/birkenrinde-rohmaterial-kaufen\/\",\"url\":\"https:\/\/moya-birchbark.com\/de\/produkt\/birkenrinde-rohmaterial-kaufen\/\",\"name\":\"Birkenrinde - Rohmaterial kaufen - MOYA Birch Bark\",\"isPartOf\":{\"@id\":\"https:\/\/moya-birchbark.com\/de\/#website\"},\"datePublished\":\"2021-02-18T10:05:10+00:00\",\"dateModified\":\"2026-02-06T05:19:42+00:00\",\"description\":\"Unsere Birkenrinde k\u00f6nnen Sie nun als Rohmaterial direkt bei uns kaufen. Gerne machen wir Ihnen ein individuelles Angebot.\",\"breadcrumb\":{\"@id\":\"https:\/\/moya-birchbark.com\/de\/produkt\/birkenrinde-rohmaterial-kaufen\/#breadcrumb\"},\"inLanguage\":\"de\",\"potentialAction\":[{\"@type\":\"ReadAction\",\"target\":[\"https:\/\/moya-birchbark.com\/de\/produkt\/birkenrinde-rohmaterial-kaufen\/\"]}]},{\"@type\":\"BreadcrumbList\",\"@id\":\"https:\/\/moya-birchbark.com\/de\/produkt\/birkenrinde-rohmaterial-kaufen\/#breadcrumb\",\"itemListElement\":[{\"@type\":\"ListItem\",\"position\":1,\"name\":\"Home\",\"item\":\"https:\/\/moya-birchbark.com\/de\/\"},{\"@type\":\"ListItem\",\"position\":2,\"name\":\"Shop\",\"item\":\"https:\/\/moya-birchbark.com\/de\/shop-moya-birkenrinde\/\"},{\"@type\":\"ListItem\",\"position\":3,\"name\":\"Birkenrinde\",\"item\":\"https:\/\/moya-birchbark.com\/de\/produkt-kategorie\/birkenrinde-nachhaltiges-naturmaterial\/\"},{\"@type\":\"ListItem\",\"position\":4,\"name\":\"Birkenrinde in Platten mit und ohne Tr\u00e4ger\"}]},{\"@type\":\"WebSite\",\"@id\":\"https:\/\/moya-birchbark.com\/de\/#website\",\"url\":\"https:\/\/moya-birchbark.com\/de\/\",\"name\":\"Moya Birkenrinde\",\"description\":\"MOYA Birch Bark\",\"publisher\":{\"@id\":\"https:\/\/moya-birchbark.com\/de\/#organization\"},\"potentialAction\":[{\"@type\":\"SearchAction\",\"target\":{\"@type\":\"EntryPoint\",\"urlTemplate\":\"https:\/\/moya-birchbark.com\/de\/?s={search_term_string}\"},\"query-input\":\"required name=search_term_string\"}],\"inLanguage\":\"de\"},{\"@type\":\"Organization\",\"@id\":\"https:\/\/moya-birchbark.com\/de\/#organization\",\"name\":\"Moya Birkenrinde\",\"url\":\"https:\/\/moya-birchbark.com\/de\/\",\"logo\":{\"@type\":\"ImageObject\",\"inLanguage\":\"de\",\"@id\":\"https:\/\/moya-birchbark.com\/de\/#\/schema\/logo\/image\/\",\"url\":\"https:\/\/moya-birchbark.com\/de\/wp-content\/uploads\/sites\/4\/2021\/05\/MOYA-Birch-Bark-Logo-white.png\",\"contentUrl\":\"https:\/\/moya-birchbark.com\/de\/wp-content\/uploads\/sites\/4\/2021\/05\/MOYA-Birch-Bark-Logo-white.png\",\"width\":520,\"height\":152,\"caption\":\"Moya Birkenrinde\"},\"image\":{\"@id\":\"https:\/\/moya-birchbark.com\/de\/#\/schema\/logo\/image\/\"}}]}<\/script>\n<!-- \/ Yoast SEO plugin. -->","yoast_head_json":{"title":"Birkenrinde - Rohmaterial kaufen - MOYA Birch Bark","description":"Unsere Birkenrinde k\u00f6nnen Sie nun als Rohmaterial direkt bei uns kaufen. Gerne machen wir Ihnen ein individuelles Angebot.","robots":{"index":"index","follow":"follow","max-snippet":"max-snippet:-1","max-image-preview":"max-image-preview:large","max-video-preview":"max-video-preview:-1"},"canonical":"https:\/\/moya-birchbark.com\/de\/produkt\/birkenrinde-rohmaterial-kaufen\/","og_locale":"de_DE","og_type":"article","og_title":"Birkenrinde - Rohmaterial kaufen - MOYA Birch Bark","og_description":"Unsere Birkenrinde k\u00f6nnen Sie nun als Rohmaterial direkt bei uns kaufen. Gerne machen wir Ihnen ein individuelles Angebot.","og_url":"https:\/\/moya-birchbark.com\/de\/produkt\/birkenrinde-rohmaterial-kaufen\/","og_site_name":"Moya Birkenrinde","article_modified_time":"2026-02-06T05:19:42+00:00","og_image":[{"width":1500,"height":1125,"url":"https:\/\/moya-birchbark.com\/de\/wp-content\/uploads\/sites\/4\/2021\/02\/Birkenrinde-Oberflaechen-Rohmaterial-Muster-basteln-Moya-01.jpg","type":"image\/jpeg"}],"twitter_card":"summary_large_image","twitter_misc":{"Gesch\u00e4tzte Lesezeit":"1\u00a0Minute"},"schema":{"@context":"https:\/\/schema.org","@graph":[{"@type":"WebPage","@id":"https:\/\/moya-birchbark.com\/de\/produkt\/birkenrinde-rohmaterial-kaufen\/","url":"https:\/\/moya-birchbark.com\/de\/produkt\/birkenrinde-rohmaterial-kaufen\/","name":"Birkenrinde - Rohmaterial kaufen - MOYA Birch Bark","isPartOf":{"@id":"https:\/\/moya-birchbark.com\/de\/#website"},"datePublished":"2021-02-18T10:05:10+00:00","dateModified":"2026-02-06T05:19:42+00:00","description":"Unsere Birkenrinde k\u00f6nnen Sie nun als Rohmaterial direkt bei uns kaufen. Gerne machen wir Ihnen ein individuelles Angebot.","breadcrumb":{"@id":"https:\/\/moya-birchbark.com\/de\/produkt\/birkenrinde-rohmaterial-kaufen\/#breadcrumb"},"inLanguage":"de","potentialAction":[{"@type":"ReadAction","target":["https:\/\/moya-birchbark.com\/de\/produkt\/birkenrinde-rohmaterial-kaufen\/"]}]},{"@type":"BreadcrumbList","@id":"https:\/\/moya-birchbark.com\/de\/produkt\/birkenrinde-rohmaterial-kaufen\/#breadcrumb","itemListElement":[{"@type":"ListItem","position":1,"name":"Home","item":"https:\/\/moya-birchbark.com\/de\/"},{"@type":"ListItem","position":2,"name":"Shop","item":"https:\/\/moya-birchbark.com\/de\/shop-moya-birkenrinde\/"},{"@type":"ListItem","position":3,"name":"Birkenrinde","item":"https:\/\/moya-birchbark.com\/de\/produkt-kategorie\/birkenrinde-nachhaltiges-naturmaterial\/"},{"@type":"ListItem","position":4,"name":"Birkenrinde in Platten mit und ohne Tr\u00e4ger"}]},{"@type":"WebSite","@id":"https:\/\/moya-birchbark.com\/de\/#website","url":"https:\/\/moya-birchbark.com\/de\/","name":"Moya Birkenrinde","description":"MOYA Birch Bark","publisher":{"@id":"https:\/\/moya-birchbark.com\/de\/#organization"},"potentialAction":[{"@type":"SearchAction","target":{"@type":"EntryPoint","urlTemplate":"https:\/\/moya-birchbark.com\/de\/?s={search_term_string}"},"query-input":"required name=search_term_string"}],"inLanguage":"de"},{"@type":"Organization","@id":"https:\/\/moya-birchbark.com\/de\/#organization","name":"Moya Birkenrinde","url":"https:\/\/moya-birchbark.com\/de\/","logo":{"@type":"ImageObject","inLanguage":"de","@id":"https:\/\/moya-birchbark.com\/de\/#\/schema\/logo\/image\/","url":"https:\/\/moya-birchbark.com\/de\/wp-content\/uploads\/sites\/4\/2021\/05\/MOYA-Birch-Bark-Logo-white.png","contentUrl":"https:\/\/moya-birchbark.com\/de\/wp-content\/uploads\/sites\/4\/2021\/05\/MOYA-Birch-Bark-Logo-white.png","width":520,"height":152,"caption":"Moya Birkenrinde"},"image":{"@id":"https:\/\/moya-birchbark.com\/de\/#\/schema\/logo\/image\/"}}]}},"_links":{"self":[{"href":"https:\/\/moya-birchbark.com\/de\/wp-json\/wp\/v2\/product\/8038","targetHints":{"allow":["GET"]}}],"collection":[{"href":"https:\/\/moya-birchbark.com\/de\/wp-json\/wp\/v2\/product"}],"about":[{"href":"https:\/\/moya-birchbark.com\/de\/wp-json\/wp\/v2\/types\/product"}],"replies":[{"embeddable":true,"href":"https:\/\/moya-birchbark.com\/de\/wp-json\/wp\/v2\/comments?post=8038"}],"wp:featuredmedia":[{"embeddable":true,"href":"https:\/\/moya-birchbark.com\/de\/wp-json\/wp\/v2\/media\/8039"}],"wp:attachment":[{"href":"https:\/\/moya-birchbark.com\/de\/wp-json\/wp\/v2\/media?parent=8038"}],"wp:term":[{"taxonomy":"product_cat","embeddable":true,"href":"https:\/\/moya-birchbark.com\/de\/wp-json\/wp\/v2\/product_cat?post=8038"},{"taxonomy":"product_tag","embeddable":true,"href":"https:\/\/moya-birchbark.com\/de\/wp-json\/wp\/v2\/product_tag?post=8038"}],"curies":[{"name":"wp","href":"https:\/\/api.w.org\/{rel}","templated":true}]}}