{"id":8013,"date":"2021-02-11T15:40:21","date_gmt":"2021-02-11T15:40:21","guid":{"rendered":"https:\/\/moya-birchbark.com\/de\/?post_type=product&#038;p=8013"},"modified":"2024-05-10T11:19:08","modified_gmt":"2024-05-10T11:19:08","slug":"birkenrinde-oberflaechen-musterbox","status":"publish","type":"product","link":"https:\/\/moya-birchbark.com\/de\/produkt\/birkenrinde-oberflaechen-musterbox\/","title":{"rendered":"MOYA Surfaces &#8211; Oberfl\u00e4chen Musterbox"},"content":{"rendered":"<p>Sie sind interessiert an den M\u00f6glichkeiten und der Vielfalt von Birkenrinde als Material f\u00fcr den Fl\u00e4cheneinsatz? Mit der MOYA Surfaces &#8211; Oberfl\u00e4chen Musterbox bekommen Sie eine Auswahl unserer Oberfl\u00e4chenveredelungen f\u00fcr Birkenrinde. Die Box enth\u00e4lt Rindenabschnitte folgender Oberfl\u00e4chen: Ungesch\u00e4lt wei\u00df, gesch\u00e4lt pink, gesch\u00e4lt wei\u00df, gesch\u00e4lt schwarz, gesch\u00e4lt natur, gesch\u00e4lt dunkelbraun.<\/p>\n<h5>Individuelle Angebote:<\/h5>\n<p>Gerne beraten wir Sie auch pers\u00f6nlich und erstellen bei gr\u00f6\u00dferen Projekten individuelle Angebote. Bitte benutzen Sie hierzu unser Kontaktformular das Sie <a href=\"https:\/\/moya-birchbark.com\/de\/kontakt\/\" target=\"_blank\" rel=\"noopener noreferrer\">hier<\/a> finden.<\/p>\n<h5>Informative Links:<\/h5>\n<p>Machen Sie sich <a href=\"https:\/\/moya-birchbark.com\/de\/produkt-kategorie\/wand-paneele\/\" target=\"_blank\" rel=\"noopener noreferrer\">hier<\/a> einen Eindruck \u00fcber die Paneele Varianten von MOYA.<br \/>\nMachen Sie sich <a href=\"https:\/\/www.youtube.com\/channel\/UCbLIaO0VTr0ZFK76-TnSgfg\" target=\"_blank\" rel=\"noopener noreferrer\">hier<\/a> einen Eindruck \u00fcber unsere Produkte in bewegten Bildern!<\/p>\n","protected":false},"excerpt":{"rendered":"<p>Unsere Oberfl\u00e4chen Musterbox enth\u00e4lt 6 Abschnitte<\/p>\n","protected":false},"featured_media":8015,"comment_status":"open","ping_status":"closed","template":"","meta":{"inline_featured_image":false},"product_cat":[330],"product_tag":[],"class_list":["post-8013","product","type-product","status-publish","has-post-thumbnail","hentry","product_cat-birkenrinde-nachhaltiges-naturmaterial"],"yoast_head":"<!-- This site is optimized with the Yoast SEO plugin v19.10 - https:\/\/yoast.com\/wordpress\/plugins\/seo\/ -->\n<title>MOYA Surfaces - Birkenrinde Oberfl\u00e4chen Musterbox - MOYA Birch Bark<\/title>\n<meta name=\"description\" content=\"Mit der MOYA Surfaces - Oberfl\u00e4chen Musterbox bekommen Sie eine Auswahl unserer Oberfl\u00e4chenveredelungen f\u00fcr Birkenrinde.\" \/>\n<meta name=\"robots\" content=\"index, follow, max-snippet:-1, max-image-preview:large, max-video-preview:-1\" \/>\n<link rel=\"canonical\" href=\"https:\/\/moya-birchbark.com\/de\/produkt\/birkenrinde-oberflaechen-musterbox\/\" \/>\n<meta property=\"og:locale\" content=\"de_DE\" \/>\n<meta property=\"og:type\" content=\"article\" \/>\n<meta property=\"og:title\" content=\"MOYA Surfaces - Birkenrinde Oberfl\u00e4chen Musterbox - MOYA Birch Bark\" \/>\n<meta property=\"og:description\" content=\"Mit der MOYA Surfaces - Oberfl\u00e4chen Musterbox bekommen Sie eine Auswahl unserer Oberfl\u00e4chenveredelungen f\u00fcr Birkenrinde.\" \/>\n<meta property=\"og:url\" content=\"https:\/\/moya-birchbark.com\/de\/produkt\/birkenrinde-oberflaechen-musterbox\/\" \/>\n<meta property=\"og:site_name\" content=\"Moya Birkenrinde\" \/>\n<meta property=\"article:modified_time\" content=\"2024-05-10T11:19:08+00:00\" \/>\n<meta property=\"og:image\" content=\"https:\/\/moya-birchbark.com\/de\/wp-content\/uploads\/sites\/4\/2021\/02\/MOYA-SURFACES-Oberflaechen-Musterbox-Birkenrinde.jpg\" \/>\n\t<meta property=\"og:image:width\" content=\"2000\" \/>\n\t<meta property=\"og:image:height\" content=\"1500\" \/>\n\t<meta property=\"og:image:type\" content=\"image\/jpeg\" \/>\n<meta name=\"twitter:card\" content=\"summary_large_image\" \/>\n<meta name=\"twitter:label1\" content=\"Gesch\u00e4tzte Lesezeit\" \/>\n\t<meta name=\"twitter:data1\" content=\"1\u00a0Minute\" \/>\n<script type=\"application\/ld+json\" class=\"yoast-schema-graph\">{\"@context\":\"https:\/\/schema.org\",\"@graph\":[{\"@type\":\"WebPage\",\"@id\":\"https:\/\/moya-birchbark.com\/de\/produkt\/birkenrinde-oberflaechen-musterbox\/\",\"url\":\"https:\/\/moya-birchbark.com\/de\/produkt\/birkenrinde-oberflaechen-musterbox\/\",\"name\":\"MOYA Surfaces - Birkenrinde Oberfl\u00e4chen Musterbox - MOYA Birch Bark\",\"isPartOf\":{\"@id\":\"https:\/\/moya-birchbark.com\/de\/#website\"},\"datePublished\":\"2021-02-11T15:40:21+00:00\",\"dateModified\":\"2024-05-10T11:19:08+00:00\",\"description\":\"Mit der MOYA Surfaces - Oberfl\u00e4chen Musterbox bekommen Sie eine Auswahl unserer Oberfl\u00e4chenveredelungen f\u00fcr Birkenrinde.\",\"breadcrumb\":{\"@id\":\"https:\/\/moya-birchbark.com\/de\/produkt\/birkenrinde-oberflaechen-musterbox\/#breadcrumb\"},\"inLanguage\":\"de\",\"potentialAction\":[{\"@type\":\"ReadAction\",\"target\":[\"https:\/\/moya-birchbark.com\/de\/produkt\/birkenrinde-oberflaechen-musterbox\/\"]}]},{\"@type\":\"BreadcrumbList\",\"@id\":\"https:\/\/moya-birchbark.com\/de\/produkt\/birkenrinde-oberflaechen-musterbox\/#breadcrumb\",\"itemListElement\":[{\"@type\":\"ListItem\",\"position\":1,\"name\":\"Home\",\"item\":\"https:\/\/moya-birchbark.com\/de\/\"},{\"@type\":\"ListItem\",\"position\":2,\"name\":\"Shop\",\"item\":\"https:\/\/moya-birchbark.com\/de\/shop-moya-birkenrinde\/\"},{\"@type\":\"ListItem\",\"position\":3,\"name\":\"Wohnen &amp; Wohlf\u00fchlen\",\"item\":\"https:\/\/moya-birchbark.com\/de\/produkt-kategorie\/wohnen-und-wohlfuehlen\/\"},{\"@type\":\"ListItem\",\"position\":4,\"name\":\"Wandbilder (MOYA Panels\u00ae)\",\"item\":\"https:\/\/moya-birchbark.com\/de\/produkt-kategorie\/wohnen-und-wohlfuehlen\/wand-paneele\/\"},{\"@type\":\"ListItem\",\"position\":5,\"name\":\"MOYA Surfaces &#8211; Oberfl\u00e4chen Musterbox\"}]},{\"@type\":\"WebSite\",\"@id\":\"https:\/\/moya-birchbark.com\/de\/#website\",\"url\":\"https:\/\/moya-birchbark.com\/de\/\",\"name\":\"Moya Birkenrinde\",\"description\":\"MOYA Birch Bark\",\"publisher\":{\"@id\":\"https:\/\/moya-birchbark.com\/de\/#organization\"},\"potentialAction\":[{\"@type\":\"SearchAction\",\"target\":{\"@type\":\"EntryPoint\",\"urlTemplate\":\"https:\/\/moya-birchbark.com\/de\/?s={search_term_string}\"},\"query-input\":\"required name=search_term_string\"}],\"inLanguage\":\"de\"},{\"@type\":\"Organization\",\"@id\":\"https:\/\/moya-birchbark.com\/de\/#organization\",\"name\":\"Moya Birkenrinde\",\"url\":\"https:\/\/moya-birchbark.com\/de\/\",\"logo\":{\"@type\":\"ImageObject\",\"inLanguage\":\"de\",\"@id\":\"https:\/\/moya-birchbark.com\/de\/#\/schema\/logo\/image\/\",\"url\":\"https:\/\/moya-birchbark.com\/de\/wp-content\/uploads\/sites\/4\/2021\/05\/MOYA-Birch-Bark-Logo-white.png\",\"contentUrl\":\"https:\/\/moya-birchbark.com\/de\/wp-content\/uploads\/sites\/4\/2021\/05\/MOYA-Birch-Bark-Logo-white.png\",\"width\":520,\"height\":152,\"caption\":\"Moya Birkenrinde\"},\"image\":{\"@id\":\"https:\/\/moya-birchbark.com\/de\/#\/schema\/logo\/image\/\"}}]}<\/script>\n<!-- \/ Yoast SEO plugin. -->","yoast_head_json":{"title":"MOYA Surfaces - Birkenrinde Oberfl\u00e4chen Musterbox - MOYA Birch Bark","description":"Mit der MOYA Surfaces - Oberfl\u00e4chen Musterbox bekommen Sie eine Auswahl unserer Oberfl\u00e4chenveredelungen f\u00fcr Birkenrinde.","robots":{"index":"index","follow":"follow","max-snippet":"max-snippet:-1","max-image-preview":"max-image-preview:large","max-video-preview":"max-video-preview:-1"},"canonical":"https:\/\/moya-birchbark.com\/de\/produkt\/birkenrinde-oberflaechen-musterbox\/","og_locale":"de_DE","og_type":"article","og_title":"MOYA Surfaces - Birkenrinde Oberfl\u00e4chen Musterbox - MOYA Birch Bark","og_description":"Mit der MOYA Surfaces - Oberfl\u00e4chen Musterbox bekommen Sie eine Auswahl unserer Oberfl\u00e4chenveredelungen f\u00fcr Birkenrinde.","og_url":"https:\/\/moya-birchbark.com\/de\/produkt\/birkenrinde-oberflaechen-musterbox\/","og_site_name":"Moya Birkenrinde","article_modified_time":"2024-05-10T11:19:08+00:00","og_image":[{"width":2000,"height":1500,"url":"https:\/\/moya-birchbark.com\/de\/wp-content\/uploads\/sites\/4\/2021\/02\/MOYA-SURFACES-Oberflaechen-Musterbox-Birkenrinde.jpg","type":"image\/jpeg"}],"twitter_card":"summary_large_image","twitter_misc":{"Gesch\u00e4tzte Lesezeit":"1\u00a0Minute"},"schema":{"@context":"https:\/\/schema.org","@graph":[{"@type":"WebPage","@id":"https:\/\/moya-birchbark.com\/de\/produkt\/birkenrinde-oberflaechen-musterbox\/","url":"https:\/\/moya-birchbark.com\/de\/produkt\/birkenrinde-oberflaechen-musterbox\/","name":"MOYA Surfaces - Birkenrinde Oberfl\u00e4chen Musterbox - MOYA Birch Bark","isPartOf":{"@id":"https:\/\/moya-birchbark.com\/de\/#website"},"datePublished":"2021-02-11T15:40:21+00:00","dateModified":"2024-05-10T11:19:08+00:00","description":"Mit der MOYA Surfaces - Oberfl\u00e4chen Musterbox bekommen Sie eine Auswahl unserer Oberfl\u00e4chenveredelungen f\u00fcr Birkenrinde.","breadcrumb":{"@id":"https:\/\/moya-birchbark.com\/de\/produkt\/birkenrinde-oberflaechen-musterbox\/#breadcrumb"},"inLanguage":"de","potentialAction":[{"@type":"ReadAction","target":["https:\/\/moya-birchbark.com\/de\/produkt\/birkenrinde-oberflaechen-musterbox\/"]}]},{"@type":"BreadcrumbList","@id":"https:\/\/moya-birchbark.com\/de\/produkt\/birkenrinde-oberflaechen-musterbox\/#breadcrumb","itemListElement":[{"@type":"ListItem","position":1,"name":"Home","item":"https:\/\/moya-birchbark.com\/de\/"},{"@type":"ListItem","position":2,"name":"Shop","item":"https:\/\/moya-birchbark.com\/de\/shop-moya-birkenrinde\/"},{"@type":"ListItem","position":3,"name":"Wohnen &amp; Wohlf\u00fchlen","item":"https:\/\/moya-birchbark.com\/de\/produkt-kategorie\/wohnen-und-wohlfuehlen\/"},{"@type":"ListItem","position":4,"name":"Wandbilder (MOYA Panels\u00ae)","item":"https:\/\/moya-birchbark.com\/de\/produkt-kategorie\/wohnen-und-wohlfuehlen\/wand-paneele\/"},{"@type":"ListItem","position":5,"name":"MOYA Surfaces &#8211; Oberfl\u00e4chen Musterbox"}]},{"@type":"WebSite","@id":"https:\/\/moya-birchbark.com\/de\/#website","url":"https:\/\/moya-birchbark.com\/de\/","name":"Moya Birkenrinde","description":"MOYA Birch Bark","publisher":{"@id":"https:\/\/moya-birchbark.com\/de\/#organization"},"potentialAction":[{"@type":"SearchAction","target":{"@type":"EntryPoint","urlTemplate":"https:\/\/moya-birchbark.com\/de\/?s={search_term_string}"},"query-input":"required name=search_term_string"}],"inLanguage":"de"},{"@type":"Organization","@id":"https:\/\/moya-birchbark.com\/de\/#organization","name":"Moya Birkenrinde","url":"https:\/\/moya-birchbark.com\/de\/","logo":{"@type":"ImageObject","inLanguage":"de","@id":"https:\/\/moya-birchbark.com\/de\/#\/schema\/logo\/image\/","url":"https:\/\/moya-birchbark.com\/de\/wp-content\/uploads\/sites\/4\/2021\/05\/MOYA-Birch-Bark-Logo-white.png","contentUrl":"https:\/\/moya-birchbark.com\/de\/wp-content\/uploads\/sites\/4\/2021\/05\/MOYA-Birch-Bark-Logo-white.png","width":520,"height":152,"caption":"Moya Birkenrinde"},"image":{"@id":"https:\/\/moya-birchbark.com\/de\/#\/schema\/logo\/image\/"}}]}},"_links":{"self":[{"href":"https:\/\/moya-birchbark.com\/de\/wp-json\/wp\/v2\/product\/8013","targetHints":{"allow":["GET"]}}],"collection":[{"href":"https:\/\/moya-birchbark.com\/de\/wp-json\/wp\/v2\/product"}],"about":[{"href":"https:\/\/moya-birchbark.com\/de\/wp-json\/wp\/v2\/types\/product"}],"replies":[{"embeddable":true,"href":"https:\/\/moya-birchbark.com\/de\/wp-json\/wp\/v2\/comments?post=8013"}],"wp:featuredmedia":[{"embeddable":true,"href":"https:\/\/moya-birchbark.com\/de\/wp-json\/wp\/v2\/media\/8015"}],"wp:attachment":[{"href":"https:\/\/moya-birchbark.com\/de\/wp-json\/wp\/v2\/media?parent=8013"}],"wp:term":[{"taxonomy":"product_cat","embeddable":true,"href":"https:\/\/moya-birchbark.com\/de\/wp-json\/wp\/v2\/product_cat?post=8013"},{"taxonomy":"product_tag","embeddable":true,"href":"https:\/\/moya-birchbark.com\/de\/wp-json\/wp\/v2\/product_tag?post=8013"}],"curies":[{"name":"wp","href":"https:\/\/api.w.org\/{rel}","templated":true}]}}