{"id":7426,"date":"2021-02-04T15:53:50","date_gmt":"2021-02-04T15:53:50","guid":{"rendered":"https:\/\/moya-birchbark.com\/de\/?post_type=product&#038;p=7426"},"modified":"2024-03-15T08:25:05","modified_gmt":"2024-03-15T08:25:05","slug":"apple-watch-uhrenarmband-aus-birkenrinde","status":"publish","type":"product","link":"https:\/\/moya-birchbark.com\/de\/produkt\/apple-watch-uhrenarmband-aus-birkenrinde\/","title":{"rendered":"Apple Watch Uhrenarmband aus Birkenrinde &#8211; 38\/40\/41mm"},"content":{"rendered":"<p>WEISSWALD Uhrenarmb\u00e4nder \u2013 die ersten ihrer Art auf dem Markt &#8211; werden sorgf\u00e4ltig aus Birkenrinde aus der sibirischen Taiga handgefertigt. Die Vorteile von Birkenrinde sind vielf\u00e4ltig: Dieses nachhaltige, erneuerbare und nat\u00fcrliche Material ist vegan, langlebig, wasser- und schwei\u00dfabweisend, praktisch, komfortabel und zeitlos sch\u00f6n.<\/p>\n<p>Birkenrinde ist pH-hautneutral und antibakteriell, was bedeutet, dass WEISSWALD nicht nur gut f\u00fcr die Umwelt ist, sondern auch f\u00fcr Deine Haut. Das Band passt sich der Form Deines Handgelenks individuell an und entwickelt im Laufe der Zeit eine einzigartige und reizvolle Patina, wobei keine Pflege notwendig ist. Die nat\u00fcrliche Farbpalette der Birkenrinde reicht von hellbraun bis tiefocker.<\/p>\n<p>WEISSWALD Uhrenarmb\u00e4nder eignen sich f\u00fcr verschiedene Gr\u00f6\u00dfen von Handgelenken und sind f\u00fcr die Apple Watch in den Varianten Classic, Elegant und Neon verf\u00fcgbar.\u00a0Die schlaufenfreien Verschl\u00fcsse sind in 4 Metallfarben erh\u00e4ltlich, rasten fest ein und garantieren, dass Deine Apple Watch am Handgelenk sicher ist.<\/p>\n<p>Das Uhrenarmband l\u00e4sst sich schnell und einfach, mit einem Federstegbesteck selbst wechseln. Wie das geht, findet ihr in unserer <a href=\"https:\/\/moya-birchbark.com\/de\/anleitung-armbandwechsel-apple-watch\/\">Anleitung<\/a>. In unserer <a href=\"https:\/\/moya-birchbark.com\/de\/groessentabelle\/\">Gr\u00f6\u00dfentabelle<\/a>\u00a0findet ihr die passende L\u00e4nge f\u00fcr Eure Wunsch-Konfiguration. Keine passende Gr\u00f6\u00dfe gefunden? \u2013 Dann <a href=\"mailto:info@moya-birchbark.com\">kontaktiere uns<\/a> pers\u00f6nlich, wir helfen Dir gerne weiter!<\/p>\n<p><strong>Schlie\u00dfe und Adapter aktuell nur in Edelstahl und Schwarz erh\u00e4ltlich.<\/strong><\/p>\n<p><strong>Details<\/strong><br \/>\n\u2013 Breite Band: 22 mm | Dicke: 1,3 &#8211; 1,7 mm<br \/>\n&#8211; inkl. Apple Watch Armbandadapter<br \/>\n\u2013 100% nat\u00fcrliche Birkenrinde ohne jegliche Zusatzstoffe<\/p>\n<p>&nbsp;<\/p>\n","protected":false},"excerpt":{"rendered":"<p>Mit Deinem neuen, <strong>veganen <\/strong>Uhrenarmband trifft\u00a0<strong>Tradition<\/strong> auf modernste Technologie. Das Naturmaterial Birkenrinde ist <strong>nachhaltig<\/strong>, erneuerbar und an Deinem Handgelenk <strong>langlebig<\/strong>, wasser- und schwei\u00dfabweisend, <strong>komfortabel<\/strong> und zeitlos sch\u00f6n.<\/p>\n","protected":false},"featured_media":7435,"comment_status":"open","ping_status":"closed","template":"","meta":{"inline_featured_image":false},"product_cat":[361,322],"product_tag":[],"class_list":["post-7426","product","type-product","status-publish","has-post-thumbnail","hentry","product_cat-fashion-und-lifestyle","product_cat-uhrenarmbaender-aus-birkenrinde"],"yoast_head":"<!-- This site is optimized with the Yoast SEO plugin v19.10 - https:\/\/yoast.com\/wordpress\/plugins\/seo\/ -->\n<title>Apple Watch Uhrenarmband aus Birkenrinde - 38\/40\/41mm - Moya Birkenrinde<\/title>\n<meta name=\"description\" content=\"Das WEISSWALD Apple Watch Uhrenarmband wird aus sibirischer Birkenrinde handgefertigt - dem ersten derartigen Armband auf dem Markt.\" \/>\n<meta name=\"robots\" content=\"index, follow, max-snippet:-1, max-image-preview:large, max-video-preview:-1\" \/>\n<link rel=\"canonical\" href=\"https:\/\/moya-birchbark.com\/de\/produkt\/apple-watch-uhrenarmband-aus-birkenrinde\/\" \/>\n<meta property=\"og:locale\" content=\"de_DE\" \/>\n<meta property=\"og:type\" content=\"article\" \/>\n<meta property=\"og:title\" content=\"Apple Watch Uhrenarmband aus Birkenrinde - 38\/40\/41mm - Moya Birkenrinde\" \/>\n<meta property=\"og:description\" content=\"Das WEISSWALD Apple Watch Uhrenarmband wird aus sibirischer Birkenrinde handgefertigt - dem ersten derartigen Armband auf dem Markt.\" \/>\n<meta property=\"og:url\" content=\"https:\/\/moya-birchbark.com\/de\/produkt\/apple-watch-uhrenarmband-aus-birkenrinde\/\" \/>\n<meta property=\"og:site_name\" content=\"Moya Birkenrinde\" \/>\n<meta property=\"article:modified_time\" content=\"2024-03-15T08:25:05+00:00\" \/>\n<meta property=\"og:image\" content=\"https:\/\/moya-birchbark.com\/de\/wp-content\/uploads\/sites\/4\/2021\/02\/Weisswald_Applewatch_Uhr_\u00a9Clara-Loeffler_web_09.jpg\" \/>\n\t<meta property=\"og:image:width\" content=\"1417\" \/>\n\t<meta property=\"og:image:height\" content=\"945\" \/>\n\t<meta property=\"og:image:type\" content=\"image\/jpeg\" \/>\n<meta name=\"twitter:card\" content=\"summary_large_image\" \/>\n<meta name=\"twitter:label1\" content=\"Gesch\u00e4tzte Lesezeit\" \/>\n\t<meta name=\"twitter:data1\" content=\"1\u00a0Minute\" \/>\n<script type=\"application\/ld+json\" class=\"yoast-schema-graph\">{\"@context\":\"https:\/\/schema.org\",\"@graph\":[{\"@type\":\"WebPage\",\"@id\":\"https:\/\/moya-birchbark.com\/de\/produkt\/apple-watch-uhrenarmband-aus-birkenrinde\/\",\"url\":\"https:\/\/moya-birchbark.com\/de\/produkt\/apple-watch-uhrenarmband-aus-birkenrinde\/\",\"name\":\"Apple Watch Uhrenarmband aus Birkenrinde - 38\/40\/41mm - Moya Birkenrinde\",\"isPartOf\":{\"@id\":\"https:\/\/moya-birchbark.com\/de\/#website\"},\"datePublished\":\"2021-02-04T15:53:50+00:00\",\"dateModified\":\"2024-03-15T08:25:05+00:00\",\"description\":\"Das WEISSWALD Apple Watch Uhrenarmband wird aus sibirischer Birkenrinde handgefertigt - dem ersten derartigen Armband auf dem Markt.\",\"breadcrumb\":{\"@id\":\"https:\/\/moya-birchbark.com\/de\/produkt\/apple-watch-uhrenarmband-aus-birkenrinde\/#breadcrumb\"},\"inLanguage\":\"de\",\"potentialAction\":[{\"@type\":\"ReadAction\",\"target\":[\"https:\/\/moya-birchbark.com\/de\/produkt\/apple-watch-uhrenarmband-aus-birkenrinde\/\"]}]},{\"@type\":\"BreadcrumbList\",\"@id\":\"https:\/\/moya-birchbark.com\/de\/produkt\/apple-watch-uhrenarmband-aus-birkenrinde\/#breadcrumb\",\"itemListElement\":[{\"@type\":\"ListItem\",\"position\":1,\"name\":\"Home\",\"item\":\"https:\/\/moya-birchbark.com\/de\/\"},{\"@type\":\"ListItem\",\"position\":2,\"name\":\"Shop\",\"item\":\"https:\/\/moya-birchbark.com\/de\/shop-moya-birkenrinde\/\"},{\"@type\":\"ListItem\",\"position\":3,\"name\":\"Fashion &amp; Lifestyle\",\"item\":\"https:\/\/moya-birchbark.com\/de\/produkt-kategorie\/fashion-und-lifestyle\/\"},{\"@type\":\"ListItem\",\"position\":4,\"name\":\"Uhrenarmb\u00e4nder\",\"item\":\"https:\/\/moya-birchbark.com\/de\/produkt-kategorie\/fashion-und-lifestyle\/uhrenarmbaender-aus-birkenrinde\/\"},{\"@type\":\"ListItem\",\"position\":5,\"name\":\"Apple Watch Uhrenarmband aus Birkenrinde &#8211; 38\/40\/41mm\"}]},{\"@type\":\"WebSite\",\"@id\":\"https:\/\/moya-birchbark.com\/de\/#website\",\"url\":\"https:\/\/moya-birchbark.com\/de\/\",\"name\":\"Moya Birkenrinde\",\"description\":\"MOYA Birch Bark\",\"publisher\":{\"@id\":\"https:\/\/moya-birchbark.com\/de\/#organization\"},\"potentialAction\":[{\"@type\":\"SearchAction\",\"target\":{\"@type\":\"EntryPoint\",\"urlTemplate\":\"https:\/\/moya-birchbark.com\/de\/?s={search_term_string}\"},\"query-input\":\"required name=search_term_string\"}],\"inLanguage\":\"de\"},{\"@type\":\"Organization\",\"@id\":\"https:\/\/moya-birchbark.com\/de\/#organization\",\"name\":\"Moya Birkenrinde\",\"url\":\"https:\/\/moya-birchbark.com\/de\/\",\"logo\":{\"@type\":\"ImageObject\",\"inLanguage\":\"de\",\"@id\":\"https:\/\/moya-birchbark.com\/de\/#\/schema\/logo\/image\/\",\"url\":\"https:\/\/moya-birchbark.com\/de\/wp-content\/uploads\/sites\/4\/2021\/05\/MOYA-Birch-Bark-Logo-white.png\",\"contentUrl\":\"https:\/\/moya-birchbark.com\/de\/wp-content\/uploads\/sites\/4\/2021\/05\/MOYA-Birch-Bark-Logo-white.png\",\"width\":520,\"height\":152,\"caption\":\"Moya Birkenrinde\"},\"image\":{\"@id\":\"https:\/\/moya-birchbark.com\/de\/#\/schema\/logo\/image\/\"}}]}<\/script>\n<!-- \/ Yoast SEO plugin. -->","yoast_head_json":{"title":"Apple Watch Uhrenarmband aus Birkenrinde - 38\/40\/41mm - Moya Birkenrinde","description":"Das WEISSWALD Apple Watch Uhrenarmband wird aus sibirischer Birkenrinde handgefertigt - dem ersten derartigen Armband auf dem Markt.","robots":{"index":"index","follow":"follow","max-snippet":"max-snippet:-1","max-image-preview":"max-image-preview:large","max-video-preview":"max-video-preview:-1"},"canonical":"https:\/\/moya-birchbark.com\/de\/produkt\/apple-watch-uhrenarmband-aus-birkenrinde\/","og_locale":"de_DE","og_type":"article","og_title":"Apple Watch Uhrenarmband aus Birkenrinde - 38\/40\/41mm - Moya Birkenrinde","og_description":"Das WEISSWALD Apple Watch Uhrenarmband wird aus sibirischer Birkenrinde handgefertigt - dem ersten derartigen Armband auf dem Markt.","og_url":"https:\/\/moya-birchbark.com\/de\/produkt\/apple-watch-uhrenarmband-aus-birkenrinde\/","og_site_name":"Moya Birkenrinde","article_modified_time":"2024-03-15T08:25:05+00:00","og_image":[{"width":1417,"height":945,"url":"https:\/\/moya-birchbark.com\/de\/wp-content\/uploads\/sites\/4\/2021\/02\/Weisswald_Applewatch_Uhr_\u00a9Clara-Loeffler_web_09.jpg","type":"image\/jpeg"}],"twitter_card":"summary_large_image","twitter_misc":{"Gesch\u00e4tzte Lesezeit":"1\u00a0Minute"},"schema":{"@context":"https:\/\/schema.org","@graph":[{"@type":"WebPage","@id":"https:\/\/moya-birchbark.com\/de\/produkt\/apple-watch-uhrenarmband-aus-birkenrinde\/","url":"https:\/\/moya-birchbark.com\/de\/produkt\/apple-watch-uhrenarmband-aus-birkenrinde\/","name":"Apple Watch Uhrenarmband aus Birkenrinde - 38\/40\/41mm - Moya Birkenrinde","isPartOf":{"@id":"https:\/\/moya-birchbark.com\/de\/#website"},"datePublished":"2021-02-04T15:53:50+00:00","dateModified":"2024-03-15T08:25:05+00:00","description":"Das WEISSWALD Apple Watch Uhrenarmband wird aus sibirischer Birkenrinde handgefertigt - dem ersten derartigen Armband auf dem Markt.","breadcrumb":{"@id":"https:\/\/moya-birchbark.com\/de\/produkt\/apple-watch-uhrenarmband-aus-birkenrinde\/#breadcrumb"},"inLanguage":"de","potentialAction":[{"@type":"ReadAction","target":["https:\/\/moya-birchbark.com\/de\/produkt\/apple-watch-uhrenarmband-aus-birkenrinde\/"]}]},{"@type":"BreadcrumbList","@id":"https:\/\/moya-birchbark.com\/de\/produkt\/apple-watch-uhrenarmband-aus-birkenrinde\/#breadcrumb","itemListElement":[{"@type":"ListItem","position":1,"name":"Home","item":"https:\/\/moya-birchbark.com\/de\/"},{"@type":"ListItem","position":2,"name":"Shop","item":"https:\/\/moya-birchbark.com\/de\/shop-moya-birkenrinde\/"},{"@type":"ListItem","position":3,"name":"Fashion &amp; Lifestyle","item":"https:\/\/moya-birchbark.com\/de\/produkt-kategorie\/fashion-und-lifestyle\/"},{"@type":"ListItem","position":4,"name":"Uhrenarmb\u00e4nder","item":"https:\/\/moya-birchbark.com\/de\/produkt-kategorie\/fashion-und-lifestyle\/uhrenarmbaender-aus-birkenrinde\/"},{"@type":"ListItem","position":5,"name":"Apple Watch Uhrenarmband aus Birkenrinde &#8211; 38\/40\/41mm"}]},{"@type":"WebSite","@id":"https:\/\/moya-birchbark.com\/de\/#website","url":"https:\/\/moya-birchbark.com\/de\/","name":"Moya Birkenrinde","description":"MOYA Birch Bark","publisher":{"@id":"https:\/\/moya-birchbark.com\/de\/#organization"},"potentialAction":[{"@type":"SearchAction","target":{"@type":"EntryPoint","urlTemplate":"https:\/\/moya-birchbark.com\/de\/?s={search_term_string}"},"query-input":"required name=search_term_string"}],"inLanguage":"de"},{"@type":"Organization","@id":"https:\/\/moya-birchbark.com\/de\/#organization","name":"Moya Birkenrinde","url":"https:\/\/moya-birchbark.com\/de\/","logo":{"@type":"ImageObject","inLanguage":"de","@id":"https:\/\/moya-birchbark.com\/de\/#\/schema\/logo\/image\/","url":"https:\/\/moya-birchbark.com\/de\/wp-content\/uploads\/sites\/4\/2021\/05\/MOYA-Birch-Bark-Logo-white.png","contentUrl":"https:\/\/moya-birchbark.com\/de\/wp-content\/uploads\/sites\/4\/2021\/05\/MOYA-Birch-Bark-Logo-white.png","width":520,"height":152,"caption":"Moya Birkenrinde"},"image":{"@id":"https:\/\/moya-birchbark.com\/de\/#\/schema\/logo\/image\/"}}]}},"_links":{"self":[{"href":"https:\/\/moya-birchbark.com\/de\/wp-json\/wp\/v2\/product\/7426","targetHints":{"allow":["GET"]}}],"collection":[{"href":"https:\/\/moya-birchbark.com\/de\/wp-json\/wp\/v2\/product"}],"about":[{"href":"https:\/\/moya-birchbark.com\/de\/wp-json\/wp\/v2\/types\/product"}],"replies":[{"embeddable":true,"href":"https:\/\/moya-birchbark.com\/de\/wp-json\/wp\/v2\/comments?post=7426"}],"wp:featuredmedia":[{"embeddable":true,"href":"https:\/\/moya-birchbark.com\/de\/wp-json\/wp\/v2\/media\/7435"}],"wp:attachment":[{"href":"https:\/\/moya-birchbark.com\/de\/wp-json\/wp\/v2\/media?parent=7426"}],"wp:term":[{"taxonomy":"product_cat","embeddable":true,"href":"https:\/\/moya-birchbark.com\/de\/wp-json\/wp\/v2\/product_cat?post=7426"},{"taxonomy":"product_tag","embeddable":true,"href":"https:\/\/moya-birchbark.com\/de\/wp-json\/wp\/v2\/product_tag?post=7426"}],"curies":[{"name":"wp","href":"https:\/\/api.w.org\/{rel}","templated":true}]}}