{"id":7242,"date":"2020-11-20T11:50:19","date_gmt":"2020-11-20T11:50:19","guid":{"rendered":"https:\/\/moya-birchbark.com\/de\/?post_type=product&#038;p=7242"},"modified":"2024-02-04T15:13:35","modified_gmt":"2024-02-04T15:13:35","slug":"geschenkgutschein-birken-produkt-onlineshop","status":"publish","type":"product","link":"https:\/\/moya-birchbark.com\/de\/produkt\/geschenkgutschein-birken-produkt-onlineshop\/","title":{"rendered":"Geschenkgutschein von MOYA Birch Bark"},"content":{"rendered":"<p>Wir bei MOYA lieben es zu Schenken und bieten nun auch einen Geschenkgutschein f\u00fcr die Birken Produkte in unserem Onlineshop an. Du m\u00f6chtest ein Unikat aus Birkenrinde verschenken, bist Dir aber nicht sicher, was genau? Mit einem Geschenkgutschein von MOYA Birch Bark \u00fcberlasst ihr den Beschenkten die Auswahl.<\/p>\n<p>Geschenkgutscheine werden per E-Mail verschickt und enthalten Anweisungen, wie sie beim Checkout eingel\u00f6st werden k\u00f6nnen. F\u00fcr unsere Geschenkgutscheine erheben wir keine weiteren Bearbeitungsgeb\u00fchren oder Versandkosten.<\/p>\n","protected":false},"excerpt":{"rendered":"<p>Wir bei MOYA lieben es zu Schenken und bieten nun auch einen Geschenkgutschein f\u00fcr die Birken Produkte in unserem Onlineshop an. Du m\u00f6chtest&hellip;<\/p>\n","protected":false},"featured_media":10777,"comment_status":"open","ping_status":"closed","template":"","meta":{"inline_featured_image":false},"product_cat":[362,310],"product_tag":[],"class_list":["post-7242","product","type-product","status-publish","has-post-thumbnail","hentry","product_cat-schenken-und-dekorieren","product_cat-geschenkgutschein-nachhaltige-naturprodukte","product_shipping_class-kostenfrei"],"yoast_head":"<!-- This site is optimized with the Yoast SEO plugin v19.10 - https:\/\/yoast.com\/wordpress\/plugins\/seo\/ -->\n<title>Geschenkgutschein f\u00fcr Birken Produkte - Onlineshop - MOYA Birkenrinde<\/title>\n<meta name=\"description\" content=\"Wir bei MOYA lieben es zu Schenken und bieten nun auch einen Geschenkgutschein f\u00fcr alle Birken Produkte in unserem Onlineshop an.\" \/>\n<meta name=\"robots\" content=\"index, follow, max-snippet:-1, max-image-preview:large, max-video-preview:-1\" \/>\n<link rel=\"canonical\" href=\"https:\/\/moya-birchbark.com\/de\/produkt\/geschenkgutschein-birken-produkt-onlineshop\/\" \/>\n<meta property=\"og:locale\" content=\"de_DE\" \/>\n<meta property=\"og:type\" content=\"article\" \/>\n<meta property=\"og:title\" content=\"Geschenkgutschein f\u00fcr Birken Produkte - Onlineshop - MOYA Birkenrinde\" \/>\n<meta property=\"og:description\" content=\"Wir bei MOYA lieben es zu Schenken und bieten nun auch einen Geschenkgutschein f\u00fcr alle Birken Produkte in unserem Onlineshop an.\" \/>\n<meta property=\"og:url\" content=\"https:\/\/moya-birchbark.com\/de\/produkt\/geschenkgutschein-birken-produkt-onlineshop\/\" \/>\n<meta property=\"og:site_name\" content=\"Moya Birkenrinde\" \/>\n<meta property=\"article:modified_time\" content=\"2024-02-04T15:13:35+00:00\" \/>\n<meta property=\"og:image\" content=\"https:\/\/moya-birchbark.com\/de\/wp-content\/uploads\/sites\/4\/2020\/11\/220523_MOYA_Geschenkgutschein_Bild-DE_tiny.jpg\" \/>\n\t<meta property=\"og:image:width\" content=\"1744\" \/>\n\t<meta property=\"og:image:height\" content=\"1744\" \/>\n\t<meta property=\"og:image:type\" content=\"image\/jpeg\" \/>\n<meta name=\"twitter:card\" content=\"summary_large_image\" \/>\n<meta name=\"twitter:label1\" content=\"Gesch\u00e4tzte Lesezeit\" \/>\n\t<meta name=\"twitter:data1\" content=\"1\u00a0Minute\" \/>\n<script type=\"application\/ld+json\" class=\"yoast-schema-graph\">{\"@context\":\"https:\/\/schema.org\",\"@graph\":[{\"@type\":\"WebPage\",\"@id\":\"https:\/\/moya-birchbark.com\/de\/produkt\/geschenkgutschein-birken-produkt-onlineshop\/\",\"url\":\"https:\/\/moya-birchbark.com\/de\/produkt\/geschenkgutschein-birken-produkt-onlineshop\/\",\"name\":\"Geschenkgutschein f\u00fcr Birken Produkte - Onlineshop - MOYA Birkenrinde\",\"isPartOf\":{\"@id\":\"https:\/\/moya-birchbark.com\/de\/#website\"},\"datePublished\":\"2020-11-20T11:50:19+00:00\",\"dateModified\":\"2024-02-04T15:13:35+00:00\",\"description\":\"Wir bei MOYA lieben es zu Schenken und bieten nun auch einen Geschenkgutschein f\u00fcr alle Birken Produkte in unserem Onlineshop an.\",\"breadcrumb\":{\"@id\":\"https:\/\/moya-birchbark.com\/de\/produkt\/geschenkgutschein-birken-produkt-onlineshop\/#breadcrumb\"},\"inLanguage\":\"de\",\"potentialAction\":[{\"@type\":\"ReadAction\",\"target\":[\"https:\/\/moya-birchbark.com\/de\/produkt\/geschenkgutschein-birken-produkt-onlineshop\/\"]}]},{\"@type\":\"BreadcrumbList\",\"@id\":\"https:\/\/moya-birchbark.com\/de\/produkt\/geschenkgutschein-birken-produkt-onlineshop\/#breadcrumb\",\"itemListElement\":[{\"@type\":\"ListItem\",\"position\":1,\"name\":\"Home\",\"item\":\"https:\/\/moya-birchbark.com\/de\/\"},{\"@type\":\"ListItem\",\"position\":2,\"name\":\"Shop\",\"item\":\"https:\/\/moya-birchbark.com\/de\/shop-moya-birkenrinde\/\"},{\"@type\":\"ListItem\",\"position\":3,\"name\":\"Schenken &amp; Dekorieren\",\"item\":\"https:\/\/moya-birchbark.com\/de\/produkt-kategorie\/schenken-und-dekorieren\/\"},{\"@type\":\"ListItem\",\"position\":4,\"name\":\"Geschenkgutschein\",\"item\":\"https:\/\/moya-birchbark.com\/de\/produkt-kategorie\/schenken-und-dekorieren\/geschenkgutschein-nachhaltige-naturprodukte\/\"},{\"@type\":\"ListItem\",\"position\":5,\"name\":\"Geschenkgutschein von MOYA Birch Bark\"}]},{\"@type\":\"WebSite\",\"@id\":\"https:\/\/moya-birchbark.com\/de\/#website\",\"url\":\"https:\/\/moya-birchbark.com\/de\/\",\"name\":\"Moya Birkenrinde\",\"description\":\"MOYA Birch Bark\",\"publisher\":{\"@id\":\"https:\/\/moya-birchbark.com\/de\/#organization\"},\"potentialAction\":[{\"@type\":\"SearchAction\",\"target\":{\"@type\":\"EntryPoint\",\"urlTemplate\":\"https:\/\/moya-birchbark.com\/de\/?s={search_term_string}\"},\"query-input\":\"required name=search_term_string\"}],\"inLanguage\":\"de\"},{\"@type\":\"Organization\",\"@id\":\"https:\/\/moya-birchbark.com\/de\/#organization\",\"name\":\"Moya Birkenrinde\",\"url\":\"https:\/\/moya-birchbark.com\/de\/\",\"logo\":{\"@type\":\"ImageObject\",\"inLanguage\":\"de\",\"@id\":\"https:\/\/moya-birchbark.com\/de\/#\/schema\/logo\/image\/\",\"url\":\"https:\/\/moya-birchbark.com\/de\/wp-content\/uploads\/sites\/4\/2021\/05\/MOYA-Birch-Bark-Logo-white.png\",\"contentUrl\":\"https:\/\/moya-birchbark.com\/de\/wp-content\/uploads\/sites\/4\/2021\/05\/MOYA-Birch-Bark-Logo-white.png\",\"width\":520,\"height\":152,\"caption\":\"Moya Birkenrinde\"},\"image\":{\"@id\":\"https:\/\/moya-birchbark.com\/de\/#\/schema\/logo\/image\/\"}}]}<\/script>\n<!-- \/ Yoast SEO plugin. -->","yoast_head_json":{"title":"Geschenkgutschein f\u00fcr Birken Produkte - Onlineshop - MOYA Birkenrinde","description":"Wir bei MOYA lieben es zu Schenken und bieten nun auch einen Geschenkgutschein f\u00fcr alle Birken Produkte in unserem Onlineshop an.","robots":{"index":"index","follow":"follow","max-snippet":"max-snippet:-1","max-image-preview":"max-image-preview:large","max-video-preview":"max-video-preview:-1"},"canonical":"https:\/\/moya-birchbark.com\/de\/produkt\/geschenkgutschein-birken-produkt-onlineshop\/","og_locale":"de_DE","og_type":"article","og_title":"Geschenkgutschein f\u00fcr Birken Produkte - Onlineshop - MOYA Birkenrinde","og_description":"Wir bei MOYA lieben es zu Schenken und bieten nun auch einen Geschenkgutschein f\u00fcr alle Birken Produkte in unserem Onlineshop an.","og_url":"https:\/\/moya-birchbark.com\/de\/produkt\/geschenkgutschein-birken-produkt-onlineshop\/","og_site_name":"Moya Birkenrinde","article_modified_time":"2024-02-04T15:13:35+00:00","og_image":[{"width":1744,"height":1744,"url":"https:\/\/moya-birchbark.com\/de\/wp-content\/uploads\/sites\/4\/2020\/11\/220523_MOYA_Geschenkgutschein_Bild-DE_tiny.jpg","type":"image\/jpeg"}],"twitter_card":"summary_large_image","twitter_misc":{"Gesch\u00e4tzte Lesezeit":"1\u00a0Minute"},"schema":{"@context":"https:\/\/schema.org","@graph":[{"@type":"WebPage","@id":"https:\/\/moya-birchbark.com\/de\/produkt\/geschenkgutschein-birken-produkt-onlineshop\/","url":"https:\/\/moya-birchbark.com\/de\/produkt\/geschenkgutschein-birken-produkt-onlineshop\/","name":"Geschenkgutschein f\u00fcr Birken Produkte - Onlineshop - MOYA Birkenrinde","isPartOf":{"@id":"https:\/\/moya-birchbark.com\/de\/#website"},"datePublished":"2020-11-20T11:50:19+00:00","dateModified":"2024-02-04T15:13:35+00:00","description":"Wir bei MOYA lieben es zu Schenken und bieten nun auch einen Geschenkgutschein f\u00fcr alle Birken Produkte in unserem Onlineshop an.","breadcrumb":{"@id":"https:\/\/moya-birchbark.com\/de\/produkt\/geschenkgutschein-birken-produkt-onlineshop\/#breadcrumb"},"inLanguage":"de","potentialAction":[{"@type":"ReadAction","target":["https:\/\/moya-birchbark.com\/de\/produkt\/geschenkgutschein-birken-produkt-onlineshop\/"]}]},{"@type":"BreadcrumbList","@id":"https:\/\/moya-birchbark.com\/de\/produkt\/geschenkgutschein-birken-produkt-onlineshop\/#breadcrumb","itemListElement":[{"@type":"ListItem","position":1,"name":"Home","item":"https:\/\/moya-birchbark.com\/de\/"},{"@type":"ListItem","position":2,"name":"Shop","item":"https:\/\/moya-birchbark.com\/de\/shop-moya-birkenrinde\/"},{"@type":"ListItem","position":3,"name":"Schenken &amp; Dekorieren","item":"https:\/\/moya-birchbark.com\/de\/produkt-kategorie\/schenken-und-dekorieren\/"},{"@type":"ListItem","position":4,"name":"Geschenkgutschein","item":"https:\/\/moya-birchbark.com\/de\/produkt-kategorie\/schenken-und-dekorieren\/geschenkgutschein-nachhaltige-naturprodukte\/"},{"@type":"ListItem","position":5,"name":"Geschenkgutschein von MOYA Birch Bark"}]},{"@type":"WebSite","@id":"https:\/\/moya-birchbark.com\/de\/#website","url":"https:\/\/moya-birchbark.com\/de\/","name":"Moya Birkenrinde","description":"MOYA Birch Bark","publisher":{"@id":"https:\/\/moya-birchbark.com\/de\/#organization"},"potentialAction":[{"@type":"SearchAction","target":{"@type":"EntryPoint","urlTemplate":"https:\/\/moya-birchbark.com\/de\/?s={search_term_string}"},"query-input":"required name=search_term_string"}],"inLanguage":"de"},{"@type":"Organization","@id":"https:\/\/moya-birchbark.com\/de\/#organization","name":"Moya Birkenrinde","url":"https:\/\/moya-birchbark.com\/de\/","logo":{"@type":"ImageObject","inLanguage":"de","@id":"https:\/\/moya-birchbark.com\/de\/#\/schema\/logo\/image\/","url":"https:\/\/moya-birchbark.com\/de\/wp-content\/uploads\/sites\/4\/2021\/05\/MOYA-Birch-Bark-Logo-white.png","contentUrl":"https:\/\/moya-birchbark.com\/de\/wp-content\/uploads\/sites\/4\/2021\/05\/MOYA-Birch-Bark-Logo-white.png","width":520,"height":152,"caption":"Moya Birkenrinde"},"image":{"@id":"https:\/\/moya-birchbark.com\/de\/#\/schema\/logo\/image\/"}}]}},"_links":{"self":[{"href":"https:\/\/moya-birchbark.com\/de\/wp-json\/wp\/v2\/product\/7242","targetHints":{"allow":["GET"]}}],"collection":[{"href":"https:\/\/moya-birchbark.com\/de\/wp-json\/wp\/v2\/product"}],"about":[{"href":"https:\/\/moya-birchbark.com\/de\/wp-json\/wp\/v2\/types\/product"}],"replies":[{"embeddable":true,"href":"https:\/\/moya-birchbark.com\/de\/wp-json\/wp\/v2\/comments?post=7242"}],"wp:featuredmedia":[{"embeddable":true,"href":"https:\/\/moya-birchbark.com\/de\/wp-json\/wp\/v2\/media\/10777"}],"wp:attachment":[{"href":"https:\/\/moya-birchbark.com\/de\/wp-json\/wp\/v2\/media?parent=7242"}],"wp:term":[{"taxonomy":"product_cat","embeddable":true,"href":"https:\/\/moya-birchbark.com\/de\/wp-json\/wp\/v2\/product_cat?post=7242"},{"taxonomy":"product_tag","embeddable":true,"href":"https:\/\/moya-birchbark.com\/de\/wp-json\/wp\/v2\/product_tag?post=7242"}],"curies":[{"name":"wp","href":"https:\/\/api.w.org\/{rel}","templated":true}]}}