{"id":7029,"date":"2020-08-18T10:13:11","date_gmt":"2020-08-18T10:13:11","guid":{"rendered":"https:\/\/moya-birchbark.com\/de\/?post_type=product&#038;p=7029"},"modified":"2025-12-03T11:24:55","modified_gmt":"2025-12-03T11:24:55","slug":"etiketten-geschenk-tags-holz","status":"publish","type":"product","link":"https:\/\/moya-birchbark.com\/de\/produkt\/etiketten-geschenk-tags-holz\/","title":{"rendered":"Geschenkanh\u00e4nger \/ 6 St\u00fcck"},"content":{"rendered":"<p>Wir bei MOYA lieben es zu Schenken.<br \/>\nDabei finden wir, dass das \u00e4u\u00dfere Erscheinungsbild mindestens genauso wichtig ist wie das was sich im Inneren verbirgt. Und so wie Birkenrinde den Baum schm\u00fcckt, wollen wir Euch nun die M\u00f6glichkeit geben, das mit Euren Pr\u00e4senten auch zu tun!<br \/>\nWeil uns eben das Verpacken und Erstellen von Geschenk-Kreationen so viel Freude bereitet, und jedes St\u00fcck der wertvollen Birkenrinde eine Verwendung finden soll, gibt es unsere Geschenkanh\u00e4nger.<\/p>\n<p>Als kleinen Teaser au\u00dfen an Produkten aus Birkenrinde oder als Accessoires an P\u00e4ckchen und Gr\u00fc\u00dfe sowie Gl\u00fcckw\u00fcnsche zu jedem Anlass. Denn sie sind nicht nur sch\u00f6n, sondern auch beschreibbar. Es gibt sie mit farbigen Kontrasten oder schlicht Ton in Ton und passen somit zu jedem Verpack-Stil. Aufgrund ihrer Nat\u00fcrlichkeit nimmt sich die Birkenrinde zur\u00fcck aber sticht durch die wundervoll gemaserte und weiche Oberfl\u00e4che doch ins Auge.<\/p>\n<p><strong>Details<\/strong><br \/>\n&#8211; Ma\u00dfe pro Anh\u00e4nger<br \/>\nGro\u00df: 11,5 x 3 cm<br \/>\nKlein: 7 x 3,7 cm<br \/>\n&#8211; Set aus 6 Geschenkanh\u00e4ngern<br \/>\n&#8211; Materialien: 100% nat\u00fcrliche Birkenrinde ohne jegliche Zus\u00e4tze, \u00a0Faden, z.T. Nieten<\/p>\n","protected":false},"excerpt":{"rendered":"<p>Deine mit Liebe verpackten Geschenke erhalten den letzten Schliff mit diesem samtweichen, nat\u00fcrlichen, grafisch \u00e4sthetischen und beschreibbaren Anh\u00e4nger<\/p>\n","protected":false},"featured_media":10512,"comment_status":"open","ping_status":"closed","template":"","meta":{"inline_featured_image":false},"product_cat":[362,288,301,300],"product_tag":[],"class_list":["post-7029","product","type-product","status-publish","has-post-thumbnail","hentry","product_cat-schenken-und-dekorieren","product_cat-nachhaltige-dekoration-aus-birke-anhaenger","product_cat-geschenkanhaenger-etiketten-nachhaltig-birkenrinde","product_cat-giftwrap","product_shipping_class-anhaenger-set"],"yoast_head":"<!-- This site is optimized with the Yoast SEO plugin v19.10 - https:\/\/yoast.com\/wordpress\/plugins\/seo\/ -->\n<title>Etiketten Geschenk Tags Holz - Anh\u00e4nger aus Birke - MOYA Birkenrinde<\/title>\n<meta name=\"description\" content=\"Erahrt mehr \u00fcber unsere Etiketten aus Birkenrinde, die perfekten Geschenk Tags f\u00fcr eure Individuelle Geschenkverpackung in Holz Anmutung.\" \/>\n<meta name=\"robots\" content=\"index, follow, max-snippet:-1, max-image-preview:large, max-video-preview:-1\" \/>\n<link rel=\"canonical\" href=\"https:\/\/moya-birchbark.com\/de\/produkt\/etiketten-geschenk-tags-holz\/\" \/>\n<meta property=\"og:locale\" content=\"de_DE\" \/>\n<meta property=\"og:type\" content=\"article\" \/>\n<meta property=\"og:title\" content=\"Etiketten Geschenk Tags Holz - Anh\u00e4nger aus Birke - MOYA Birkenrinde\" \/>\n<meta property=\"og:description\" content=\"Erahrt mehr \u00fcber unsere Etiketten aus Birkenrinde, die perfekten Geschenk Tags f\u00fcr eure Individuelle Geschenkverpackung in Holz Anmutung.\" \/>\n<meta property=\"og:url\" content=\"https:\/\/moya-birchbark.com\/de\/produkt\/etiketten-geschenk-tags-holz\/\" \/>\n<meta property=\"og:site_name\" content=\"Moya Birkenrinde\" \/>\n<meta property=\"article:modified_time\" content=\"2025-12-03T11:24:55+00:00\" \/>\n<meta property=\"og:image\" content=\"https:\/\/moya-birchbark.com\/de\/wp-content\/uploads\/sites\/4\/2020\/08\/Moya_Etiketten_Homemade_\u00a9Clara-Loeffler_web_04.jpg\" \/>\n\t<meta property=\"og:image:width\" content=\"899\" \/>\n\t<meta property=\"og:image:height\" content=\"1348\" \/>\n\t<meta property=\"og:image:type\" content=\"image\/jpeg\" \/>\n<meta name=\"twitter:card\" content=\"summary_large_image\" \/>\n<meta name=\"twitter:label1\" content=\"Gesch\u00e4tzte Lesezeit\" \/>\n\t<meta name=\"twitter:data1\" content=\"1\u00a0Minute\" \/>\n<script type=\"application\/ld+json\" class=\"yoast-schema-graph\">{\"@context\":\"https:\/\/schema.org\",\"@graph\":[{\"@type\":\"WebPage\",\"@id\":\"https:\/\/moya-birchbark.com\/de\/produkt\/etiketten-geschenk-tags-holz\/\",\"url\":\"https:\/\/moya-birchbark.com\/de\/produkt\/etiketten-geschenk-tags-holz\/\",\"name\":\"Etiketten Geschenk Tags Holz - Anh\u00e4nger aus Birke - MOYA Birkenrinde\",\"isPartOf\":{\"@id\":\"https:\/\/moya-birchbark.com\/de\/#website\"},\"datePublished\":\"2020-08-18T10:13:11+00:00\",\"dateModified\":\"2025-12-03T11:24:55+00:00\",\"description\":\"Erahrt mehr \u00fcber unsere Etiketten aus Birkenrinde, die perfekten Geschenk Tags f\u00fcr eure Individuelle Geschenkverpackung in Holz Anmutung.\",\"breadcrumb\":{\"@id\":\"https:\/\/moya-birchbark.com\/de\/produkt\/etiketten-geschenk-tags-holz\/#breadcrumb\"},\"inLanguage\":\"de\",\"potentialAction\":[{\"@type\":\"ReadAction\",\"target\":[\"https:\/\/moya-birchbark.com\/de\/produkt\/etiketten-geschenk-tags-holz\/\"]}]},{\"@type\":\"BreadcrumbList\",\"@id\":\"https:\/\/moya-birchbark.com\/de\/produkt\/etiketten-geschenk-tags-holz\/#breadcrumb\",\"itemListElement\":[{\"@type\":\"ListItem\",\"position\":1,\"name\":\"Home\",\"item\":\"https:\/\/moya-birchbark.com\/de\/\"},{\"@type\":\"ListItem\",\"position\":2,\"name\":\"Shop\",\"item\":\"https:\/\/moya-birchbark.com\/de\/shop-moya-birkenrinde\/\"},{\"@type\":\"ListItem\",\"position\":3,\"name\":\"Schenken &amp; Dekorieren\",\"item\":\"https:\/\/moya-birchbark.com\/de\/produkt-kategorie\/schenken-und-dekorieren\/\"},{\"@type\":\"ListItem\",\"position\":4,\"name\":\"Geschenkideen\",\"item\":\"https:\/\/moya-birchbark.com\/de\/produkt-kategorie\/schenken-und-dekorieren\/nachhaltige-dekoration-aus-birke-anhaenger\/\"},{\"@type\":\"ListItem\",\"position\":5,\"name\":\"Geschenkanh\u00e4nger\",\"item\":\"https:\/\/moya-birchbark.com\/de\/produkt-kategorie\/schenken-und-dekorieren\/nachhaltige-dekoration-aus-birke-anhaenger\/geschenkanhaenger-etiketten-nachhaltig-birkenrinde\/\"},{\"@type\":\"ListItem\",\"position\":6,\"name\":\"Geschenkanh\u00e4nger \/ 6 St\u00fcck\"}]},{\"@type\":\"WebSite\",\"@id\":\"https:\/\/moya-birchbark.com\/de\/#website\",\"url\":\"https:\/\/moya-birchbark.com\/de\/\",\"name\":\"Moya Birkenrinde\",\"description\":\"MOYA Birch Bark\",\"publisher\":{\"@id\":\"https:\/\/moya-birchbark.com\/de\/#organization\"},\"potentialAction\":[{\"@type\":\"SearchAction\",\"target\":{\"@type\":\"EntryPoint\",\"urlTemplate\":\"https:\/\/moya-birchbark.com\/de\/?s={search_term_string}\"},\"query-input\":\"required name=search_term_string\"}],\"inLanguage\":\"de\"},{\"@type\":\"Organization\",\"@id\":\"https:\/\/moya-birchbark.com\/de\/#organization\",\"name\":\"Moya Birkenrinde\",\"url\":\"https:\/\/moya-birchbark.com\/de\/\",\"logo\":{\"@type\":\"ImageObject\",\"inLanguage\":\"de\",\"@id\":\"https:\/\/moya-birchbark.com\/de\/#\/schema\/logo\/image\/\",\"url\":\"https:\/\/moya-birchbark.com\/de\/wp-content\/uploads\/sites\/4\/2021\/05\/MOYA-Birch-Bark-Logo-white.png\",\"contentUrl\":\"https:\/\/moya-birchbark.com\/de\/wp-content\/uploads\/sites\/4\/2021\/05\/MOYA-Birch-Bark-Logo-white.png\",\"width\":520,\"height\":152,\"caption\":\"Moya Birkenrinde\"},\"image\":{\"@id\":\"https:\/\/moya-birchbark.com\/de\/#\/schema\/logo\/image\/\"}}]}<\/script>\n<!-- \/ Yoast SEO plugin. -->","yoast_head_json":{"title":"Etiketten Geschenk Tags Holz - Anh\u00e4nger aus Birke - MOYA Birkenrinde","description":"Erahrt mehr \u00fcber unsere Etiketten aus Birkenrinde, die perfekten Geschenk Tags f\u00fcr eure Individuelle Geschenkverpackung in Holz Anmutung.","robots":{"index":"index","follow":"follow","max-snippet":"max-snippet:-1","max-image-preview":"max-image-preview:large","max-video-preview":"max-video-preview:-1"},"canonical":"https:\/\/moya-birchbark.com\/de\/produkt\/etiketten-geschenk-tags-holz\/","og_locale":"de_DE","og_type":"article","og_title":"Etiketten Geschenk Tags Holz - Anh\u00e4nger aus Birke - MOYA Birkenrinde","og_description":"Erahrt mehr \u00fcber unsere Etiketten aus Birkenrinde, die perfekten Geschenk Tags f\u00fcr eure Individuelle Geschenkverpackung in Holz Anmutung.","og_url":"https:\/\/moya-birchbark.com\/de\/produkt\/etiketten-geschenk-tags-holz\/","og_site_name":"Moya Birkenrinde","article_modified_time":"2025-12-03T11:24:55+00:00","og_image":[{"width":899,"height":1348,"url":"https:\/\/moya-birchbark.com\/de\/wp-content\/uploads\/sites\/4\/2020\/08\/Moya_Etiketten_Homemade_\u00a9Clara-Loeffler_web_04.jpg","type":"image\/jpeg"}],"twitter_card":"summary_large_image","twitter_misc":{"Gesch\u00e4tzte Lesezeit":"1\u00a0Minute"},"schema":{"@context":"https:\/\/schema.org","@graph":[{"@type":"WebPage","@id":"https:\/\/moya-birchbark.com\/de\/produkt\/etiketten-geschenk-tags-holz\/","url":"https:\/\/moya-birchbark.com\/de\/produkt\/etiketten-geschenk-tags-holz\/","name":"Etiketten Geschenk Tags Holz - Anh\u00e4nger aus Birke - MOYA Birkenrinde","isPartOf":{"@id":"https:\/\/moya-birchbark.com\/de\/#website"},"datePublished":"2020-08-18T10:13:11+00:00","dateModified":"2025-12-03T11:24:55+00:00","description":"Erahrt mehr \u00fcber unsere Etiketten aus Birkenrinde, die perfekten Geschenk Tags f\u00fcr eure Individuelle Geschenkverpackung in Holz Anmutung.","breadcrumb":{"@id":"https:\/\/moya-birchbark.com\/de\/produkt\/etiketten-geschenk-tags-holz\/#breadcrumb"},"inLanguage":"de","potentialAction":[{"@type":"ReadAction","target":["https:\/\/moya-birchbark.com\/de\/produkt\/etiketten-geschenk-tags-holz\/"]}]},{"@type":"BreadcrumbList","@id":"https:\/\/moya-birchbark.com\/de\/produkt\/etiketten-geschenk-tags-holz\/#breadcrumb","itemListElement":[{"@type":"ListItem","position":1,"name":"Home","item":"https:\/\/moya-birchbark.com\/de\/"},{"@type":"ListItem","position":2,"name":"Shop","item":"https:\/\/moya-birchbark.com\/de\/shop-moya-birkenrinde\/"},{"@type":"ListItem","position":3,"name":"Schenken &amp; Dekorieren","item":"https:\/\/moya-birchbark.com\/de\/produkt-kategorie\/schenken-und-dekorieren\/"},{"@type":"ListItem","position":4,"name":"Geschenkideen","item":"https:\/\/moya-birchbark.com\/de\/produkt-kategorie\/schenken-und-dekorieren\/nachhaltige-dekoration-aus-birke-anhaenger\/"},{"@type":"ListItem","position":5,"name":"Geschenkanh\u00e4nger","item":"https:\/\/moya-birchbark.com\/de\/produkt-kategorie\/schenken-und-dekorieren\/nachhaltige-dekoration-aus-birke-anhaenger\/geschenkanhaenger-etiketten-nachhaltig-birkenrinde\/"},{"@type":"ListItem","position":6,"name":"Geschenkanh\u00e4nger \/ 6 St\u00fcck"}]},{"@type":"WebSite","@id":"https:\/\/moya-birchbark.com\/de\/#website","url":"https:\/\/moya-birchbark.com\/de\/","name":"Moya Birkenrinde","description":"MOYA Birch Bark","publisher":{"@id":"https:\/\/moya-birchbark.com\/de\/#organization"},"potentialAction":[{"@type":"SearchAction","target":{"@type":"EntryPoint","urlTemplate":"https:\/\/moya-birchbark.com\/de\/?s={search_term_string}"},"query-input":"required name=search_term_string"}],"inLanguage":"de"},{"@type":"Organization","@id":"https:\/\/moya-birchbark.com\/de\/#organization","name":"Moya Birkenrinde","url":"https:\/\/moya-birchbark.com\/de\/","logo":{"@type":"ImageObject","inLanguage":"de","@id":"https:\/\/moya-birchbark.com\/de\/#\/schema\/logo\/image\/","url":"https:\/\/moya-birchbark.com\/de\/wp-content\/uploads\/sites\/4\/2021\/05\/MOYA-Birch-Bark-Logo-white.png","contentUrl":"https:\/\/moya-birchbark.com\/de\/wp-content\/uploads\/sites\/4\/2021\/05\/MOYA-Birch-Bark-Logo-white.png","width":520,"height":152,"caption":"Moya Birkenrinde"},"image":{"@id":"https:\/\/moya-birchbark.com\/de\/#\/schema\/logo\/image\/"}}]}},"_links":{"self":[{"href":"https:\/\/moya-birchbark.com\/de\/wp-json\/wp\/v2\/product\/7029","targetHints":{"allow":["GET"]}}],"collection":[{"href":"https:\/\/moya-birchbark.com\/de\/wp-json\/wp\/v2\/product"}],"about":[{"href":"https:\/\/moya-birchbark.com\/de\/wp-json\/wp\/v2\/types\/product"}],"replies":[{"embeddable":true,"href":"https:\/\/moya-birchbark.com\/de\/wp-json\/wp\/v2\/comments?post=7029"}],"wp:featuredmedia":[{"embeddable":true,"href":"https:\/\/moya-birchbark.com\/de\/wp-json\/wp\/v2\/media\/10512"}],"wp:attachment":[{"href":"https:\/\/moya-birchbark.com\/de\/wp-json\/wp\/v2\/media?parent=7029"}],"wp:term":[{"taxonomy":"product_cat","embeddable":true,"href":"https:\/\/moya-birchbark.com\/de\/wp-json\/wp\/v2\/product_cat?post=7029"},{"taxonomy":"product_tag","embeddable":true,"href":"https:\/\/moya-birchbark.com\/de\/wp-json\/wp\/v2\/product_tag?post=7029"}],"curies":[{"name":"wp","href":"https:\/\/api.w.org\/{rel}","templated":true}]}}