{"id":6707,"date":"2020-04-09T08:02:24","date_gmt":"2020-04-09T08:02:24","guid":{"rendered":"https:\/\/moya-birchbark.com\/de\/?post_type=product&#038;p=6707"},"modified":"2024-10-24T22:10:56","modified_gmt":"2024-10-24T22:10:56","slug":"geschenkverpackung-und-individueller-gruss","status":"publish","type":"product","link":"https:\/\/moya-birchbark.com\/de\/produkt\/geschenkverpackung-und-individueller-gruss\/","title":{"rendered":"Geschenkverpackung mit pers\u00f6nlichem Gru\u00df"},"content":{"rendered":"<p>Zu jedem unserer Produkte gibt es die M\u00f6glichkeit es mit einer Geschenkverpackung und einem pers\u00f6nlichen, handgeschriebenen Gru\u00df zu versenden. F\u00fcge einfach die Geschenkverpackung zu deiner Bestellung hinzu und schreibe Deine Gr\u00fc\u00dfe und Anmerkungen in das Textfeld im Kassenbereich. Wir werden Deine Ware mit viel Sorgfalt und Liebe verpacken und gestalten, damit ihr noch mehr Freude an unseren Produkten aus Birkenrinde haben werdet.<\/p>\n","protected":false},"excerpt":{"rendered":"<p>Zu jedem unserer Produkte gibt es die M\u00f6glichkeit es mit einer Geschenkverpackung und einem pers\u00f6nlichen, handgeschriebenen Gru\u00df zu versenden. F\u00fcge einfach die Geschenkverpackung&hellip;<\/p>\n","protected":false},"featured_media":11494,"comment_status":"open","ping_status":"closed","template":"","meta":{"inline_featured_image":false},"product_cat":[300],"product_tag":[],"class_list":["post-6707","product","type-product","status-publish","has-post-thumbnail","hentry","product_cat-giftwrap","product_shipping_class-weihnachten"],"yoast_head":"<!-- This site is optimized with the Yoast SEO plugin v19.10 - https:\/\/yoast.com\/wordpress\/plugins\/seo\/ -->\n<title>Geschenkverpackung und individueller Gru\u00df - MOYA Birch Bark<\/title>\n<meta name=\"description\" content=\"F\u00fcgen einen indivuellen, pers\u00f6nlichen Gru\u00df sowie eine Geschenkverpackung zu deiner Bestellung hinzu um deine Liebsten zu \u00fcberraschen.\" \/>\n<meta name=\"robots\" content=\"index, follow, max-snippet:-1, max-image-preview:large, max-video-preview:-1\" \/>\n<link rel=\"canonical\" href=\"https:\/\/moya-birchbark.com\/de\/produkt\/geschenkverpackung-und-individueller-gruss\/\" \/>\n<meta property=\"og:locale\" content=\"de_DE\" \/>\n<meta property=\"og:type\" content=\"article\" \/>\n<meta property=\"og:title\" content=\"Geschenkverpackung und individueller Gru\u00df - MOYA Birch Bark\" \/>\n<meta property=\"og:description\" content=\"F\u00fcgen einen indivuellen, pers\u00f6nlichen Gru\u00df sowie eine Geschenkverpackung zu deiner Bestellung hinzu um deine Liebsten zu \u00fcberraschen.\" \/>\n<meta property=\"og:url\" content=\"https:\/\/moya-birchbark.com\/de\/produkt\/geschenkverpackung-und-individueller-gruss\/\" \/>\n<meta property=\"og:site_name\" content=\"Moya Birkenrinde\" \/>\n<meta property=\"article:modified_time\" content=\"2024-10-24T22:10:56+00:00\" \/>\n<meta property=\"og:image\" content=\"https:\/\/moya-birchbark.com\/de\/wp-content\/uploads\/sites\/4\/2020\/04\/IMG_1440-scaled.jpg\" \/>\n\t<meta property=\"og:image:width\" content=\"1920\" \/>\n\t<meta property=\"og:image:height\" content=\"2560\" \/>\n\t<meta property=\"og:image:type\" content=\"image\/jpeg\" \/>\n<meta name=\"twitter:card\" content=\"summary_large_image\" \/>\n<meta name=\"twitter:label1\" content=\"Gesch\u00e4tzte Lesezeit\" \/>\n\t<meta name=\"twitter:data1\" content=\"1\u00a0Minute\" \/>\n<script type=\"application\/ld+json\" class=\"yoast-schema-graph\">{\"@context\":\"https:\/\/schema.org\",\"@graph\":[{\"@type\":\"WebPage\",\"@id\":\"https:\/\/moya-birchbark.com\/de\/produkt\/geschenkverpackung-und-individueller-gruss\/\",\"url\":\"https:\/\/moya-birchbark.com\/de\/produkt\/geschenkverpackung-und-individueller-gruss\/\",\"name\":\"Geschenkverpackung und individueller Gru\u00df - MOYA Birch Bark\",\"isPartOf\":{\"@id\":\"https:\/\/moya-birchbark.com\/de\/#website\"},\"datePublished\":\"2020-04-09T08:02:24+00:00\",\"dateModified\":\"2024-10-24T22:10:56+00:00\",\"description\":\"F\u00fcgen einen indivuellen, pers\u00f6nlichen Gru\u00df sowie eine Geschenkverpackung zu deiner Bestellung hinzu um deine Liebsten zu \u00fcberraschen.\",\"breadcrumb\":{\"@id\":\"https:\/\/moya-birchbark.com\/de\/produkt\/geschenkverpackung-und-individueller-gruss\/#breadcrumb\"},\"inLanguage\":\"de\",\"potentialAction\":[{\"@type\":\"ReadAction\",\"target\":[\"https:\/\/moya-birchbark.com\/de\/produkt\/geschenkverpackung-und-individueller-gruss\/\"]}]},{\"@type\":\"BreadcrumbList\",\"@id\":\"https:\/\/moya-birchbark.com\/de\/produkt\/geschenkverpackung-und-individueller-gruss\/#breadcrumb\",\"itemListElement\":[{\"@type\":\"ListItem\",\"position\":1,\"name\":\"Home\",\"item\":\"https:\/\/moya-birchbark.com\/de\/\"},{\"@type\":\"ListItem\",\"position\":2,\"name\":\"Shop\",\"item\":\"https:\/\/moya-birchbark.com\/de\/shop-moya-birkenrinde\/\"},{\"@type\":\"ListItem\",\"position\":3,\"name\":\"Giftwrap\",\"item\":\"https:\/\/moya-birchbark.com\/de\/produkt-kategorie\/giftwrap\/\"},{\"@type\":\"ListItem\",\"position\":4,\"name\":\"Geschenkverpackung mit pers\u00f6nlichem Gru\u00df\"}]},{\"@type\":\"WebSite\",\"@id\":\"https:\/\/moya-birchbark.com\/de\/#website\",\"url\":\"https:\/\/moya-birchbark.com\/de\/\",\"name\":\"Moya Birkenrinde\",\"description\":\"MOYA Birch Bark\",\"publisher\":{\"@id\":\"https:\/\/moya-birchbark.com\/de\/#organization\"},\"potentialAction\":[{\"@type\":\"SearchAction\",\"target\":{\"@type\":\"EntryPoint\",\"urlTemplate\":\"https:\/\/moya-birchbark.com\/de\/?s={search_term_string}\"},\"query-input\":\"required name=search_term_string\"}],\"inLanguage\":\"de\"},{\"@type\":\"Organization\",\"@id\":\"https:\/\/moya-birchbark.com\/de\/#organization\",\"name\":\"Moya Birkenrinde\",\"url\":\"https:\/\/moya-birchbark.com\/de\/\",\"logo\":{\"@type\":\"ImageObject\",\"inLanguage\":\"de\",\"@id\":\"https:\/\/moya-birchbark.com\/de\/#\/schema\/logo\/image\/\",\"url\":\"https:\/\/moya-birchbark.com\/de\/wp-content\/uploads\/sites\/4\/2021\/05\/MOYA-Birch-Bark-Logo-white.png\",\"contentUrl\":\"https:\/\/moya-birchbark.com\/de\/wp-content\/uploads\/sites\/4\/2021\/05\/MOYA-Birch-Bark-Logo-white.png\",\"width\":520,\"height\":152,\"caption\":\"Moya Birkenrinde\"},\"image\":{\"@id\":\"https:\/\/moya-birchbark.com\/de\/#\/schema\/logo\/image\/\"}}]}<\/script>\n<!-- \/ Yoast SEO plugin. -->","yoast_head_json":{"title":"Geschenkverpackung und individueller Gru\u00df - MOYA Birch Bark","description":"F\u00fcgen einen indivuellen, pers\u00f6nlichen Gru\u00df sowie eine Geschenkverpackung zu deiner Bestellung hinzu um deine Liebsten zu \u00fcberraschen.","robots":{"index":"index","follow":"follow","max-snippet":"max-snippet:-1","max-image-preview":"max-image-preview:large","max-video-preview":"max-video-preview:-1"},"canonical":"https:\/\/moya-birchbark.com\/de\/produkt\/geschenkverpackung-und-individueller-gruss\/","og_locale":"de_DE","og_type":"article","og_title":"Geschenkverpackung und individueller Gru\u00df - MOYA Birch Bark","og_description":"F\u00fcgen einen indivuellen, pers\u00f6nlichen Gru\u00df sowie eine Geschenkverpackung zu deiner Bestellung hinzu um deine Liebsten zu \u00fcberraschen.","og_url":"https:\/\/moya-birchbark.com\/de\/produkt\/geschenkverpackung-und-individueller-gruss\/","og_site_name":"Moya Birkenrinde","article_modified_time":"2024-10-24T22:10:56+00:00","og_image":[{"width":1920,"height":2560,"url":"https:\/\/moya-birchbark.com\/de\/wp-content\/uploads\/sites\/4\/2020\/04\/IMG_1440-scaled.jpg","type":"image\/jpeg"}],"twitter_card":"summary_large_image","twitter_misc":{"Gesch\u00e4tzte Lesezeit":"1\u00a0Minute"},"schema":{"@context":"https:\/\/schema.org","@graph":[{"@type":"WebPage","@id":"https:\/\/moya-birchbark.com\/de\/produkt\/geschenkverpackung-und-individueller-gruss\/","url":"https:\/\/moya-birchbark.com\/de\/produkt\/geschenkverpackung-und-individueller-gruss\/","name":"Geschenkverpackung und individueller Gru\u00df - MOYA Birch Bark","isPartOf":{"@id":"https:\/\/moya-birchbark.com\/de\/#website"},"datePublished":"2020-04-09T08:02:24+00:00","dateModified":"2024-10-24T22:10:56+00:00","description":"F\u00fcgen einen indivuellen, pers\u00f6nlichen Gru\u00df sowie eine Geschenkverpackung zu deiner Bestellung hinzu um deine Liebsten zu \u00fcberraschen.","breadcrumb":{"@id":"https:\/\/moya-birchbark.com\/de\/produkt\/geschenkverpackung-und-individueller-gruss\/#breadcrumb"},"inLanguage":"de","potentialAction":[{"@type":"ReadAction","target":["https:\/\/moya-birchbark.com\/de\/produkt\/geschenkverpackung-und-individueller-gruss\/"]}]},{"@type":"BreadcrumbList","@id":"https:\/\/moya-birchbark.com\/de\/produkt\/geschenkverpackung-und-individueller-gruss\/#breadcrumb","itemListElement":[{"@type":"ListItem","position":1,"name":"Home","item":"https:\/\/moya-birchbark.com\/de\/"},{"@type":"ListItem","position":2,"name":"Shop","item":"https:\/\/moya-birchbark.com\/de\/shop-moya-birkenrinde\/"},{"@type":"ListItem","position":3,"name":"Giftwrap","item":"https:\/\/moya-birchbark.com\/de\/produkt-kategorie\/giftwrap\/"},{"@type":"ListItem","position":4,"name":"Geschenkverpackung mit pers\u00f6nlichem Gru\u00df"}]},{"@type":"WebSite","@id":"https:\/\/moya-birchbark.com\/de\/#website","url":"https:\/\/moya-birchbark.com\/de\/","name":"Moya Birkenrinde","description":"MOYA Birch Bark","publisher":{"@id":"https:\/\/moya-birchbark.com\/de\/#organization"},"potentialAction":[{"@type":"SearchAction","target":{"@type":"EntryPoint","urlTemplate":"https:\/\/moya-birchbark.com\/de\/?s={search_term_string}"},"query-input":"required name=search_term_string"}],"inLanguage":"de"},{"@type":"Organization","@id":"https:\/\/moya-birchbark.com\/de\/#organization","name":"Moya Birkenrinde","url":"https:\/\/moya-birchbark.com\/de\/","logo":{"@type":"ImageObject","inLanguage":"de","@id":"https:\/\/moya-birchbark.com\/de\/#\/schema\/logo\/image\/","url":"https:\/\/moya-birchbark.com\/de\/wp-content\/uploads\/sites\/4\/2021\/05\/MOYA-Birch-Bark-Logo-white.png","contentUrl":"https:\/\/moya-birchbark.com\/de\/wp-content\/uploads\/sites\/4\/2021\/05\/MOYA-Birch-Bark-Logo-white.png","width":520,"height":152,"caption":"Moya Birkenrinde"},"image":{"@id":"https:\/\/moya-birchbark.com\/de\/#\/schema\/logo\/image\/"}}]}},"_links":{"self":[{"href":"https:\/\/moya-birchbark.com\/de\/wp-json\/wp\/v2\/product\/6707","targetHints":{"allow":["GET"]}}],"collection":[{"href":"https:\/\/moya-birchbark.com\/de\/wp-json\/wp\/v2\/product"}],"about":[{"href":"https:\/\/moya-birchbark.com\/de\/wp-json\/wp\/v2\/types\/product"}],"replies":[{"embeddable":true,"href":"https:\/\/moya-birchbark.com\/de\/wp-json\/wp\/v2\/comments?post=6707"}],"wp:featuredmedia":[{"embeddable":true,"href":"https:\/\/moya-birchbark.com\/de\/wp-json\/wp\/v2\/media\/11494"}],"wp:attachment":[{"href":"https:\/\/moya-birchbark.com\/de\/wp-json\/wp\/v2\/media?parent=6707"}],"wp:term":[{"taxonomy":"product_cat","embeddable":true,"href":"https:\/\/moya-birchbark.com\/de\/wp-json\/wp\/v2\/product_cat?post=6707"},{"taxonomy":"product_tag","embeddable":true,"href":"https:\/\/moya-birchbark.com\/de\/wp-json\/wp\/v2\/product_tag?post=6707"}],"curies":[{"name":"wp","href":"https:\/\/api.w.org\/{rel}","templated":true}]}}