{"id":6418,"date":"2020-01-24T16:05:48","date_gmt":"2020-01-24T16:05:48","guid":{"rendered":"https:\/\/moya-birchbark.com\/de\/?post_type=product&#038;p=6418"},"modified":"2025-06-26T15:16:05","modified_gmt":"2025-06-26T15:16:05","slug":"birken-uebertopf-blumen-pflanzen","status":"publish","type":"product","link":"https:\/\/moya-birchbark.com\/de\/produkt\/birken-uebertopf-blumen-pflanzen\/","title":{"rendered":"Tara \/ \u00dcbertopf klein"},"content":{"rendered":"<p><strong><span style=\"font-size: 18pt\">Kr\u00e4uter und Pflanzen \u00dcbertopf aus Birkenrinde<br \/>\n<\/span><\/strong>Mit unserer TARA Pflanzen-Serie finden Eure gr\u00fcnen Lieblinge ein Zuhause, das ihnen von drau\u00dfen nach drinnen gefolgt ist\u2026<br \/>\nDie warme, helle Oberfl\u00e4che der Birkenrinde, sowie die kr\u00e4ftigen Bl\u00fcten von Zimmerpflanzen oder das \u00fcppige Gr\u00fcn von K\u00fcchenkr\u00e4utern lassen sich gegenseitig in besonderem Glanz erstrahlen.<br \/>\nDie leichten \u00dcbert\u00f6pfe aus 100% Naturmaterial setzen einzelne Schmuckst\u00fccke besonders in Szene, lassen sich auch wunderbar in Reihe auf der Fensterbank arrangieren.<br \/>\nUnsere \u00dcbert\u00f6pfe sind in 2 Gr\u00f6\u00dfen erh\u00e4ltlich und f\u00fcr viele g\u00e4ngige Pflanzt\u00f6pfe und Kr\u00e4uter geeignet. Die integrierte Glasschale f\u00e4ngt \u00fcbersch\u00fcssiges Gie\u00dfwasser auf.<\/p>\n<p><strong>Details<\/strong><br \/>\n&#8211; H\u00f6he 14 cm | \u00f8 13,5 cm<br \/>\n&#8211; geeignet f\u00fcr Pflanzt\u00f6pfe bis zu einer Gr\u00f6\u00dfe von: H\u00f6he 11 cm | \u00f8 12,5 cm<br \/>\n\u2013 100% nat\u00fcrliche Birkenrinde ohne jegliche Zusatzstoffe<br \/>\n&#8211; Glaseinsatz, Boden aus Zirbelkiefer (wasserbasierte Holzbeize, versiegelt mit Bienenwachs)<\/p>\n","protected":false},"excerpt":{"rendered":"<p>Weich, warm und hell setzt die nat\u00fcrliche Birkenrinde all Deine gr\u00fcnen Lieblinge in Szene. Denn: Nichts erg\u00e4nzt Natur besser als Natur!<\/p>\n","protected":false},"featured_media":6465,"comment_status":"open","ping_status":"closed","template":"","meta":{"inline_featured_image":false},"product_cat":[359,295,362,288],"product_tag":[],"class_list":["post-6418","product","type-product","status-publish","has-post-thumbnail","hentry","product_cat-wohnen-und-wohlfuehlen","product_cat-pflanztopf-uebertopf-und-vase-aus-birkenrinde","product_cat-schenken-und-dekorieren","product_cat-nachhaltige-dekoration-aus-birke-anhaenger"],"yoast_head":"<!-- This site is optimized with the Yoast SEO plugin v19.10 - https:\/\/yoast.com\/wordpress\/plugins\/seo\/ -->\n<title>Birken \u00dcbertopf f\u00fcr Kr\u00e4uter und Pflanzen - TARA - MOYA Birkenrinde<\/title>\n<meta name=\"description\" content=\"TARA, dekorativer Birken \u00dcbertopf\/Blumentopf f\u00fcr Kr\u00e4uter und Zimmer-Pflanzen aus nachhaltiger Birkenrinde bringt die Natur zur\u00fcck ins Zuhause\" \/>\n<meta name=\"robots\" content=\"index, follow, max-snippet:-1, max-image-preview:large, max-video-preview:-1\" \/>\n<link rel=\"canonical\" href=\"https:\/\/moya-birchbark.com\/de\/produkt\/birken-uebertopf-blumen-pflanzen\/\" \/>\n<meta property=\"og:locale\" content=\"de_DE\" \/>\n<meta property=\"og:type\" content=\"article\" \/>\n<meta property=\"og:title\" content=\"Birken \u00dcbertopf f\u00fcr Kr\u00e4uter und Pflanzen - TARA - MOYA Birkenrinde\" \/>\n<meta property=\"og:description\" content=\"TARA, dekorativer Birken \u00dcbertopf\/Blumentopf f\u00fcr Kr\u00e4uter und Zimmer-Pflanzen aus nachhaltiger Birkenrinde bringt die Natur zur\u00fcck ins Zuhause\" \/>\n<meta property=\"og:url\" content=\"https:\/\/moya-birchbark.com\/de\/produkt\/birken-uebertopf-blumen-pflanzen\/\" \/>\n<meta property=\"og:site_name\" content=\"Moya Birkenrinde\" \/>\n<meta property=\"article:modified_time\" content=\"2025-06-26T15:16:05+00:00\" \/>\n<meta property=\"og:image\" content=\"https:\/\/moya-birchbark.com\/de\/wp-content\/uploads\/sites\/4\/2020\/01\/Moya_Tara_Plant-Pot_\u00a9Frieder-Reuter_web_09.jpg\" \/>\n\t<meta property=\"og:image:width\" content=\"2000\" \/>\n\t<meta property=\"og:image:height\" content=\"1333\" \/>\n\t<meta property=\"og:image:type\" content=\"image\/jpeg\" \/>\n<meta name=\"twitter:card\" content=\"summary_large_image\" \/>\n<meta name=\"twitter:label1\" content=\"Gesch\u00e4tzte Lesezeit\" \/>\n\t<meta name=\"twitter:data1\" content=\"1\u00a0Minute\" \/>\n<script type=\"application\/ld+json\" class=\"yoast-schema-graph\">{\"@context\":\"https:\/\/schema.org\",\"@graph\":[{\"@type\":\"WebPage\",\"@id\":\"https:\/\/moya-birchbark.com\/de\/produkt\/birken-uebertopf-blumen-pflanzen\/\",\"url\":\"https:\/\/moya-birchbark.com\/de\/produkt\/birken-uebertopf-blumen-pflanzen\/\",\"name\":\"Birken \u00dcbertopf f\u00fcr Kr\u00e4uter und Pflanzen - TARA - MOYA Birkenrinde\",\"isPartOf\":{\"@id\":\"https:\/\/moya-birchbark.com\/de\/#website\"},\"datePublished\":\"2020-01-24T16:05:48+00:00\",\"dateModified\":\"2025-06-26T15:16:05+00:00\",\"description\":\"TARA, dekorativer Birken \u00dcbertopf\/Blumentopf f\u00fcr Kr\u00e4uter und Zimmer-Pflanzen aus nachhaltiger Birkenrinde bringt die Natur zur\u00fcck ins Zuhause\",\"breadcrumb\":{\"@id\":\"https:\/\/moya-birchbark.com\/de\/produkt\/birken-uebertopf-blumen-pflanzen\/#breadcrumb\"},\"inLanguage\":\"de\",\"potentialAction\":[{\"@type\":\"ReadAction\",\"target\":[\"https:\/\/moya-birchbark.com\/de\/produkt\/birken-uebertopf-blumen-pflanzen\/\"]}]},{\"@type\":\"BreadcrumbList\",\"@id\":\"https:\/\/moya-birchbark.com\/de\/produkt\/birken-uebertopf-blumen-pflanzen\/#breadcrumb\",\"itemListElement\":[{\"@type\":\"ListItem\",\"position\":1,\"name\":\"Home\",\"item\":\"https:\/\/moya-birchbark.com\/de\/\"},{\"@type\":\"ListItem\",\"position\":2,\"name\":\"Shop\",\"item\":\"https:\/\/moya-birchbark.com\/de\/shop-moya-birkenrinde\/\"},{\"@type\":\"ListItem\",\"position\":3,\"name\":\"Wohnen &amp; Wohlf\u00fchlen\",\"item\":\"https:\/\/moya-birchbark.com\/de\/produkt-kategorie\/wohnen-und-wohlfuehlen\/\"},{\"@type\":\"ListItem\",\"position\":4,\"name\":\"Vasen und \u00dcbert\u00f6pfe\",\"item\":\"https:\/\/moya-birchbark.com\/de\/produkt-kategorie\/wohnen-und-wohlfuehlen\/pflanztopf-uebertopf-und-vase-aus-birkenrinde\/\"},{\"@type\":\"ListItem\",\"position\":5,\"name\":\"Tara \/ \u00dcbertopf klein\"}]},{\"@type\":\"WebSite\",\"@id\":\"https:\/\/moya-birchbark.com\/de\/#website\",\"url\":\"https:\/\/moya-birchbark.com\/de\/\",\"name\":\"Moya Birkenrinde\",\"description\":\"MOYA Birch Bark\",\"publisher\":{\"@id\":\"https:\/\/moya-birchbark.com\/de\/#organization\"},\"potentialAction\":[{\"@type\":\"SearchAction\",\"target\":{\"@type\":\"EntryPoint\",\"urlTemplate\":\"https:\/\/moya-birchbark.com\/de\/?s={search_term_string}\"},\"query-input\":\"required name=search_term_string\"}],\"inLanguage\":\"de\"},{\"@type\":\"Organization\",\"@id\":\"https:\/\/moya-birchbark.com\/de\/#organization\",\"name\":\"Moya Birkenrinde\",\"url\":\"https:\/\/moya-birchbark.com\/de\/\",\"logo\":{\"@type\":\"ImageObject\",\"inLanguage\":\"de\",\"@id\":\"https:\/\/moya-birchbark.com\/de\/#\/schema\/logo\/image\/\",\"url\":\"https:\/\/moya-birchbark.com\/de\/wp-content\/uploads\/sites\/4\/2021\/05\/MOYA-Birch-Bark-Logo-white.png\",\"contentUrl\":\"https:\/\/moya-birchbark.com\/de\/wp-content\/uploads\/sites\/4\/2021\/05\/MOYA-Birch-Bark-Logo-white.png\",\"width\":520,\"height\":152,\"caption\":\"Moya Birkenrinde\"},\"image\":{\"@id\":\"https:\/\/moya-birchbark.com\/de\/#\/schema\/logo\/image\/\"}}]}<\/script>\n<!-- \/ Yoast SEO plugin. -->","yoast_head_json":{"title":"Birken \u00dcbertopf f\u00fcr Kr\u00e4uter und Pflanzen - TARA - MOYA Birkenrinde","description":"TARA, dekorativer Birken \u00dcbertopf\/Blumentopf f\u00fcr Kr\u00e4uter und Zimmer-Pflanzen aus nachhaltiger Birkenrinde bringt die Natur zur\u00fcck ins Zuhause","robots":{"index":"index","follow":"follow","max-snippet":"max-snippet:-1","max-image-preview":"max-image-preview:large","max-video-preview":"max-video-preview:-1"},"canonical":"https:\/\/moya-birchbark.com\/de\/produkt\/birken-uebertopf-blumen-pflanzen\/","og_locale":"de_DE","og_type":"article","og_title":"Birken \u00dcbertopf f\u00fcr Kr\u00e4uter und Pflanzen - TARA - MOYA Birkenrinde","og_description":"TARA, dekorativer Birken \u00dcbertopf\/Blumentopf f\u00fcr Kr\u00e4uter und Zimmer-Pflanzen aus nachhaltiger Birkenrinde bringt die Natur zur\u00fcck ins Zuhause","og_url":"https:\/\/moya-birchbark.com\/de\/produkt\/birken-uebertopf-blumen-pflanzen\/","og_site_name":"Moya Birkenrinde","article_modified_time":"2025-06-26T15:16:05+00:00","og_image":[{"width":2000,"height":1333,"url":"https:\/\/moya-birchbark.com\/de\/wp-content\/uploads\/sites\/4\/2020\/01\/Moya_Tara_Plant-Pot_\u00a9Frieder-Reuter_web_09.jpg","type":"image\/jpeg"}],"twitter_card":"summary_large_image","twitter_misc":{"Gesch\u00e4tzte Lesezeit":"1\u00a0Minute"},"schema":{"@context":"https:\/\/schema.org","@graph":[{"@type":"WebPage","@id":"https:\/\/moya-birchbark.com\/de\/produkt\/birken-uebertopf-blumen-pflanzen\/","url":"https:\/\/moya-birchbark.com\/de\/produkt\/birken-uebertopf-blumen-pflanzen\/","name":"Birken \u00dcbertopf f\u00fcr Kr\u00e4uter und Pflanzen - TARA - MOYA Birkenrinde","isPartOf":{"@id":"https:\/\/moya-birchbark.com\/de\/#website"},"datePublished":"2020-01-24T16:05:48+00:00","dateModified":"2025-06-26T15:16:05+00:00","description":"TARA, dekorativer Birken \u00dcbertopf\/Blumentopf f\u00fcr Kr\u00e4uter und Zimmer-Pflanzen aus nachhaltiger Birkenrinde bringt die Natur zur\u00fcck ins Zuhause","breadcrumb":{"@id":"https:\/\/moya-birchbark.com\/de\/produkt\/birken-uebertopf-blumen-pflanzen\/#breadcrumb"},"inLanguage":"de","potentialAction":[{"@type":"ReadAction","target":["https:\/\/moya-birchbark.com\/de\/produkt\/birken-uebertopf-blumen-pflanzen\/"]}]},{"@type":"BreadcrumbList","@id":"https:\/\/moya-birchbark.com\/de\/produkt\/birken-uebertopf-blumen-pflanzen\/#breadcrumb","itemListElement":[{"@type":"ListItem","position":1,"name":"Home","item":"https:\/\/moya-birchbark.com\/de\/"},{"@type":"ListItem","position":2,"name":"Shop","item":"https:\/\/moya-birchbark.com\/de\/shop-moya-birkenrinde\/"},{"@type":"ListItem","position":3,"name":"Wohnen &amp; Wohlf\u00fchlen","item":"https:\/\/moya-birchbark.com\/de\/produkt-kategorie\/wohnen-und-wohlfuehlen\/"},{"@type":"ListItem","position":4,"name":"Vasen und \u00dcbert\u00f6pfe","item":"https:\/\/moya-birchbark.com\/de\/produkt-kategorie\/wohnen-und-wohlfuehlen\/pflanztopf-uebertopf-und-vase-aus-birkenrinde\/"},{"@type":"ListItem","position":5,"name":"Tara \/ \u00dcbertopf klein"}]},{"@type":"WebSite","@id":"https:\/\/moya-birchbark.com\/de\/#website","url":"https:\/\/moya-birchbark.com\/de\/","name":"Moya Birkenrinde","description":"MOYA Birch Bark","publisher":{"@id":"https:\/\/moya-birchbark.com\/de\/#organization"},"potentialAction":[{"@type":"SearchAction","target":{"@type":"EntryPoint","urlTemplate":"https:\/\/moya-birchbark.com\/de\/?s={search_term_string}"},"query-input":"required name=search_term_string"}],"inLanguage":"de"},{"@type":"Organization","@id":"https:\/\/moya-birchbark.com\/de\/#organization","name":"Moya Birkenrinde","url":"https:\/\/moya-birchbark.com\/de\/","logo":{"@type":"ImageObject","inLanguage":"de","@id":"https:\/\/moya-birchbark.com\/de\/#\/schema\/logo\/image\/","url":"https:\/\/moya-birchbark.com\/de\/wp-content\/uploads\/sites\/4\/2021\/05\/MOYA-Birch-Bark-Logo-white.png","contentUrl":"https:\/\/moya-birchbark.com\/de\/wp-content\/uploads\/sites\/4\/2021\/05\/MOYA-Birch-Bark-Logo-white.png","width":520,"height":152,"caption":"Moya Birkenrinde"},"image":{"@id":"https:\/\/moya-birchbark.com\/de\/#\/schema\/logo\/image\/"}}]}},"_links":{"self":[{"href":"https:\/\/moya-birchbark.com\/de\/wp-json\/wp\/v2\/product\/6418","targetHints":{"allow":["GET"]}}],"collection":[{"href":"https:\/\/moya-birchbark.com\/de\/wp-json\/wp\/v2\/product"}],"about":[{"href":"https:\/\/moya-birchbark.com\/de\/wp-json\/wp\/v2\/types\/product"}],"replies":[{"embeddable":true,"href":"https:\/\/moya-birchbark.com\/de\/wp-json\/wp\/v2\/comments?post=6418"}],"wp:featuredmedia":[{"embeddable":true,"href":"https:\/\/moya-birchbark.com\/de\/wp-json\/wp\/v2\/media\/6465"}],"wp:attachment":[{"href":"https:\/\/moya-birchbark.com\/de\/wp-json\/wp\/v2\/media?parent=6418"}],"wp:term":[{"taxonomy":"product_cat","embeddable":true,"href":"https:\/\/moya-birchbark.com\/de\/wp-json\/wp\/v2\/product_cat?post=6418"},{"taxonomy":"product_tag","embeddable":true,"href":"https:\/\/moya-birchbark.com\/de\/wp-json\/wp\/v2\/product_tag?post=6418"}],"curies":[{"name":"wp","href":"https:\/\/api.w.org\/{rel}","templated":true}]}}