{"id":6414,"date":"2019-12-15T15:40:18","date_gmt":"2019-12-15T15:40:18","guid":{"rendered":"https:\/\/moya-birchbark.com\/de\/?post_type=product&#038;p=6414"},"modified":"2025-12-03T11:24:47","modified_gmt":"2025-12-03T11:24:47","slug":"birkenvase-vase-birkenrinde-nachhaltig","status":"publish","type":"product","link":"https:\/\/moya-birchbark.com\/de\/produkt\/birkenvase-vase-birkenrinde-nachhaltig\/","title":{"rendered":"Tara \/ Vase"},"content":{"rendered":"<p>Mit unserer TARA Pflanzen-Serie finden Eure gr\u00fcnen Lieblinge ein Zuhause, das ihnen von drau\u00dfen nach drinnen gefolgt ist\u2026<br \/>\nDie warme, helle Oberfl\u00e4che der Rinde h\u00fcllt die Bl\u00fcten ein, schm\u00fcckt sie zus\u00e4tzlich und setzt sie in Szene. In Kombination mit der k\u00fchlen Gl\u00e4tte von Glas entsteht ein sch\u00f6nes Wohnobjekt. Ob mit \u00c4sten zarter Fr\u00fchlingsbl\u00fcher oder einem \u00fcppigen Strau\u00df aus Trockenblumen, die elegante Vase aus Birkenrinde findet zu jeder Jahreszeit einen Platz auf dem Tisch.<\/p>\n<p><strong>Details<\/strong><br \/>\n&#8211; H\u00f6he 22 cm | \u00f8 10,5 cm<br \/>\n\u2013 100% nat\u00fcrliche Birkenrinde ohne jegliche Zusatzstoffe<br \/>\nGlaseinsatz, Boden aus Zirbelkiefer (versiegelt mit Bienenwachs)<br \/>\n&#8211; Der Glaseinsatz der Vase kann zum Reinigen entnommen werden<\/p>\n","protected":false},"excerpt":{"rendered":"<p>Weich, warm und hell setzt die nat\u00fcrliche Birkenrinde Deine bl\u00fchenden Schmuckst\u00fccke in Szene. Denn: Nichts erg\u00e4nzt Natur besser als Natur!<\/p>\n","protected":false},"featured_media":6458,"comment_status":"open","ping_status":"closed","template":"","meta":{"inline_featured_image":false},"product_cat":[359,295,362,288],"product_tag":[],"class_list":["post-6414","product","type-product","status-publish","has-post-thumbnail","hentry","product_cat-wohnen-und-wohlfuehlen","product_cat-pflanztopf-uebertopf-und-vase-aus-birkenrinde","product_cat-schenken-und-dekorieren","product_cat-nachhaltige-dekoration-aus-birke-anhaenger"],"yoast_head":"<!-- This site is optimized with the Yoast SEO plugin v19.10 - https:\/\/yoast.com\/wordpress\/plugins\/seo\/ -->\n<title>Birkenvase Vase Birkenrinde Nachhaltig - TARA - MOYA Birch Bark<\/title>\n<meta name=\"description\" content=\"Tara - unsere Birkenvase aus sibirischer Birkenrinde und Glas setzt Bl\u00fcten in Szene und ist super nachhaltig wie keine andere Vase.\" \/>\n<meta name=\"robots\" content=\"index, follow, max-snippet:-1, max-image-preview:large, max-video-preview:-1\" \/>\n<link rel=\"canonical\" href=\"https:\/\/moya-birchbark.com\/de\/produkt\/birkenvase-vase-birkenrinde-nachhaltig\/\" \/>\n<meta property=\"og:locale\" content=\"de_DE\" \/>\n<meta property=\"og:type\" content=\"article\" \/>\n<meta property=\"og:title\" content=\"Birkenvase Vase Birkenrinde Nachhaltig - TARA - MOYA Birch Bark\" \/>\n<meta property=\"og:description\" content=\"Tara - unsere Birkenvase aus sibirischer Birkenrinde und Glas setzt Bl\u00fcten in Szene und ist super nachhaltig wie keine andere Vase.\" \/>\n<meta property=\"og:url\" content=\"https:\/\/moya-birchbark.com\/de\/produkt\/birkenvase-vase-birkenrinde-nachhaltig\/\" \/>\n<meta property=\"og:site_name\" content=\"Moya Birkenrinde\" \/>\n<meta property=\"article:modified_time\" content=\"2025-12-03T11:24:47+00:00\" \/>\n<meta property=\"og:image\" content=\"https:\/\/moya-birchbark.com\/de\/wp-content\/uploads\/sites\/4\/2020\/01\/DSC0023-2b-scaled.jpg\" \/>\n\t<meta property=\"og:image:width\" content=\"4173\" \/>\n\t<meta property=\"og:image:height\" content=\"2781\" \/>\n\t<meta property=\"og:image:type\" content=\"image\/jpeg\" \/>\n<meta name=\"twitter:card\" content=\"summary_large_image\" \/>\n<meta name=\"twitter:label1\" content=\"Gesch\u00e4tzte Lesezeit\" \/>\n\t<meta name=\"twitter:data1\" content=\"1\u00a0Minute\" \/>\n<script type=\"application\/ld+json\" class=\"yoast-schema-graph\">{\"@context\":\"https:\/\/schema.org\",\"@graph\":[{\"@type\":\"WebPage\",\"@id\":\"https:\/\/moya-birchbark.com\/de\/produkt\/birkenvase-vase-birkenrinde-nachhaltig\/\",\"url\":\"https:\/\/moya-birchbark.com\/de\/produkt\/birkenvase-vase-birkenrinde-nachhaltig\/\",\"name\":\"Birkenvase Vase Birkenrinde Nachhaltig - TARA - MOYA Birch Bark\",\"isPartOf\":{\"@id\":\"https:\/\/moya-birchbark.com\/de\/#website\"},\"datePublished\":\"2019-12-15T15:40:18+00:00\",\"dateModified\":\"2025-12-03T11:24:47+00:00\",\"description\":\"Tara - unsere Birkenvase aus sibirischer Birkenrinde und Glas setzt Bl\u00fcten in Szene und ist super nachhaltig wie keine andere Vase.\",\"breadcrumb\":{\"@id\":\"https:\/\/moya-birchbark.com\/de\/produkt\/birkenvase-vase-birkenrinde-nachhaltig\/#breadcrumb\"},\"inLanguage\":\"de\",\"potentialAction\":[{\"@type\":\"ReadAction\",\"target\":[\"https:\/\/moya-birchbark.com\/de\/produkt\/birkenvase-vase-birkenrinde-nachhaltig\/\"]}]},{\"@type\":\"BreadcrumbList\",\"@id\":\"https:\/\/moya-birchbark.com\/de\/produkt\/birkenvase-vase-birkenrinde-nachhaltig\/#breadcrumb\",\"itemListElement\":[{\"@type\":\"ListItem\",\"position\":1,\"name\":\"Home\",\"item\":\"https:\/\/moya-birchbark.com\/de\/\"},{\"@type\":\"ListItem\",\"position\":2,\"name\":\"Shop\",\"item\":\"https:\/\/moya-birchbark.com\/de\/shop-moya-birkenrinde\/\"},{\"@type\":\"ListItem\",\"position\":3,\"name\":\"Wohnen &amp; Wohlf\u00fchlen\",\"item\":\"https:\/\/moya-birchbark.com\/de\/produkt-kategorie\/wohnen-und-wohlfuehlen\/\"},{\"@type\":\"ListItem\",\"position\":4,\"name\":\"Vasen und \u00dcbert\u00f6pfe\",\"item\":\"https:\/\/moya-birchbark.com\/de\/produkt-kategorie\/wohnen-und-wohlfuehlen\/pflanztopf-uebertopf-und-vase-aus-birkenrinde\/\"},{\"@type\":\"ListItem\",\"position\":5,\"name\":\"Tara \/ Vase\"}]},{\"@type\":\"WebSite\",\"@id\":\"https:\/\/moya-birchbark.com\/de\/#website\",\"url\":\"https:\/\/moya-birchbark.com\/de\/\",\"name\":\"Moya Birkenrinde\",\"description\":\"MOYA Birch Bark\",\"publisher\":{\"@id\":\"https:\/\/moya-birchbark.com\/de\/#organization\"},\"potentialAction\":[{\"@type\":\"SearchAction\",\"target\":{\"@type\":\"EntryPoint\",\"urlTemplate\":\"https:\/\/moya-birchbark.com\/de\/?s={search_term_string}\"},\"query-input\":\"required name=search_term_string\"}],\"inLanguage\":\"de\"},{\"@type\":\"Organization\",\"@id\":\"https:\/\/moya-birchbark.com\/de\/#organization\",\"name\":\"Moya Birkenrinde\",\"url\":\"https:\/\/moya-birchbark.com\/de\/\",\"logo\":{\"@type\":\"ImageObject\",\"inLanguage\":\"de\",\"@id\":\"https:\/\/moya-birchbark.com\/de\/#\/schema\/logo\/image\/\",\"url\":\"https:\/\/moya-birchbark.com\/de\/wp-content\/uploads\/sites\/4\/2021\/05\/MOYA-Birch-Bark-Logo-white.png\",\"contentUrl\":\"https:\/\/moya-birchbark.com\/de\/wp-content\/uploads\/sites\/4\/2021\/05\/MOYA-Birch-Bark-Logo-white.png\",\"width\":520,\"height\":152,\"caption\":\"Moya Birkenrinde\"},\"image\":{\"@id\":\"https:\/\/moya-birchbark.com\/de\/#\/schema\/logo\/image\/\"}}]}<\/script>\n<!-- \/ Yoast SEO plugin. -->","yoast_head_json":{"title":"Birkenvase Vase Birkenrinde Nachhaltig - TARA - MOYA Birch Bark","description":"Tara - unsere Birkenvase aus sibirischer Birkenrinde und Glas setzt Bl\u00fcten in Szene und ist super nachhaltig wie keine andere Vase.","robots":{"index":"index","follow":"follow","max-snippet":"max-snippet:-1","max-image-preview":"max-image-preview:large","max-video-preview":"max-video-preview:-1"},"canonical":"https:\/\/moya-birchbark.com\/de\/produkt\/birkenvase-vase-birkenrinde-nachhaltig\/","og_locale":"de_DE","og_type":"article","og_title":"Birkenvase Vase Birkenrinde Nachhaltig - TARA - MOYA Birch Bark","og_description":"Tara - unsere Birkenvase aus sibirischer Birkenrinde und Glas setzt Bl\u00fcten in Szene und ist super nachhaltig wie keine andere Vase.","og_url":"https:\/\/moya-birchbark.com\/de\/produkt\/birkenvase-vase-birkenrinde-nachhaltig\/","og_site_name":"Moya Birkenrinde","article_modified_time":"2025-12-03T11:24:47+00:00","og_image":[{"width":4173,"height":2781,"url":"https:\/\/moya-birchbark.com\/de\/wp-content\/uploads\/sites\/4\/2020\/01\/DSC0023-2b-scaled.jpg","type":"image\/jpeg"}],"twitter_card":"summary_large_image","twitter_misc":{"Gesch\u00e4tzte Lesezeit":"1\u00a0Minute"},"schema":{"@context":"https:\/\/schema.org","@graph":[{"@type":"WebPage","@id":"https:\/\/moya-birchbark.com\/de\/produkt\/birkenvase-vase-birkenrinde-nachhaltig\/","url":"https:\/\/moya-birchbark.com\/de\/produkt\/birkenvase-vase-birkenrinde-nachhaltig\/","name":"Birkenvase Vase Birkenrinde Nachhaltig - TARA - MOYA Birch Bark","isPartOf":{"@id":"https:\/\/moya-birchbark.com\/de\/#website"},"datePublished":"2019-12-15T15:40:18+00:00","dateModified":"2025-12-03T11:24:47+00:00","description":"Tara - unsere Birkenvase aus sibirischer Birkenrinde und Glas setzt Bl\u00fcten in Szene und ist super nachhaltig wie keine andere Vase.","breadcrumb":{"@id":"https:\/\/moya-birchbark.com\/de\/produkt\/birkenvase-vase-birkenrinde-nachhaltig\/#breadcrumb"},"inLanguage":"de","potentialAction":[{"@type":"ReadAction","target":["https:\/\/moya-birchbark.com\/de\/produkt\/birkenvase-vase-birkenrinde-nachhaltig\/"]}]},{"@type":"BreadcrumbList","@id":"https:\/\/moya-birchbark.com\/de\/produkt\/birkenvase-vase-birkenrinde-nachhaltig\/#breadcrumb","itemListElement":[{"@type":"ListItem","position":1,"name":"Home","item":"https:\/\/moya-birchbark.com\/de\/"},{"@type":"ListItem","position":2,"name":"Shop","item":"https:\/\/moya-birchbark.com\/de\/shop-moya-birkenrinde\/"},{"@type":"ListItem","position":3,"name":"Wohnen &amp; Wohlf\u00fchlen","item":"https:\/\/moya-birchbark.com\/de\/produkt-kategorie\/wohnen-und-wohlfuehlen\/"},{"@type":"ListItem","position":4,"name":"Vasen und \u00dcbert\u00f6pfe","item":"https:\/\/moya-birchbark.com\/de\/produkt-kategorie\/wohnen-und-wohlfuehlen\/pflanztopf-uebertopf-und-vase-aus-birkenrinde\/"},{"@type":"ListItem","position":5,"name":"Tara \/ Vase"}]},{"@type":"WebSite","@id":"https:\/\/moya-birchbark.com\/de\/#website","url":"https:\/\/moya-birchbark.com\/de\/","name":"Moya Birkenrinde","description":"MOYA Birch Bark","publisher":{"@id":"https:\/\/moya-birchbark.com\/de\/#organization"},"potentialAction":[{"@type":"SearchAction","target":{"@type":"EntryPoint","urlTemplate":"https:\/\/moya-birchbark.com\/de\/?s={search_term_string}"},"query-input":"required name=search_term_string"}],"inLanguage":"de"},{"@type":"Organization","@id":"https:\/\/moya-birchbark.com\/de\/#organization","name":"Moya Birkenrinde","url":"https:\/\/moya-birchbark.com\/de\/","logo":{"@type":"ImageObject","inLanguage":"de","@id":"https:\/\/moya-birchbark.com\/de\/#\/schema\/logo\/image\/","url":"https:\/\/moya-birchbark.com\/de\/wp-content\/uploads\/sites\/4\/2021\/05\/MOYA-Birch-Bark-Logo-white.png","contentUrl":"https:\/\/moya-birchbark.com\/de\/wp-content\/uploads\/sites\/4\/2021\/05\/MOYA-Birch-Bark-Logo-white.png","width":520,"height":152,"caption":"Moya Birkenrinde"},"image":{"@id":"https:\/\/moya-birchbark.com\/de\/#\/schema\/logo\/image\/"}}]}},"_links":{"self":[{"href":"https:\/\/moya-birchbark.com\/de\/wp-json\/wp\/v2\/product\/6414","targetHints":{"allow":["GET"]}}],"collection":[{"href":"https:\/\/moya-birchbark.com\/de\/wp-json\/wp\/v2\/product"}],"about":[{"href":"https:\/\/moya-birchbark.com\/de\/wp-json\/wp\/v2\/types\/product"}],"replies":[{"embeddable":true,"href":"https:\/\/moya-birchbark.com\/de\/wp-json\/wp\/v2\/comments?post=6414"}],"wp:featuredmedia":[{"embeddable":true,"href":"https:\/\/moya-birchbark.com\/de\/wp-json\/wp\/v2\/media\/6458"}],"wp:attachment":[{"href":"https:\/\/moya-birchbark.com\/de\/wp-json\/wp\/v2\/media?parent=6414"}],"wp:term":[{"taxonomy":"product_cat","embeddable":true,"href":"https:\/\/moya-birchbark.com\/de\/wp-json\/wp\/v2\/product_cat?post=6414"},{"taxonomy":"product_tag","embeddable":true,"href":"https:\/\/moya-birchbark.com\/de\/wp-json\/wp\/v2\/product_tag?post=6414"}],"curies":[{"name":"wp","href":"https:\/\/api.w.org\/{rel}","templated":true}]}}