{"id":5346,"date":"2019-05-09T11:16:14","date_gmt":"2019-05-09T11:16:14","guid":{"rendered":"https:\/\/moya-birchbark.com\/?post_type=product&#038;p=5346"},"modified":"2024-03-15T08:24:52","modified_gmt":"2024-03-15T08:24:52","slug":"keksdose-natur-aus-birkenrinde-holz","status":"publish","type":"product","link":"https:\/\/moya-birchbark.com\/de\/produkt\/keksdose-natur-aus-birkenrinde-holz\/","title":{"rendered":"Vorratsdose aus Birkenrinde \/ Geb\u00e4ckdose (mit Lederband)"},"content":{"rendered":"<p><strong>Vorratsdosen aus Birkenrinde<\/strong><br \/>\n\u2013 halten Deine Lebensmittel auf nat\u00fcrliche Weise l\u00e4nger frisch<br \/>\n\u2013 sind antibakteriell, isolierend, feuchtigkeitsabweisend, leicht<br \/>\n\u2013 sind robust und besonders langlebig<br \/>\n\u2013 ben\u00f6tigen keine besondere Pflege, wie andere Naturmaterialien<br \/>\n\u2013 garantieren selbst im nassen Zustand eine rutschfeste, warme Oberfl\u00e4che<br \/>\n\u2013 sind leicht zu Reinigen, sogar unter flie\u00dfendem Wasser abwaschbar<br \/>\n\u2013 bereiten lange und t\u00e4glich Freude und k\u00f6nnen als Erbst\u00fccke sogar Generationen \u00fcberdauern<\/p>\n<p>Deine neue Geb\u00e4ckdose aus Birkenrinde hat die perfekte Gr\u00f6\u00dfe zum Aufbewahren und Servieren von Geb\u00e4ck, Trockenfr\u00fcchten und Naschereien aller Art. Auch nach Monaten wirst Du ihren Inhalt frisch, knusprig und lecker wiederfinden. Wie f\u00fcr all unsere Vorratsdosen gilt &#8211; auch au\u00dferhalb der K\u00fcche und ohne essbaren Inhalt: ein optischer Leckerbissen!<\/p>\n<p><strong>Details<\/strong><br \/>\n\u2013 Gr\u00f6\u00dfe: H\u00f6he 10 cm | \u00f8 19 cm<br \/>\n\u2013 100% nat\u00fcrliche Birkenrinde ohne jegliche Zusatzstoffe<br \/>\n\u2013 Boden und Deckel: Zirbelkiefer, lebensmittelechte zertifizierte Holzbeize, versiegelt mit nat\u00fcrlichem Bienenwachs<br \/>\n\u2013 Lederband, Messingn\u00e4gel<\/p>\n<p>&nbsp;<\/p>\n","protected":false},"excerpt":{"rendered":"<p>Deine neue Geb\u00e4ckdose aus diesem samtweichen und <strong>100% nat\u00fcrlichen<\/strong> Material h\u00e4lt Deine Leckereien aufgrund ihrer Beschaffenheit besonders <strong>lange frisch<\/strong>. Mit jedem liebevoll <strong>handgefertigten <\/strong>Unikat holst Du Dir eine Jahrtausende alte<strong> Tradition<\/strong> nach Hause.<\/p>\n","protected":false},"featured_media":10774,"comment_status":"open","ping_status":"closed","template":"","meta":{"inline_featured_image":false},"product_cat":[360,236],"product_tag":[],"class_list":["post-5346","product","type-product","status-publish","has-post-thumbnail","hentry","product_cat-aufbewahren-und-frischhalten","product_cat-nachhaltige-keksdosen-aus-birkenrinde"],"yoast_head":"<!-- This site is optimized with the Yoast SEO plugin v19.10 - https:\/\/yoast.com\/wordpress\/plugins\/seo\/ -->\n<title>Keksdose Natur aus Birkenrinde - Holz-Deckel - mit Lederschlaufe - MOYA<\/title>\n<meta name=\"description\" content=\"Unsere TUESA Natur Keksdose aus nachhaltiger Birkenrinde hat einen Holz-Deckel samt Leder Schlaufe um noch einfacher an Geb\u00e4ck zu kommen.\" \/>\n<meta name=\"robots\" content=\"index, follow, max-snippet:-1, max-image-preview:large, max-video-preview:-1\" \/>\n<link rel=\"canonical\" href=\"https:\/\/moya-birchbark.com\/de\/produkt\/keksdose-natur-aus-birkenrinde-holz\/\" \/>\n<meta property=\"og:locale\" content=\"de_DE\" \/>\n<meta property=\"og:type\" content=\"article\" \/>\n<meta property=\"og:title\" content=\"Keksdose Natur aus Birkenrinde - Holz-Deckel - mit Lederschlaufe - MOYA\" \/>\n<meta property=\"og:description\" content=\"Unsere TUESA Natur Keksdose aus nachhaltiger Birkenrinde hat einen Holz-Deckel samt Leder Schlaufe um noch einfacher an Geb\u00e4ck zu kommen.\" \/>\n<meta property=\"og:url\" content=\"https:\/\/moya-birchbark.com\/de\/produkt\/keksdose-natur-aus-birkenrinde-holz\/\" \/>\n<meta property=\"og:site_name\" content=\"Moya Birkenrinde\" \/>\n<meta property=\"article:modified_time\" content=\"2024-03-15T08:24:52+00:00\" \/>\n<meta property=\"og:image\" content=\"https:\/\/moya-birchbark.com\/de\/wp-content\/uploads\/sites\/4\/2019\/05\/Moya_Cookiebox_loop_with-food\u00a9Frieder-Reuter_web-tiny.jpg\" \/>\n\t<meta property=\"og:image:width\" content=\"1024\" \/>\n\t<meta property=\"og:image:height\" content=\"1003\" \/>\n\t<meta property=\"og:image:type\" content=\"image\/jpeg\" \/>\n<meta name=\"twitter:card\" content=\"summary_large_image\" \/>\n<meta name=\"twitter:label1\" content=\"Gesch\u00e4tzte Lesezeit\" \/>\n\t<meta name=\"twitter:data1\" content=\"1\u00a0Minute\" \/>\n<script type=\"application\/ld+json\" class=\"yoast-schema-graph\">{\"@context\":\"https:\/\/schema.org\",\"@graph\":[{\"@type\":\"WebPage\",\"@id\":\"https:\/\/moya-birchbark.com\/de\/produkt\/keksdose-natur-aus-birkenrinde-holz\/\",\"url\":\"https:\/\/moya-birchbark.com\/de\/produkt\/keksdose-natur-aus-birkenrinde-holz\/\",\"name\":\"Keksdose Natur aus Birkenrinde - Holz-Deckel - mit Lederschlaufe - MOYA\",\"isPartOf\":{\"@id\":\"https:\/\/moya-birchbark.com\/de\/#website\"},\"datePublished\":\"2019-05-09T11:16:14+00:00\",\"dateModified\":\"2024-03-15T08:24:52+00:00\",\"description\":\"Unsere TUESA Natur Keksdose aus nachhaltiger Birkenrinde hat einen Holz-Deckel samt Leder Schlaufe um noch einfacher an Geb\u00e4ck zu kommen.\",\"breadcrumb\":{\"@id\":\"https:\/\/moya-birchbark.com\/de\/produkt\/keksdose-natur-aus-birkenrinde-holz\/#breadcrumb\"},\"inLanguage\":\"de\",\"potentialAction\":[{\"@type\":\"ReadAction\",\"target\":[\"https:\/\/moya-birchbark.com\/de\/produkt\/keksdose-natur-aus-birkenrinde-holz\/\"]}]},{\"@type\":\"BreadcrumbList\",\"@id\":\"https:\/\/moya-birchbark.com\/de\/produkt\/keksdose-natur-aus-birkenrinde-holz\/#breadcrumb\",\"itemListElement\":[{\"@type\":\"ListItem\",\"position\":1,\"name\":\"Home\",\"item\":\"https:\/\/moya-birchbark.com\/de\/\"},{\"@type\":\"ListItem\",\"position\":2,\"name\":\"Shop\",\"item\":\"https:\/\/moya-birchbark.com\/de\/shop-moya-birkenrinde\/\"},{\"@type\":\"ListItem\",\"position\":3,\"name\":\"Aufbewahren &amp; Frischhalten\",\"item\":\"https:\/\/moya-birchbark.com\/de\/produkt-kategorie\/aufbewahren-und-frischhalten\/\"},{\"@type\":\"ListItem\",\"position\":4,\"name\":\"Vorratsdose aus Birkenrinde \/ Geb\u00e4ckdose (mit Lederband)\"}]},{\"@type\":\"WebSite\",\"@id\":\"https:\/\/moya-birchbark.com\/de\/#website\",\"url\":\"https:\/\/moya-birchbark.com\/de\/\",\"name\":\"Moya Birkenrinde\",\"description\":\"MOYA Birch Bark\",\"publisher\":{\"@id\":\"https:\/\/moya-birchbark.com\/de\/#organization\"},\"potentialAction\":[{\"@type\":\"SearchAction\",\"target\":{\"@type\":\"EntryPoint\",\"urlTemplate\":\"https:\/\/moya-birchbark.com\/de\/?s={search_term_string}\"},\"query-input\":\"required name=search_term_string\"}],\"inLanguage\":\"de\"},{\"@type\":\"Organization\",\"@id\":\"https:\/\/moya-birchbark.com\/de\/#organization\",\"name\":\"Moya Birkenrinde\",\"url\":\"https:\/\/moya-birchbark.com\/de\/\",\"logo\":{\"@type\":\"ImageObject\",\"inLanguage\":\"de\",\"@id\":\"https:\/\/moya-birchbark.com\/de\/#\/schema\/logo\/image\/\",\"url\":\"https:\/\/moya-birchbark.com\/de\/wp-content\/uploads\/sites\/4\/2021\/05\/MOYA-Birch-Bark-Logo-white.png\",\"contentUrl\":\"https:\/\/moya-birchbark.com\/de\/wp-content\/uploads\/sites\/4\/2021\/05\/MOYA-Birch-Bark-Logo-white.png\",\"width\":520,\"height\":152,\"caption\":\"Moya Birkenrinde\"},\"image\":{\"@id\":\"https:\/\/moya-birchbark.com\/de\/#\/schema\/logo\/image\/\"}}]}<\/script>\n<!-- \/ Yoast SEO plugin. -->","yoast_head_json":{"title":"Keksdose Natur aus Birkenrinde - Holz-Deckel - mit Lederschlaufe - MOYA","description":"Unsere TUESA Natur Keksdose aus nachhaltiger Birkenrinde hat einen Holz-Deckel samt Leder Schlaufe um noch einfacher an Geb\u00e4ck zu kommen.","robots":{"index":"index","follow":"follow","max-snippet":"max-snippet:-1","max-image-preview":"max-image-preview:large","max-video-preview":"max-video-preview:-1"},"canonical":"https:\/\/moya-birchbark.com\/de\/produkt\/keksdose-natur-aus-birkenrinde-holz\/","og_locale":"de_DE","og_type":"article","og_title":"Keksdose Natur aus Birkenrinde - Holz-Deckel - mit Lederschlaufe - MOYA","og_description":"Unsere TUESA Natur Keksdose aus nachhaltiger Birkenrinde hat einen Holz-Deckel samt Leder Schlaufe um noch einfacher an Geb\u00e4ck zu kommen.","og_url":"https:\/\/moya-birchbark.com\/de\/produkt\/keksdose-natur-aus-birkenrinde-holz\/","og_site_name":"Moya Birkenrinde","article_modified_time":"2024-03-15T08:24:52+00:00","og_image":[{"width":1024,"height":1003,"url":"https:\/\/moya-birchbark.com\/de\/wp-content\/uploads\/sites\/4\/2019\/05\/Moya_Cookiebox_loop_with-food\u00a9Frieder-Reuter_web-tiny.jpg","type":"image\/jpeg"}],"twitter_card":"summary_large_image","twitter_misc":{"Gesch\u00e4tzte Lesezeit":"1\u00a0Minute"},"schema":{"@context":"https:\/\/schema.org","@graph":[{"@type":"WebPage","@id":"https:\/\/moya-birchbark.com\/de\/produkt\/keksdose-natur-aus-birkenrinde-holz\/","url":"https:\/\/moya-birchbark.com\/de\/produkt\/keksdose-natur-aus-birkenrinde-holz\/","name":"Keksdose Natur aus Birkenrinde - Holz-Deckel - mit Lederschlaufe - MOYA","isPartOf":{"@id":"https:\/\/moya-birchbark.com\/de\/#website"},"datePublished":"2019-05-09T11:16:14+00:00","dateModified":"2024-03-15T08:24:52+00:00","description":"Unsere TUESA Natur Keksdose aus nachhaltiger Birkenrinde hat einen Holz-Deckel samt Leder Schlaufe um noch einfacher an Geb\u00e4ck zu kommen.","breadcrumb":{"@id":"https:\/\/moya-birchbark.com\/de\/produkt\/keksdose-natur-aus-birkenrinde-holz\/#breadcrumb"},"inLanguage":"de","potentialAction":[{"@type":"ReadAction","target":["https:\/\/moya-birchbark.com\/de\/produkt\/keksdose-natur-aus-birkenrinde-holz\/"]}]},{"@type":"BreadcrumbList","@id":"https:\/\/moya-birchbark.com\/de\/produkt\/keksdose-natur-aus-birkenrinde-holz\/#breadcrumb","itemListElement":[{"@type":"ListItem","position":1,"name":"Home","item":"https:\/\/moya-birchbark.com\/de\/"},{"@type":"ListItem","position":2,"name":"Shop","item":"https:\/\/moya-birchbark.com\/de\/shop-moya-birkenrinde\/"},{"@type":"ListItem","position":3,"name":"Aufbewahren &amp; Frischhalten","item":"https:\/\/moya-birchbark.com\/de\/produkt-kategorie\/aufbewahren-und-frischhalten\/"},{"@type":"ListItem","position":4,"name":"Vorratsdose aus Birkenrinde \/ Geb\u00e4ckdose (mit Lederband)"}]},{"@type":"WebSite","@id":"https:\/\/moya-birchbark.com\/de\/#website","url":"https:\/\/moya-birchbark.com\/de\/","name":"Moya Birkenrinde","description":"MOYA Birch Bark","publisher":{"@id":"https:\/\/moya-birchbark.com\/de\/#organization"},"potentialAction":[{"@type":"SearchAction","target":{"@type":"EntryPoint","urlTemplate":"https:\/\/moya-birchbark.com\/de\/?s={search_term_string}"},"query-input":"required name=search_term_string"}],"inLanguage":"de"},{"@type":"Organization","@id":"https:\/\/moya-birchbark.com\/de\/#organization","name":"Moya Birkenrinde","url":"https:\/\/moya-birchbark.com\/de\/","logo":{"@type":"ImageObject","inLanguage":"de","@id":"https:\/\/moya-birchbark.com\/de\/#\/schema\/logo\/image\/","url":"https:\/\/moya-birchbark.com\/de\/wp-content\/uploads\/sites\/4\/2021\/05\/MOYA-Birch-Bark-Logo-white.png","contentUrl":"https:\/\/moya-birchbark.com\/de\/wp-content\/uploads\/sites\/4\/2021\/05\/MOYA-Birch-Bark-Logo-white.png","width":520,"height":152,"caption":"Moya Birkenrinde"},"image":{"@id":"https:\/\/moya-birchbark.com\/de\/#\/schema\/logo\/image\/"}}]}},"_links":{"self":[{"href":"https:\/\/moya-birchbark.com\/de\/wp-json\/wp\/v2\/product\/5346","targetHints":{"allow":["GET"]}}],"collection":[{"href":"https:\/\/moya-birchbark.com\/de\/wp-json\/wp\/v2\/product"}],"about":[{"href":"https:\/\/moya-birchbark.com\/de\/wp-json\/wp\/v2\/types\/product"}],"replies":[{"embeddable":true,"href":"https:\/\/moya-birchbark.com\/de\/wp-json\/wp\/v2\/comments?post=5346"}],"wp:featuredmedia":[{"embeddable":true,"href":"https:\/\/moya-birchbark.com\/de\/wp-json\/wp\/v2\/media\/10774"}],"wp:attachment":[{"href":"https:\/\/moya-birchbark.com\/de\/wp-json\/wp\/v2\/media?parent=5346"}],"wp:term":[{"taxonomy":"product_cat","embeddable":true,"href":"https:\/\/moya-birchbark.com\/de\/wp-json\/wp\/v2\/product_cat?post=5346"},{"taxonomy":"product_tag","embeddable":true,"href":"https:\/\/moya-birchbark.com\/de\/wp-json\/wp\/v2\/product_tag?post=5346"}],"curies":[{"name":"wp","href":"https:\/\/api.w.org\/{rel}","templated":true}]}}