{"id":4670,"date":"2019-04-16T12:16:12","date_gmt":"2019-04-16T12:16:12","guid":{"rendered":"https:\/\/moya-birchbark.com\/?post_type=product&#038;p=4670"},"modified":"2025-06-26T15:15:20","modified_gmt":"2025-06-26T15:15:20","slug":"taburet-bar-hocker","status":"publish","type":"product","link":"https:\/\/moya-birchbark.com\/de\/produkt\/taburet-bar-hocker\/","title":{"rendered":"Taburet \/ Bar Hocker"},"content":{"rendered":"<p>Taburet bildet eine optische T\u00e4uschung und hebt durch die kontrastreichen Details und seine geometrische Formsprache die in Vergessenheit geratene Rinde hervor. Ein federnder Effekt, welcher durch die Faltung und die besonderen Eigenschaften der Birkenrinde entsteht, erm\u00f6glicht eine komfortable Sitzfl\u00e4che.<br \/>\nAnders als im traditionellen Handwerk fertigen wir unsere Produkte aus der naturbelassenen, samtartigen Vorderseite der Birkenrinde, welche wir fl\u00e4chig einsetzen und die eine moderne Adaption der herk\u00f6mmlichen Verarbeitung darstellt. Wir arbeiten bewusst mit der hellen Zwischenschicht der Rinde, um die einzigartige, grafische Maserung und Farbgebung des Materials zu zelebrieren. Folglich ist jedes Produkt einmalig und pr\u00e4sentiert das einzigartige Erzeugnis der Natur, das wir durch kontrastreiche Akzente betonen. Hohe Qualit\u00e4t der Produkte gew\u00e4hrleisten wir durch aufw\u00e4ndige Handarbeit und sorgf\u00e4ltige Materialselektion.<\/p>\n<p><strong>Details<\/strong><br \/>\n&#8211; H\u00f6he 75 cm | 33 x 33 cm<br \/>\n&#8211; Birkenrinde, Metallgestell pulverbeschichtet<\/p>\n<p><em>Falls ausverkauft &#8211; Lieferzeit 4-6 Wochen, Vorbestellung und Termin Absprache per Mail m\u00f6glich<\/em><\/p>\n","protected":false},"excerpt":{"rendered":"<p><em>Lieferzeit: 2-4 Wochen, hergestellt auf Bestellung<\/em><br \/>\n<em>Vorbestellung und Termin-Absprache <span style=\"text-decoration: underline\">per <a href=\"https:\/\/moya-birchbark.com\/de\/kontakt\/\">Mail<\/a> <\/span>m\u00f6glich<\/em><\/p>\n","protected":false},"featured_media":3585,"comment_status":"open","ping_status":"closed","template":"","meta":{"inline_featured_image":false},"product_cat":[211],"product_tag":[],"class_list":["post-4670","product","type-product","status-publish","has-post-thumbnail","hentry","product_cat-sitzmoebel-aus-birkenrinde-hocker-und-lounge-sessel"],"yoast_head":"<!-- This site is optimized with the Yoast SEO plugin v19.10 - https:\/\/yoast.com\/wordpress\/plugins\/seo\/ -->\n<title>Taburet \/ Bar Hocker - Moya Birkenrinde Bar Hocker Metall Geflecht<\/title>\n<meta name=\"description\" content=\"Bar Hocker Metall Geflecht \/ Barhocker mit besonderem dreidimensionalen Geflecht aus Birkenrinde, das eine komfortable Sitzfl\u00e4che darstellt\" \/>\n<meta name=\"robots\" content=\"index, follow, max-snippet:-1, max-image-preview:large, max-video-preview:-1\" \/>\n<link rel=\"canonical\" href=\"https:\/\/moya-birchbark.com\/de\/produkt\/taburet-bar-hocker\/\" \/>\n<meta property=\"og:locale\" content=\"de_DE\" \/>\n<meta property=\"og:type\" content=\"article\" \/>\n<meta property=\"og:title\" content=\"Taburet \/ Bar Hocker - Moya Birkenrinde Bar Hocker Metall Geflecht\" \/>\n<meta property=\"og:description\" content=\"Bar Hocker Metall Geflecht \/ Barhocker mit besonderem dreidimensionalen Geflecht aus Birkenrinde, das eine komfortable Sitzfl\u00e4che darstellt\" \/>\n<meta property=\"og:url\" content=\"https:\/\/moya-birchbark.com\/de\/produkt\/taburet-bar-hocker\/\" \/>\n<meta property=\"og:site_name\" content=\"Moya Birkenrinde\" \/>\n<meta property=\"article:modified_time\" content=\"2025-06-26T15:15:20+00:00\" \/>\n<meta property=\"og:image\" content=\"https:\/\/moya-birchbark.com\/de\/wp-content\/uploads\/sites\/4\/2019\/01\/Moya_Taburet_web_17.jpg\" \/>\n\t<meta property=\"og:image:width\" content=\"2000\" \/>\n\t<meta property=\"og:image:height\" content=\"1333\" \/>\n\t<meta property=\"og:image:type\" content=\"image\/jpeg\" \/>\n<meta name=\"twitter:card\" content=\"summary_large_image\" \/>\n<meta name=\"twitter:label1\" content=\"Gesch\u00e4tzte Lesezeit\" \/>\n\t<meta name=\"twitter:data1\" content=\"1\u00a0Minute\" \/>\n<script type=\"application\/ld+json\" class=\"yoast-schema-graph\">{\"@context\":\"https:\/\/schema.org\",\"@graph\":[{\"@type\":\"WebPage\",\"@id\":\"https:\/\/moya-birchbark.com\/de\/produkt\/taburet-bar-hocker\/\",\"url\":\"https:\/\/moya-birchbark.com\/de\/produkt\/taburet-bar-hocker\/\",\"name\":\"Taburet \/ Bar Hocker - Moya Birkenrinde Bar Hocker Metall Geflecht\",\"isPartOf\":{\"@id\":\"https:\/\/moya-birchbark.com\/de\/#website\"},\"datePublished\":\"2019-04-16T12:16:12+00:00\",\"dateModified\":\"2025-06-26T15:15:20+00:00\",\"description\":\"Bar Hocker Metall Geflecht \/ Barhocker mit besonderem dreidimensionalen Geflecht aus Birkenrinde, das eine komfortable Sitzfl\u00e4che darstellt\",\"breadcrumb\":{\"@id\":\"https:\/\/moya-birchbark.com\/de\/produkt\/taburet-bar-hocker\/#breadcrumb\"},\"inLanguage\":\"de\",\"potentialAction\":[{\"@type\":\"ReadAction\",\"target\":[\"https:\/\/moya-birchbark.com\/de\/produkt\/taburet-bar-hocker\/\"]}]},{\"@type\":\"BreadcrumbList\",\"@id\":\"https:\/\/moya-birchbark.com\/de\/produkt\/taburet-bar-hocker\/#breadcrumb\",\"itemListElement\":[{\"@type\":\"ListItem\",\"position\":1,\"name\":\"Home\",\"item\":\"https:\/\/moya-birchbark.com\/de\/\"},{\"@type\":\"ListItem\",\"position\":2,\"name\":\"Shop\",\"item\":\"https:\/\/moya-birchbark.com\/de\/shop-moya-birkenrinde\/\"},{\"@type\":\"ListItem\",\"position\":3,\"name\":\"Wohnen &amp; Wohlf\u00fchlen\",\"item\":\"https:\/\/moya-birchbark.com\/de\/produkt-kategorie\/wohnen-und-wohlfuehlen\/\"},{\"@type\":\"ListItem\",\"position\":4,\"name\":\"Sitzm\u00f6bel\",\"item\":\"https:\/\/moya-birchbark.com\/de\/produkt-kategorie\/wohnen-und-wohlfuehlen\/sitzmoebel-aus-birkenrinde-hocker-und-lounge-sessel\/\"},{\"@type\":\"ListItem\",\"position\":5,\"name\":\"Taburet \/ Bar Hocker\"}]},{\"@type\":\"WebSite\",\"@id\":\"https:\/\/moya-birchbark.com\/de\/#website\",\"url\":\"https:\/\/moya-birchbark.com\/de\/\",\"name\":\"Moya Birkenrinde\",\"description\":\"MOYA Birch Bark\",\"publisher\":{\"@id\":\"https:\/\/moya-birchbark.com\/de\/#organization\"},\"potentialAction\":[{\"@type\":\"SearchAction\",\"target\":{\"@type\":\"EntryPoint\",\"urlTemplate\":\"https:\/\/moya-birchbark.com\/de\/?s={search_term_string}\"},\"query-input\":\"required name=search_term_string\"}],\"inLanguage\":\"de\"},{\"@type\":\"Organization\",\"@id\":\"https:\/\/moya-birchbark.com\/de\/#organization\",\"name\":\"Moya Birkenrinde\",\"url\":\"https:\/\/moya-birchbark.com\/de\/\",\"logo\":{\"@type\":\"ImageObject\",\"inLanguage\":\"de\",\"@id\":\"https:\/\/moya-birchbark.com\/de\/#\/schema\/logo\/image\/\",\"url\":\"https:\/\/moya-birchbark.com\/de\/wp-content\/uploads\/sites\/4\/2021\/05\/MOYA-Birch-Bark-Logo-white.png\",\"contentUrl\":\"https:\/\/moya-birchbark.com\/de\/wp-content\/uploads\/sites\/4\/2021\/05\/MOYA-Birch-Bark-Logo-white.png\",\"width\":520,\"height\":152,\"caption\":\"Moya Birkenrinde\"},\"image\":{\"@id\":\"https:\/\/moya-birchbark.com\/de\/#\/schema\/logo\/image\/\"}}]}<\/script>\n<!-- \/ Yoast SEO plugin. -->","yoast_head_json":{"title":"Taburet \/ Bar Hocker - Moya Birkenrinde Bar Hocker Metall Geflecht","description":"Bar Hocker Metall Geflecht \/ Barhocker mit besonderem dreidimensionalen Geflecht aus Birkenrinde, das eine komfortable Sitzfl\u00e4che darstellt","robots":{"index":"index","follow":"follow","max-snippet":"max-snippet:-1","max-image-preview":"max-image-preview:large","max-video-preview":"max-video-preview:-1"},"canonical":"https:\/\/moya-birchbark.com\/de\/produkt\/taburet-bar-hocker\/","og_locale":"de_DE","og_type":"article","og_title":"Taburet \/ Bar Hocker - Moya Birkenrinde Bar Hocker Metall Geflecht","og_description":"Bar Hocker Metall Geflecht \/ Barhocker mit besonderem dreidimensionalen Geflecht aus Birkenrinde, das eine komfortable Sitzfl\u00e4che darstellt","og_url":"https:\/\/moya-birchbark.com\/de\/produkt\/taburet-bar-hocker\/","og_site_name":"Moya Birkenrinde","article_modified_time":"2025-06-26T15:15:20+00:00","og_image":[{"width":2000,"height":1333,"url":"https:\/\/moya-birchbark.com\/de\/wp-content\/uploads\/sites\/4\/2019\/01\/Moya_Taburet_web_17.jpg","type":"image\/jpeg"}],"twitter_card":"summary_large_image","twitter_misc":{"Gesch\u00e4tzte Lesezeit":"1\u00a0Minute"},"schema":{"@context":"https:\/\/schema.org","@graph":[{"@type":"WebPage","@id":"https:\/\/moya-birchbark.com\/de\/produkt\/taburet-bar-hocker\/","url":"https:\/\/moya-birchbark.com\/de\/produkt\/taburet-bar-hocker\/","name":"Taburet \/ Bar Hocker - Moya Birkenrinde Bar Hocker Metall Geflecht","isPartOf":{"@id":"https:\/\/moya-birchbark.com\/de\/#website"},"datePublished":"2019-04-16T12:16:12+00:00","dateModified":"2025-06-26T15:15:20+00:00","description":"Bar Hocker Metall Geflecht \/ Barhocker mit besonderem dreidimensionalen Geflecht aus Birkenrinde, das eine komfortable Sitzfl\u00e4che darstellt","breadcrumb":{"@id":"https:\/\/moya-birchbark.com\/de\/produkt\/taburet-bar-hocker\/#breadcrumb"},"inLanguage":"de","potentialAction":[{"@type":"ReadAction","target":["https:\/\/moya-birchbark.com\/de\/produkt\/taburet-bar-hocker\/"]}]},{"@type":"BreadcrumbList","@id":"https:\/\/moya-birchbark.com\/de\/produkt\/taburet-bar-hocker\/#breadcrumb","itemListElement":[{"@type":"ListItem","position":1,"name":"Home","item":"https:\/\/moya-birchbark.com\/de\/"},{"@type":"ListItem","position":2,"name":"Shop","item":"https:\/\/moya-birchbark.com\/de\/shop-moya-birkenrinde\/"},{"@type":"ListItem","position":3,"name":"Wohnen &amp; Wohlf\u00fchlen","item":"https:\/\/moya-birchbark.com\/de\/produkt-kategorie\/wohnen-und-wohlfuehlen\/"},{"@type":"ListItem","position":4,"name":"Sitzm\u00f6bel","item":"https:\/\/moya-birchbark.com\/de\/produkt-kategorie\/wohnen-und-wohlfuehlen\/sitzmoebel-aus-birkenrinde-hocker-und-lounge-sessel\/"},{"@type":"ListItem","position":5,"name":"Taburet \/ Bar Hocker"}]},{"@type":"WebSite","@id":"https:\/\/moya-birchbark.com\/de\/#website","url":"https:\/\/moya-birchbark.com\/de\/","name":"Moya Birkenrinde","description":"MOYA Birch Bark","publisher":{"@id":"https:\/\/moya-birchbark.com\/de\/#organization"},"potentialAction":[{"@type":"SearchAction","target":{"@type":"EntryPoint","urlTemplate":"https:\/\/moya-birchbark.com\/de\/?s={search_term_string}"},"query-input":"required name=search_term_string"}],"inLanguage":"de"},{"@type":"Organization","@id":"https:\/\/moya-birchbark.com\/de\/#organization","name":"Moya Birkenrinde","url":"https:\/\/moya-birchbark.com\/de\/","logo":{"@type":"ImageObject","inLanguage":"de","@id":"https:\/\/moya-birchbark.com\/de\/#\/schema\/logo\/image\/","url":"https:\/\/moya-birchbark.com\/de\/wp-content\/uploads\/sites\/4\/2021\/05\/MOYA-Birch-Bark-Logo-white.png","contentUrl":"https:\/\/moya-birchbark.com\/de\/wp-content\/uploads\/sites\/4\/2021\/05\/MOYA-Birch-Bark-Logo-white.png","width":520,"height":152,"caption":"Moya Birkenrinde"},"image":{"@id":"https:\/\/moya-birchbark.com\/de\/#\/schema\/logo\/image\/"}}]}},"_links":{"self":[{"href":"https:\/\/moya-birchbark.com\/de\/wp-json\/wp\/v2\/product\/4670","targetHints":{"allow":["GET"]}}],"collection":[{"href":"https:\/\/moya-birchbark.com\/de\/wp-json\/wp\/v2\/product"}],"about":[{"href":"https:\/\/moya-birchbark.com\/de\/wp-json\/wp\/v2\/types\/product"}],"replies":[{"embeddable":true,"href":"https:\/\/moya-birchbark.com\/de\/wp-json\/wp\/v2\/comments?post=4670"}],"wp:featuredmedia":[{"embeddable":true,"href":"https:\/\/moya-birchbark.com\/de\/wp-json\/wp\/v2\/media\/3585"}],"wp:attachment":[{"href":"https:\/\/moya-birchbark.com\/de\/wp-json\/wp\/v2\/media?parent=4670"}],"wp:term":[{"taxonomy":"product_cat","embeddable":true,"href":"https:\/\/moya-birchbark.com\/de\/wp-json\/wp\/v2\/product_cat?post=4670"},{"taxonomy":"product_tag","embeddable":true,"href":"https:\/\/moya-birchbark.com\/de\/wp-json\/wp\/v2\/product_tag?post=4670"}],"curies":[{"name":"wp","href":"https:\/\/api.w.org\/{rel}","templated":true}]}}