{"id":3836,"date":"2019-01-24T15:39:19","date_gmt":"2019-01-24T15:39:19","guid":{"rendered":"https:\/\/moya-birchbark.com\/?post_type=product&#038;p=3836"},"modified":"2025-01-22T00:15:40","modified_gmt":"2025-01-22T00:15:40","slug":"korb-aufbewahrung-birkenrinde-metall-korob","status":"publish","type":"product","link":"https:\/\/moya-birchbark.com\/de\/produkt\/korb-aufbewahrung-birkenrinde-metall-korob\/","title":{"rendered":"Korob \/ Gr\u00f6\u00dfe S"},"content":{"rendered":"<p>Aus den hellen Zwischenschichten der Birkenrinde, zelebrieren unsere Aufbewahrungsk\u00f6rbe die besondere, grafische Maserung und Farbgebung des Materials.<br \/>\nJeder Korb ist einmalig und pr\u00e4sentiert das einzigartige Erzeugnis der Natur, das wir durch kontrastreiche Akzente betonen. Egal ob im Flur, Wohnzimmer, Schlafzimmer, K\u00fcche oder im Bad zur Aufbewahrung von W\u00e4sche, der multifunktionale Korb sorgt dekorativ f\u00fcr Ordnung und Atmosph\u00e4re.<br \/>\nKorob ist in drei Gr\u00f6\u00dfen verf\u00fcgbar und somit f\u00fcr jeden Inhalt geeignet. Obst, Spielzeug, Schuhe, Kleidung oder W\u00e4sche, Decken, Kissen, Wollsocken, B\u00fccher und Zeitschriften, Garn, Schmuck, Schl\u00fcssel und vieles mehr kannst Du darin aufbewahren oder pr\u00e4sentieren.<\/p>\n<p><strong>Details<br \/>\n<\/strong>&#8211; H\u00f6he 12 cm | \u00f8 20 cm<br \/>\n&#8211; 100% nat\u00fcrliche Birkenrinde<br \/>\n&#8211; Metallgestell pulverbeschichtet \/ galvanisiert<\/p>\n<p><em>Falls ausverkauft &#8211; Lieferzeit 2 Wochen, Vorbestellung und Terminabsprache per Mail m\u00f6glich<\/em><\/p>\n","protected":false},"excerpt":{"rendered":"<p>Grafische Linien und kontrastreiche Texturen machen Deinen neuen Aufbewahrungskorb zu einem Eyecatcher in Deiner Einrichtung.<\/p>\n","protected":false},"featured_media":5899,"comment_status":"open","ping_status":"closed","template":"","meta":{"inline_featured_image":false},"product_cat":[212],"product_tag":[],"class_list":["post-3836","product","type-product","status-publish","has-post-thumbnail","hentry","product_cat-storage-baskets"],"yoast_head":"<!-- This site is optimized with the Yoast SEO plugin v19.10 - https:\/\/yoast.com\/wordpress\/plugins\/seo\/ -->\n<title>Korb zur Aufbewahrung aus Birkenrinde und Metall - MOYA Birch Bark<\/title>\n<meta name=\"description\" content=\"Unser Korb KOROB zur Aufbewahrung ist dekorativ und grafisch, er bespannt einen filigranem Rahmen aus Metall mit Birkenrinde. Birke als Wohnaccessoire!\" \/>\n<meta name=\"robots\" content=\"index, follow, max-snippet:-1, max-image-preview:large, max-video-preview:-1\" \/>\n<link rel=\"canonical\" href=\"https:\/\/moya-birchbark.com\/de\/produkt\/korb-aufbewahrung-birkenrinde-metall-korob\/\" \/>\n<meta property=\"og:locale\" content=\"de_DE\" \/>\n<meta property=\"og:type\" content=\"article\" \/>\n<meta property=\"og:title\" content=\"Korb zur Aufbewahrung aus Birkenrinde und Metall - MOYA Birch Bark\" \/>\n<meta property=\"og:description\" content=\"Unser Korb KOROB zur Aufbewahrung ist dekorativ und grafisch, er bespannt einen filigranem Rahmen aus Metall mit Birkenrinde. Birke als Wohnaccessoire!\" \/>\n<meta property=\"og:url\" content=\"https:\/\/moya-birchbark.com\/de\/produkt\/korb-aufbewahrung-birkenrinde-metall-korob\/\" \/>\n<meta property=\"og:site_name\" content=\"Moya Birkenrinde\" \/>\n<meta property=\"article:modified_time\" content=\"2025-01-22T00:15:40+00:00\" \/>\n<meta property=\"og:image\" content=\"https:\/\/moya-birchbark.com\/de\/wp-content\/uploads\/sites\/4\/2019\/01\/Moya_Korob_blue_\u00a9Frieder-Reuter_web_20.jpg\" \/>\n\t<meta property=\"og:image:width\" content=\"2000\" \/>\n\t<meta property=\"og:image:height\" content=\"1333\" \/>\n\t<meta property=\"og:image:type\" content=\"image\/jpeg\" \/>\n<meta name=\"twitter:card\" content=\"summary_large_image\" \/>\n<meta name=\"twitter:label1\" content=\"Gesch\u00e4tzte Lesezeit\" \/>\n\t<meta name=\"twitter:data1\" content=\"1\u00a0Minute\" \/>\n<script type=\"application\/ld+json\" class=\"yoast-schema-graph\">{\"@context\":\"https:\/\/schema.org\",\"@graph\":[{\"@type\":\"WebPage\",\"@id\":\"https:\/\/moya-birchbark.com\/de\/produkt\/korb-aufbewahrung-birkenrinde-metall-korob\/\",\"url\":\"https:\/\/moya-birchbark.com\/de\/produkt\/korb-aufbewahrung-birkenrinde-metall-korob\/\",\"name\":\"Korb zur Aufbewahrung aus Birkenrinde und Metall - MOYA Birch Bark\",\"isPartOf\":{\"@id\":\"https:\/\/moya-birchbark.com\/de\/#website\"},\"datePublished\":\"2019-01-24T15:39:19+00:00\",\"dateModified\":\"2025-01-22T00:15:40+00:00\",\"description\":\"Unser Korb KOROB zur Aufbewahrung ist dekorativ und grafisch, er bespannt einen filigranem Rahmen aus Metall mit Birkenrinde. Birke als Wohnaccessoire!\",\"breadcrumb\":{\"@id\":\"https:\/\/moya-birchbark.com\/de\/produkt\/korb-aufbewahrung-birkenrinde-metall-korob\/#breadcrumb\"},\"inLanguage\":\"de\",\"potentialAction\":[{\"@type\":\"ReadAction\",\"target\":[\"https:\/\/moya-birchbark.com\/de\/produkt\/korb-aufbewahrung-birkenrinde-metall-korob\/\"]}]},{\"@type\":\"BreadcrumbList\",\"@id\":\"https:\/\/moya-birchbark.com\/de\/produkt\/korb-aufbewahrung-birkenrinde-metall-korob\/#breadcrumb\",\"itemListElement\":[{\"@type\":\"ListItem\",\"position\":1,\"name\":\"Home\",\"item\":\"https:\/\/moya-birchbark.com\/de\/\"},{\"@type\":\"ListItem\",\"position\":2,\"name\":\"Shop\",\"item\":\"https:\/\/moya-birchbark.com\/de\/shop-moya-birkenrinde\/\"},{\"@type\":\"ListItem\",\"position\":3,\"name\":\"Wohnen &amp; Wohlf\u00fchlen\",\"item\":\"https:\/\/moya-birchbark.com\/de\/produkt-kategorie\/wohnen-und-wohlfuehlen\/\"},{\"@type\":\"ListItem\",\"position\":4,\"name\":\"K\u00f6rbe\",\"item\":\"https:\/\/moya-birchbark.com\/de\/produkt-kategorie\/wohnen-und-wohlfuehlen\/storage-baskets\/\"},{\"@type\":\"ListItem\",\"position\":5,\"name\":\"Korob \/ Gr\u00f6\u00dfe S\"}]},{\"@type\":\"WebSite\",\"@id\":\"https:\/\/moya-birchbark.com\/de\/#website\",\"url\":\"https:\/\/moya-birchbark.com\/de\/\",\"name\":\"Moya Birkenrinde\",\"description\":\"MOYA Birch Bark\",\"publisher\":{\"@id\":\"https:\/\/moya-birchbark.com\/de\/#organization\"},\"potentialAction\":[{\"@type\":\"SearchAction\",\"target\":{\"@type\":\"EntryPoint\",\"urlTemplate\":\"https:\/\/moya-birchbark.com\/de\/?s={search_term_string}\"},\"query-input\":\"required name=search_term_string\"}],\"inLanguage\":\"de\"},{\"@type\":\"Organization\",\"@id\":\"https:\/\/moya-birchbark.com\/de\/#organization\",\"name\":\"Moya Birkenrinde\",\"url\":\"https:\/\/moya-birchbark.com\/de\/\",\"logo\":{\"@type\":\"ImageObject\",\"inLanguage\":\"de\",\"@id\":\"https:\/\/moya-birchbark.com\/de\/#\/schema\/logo\/image\/\",\"url\":\"https:\/\/moya-birchbark.com\/de\/wp-content\/uploads\/sites\/4\/2021\/05\/MOYA-Birch-Bark-Logo-white.png\",\"contentUrl\":\"https:\/\/moya-birchbark.com\/de\/wp-content\/uploads\/sites\/4\/2021\/05\/MOYA-Birch-Bark-Logo-white.png\",\"width\":520,\"height\":152,\"caption\":\"Moya Birkenrinde\"},\"image\":{\"@id\":\"https:\/\/moya-birchbark.com\/de\/#\/schema\/logo\/image\/\"}}]}<\/script>\n<!-- \/ Yoast SEO plugin. -->","yoast_head_json":{"title":"Korb zur Aufbewahrung aus Birkenrinde und Metall - MOYA Birch Bark","description":"Unser Korb KOROB zur Aufbewahrung ist dekorativ und grafisch, er bespannt einen filigranem Rahmen aus Metall mit Birkenrinde. Birke als Wohnaccessoire!","robots":{"index":"index","follow":"follow","max-snippet":"max-snippet:-1","max-image-preview":"max-image-preview:large","max-video-preview":"max-video-preview:-1"},"canonical":"https:\/\/moya-birchbark.com\/de\/produkt\/korb-aufbewahrung-birkenrinde-metall-korob\/","og_locale":"de_DE","og_type":"article","og_title":"Korb zur Aufbewahrung aus Birkenrinde und Metall - MOYA Birch Bark","og_description":"Unser Korb KOROB zur Aufbewahrung ist dekorativ und grafisch, er bespannt einen filigranem Rahmen aus Metall mit Birkenrinde. Birke als Wohnaccessoire!","og_url":"https:\/\/moya-birchbark.com\/de\/produkt\/korb-aufbewahrung-birkenrinde-metall-korob\/","og_site_name":"Moya Birkenrinde","article_modified_time":"2025-01-22T00:15:40+00:00","og_image":[{"width":2000,"height":1333,"url":"https:\/\/moya-birchbark.com\/de\/wp-content\/uploads\/sites\/4\/2019\/01\/Moya_Korob_blue_\u00a9Frieder-Reuter_web_20.jpg","type":"image\/jpeg"}],"twitter_card":"summary_large_image","twitter_misc":{"Gesch\u00e4tzte Lesezeit":"1\u00a0Minute"},"schema":{"@context":"https:\/\/schema.org","@graph":[{"@type":"WebPage","@id":"https:\/\/moya-birchbark.com\/de\/produkt\/korb-aufbewahrung-birkenrinde-metall-korob\/","url":"https:\/\/moya-birchbark.com\/de\/produkt\/korb-aufbewahrung-birkenrinde-metall-korob\/","name":"Korb zur Aufbewahrung aus Birkenrinde und Metall - MOYA Birch Bark","isPartOf":{"@id":"https:\/\/moya-birchbark.com\/de\/#website"},"datePublished":"2019-01-24T15:39:19+00:00","dateModified":"2025-01-22T00:15:40+00:00","description":"Unser Korb KOROB zur Aufbewahrung ist dekorativ und grafisch, er bespannt einen filigranem Rahmen aus Metall mit Birkenrinde. Birke als Wohnaccessoire!","breadcrumb":{"@id":"https:\/\/moya-birchbark.com\/de\/produkt\/korb-aufbewahrung-birkenrinde-metall-korob\/#breadcrumb"},"inLanguage":"de","potentialAction":[{"@type":"ReadAction","target":["https:\/\/moya-birchbark.com\/de\/produkt\/korb-aufbewahrung-birkenrinde-metall-korob\/"]}]},{"@type":"BreadcrumbList","@id":"https:\/\/moya-birchbark.com\/de\/produkt\/korb-aufbewahrung-birkenrinde-metall-korob\/#breadcrumb","itemListElement":[{"@type":"ListItem","position":1,"name":"Home","item":"https:\/\/moya-birchbark.com\/de\/"},{"@type":"ListItem","position":2,"name":"Shop","item":"https:\/\/moya-birchbark.com\/de\/shop-moya-birkenrinde\/"},{"@type":"ListItem","position":3,"name":"Wohnen &amp; Wohlf\u00fchlen","item":"https:\/\/moya-birchbark.com\/de\/produkt-kategorie\/wohnen-und-wohlfuehlen\/"},{"@type":"ListItem","position":4,"name":"K\u00f6rbe","item":"https:\/\/moya-birchbark.com\/de\/produkt-kategorie\/wohnen-und-wohlfuehlen\/storage-baskets\/"},{"@type":"ListItem","position":5,"name":"Korob \/ Gr\u00f6\u00dfe S"}]},{"@type":"WebSite","@id":"https:\/\/moya-birchbark.com\/de\/#website","url":"https:\/\/moya-birchbark.com\/de\/","name":"Moya Birkenrinde","description":"MOYA Birch Bark","publisher":{"@id":"https:\/\/moya-birchbark.com\/de\/#organization"},"potentialAction":[{"@type":"SearchAction","target":{"@type":"EntryPoint","urlTemplate":"https:\/\/moya-birchbark.com\/de\/?s={search_term_string}"},"query-input":"required name=search_term_string"}],"inLanguage":"de"},{"@type":"Organization","@id":"https:\/\/moya-birchbark.com\/de\/#organization","name":"Moya Birkenrinde","url":"https:\/\/moya-birchbark.com\/de\/","logo":{"@type":"ImageObject","inLanguage":"de","@id":"https:\/\/moya-birchbark.com\/de\/#\/schema\/logo\/image\/","url":"https:\/\/moya-birchbark.com\/de\/wp-content\/uploads\/sites\/4\/2021\/05\/MOYA-Birch-Bark-Logo-white.png","contentUrl":"https:\/\/moya-birchbark.com\/de\/wp-content\/uploads\/sites\/4\/2021\/05\/MOYA-Birch-Bark-Logo-white.png","width":520,"height":152,"caption":"Moya Birkenrinde"},"image":{"@id":"https:\/\/moya-birchbark.com\/de\/#\/schema\/logo\/image\/"}}]}},"_links":{"self":[{"href":"https:\/\/moya-birchbark.com\/de\/wp-json\/wp\/v2\/product\/3836","targetHints":{"allow":["GET"]}}],"collection":[{"href":"https:\/\/moya-birchbark.com\/de\/wp-json\/wp\/v2\/product"}],"about":[{"href":"https:\/\/moya-birchbark.com\/de\/wp-json\/wp\/v2\/types\/product"}],"replies":[{"embeddable":true,"href":"https:\/\/moya-birchbark.com\/de\/wp-json\/wp\/v2\/comments?post=3836"}],"wp:featuredmedia":[{"embeddable":true,"href":"https:\/\/moya-birchbark.com\/de\/wp-json\/wp\/v2\/media\/5899"}],"wp:attachment":[{"href":"https:\/\/moya-birchbark.com\/de\/wp-json\/wp\/v2\/media?parent=3836"}],"wp:term":[{"taxonomy":"product_cat","embeddable":true,"href":"https:\/\/moya-birchbark.com\/de\/wp-json\/wp\/v2\/product_cat?post=3836"},{"taxonomy":"product_tag","embeddable":true,"href":"https:\/\/moya-birchbark.com\/de\/wp-json\/wp\/v2\/product_tag?post=3836"}],"curies":[{"name":"wp","href":"https:\/\/api.w.org\/{rel}","templated":true}]}}