{"id":3764,"date":"2019-01-18T11:53:09","date_gmt":"2019-01-18T11:53:09","guid":{"rendered":"https:\/\/moya-birchbark.com\/?post_type=product&#038;p=3764"},"modified":"2025-04-03T14:06:28","modified_gmt":"2025-04-03T14:06:28","slug":"lounge-sessel-sibirjak","status":"publish","type":"product","link":"https:\/\/moya-birchbark.com\/de\/produkt\/lounge-sessel-sibirjak\/","title":{"rendered":"Sibirjak"},"content":{"rendered":"<p>Sibirjak ist eine moderne Sessel-Ottomane-Kombination aus Birkenrinde. Das faszinierende Naturmaterial ist weich, flexibel, rei\u00dffest, strapazierf\u00e4hig, feuchtigkeitsabweisend und antibakteriell. Trotz dieser besonderen Eigenschaften ger\u00e4t es allm\u00e4hlich in Vergessenheit. Sibirjak besch\u00e4ftigt sich mit der Frage, wie eine Jahrtausende alte Tradition neubelebt und neuinterpretiert werden kann. Er hebt die Material\u00e4sthetik hervor und kombiniert Tradition mit moderner Verarbeitung.<\/p>\n<p>Die horizontale Ausrichtung der Rinde betont die lederartigen Eigenschaften des Materials, wirkt einladend und bietet eine breite gem\u00fctliche Sitzfl\u00e4che. Die Schn\u00fcrung und das geometrische Gestell bilden einen starken Kontrast zu der naturbelassenen Birkenrinde.<\/p>\n<p>Sibirjak hebt sich somit stark vom folkloristischen Kontext ab und belebt gleichzeitig die traditionelle Verarbeitung, indem er neue M\u00f6glichkeiten aufzeigt. Dadurch wird die Rinde in einem neuen Zusammenhang pr\u00e4sentiert, der sich stark von der herk\u00f6mmlichen Verwendung unterscheidet und eine erneute Wahrnehmung des Materials auch im aktuellen Kontext verspricht.<\/p>\n<p><strong>Details<br \/>\n<\/strong>&#8211; Handgefertigte Sessel-Ottoman Kombination<br \/>\n&#8211; Sessel 70 x 45 x 36\/70 cm<br \/>\n&#8211; Ottoman 70 x 40 x 36 cm<br \/>\n&#8211; 100% nat\u00fcrliche Birkenrinde, Metallgestell pulverbeschichtet, Kordel<\/p>\n<p><em>Lieferzeit: 4-6 Wochen, hergestellt auf Bestellung<\/em><\/p>\n","protected":false},"excerpt":{"rendered":"<p><em>Lieferzeit: 6-8 Wochen, hergestellt auf Bestellung<\/em><br \/>\n<em>Vorbestellung und Termin-Absprache <span style=\"text-decoration: underline\">per <a href=\"https:\/\/moya-birchbark.com\/de\/kontakt\/\">Mail<\/a> <\/span>m\u00f6glich<\/em><\/p>\n","protected":false},"featured_media":3765,"comment_status":"open","ping_status":"closed","template":"","meta":{"inline_featured_image":false},"product_cat":[228],"product_tag":[],"class_list":["post-3764","product","type-product","status-publish","has-post-thumbnail","hentry","product_cat-nachhaltige-lounge-sessel-aus-birkenrinde"],"yoast_head":"<!-- This site is optimized with the Yoast SEO plugin v19.10 - https:\/\/yoast.com\/wordpress\/plugins\/seo\/ -->\n<title>Sibirjak - Moya Birkenrinde Lounge Sessel Komfort Tradition<\/title>\n<meta name=\"description\" content=\"Lounge Sessel Komfort Tradition \/ Lounge Sessel aus sibirischer Birkenrinde, welcher ein traditionelles Handwerk mit moderner Gestaltung kombiniert\" \/>\n<meta name=\"robots\" content=\"index, follow, max-snippet:-1, max-image-preview:large, max-video-preview:-1\" \/>\n<link rel=\"canonical\" href=\"https:\/\/moya-birchbark.com\/de\/produkt\/lounge-sessel-sibirjak\/\" \/>\n<meta property=\"og:locale\" content=\"de_DE\" \/>\n<meta property=\"og:type\" content=\"article\" \/>\n<meta property=\"og:title\" content=\"Sibirjak - Moya Birkenrinde Lounge Sessel Komfort Tradition\" \/>\n<meta property=\"og:description\" content=\"Lounge Sessel Komfort Tradition \/ Lounge Sessel aus sibirischer Birkenrinde, welcher ein traditionelles Handwerk mit moderner Gestaltung kombiniert\" \/>\n<meta property=\"og:url\" content=\"https:\/\/moya-birchbark.com\/de\/produkt\/lounge-sessel-sibirjak\/\" \/>\n<meta property=\"og:site_name\" content=\"Moya Birkenrinde\" \/>\n<meta property=\"article:modified_time\" content=\"2025-04-03T14:06:28+00:00\" \/>\n<meta property=\"og:image\" content=\"https:\/\/moya-birchbark.com\/de\/wp-content\/uploads\/sites\/4\/2019\/01\/Moya_Sibirjak_web_03.jpg\" \/>\n\t<meta property=\"og:image:width\" content=\"2000\" \/>\n\t<meta property=\"og:image:height\" content=\"1333\" \/>\n\t<meta property=\"og:image:type\" content=\"image\/jpeg\" \/>\n<meta name=\"twitter:card\" content=\"summary_large_image\" \/>\n<meta name=\"twitter:label1\" content=\"Gesch\u00e4tzte Lesezeit\" \/>\n\t<meta name=\"twitter:data1\" content=\"1\u00a0Minute\" \/>\n<script type=\"application\/ld+json\" class=\"yoast-schema-graph\">{\"@context\":\"https:\/\/schema.org\",\"@graph\":[{\"@type\":\"WebPage\",\"@id\":\"https:\/\/moya-birchbark.com\/de\/produkt\/lounge-sessel-sibirjak\/\",\"url\":\"https:\/\/moya-birchbark.com\/de\/produkt\/lounge-sessel-sibirjak\/\",\"name\":\"Sibirjak - Moya Birkenrinde Lounge Sessel Komfort Tradition\",\"isPartOf\":{\"@id\":\"https:\/\/moya-birchbark.com\/de\/#website\"},\"datePublished\":\"2019-01-18T11:53:09+00:00\",\"dateModified\":\"2025-04-03T14:06:28+00:00\",\"description\":\"Lounge Sessel Komfort Tradition \/ Lounge Sessel aus sibirischer Birkenrinde, welcher ein traditionelles Handwerk mit moderner Gestaltung kombiniert\",\"breadcrumb\":{\"@id\":\"https:\/\/moya-birchbark.com\/de\/produkt\/lounge-sessel-sibirjak\/#breadcrumb\"},\"inLanguage\":\"de\",\"potentialAction\":[{\"@type\":\"ReadAction\",\"target\":[\"https:\/\/moya-birchbark.com\/de\/produkt\/lounge-sessel-sibirjak\/\"]}]},{\"@type\":\"BreadcrumbList\",\"@id\":\"https:\/\/moya-birchbark.com\/de\/produkt\/lounge-sessel-sibirjak\/#breadcrumb\",\"itemListElement\":[{\"@type\":\"ListItem\",\"position\":1,\"name\":\"Home\",\"item\":\"https:\/\/moya-birchbark.com\/de\/\"},{\"@type\":\"ListItem\",\"position\":2,\"name\":\"Shop\",\"item\":\"https:\/\/moya-birchbark.com\/de\/shop-moya-birkenrinde\/\"},{\"@type\":\"ListItem\",\"position\":3,\"name\":\"Wohnen &amp; Wohlf\u00fchlen\",\"item\":\"https:\/\/moya-birchbark.com\/de\/produkt-kategorie\/wohnen-und-wohlfuehlen\/\"},{\"@type\":\"ListItem\",\"position\":4,\"name\":\"Sitzm\u00f6bel\",\"item\":\"https:\/\/moya-birchbark.com\/de\/produkt-kategorie\/wohnen-und-wohlfuehlen\/sitzmoebel-aus-birkenrinde-hocker-und-lounge-sessel\/\"},{\"@type\":\"ListItem\",\"position\":5,\"name\":\"Lounge Sessel\",\"item\":\"https:\/\/moya-birchbark.com\/de\/produkt-kategorie\/wohnen-und-wohlfuehlen\/sitzmoebel-aus-birkenrinde-hocker-und-lounge-sessel\/nachhaltige-lounge-sessel-aus-birkenrinde\/\"},{\"@type\":\"ListItem\",\"position\":6,\"name\":\"Sibirjak\"}]},{\"@type\":\"WebSite\",\"@id\":\"https:\/\/moya-birchbark.com\/de\/#website\",\"url\":\"https:\/\/moya-birchbark.com\/de\/\",\"name\":\"Moya Birkenrinde\",\"description\":\"MOYA Birch Bark\",\"publisher\":{\"@id\":\"https:\/\/moya-birchbark.com\/de\/#organization\"},\"potentialAction\":[{\"@type\":\"SearchAction\",\"target\":{\"@type\":\"EntryPoint\",\"urlTemplate\":\"https:\/\/moya-birchbark.com\/de\/?s={search_term_string}\"},\"query-input\":\"required name=search_term_string\"}],\"inLanguage\":\"de\"},{\"@type\":\"Organization\",\"@id\":\"https:\/\/moya-birchbark.com\/de\/#organization\",\"name\":\"Moya Birkenrinde\",\"url\":\"https:\/\/moya-birchbark.com\/de\/\",\"logo\":{\"@type\":\"ImageObject\",\"inLanguage\":\"de\",\"@id\":\"https:\/\/moya-birchbark.com\/de\/#\/schema\/logo\/image\/\",\"url\":\"https:\/\/moya-birchbark.com\/de\/wp-content\/uploads\/sites\/4\/2021\/05\/MOYA-Birch-Bark-Logo-white.png\",\"contentUrl\":\"https:\/\/moya-birchbark.com\/de\/wp-content\/uploads\/sites\/4\/2021\/05\/MOYA-Birch-Bark-Logo-white.png\",\"width\":520,\"height\":152,\"caption\":\"Moya Birkenrinde\"},\"image\":{\"@id\":\"https:\/\/moya-birchbark.com\/de\/#\/schema\/logo\/image\/\"}}]}<\/script>\n<!-- \/ Yoast SEO plugin. -->","yoast_head_json":{"title":"Sibirjak - Moya Birkenrinde Lounge Sessel Komfort Tradition","description":"Lounge Sessel Komfort Tradition \/ Lounge Sessel aus sibirischer Birkenrinde, welcher ein traditionelles Handwerk mit moderner Gestaltung kombiniert","robots":{"index":"index","follow":"follow","max-snippet":"max-snippet:-1","max-image-preview":"max-image-preview:large","max-video-preview":"max-video-preview:-1"},"canonical":"https:\/\/moya-birchbark.com\/de\/produkt\/lounge-sessel-sibirjak\/","og_locale":"de_DE","og_type":"article","og_title":"Sibirjak - Moya Birkenrinde Lounge Sessel Komfort Tradition","og_description":"Lounge Sessel Komfort Tradition \/ Lounge Sessel aus sibirischer Birkenrinde, welcher ein traditionelles Handwerk mit moderner Gestaltung kombiniert","og_url":"https:\/\/moya-birchbark.com\/de\/produkt\/lounge-sessel-sibirjak\/","og_site_name":"Moya Birkenrinde","article_modified_time":"2025-04-03T14:06:28+00:00","og_image":[{"width":2000,"height":1333,"url":"https:\/\/moya-birchbark.com\/de\/wp-content\/uploads\/sites\/4\/2019\/01\/Moya_Sibirjak_web_03.jpg","type":"image\/jpeg"}],"twitter_card":"summary_large_image","twitter_misc":{"Gesch\u00e4tzte Lesezeit":"1\u00a0Minute"},"schema":{"@context":"https:\/\/schema.org","@graph":[{"@type":"WebPage","@id":"https:\/\/moya-birchbark.com\/de\/produkt\/lounge-sessel-sibirjak\/","url":"https:\/\/moya-birchbark.com\/de\/produkt\/lounge-sessel-sibirjak\/","name":"Sibirjak - Moya Birkenrinde Lounge Sessel Komfort Tradition","isPartOf":{"@id":"https:\/\/moya-birchbark.com\/de\/#website"},"datePublished":"2019-01-18T11:53:09+00:00","dateModified":"2025-04-03T14:06:28+00:00","description":"Lounge Sessel Komfort Tradition \/ Lounge Sessel aus sibirischer Birkenrinde, welcher ein traditionelles Handwerk mit moderner Gestaltung kombiniert","breadcrumb":{"@id":"https:\/\/moya-birchbark.com\/de\/produkt\/lounge-sessel-sibirjak\/#breadcrumb"},"inLanguage":"de","potentialAction":[{"@type":"ReadAction","target":["https:\/\/moya-birchbark.com\/de\/produkt\/lounge-sessel-sibirjak\/"]}]},{"@type":"BreadcrumbList","@id":"https:\/\/moya-birchbark.com\/de\/produkt\/lounge-sessel-sibirjak\/#breadcrumb","itemListElement":[{"@type":"ListItem","position":1,"name":"Home","item":"https:\/\/moya-birchbark.com\/de\/"},{"@type":"ListItem","position":2,"name":"Shop","item":"https:\/\/moya-birchbark.com\/de\/shop-moya-birkenrinde\/"},{"@type":"ListItem","position":3,"name":"Wohnen &amp; Wohlf\u00fchlen","item":"https:\/\/moya-birchbark.com\/de\/produkt-kategorie\/wohnen-und-wohlfuehlen\/"},{"@type":"ListItem","position":4,"name":"Sitzm\u00f6bel","item":"https:\/\/moya-birchbark.com\/de\/produkt-kategorie\/wohnen-und-wohlfuehlen\/sitzmoebel-aus-birkenrinde-hocker-und-lounge-sessel\/"},{"@type":"ListItem","position":5,"name":"Lounge Sessel","item":"https:\/\/moya-birchbark.com\/de\/produkt-kategorie\/wohnen-und-wohlfuehlen\/sitzmoebel-aus-birkenrinde-hocker-und-lounge-sessel\/nachhaltige-lounge-sessel-aus-birkenrinde\/"},{"@type":"ListItem","position":6,"name":"Sibirjak"}]},{"@type":"WebSite","@id":"https:\/\/moya-birchbark.com\/de\/#website","url":"https:\/\/moya-birchbark.com\/de\/","name":"Moya Birkenrinde","description":"MOYA Birch Bark","publisher":{"@id":"https:\/\/moya-birchbark.com\/de\/#organization"},"potentialAction":[{"@type":"SearchAction","target":{"@type":"EntryPoint","urlTemplate":"https:\/\/moya-birchbark.com\/de\/?s={search_term_string}"},"query-input":"required name=search_term_string"}],"inLanguage":"de"},{"@type":"Organization","@id":"https:\/\/moya-birchbark.com\/de\/#organization","name":"Moya Birkenrinde","url":"https:\/\/moya-birchbark.com\/de\/","logo":{"@type":"ImageObject","inLanguage":"de","@id":"https:\/\/moya-birchbark.com\/de\/#\/schema\/logo\/image\/","url":"https:\/\/moya-birchbark.com\/de\/wp-content\/uploads\/sites\/4\/2021\/05\/MOYA-Birch-Bark-Logo-white.png","contentUrl":"https:\/\/moya-birchbark.com\/de\/wp-content\/uploads\/sites\/4\/2021\/05\/MOYA-Birch-Bark-Logo-white.png","width":520,"height":152,"caption":"Moya Birkenrinde"},"image":{"@id":"https:\/\/moya-birchbark.com\/de\/#\/schema\/logo\/image\/"}}]}},"_links":{"self":[{"href":"https:\/\/moya-birchbark.com\/de\/wp-json\/wp\/v2\/product\/3764","targetHints":{"allow":["GET"]}}],"collection":[{"href":"https:\/\/moya-birchbark.com\/de\/wp-json\/wp\/v2\/product"}],"about":[{"href":"https:\/\/moya-birchbark.com\/de\/wp-json\/wp\/v2\/types\/product"}],"replies":[{"embeddable":true,"href":"https:\/\/moya-birchbark.com\/de\/wp-json\/wp\/v2\/comments?post=3764"}],"wp:featuredmedia":[{"embeddable":true,"href":"https:\/\/moya-birchbark.com\/de\/wp-json\/wp\/v2\/media\/3765"}],"wp:attachment":[{"href":"https:\/\/moya-birchbark.com\/de\/wp-json\/wp\/v2\/media?parent=3764"}],"wp:term":[{"taxonomy":"product_cat","embeddable":true,"href":"https:\/\/moya-birchbark.com\/de\/wp-json\/wp\/v2\/product_cat?post=3764"},{"taxonomy":"product_tag","embeddable":true,"href":"https:\/\/moya-birchbark.com\/de\/wp-json\/wp\/v2\/product_tag?post=3764"}],"curies":[{"name":"wp","href":"https:\/\/api.w.org\/{rel}","templated":true}]}}