{"id":3656,"date":"2019-01-17T14:06:39","date_gmt":"2019-01-17T14:06:39","guid":{"rendered":"https:\/\/moya-birchbark.com\/?post_type=product&#038;p=3656"},"modified":"2024-07-21T15:24:24","modified_gmt":"2024-07-21T15:24:24","slug":"korb-zur-aufbewahrung-von-waesche-dekorativ","status":"publish","type":"product","link":"https:\/\/moya-birchbark.com\/de\/produkt\/korb-zur-aufbewahrung-von-waesche-dekorativ\/","title":{"rendered":"Korob \/ Gr\u00f6\u00dfe L"},"content":{"rendered":"<p>Aus den hellen Zwischenschichten der Birkenrinde, zelebrieren unsere Aufbewahrungsk\u00f6rbe die besondere, grafische Maserung und Farbgebung des Materials.<br \/>\nJeder Korb ist einmalig und pr\u00e4sentiert das einzigartige Erzeugnis der Natur, das wir durch kontrastreiche Akzente betonen. Egal ob im Flur, Wohnzimmer, Schlafzimmer, K\u00fcche oder im Bad zur Aufbewahrung von W\u00e4sche, der multifunktionale Korb sorgt dekorativ f\u00fcr Ordnung und Atmosph\u00e4re.<br \/>\nKorob ist in drei Gr\u00f6\u00dfen verf\u00fcgbar und somit f\u00fcr jeden Inhalt geeignet. Obst, Spielzeug, Schuhe, Kleidung oder W\u00e4sche, Decken, Kissen, Wollsocken, B\u00fccher und Zeitschriften, Garn, Schmuck, Schl\u00fcssel und vieles mehr kannst Du darin aufbewahren oder pr\u00e4sentieren.<\/p>\n<p><strong>Details<br \/>\n<\/strong>&#8211; H\u00f6he 35 cm | \u00f8 35 cm<br \/>\n&#8211; 100% nat\u00fcrliche Birkenrinde<br \/>\n&#8211; Metallgestell pulverbeschichtet \/ galvanisiert<\/p>\n","protected":false},"excerpt":{"rendered":"<p>Grafische Linien und kontrastreiche Texturen machen Deinen neuen Aufbewahrungskorb zu einem Eyecatcher in Deiner Einrichtung.<\/p>\n","protected":false},"featured_media":6240,"comment_status":"open","ping_status":"closed","template":"","meta":{"inline_featured_image":false},"product_cat":[212],"product_tag":[],"class_list":["post-3656","product","type-product","status-publish","has-post-thumbnail","hentry","product_cat-storage-baskets"],"yoast_head":"<!-- This site is optimized with the Yoast SEO plugin v19.10 - https:\/\/yoast.com\/wordpress\/plugins\/seo\/ -->\n<title>Korb zur Aufbewahrung von W\u00e4sche dekorativ - Korob - MOYA Birkenrinde<\/title>\n<meta name=\"description\" content=\"Aufbewahrung W\u00e4sche Korb dekorativ \/ Aufbewahrungskorb aus filigranem Metallrahmen und grafischer Bespannung aus Birkenrinde\" \/>\n<meta name=\"robots\" content=\"index, follow, max-snippet:-1, max-image-preview:large, max-video-preview:-1\" \/>\n<link rel=\"canonical\" href=\"https:\/\/moya-birchbark.com\/de\/produkt\/korb-zur-aufbewahrung-von-waesche-dekorativ\/\" \/>\n<meta property=\"og:locale\" content=\"de_DE\" \/>\n<meta property=\"og:type\" content=\"article\" \/>\n<meta property=\"og:title\" content=\"Korb zur Aufbewahrung von W\u00e4sche dekorativ - Korob - MOYA Birkenrinde\" \/>\n<meta property=\"og:description\" content=\"Aufbewahrung W\u00e4sche Korb dekorativ \/ Aufbewahrungskorb aus filigranem Metallrahmen und grafischer Bespannung aus Birkenrinde\" \/>\n<meta property=\"og:url\" content=\"https:\/\/moya-birchbark.com\/de\/produkt\/korb-zur-aufbewahrung-von-waesche-dekorativ\/\" \/>\n<meta property=\"og:site_name\" content=\"Moya Birkenrinde\" \/>\n<meta property=\"article:modified_time\" content=\"2024-07-21T15:24:24+00:00\" \/>\n<meta property=\"og:image\" content=\"https:\/\/moya-birchbark.com\/de\/wp-content\/uploads\/sites\/4\/2019\/05\/Moya_Korob_blue_\u00a9Frieder-Reuter_web_01-1.jpg\" \/>\n\t<meta property=\"og:image:width\" content=\"2000\" \/>\n\t<meta property=\"og:image:height\" content=\"1333\" \/>\n\t<meta property=\"og:image:type\" content=\"image\/jpeg\" \/>\n<meta name=\"twitter:card\" content=\"summary_large_image\" \/>\n<meta name=\"twitter:label1\" content=\"Gesch\u00e4tzte Lesezeit\" \/>\n\t<meta name=\"twitter:data1\" content=\"1\u00a0Minute\" \/>\n<script type=\"application\/ld+json\" class=\"yoast-schema-graph\">{\"@context\":\"https:\/\/schema.org\",\"@graph\":[{\"@type\":\"WebPage\",\"@id\":\"https:\/\/moya-birchbark.com\/de\/produkt\/korb-zur-aufbewahrung-von-waesche-dekorativ\/\",\"url\":\"https:\/\/moya-birchbark.com\/de\/produkt\/korb-zur-aufbewahrung-von-waesche-dekorativ\/\",\"name\":\"Korb zur Aufbewahrung von W\u00e4sche dekorativ - Korob - MOYA Birkenrinde\",\"isPartOf\":{\"@id\":\"https:\/\/moya-birchbark.com\/de\/#website\"},\"datePublished\":\"2019-01-17T14:06:39+00:00\",\"dateModified\":\"2024-07-21T15:24:24+00:00\",\"description\":\"Aufbewahrung W\u00e4sche Korb dekorativ \/ Aufbewahrungskorb aus filigranem Metallrahmen und grafischer Bespannung aus Birkenrinde\",\"breadcrumb\":{\"@id\":\"https:\/\/moya-birchbark.com\/de\/produkt\/korb-zur-aufbewahrung-von-waesche-dekorativ\/#breadcrumb\"},\"inLanguage\":\"de\",\"potentialAction\":[{\"@type\":\"ReadAction\",\"target\":[\"https:\/\/moya-birchbark.com\/de\/produkt\/korb-zur-aufbewahrung-von-waesche-dekorativ\/\"]}]},{\"@type\":\"BreadcrumbList\",\"@id\":\"https:\/\/moya-birchbark.com\/de\/produkt\/korb-zur-aufbewahrung-von-waesche-dekorativ\/#breadcrumb\",\"itemListElement\":[{\"@type\":\"ListItem\",\"position\":1,\"name\":\"Home\",\"item\":\"https:\/\/moya-birchbark.com\/de\/\"},{\"@type\":\"ListItem\",\"position\":2,\"name\":\"Shop\",\"item\":\"https:\/\/moya-birchbark.com\/de\/shop-moya-birkenrinde\/\"},{\"@type\":\"ListItem\",\"position\":3,\"name\":\"Wohnen &amp; Wohlf\u00fchlen\",\"item\":\"https:\/\/moya-birchbark.com\/de\/produkt-kategorie\/wohnen-und-wohlfuehlen\/\"},{\"@type\":\"ListItem\",\"position\":4,\"name\":\"K\u00f6rbe\",\"item\":\"https:\/\/moya-birchbark.com\/de\/produkt-kategorie\/wohnen-und-wohlfuehlen\/storage-baskets\/\"},{\"@type\":\"ListItem\",\"position\":5,\"name\":\"Korob \/ Gr\u00f6\u00dfe L\"}]},{\"@type\":\"WebSite\",\"@id\":\"https:\/\/moya-birchbark.com\/de\/#website\",\"url\":\"https:\/\/moya-birchbark.com\/de\/\",\"name\":\"Moya Birkenrinde\",\"description\":\"MOYA Birch Bark\",\"publisher\":{\"@id\":\"https:\/\/moya-birchbark.com\/de\/#organization\"},\"potentialAction\":[{\"@type\":\"SearchAction\",\"target\":{\"@type\":\"EntryPoint\",\"urlTemplate\":\"https:\/\/moya-birchbark.com\/de\/?s={search_term_string}\"},\"query-input\":\"required name=search_term_string\"}],\"inLanguage\":\"de\"},{\"@type\":\"Organization\",\"@id\":\"https:\/\/moya-birchbark.com\/de\/#organization\",\"name\":\"Moya Birkenrinde\",\"url\":\"https:\/\/moya-birchbark.com\/de\/\",\"logo\":{\"@type\":\"ImageObject\",\"inLanguage\":\"de\",\"@id\":\"https:\/\/moya-birchbark.com\/de\/#\/schema\/logo\/image\/\",\"url\":\"https:\/\/moya-birchbark.com\/de\/wp-content\/uploads\/sites\/4\/2021\/05\/MOYA-Birch-Bark-Logo-white.png\",\"contentUrl\":\"https:\/\/moya-birchbark.com\/de\/wp-content\/uploads\/sites\/4\/2021\/05\/MOYA-Birch-Bark-Logo-white.png\",\"width\":520,\"height\":152,\"caption\":\"Moya Birkenrinde\"},\"image\":{\"@id\":\"https:\/\/moya-birchbark.com\/de\/#\/schema\/logo\/image\/\"}}]}<\/script>\n<!-- \/ Yoast SEO plugin. -->","yoast_head_json":{"title":"Korb zur Aufbewahrung von W\u00e4sche dekorativ - Korob - MOYA Birkenrinde","description":"Aufbewahrung W\u00e4sche Korb dekorativ \/ Aufbewahrungskorb aus filigranem Metallrahmen und grafischer Bespannung aus Birkenrinde","robots":{"index":"index","follow":"follow","max-snippet":"max-snippet:-1","max-image-preview":"max-image-preview:large","max-video-preview":"max-video-preview:-1"},"canonical":"https:\/\/moya-birchbark.com\/de\/produkt\/korb-zur-aufbewahrung-von-waesche-dekorativ\/","og_locale":"de_DE","og_type":"article","og_title":"Korb zur Aufbewahrung von W\u00e4sche dekorativ - Korob - MOYA Birkenrinde","og_description":"Aufbewahrung W\u00e4sche Korb dekorativ \/ Aufbewahrungskorb aus filigranem Metallrahmen und grafischer Bespannung aus Birkenrinde","og_url":"https:\/\/moya-birchbark.com\/de\/produkt\/korb-zur-aufbewahrung-von-waesche-dekorativ\/","og_site_name":"Moya Birkenrinde","article_modified_time":"2024-07-21T15:24:24+00:00","og_image":[{"width":2000,"height":1333,"url":"https:\/\/moya-birchbark.com\/de\/wp-content\/uploads\/sites\/4\/2019\/05\/Moya_Korob_blue_\u00a9Frieder-Reuter_web_01-1.jpg","type":"image\/jpeg"}],"twitter_card":"summary_large_image","twitter_misc":{"Gesch\u00e4tzte Lesezeit":"1\u00a0Minute"},"schema":{"@context":"https:\/\/schema.org","@graph":[{"@type":"WebPage","@id":"https:\/\/moya-birchbark.com\/de\/produkt\/korb-zur-aufbewahrung-von-waesche-dekorativ\/","url":"https:\/\/moya-birchbark.com\/de\/produkt\/korb-zur-aufbewahrung-von-waesche-dekorativ\/","name":"Korb zur Aufbewahrung von W\u00e4sche dekorativ - Korob - MOYA Birkenrinde","isPartOf":{"@id":"https:\/\/moya-birchbark.com\/de\/#website"},"datePublished":"2019-01-17T14:06:39+00:00","dateModified":"2024-07-21T15:24:24+00:00","description":"Aufbewahrung W\u00e4sche Korb dekorativ \/ Aufbewahrungskorb aus filigranem Metallrahmen und grafischer Bespannung aus Birkenrinde","breadcrumb":{"@id":"https:\/\/moya-birchbark.com\/de\/produkt\/korb-zur-aufbewahrung-von-waesche-dekorativ\/#breadcrumb"},"inLanguage":"de","potentialAction":[{"@type":"ReadAction","target":["https:\/\/moya-birchbark.com\/de\/produkt\/korb-zur-aufbewahrung-von-waesche-dekorativ\/"]}]},{"@type":"BreadcrumbList","@id":"https:\/\/moya-birchbark.com\/de\/produkt\/korb-zur-aufbewahrung-von-waesche-dekorativ\/#breadcrumb","itemListElement":[{"@type":"ListItem","position":1,"name":"Home","item":"https:\/\/moya-birchbark.com\/de\/"},{"@type":"ListItem","position":2,"name":"Shop","item":"https:\/\/moya-birchbark.com\/de\/shop-moya-birkenrinde\/"},{"@type":"ListItem","position":3,"name":"Wohnen &amp; Wohlf\u00fchlen","item":"https:\/\/moya-birchbark.com\/de\/produkt-kategorie\/wohnen-und-wohlfuehlen\/"},{"@type":"ListItem","position":4,"name":"K\u00f6rbe","item":"https:\/\/moya-birchbark.com\/de\/produkt-kategorie\/wohnen-und-wohlfuehlen\/storage-baskets\/"},{"@type":"ListItem","position":5,"name":"Korob \/ Gr\u00f6\u00dfe L"}]},{"@type":"WebSite","@id":"https:\/\/moya-birchbark.com\/de\/#website","url":"https:\/\/moya-birchbark.com\/de\/","name":"Moya Birkenrinde","description":"MOYA Birch Bark","publisher":{"@id":"https:\/\/moya-birchbark.com\/de\/#organization"},"potentialAction":[{"@type":"SearchAction","target":{"@type":"EntryPoint","urlTemplate":"https:\/\/moya-birchbark.com\/de\/?s={search_term_string}"},"query-input":"required name=search_term_string"}],"inLanguage":"de"},{"@type":"Organization","@id":"https:\/\/moya-birchbark.com\/de\/#organization","name":"Moya Birkenrinde","url":"https:\/\/moya-birchbark.com\/de\/","logo":{"@type":"ImageObject","inLanguage":"de","@id":"https:\/\/moya-birchbark.com\/de\/#\/schema\/logo\/image\/","url":"https:\/\/moya-birchbark.com\/de\/wp-content\/uploads\/sites\/4\/2021\/05\/MOYA-Birch-Bark-Logo-white.png","contentUrl":"https:\/\/moya-birchbark.com\/de\/wp-content\/uploads\/sites\/4\/2021\/05\/MOYA-Birch-Bark-Logo-white.png","width":520,"height":152,"caption":"Moya Birkenrinde"},"image":{"@id":"https:\/\/moya-birchbark.com\/de\/#\/schema\/logo\/image\/"}}]}},"_links":{"self":[{"href":"https:\/\/moya-birchbark.com\/de\/wp-json\/wp\/v2\/product\/3656","targetHints":{"allow":["GET"]}}],"collection":[{"href":"https:\/\/moya-birchbark.com\/de\/wp-json\/wp\/v2\/product"}],"about":[{"href":"https:\/\/moya-birchbark.com\/de\/wp-json\/wp\/v2\/types\/product"}],"replies":[{"embeddable":true,"href":"https:\/\/moya-birchbark.com\/de\/wp-json\/wp\/v2\/comments?post=3656"}],"wp:featuredmedia":[{"embeddable":true,"href":"https:\/\/moya-birchbark.com\/de\/wp-json\/wp\/v2\/media\/6240"}],"wp:attachment":[{"href":"https:\/\/moya-birchbark.com\/de\/wp-json\/wp\/v2\/media?parent=3656"}],"wp:term":[{"taxonomy":"product_cat","embeddable":true,"href":"https:\/\/moya-birchbark.com\/de\/wp-json\/wp\/v2\/product_cat?post=3656"},{"taxonomy":"product_tag","embeddable":true,"href":"https:\/\/moya-birchbark.com\/de\/wp-json\/wp\/v2\/product_tag?post=3656"}],"curies":[{"name":"wp","href":"https:\/\/api.w.org\/{rel}","templated":true}]}}