{"id":3602,"date":"2019-01-17T10:07:10","date_gmt":"2019-01-17T10:07:10","guid":{"rendered":"https:\/\/moya-birchbark.com\/?post_type=product&#038;p=3602"},"modified":"2025-04-03T14:01:11","modified_gmt":"2025-04-03T14:01:11","slug":"taburet-hocker","status":"publish","type":"product","link":"https:\/\/moya-birchbark.com\/de\/produkt\/taburet-hocker\/","title":{"rendered":"Taburet \/ Hocker"},"content":{"rendered":"<p>Taburet bildet eine optische T\u00e4uschung und hebt durch die kontrastreichen Details und seine geometrische Formsprache die in Vergessenheit geratene Rinde hervor. Ein federnder Effekt, welcher durch die Faltung und die besonderen Eigenschaften der Birkenrinde entsteht, erm\u00f6glicht eine komfortable Sitzfl\u00e4che. Anders als im traditionellen Handwerk fertigen wir unsere Produkte aus der naturbelassenen, samtartigen Vorderseite der Birkenrinde, welche wir fl\u00e4chig einsetzen und die eine moderne Adaption der herk\u00f6mmlichen Verarbeitung darstellt. Wir arbeiten bewusst mit der hellen Zwischenschicht der Rinde, um die einzigartige, grafische Maserung und Farbgebung des Materials zu zelebrieren. Folglich ist jedes Produkt einmalig und pr\u00e4sentiert das einzigartige Erzeugnis der Natur, das wir durch kontrastreiche Akzente betonen. Hohe Qualit\u00e4t der Produkte gew\u00e4hrleisten wir durch aufw\u00e4ndige Handarbeit und sorgf\u00e4ltige Materialselektion.<\/p>\n<p>H\u00f6he 45 cm | 33 x 33 cm<br \/>\nBirkenrinde, Metallgestell pulverbeschichtet<\/p>\n<p><em>Lieferzeit 4-6 Wochen, Vorbestellung und Termin-Absprache per <a href=\"https:\/\/moya-birchbark.com\/de\/kontakt\/\">Mail<\/a> m\u00f6glich<\/em><\/p>\n","protected":false},"excerpt":{"rendered":"<p><em>Lieferzeit 4-6 Wochen, hergestellt auf Bestellung<br \/>\n<\/em><em>Vorbestellung und Termin-Absprache <span style=\"text-decoration: underline\">per <a href=\"https:\/\/moya-birchbark.com\/de\/kontakt\/\">Mail<\/a> <\/span>m\u00f6glich<\/em><\/p>\n","protected":false},"featured_media":3574,"comment_status":"open","ping_status":"closed","template":"","meta":{"inline_featured_image":false},"product_cat":[211],"product_tag":[],"class_list":["post-3602","product","type-product","status-publish","has-post-thumbnail","hentry","product_cat-sitzmoebel-aus-birkenrinde-hocker-und-lounge-sessel"],"yoast_head":"<!-- This site is optimized with the Yoast SEO plugin v19.10 - https:\/\/yoast.com\/wordpress\/plugins\/seo\/ -->\n<title>Hocker Metall 3D Geflecht - Taburet \/ Hocker - Moya Birkenrinde<\/title>\n<meta name=\"description\" content=\"Hocker Metall 3D Geflecht \/ Barhocker mit einem besonderen dreidimensionalen Geflecht aus Birkenrinde, das eine komfortable Sitzfl\u00e4che darstellt.\" \/>\n<meta name=\"robots\" content=\"index, follow, max-snippet:-1, max-image-preview:large, max-video-preview:-1\" \/>\n<link rel=\"canonical\" href=\"https:\/\/moya-birchbark.com\/de\/produkt\/taburet-hocker\/\" \/>\n<meta property=\"og:locale\" content=\"de_DE\" \/>\n<meta property=\"og:type\" content=\"article\" \/>\n<meta property=\"og:title\" content=\"Hocker Metall 3D Geflecht - Taburet \/ Hocker - Moya Birkenrinde\" \/>\n<meta property=\"og:description\" content=\"Hocker Metall 3D Geflecht \/ Barhocker mit einem besonderen dreidimensionalen Geflecht aus Birkenrinde, das eine komfortable Sitzfl\u00e4che darstellt.\" \/>\n<meta property=\"og:url\" content=\"https:\/\/moya-birchbark.com\/de\/produkt\/taburet-hocker\/\" \/>\n<meta property=\"og:site_name\" content=\"Moya Birkenrinde\" \/>\n<meta property=\"article:modified_time\" content=\"2025-04-03T14:01:11+00:00\" \/>\n<meta property=\"og:image\" content=\"https:\/\/moya-birchbark.com\/de\/wp-content\/uploads\/sites\/4\/2019\/01\/Moya_Taburet_web_07.jpg\" \/>\n\t<meta property=\"og:image:width\" content=\"2000\" \/>\n\t<meta property=\"og:image:height\" content=\"1333\" \/>\n\t<meta property=\"og:image:type\" content=\"image\/jpeg\" \/>\n<meta name=\"twitter:card\" content=\"summary_large_image\" \/>\n<meta name=\"twitter:label1\" content=\"Gesch\u00e4tzte Lesezeit\" \/>\n\t<meta name=\"twitter:data1\" content=\"1\u00a0Minute\" \/>\n<script type=\"application\/ld+json\" class=\"yoast-schema-graph\">{\"@context\":\"https:\/\/schema.org\",\"@graph\":[{\"@type\":\"WebPage\",\"@id\":\"https:\/\/moya-birchbark.com\/de\/produkt\/taburet-hocker\/\",\"url\":\"https:\/\/moya-birchbark.com\/de\/produkt\/taburet-hocker\/\",\"name\":\"Hocker Metall 3D Geflecht - Taburet \/ Hocker - Moya Birkenrinde\",\"isPartOf\":{\"@id\":\"https:\/\/moya-birchbark.com\/de\/#website\"},\"datePublished\":\"2019-01-17T10:07:10+00:00\",\"dateModified\":\"2025-04-03T14:01:11+00:00\",\"description\":\"Hocker Metall 3D Geflecht \/ Barhocker mit einem besonderen dreidimensionalen Geflecht aus Birkenrinde, das eine komfortable Sitzfl\u00e4che darstellt.\",\"breadcrumb\":{\"@id\":\"https:\/\/moya-birchbark.com\/de\/produkt\/taburet-hocker\/#breadcrumb\"},\"inLanguage\":\"de\",\"potentialAction\":[{\"@type\":\"ReadAction\",\"target\":[\"https:\/\/moya-birchbark.com\/de\/produkt\/taburet-hocker\/\"]}]},{\"@type\":\"BreadcrumbList\",\"@id\":\"https:\/\/moya-birchbark.com\/de\/produkt\/taburet-hocker\/#breadcrumb\",\"itemListElement\":[{\"@type\":\"ListItem\",\"position\":1,\"name\":\"Home\",\"item\":\"https:\/\/moya-birchbark.com\/de\/\"},{\"@type\":\"ListItem\",\"position\":2,\"name\":\"Shop\",\"item\":\"https:\/\/moya-birchbark.com\/de\/shop-moya-birkenrinde\/\"},{\"@type\":\"ListItem\",\"position\":3,\"name\":\"Wohnen &amp; Wohlf\u00fchlen\",\"item\":\"https:\/\/moya-birchbark.com\/de\/produkt-kategorie\/wohnen-und-wohlfuehlen\/\"},{\"@type\":\"ListItem\",\"position\":4,\"name\":\"Sitzm\u00f6bel\",\"item\":\"https:\/\/moya-birchbark.com\/de\/produkt-kategorie\/wohnen-und-wohlfuehlen\/sitzmoebel-aus-birkenrinde-hocker-und-lounge-sessel\/\"},{\"@type\":\"ListItem\",\"position\":5,\"name\":\"Taburet \/ Hocker\"}]},{\"@type\":\"WebSite\",\"@id\":\"https:\/\/moya-birchbark.com\/de\/#website\",\"url\":\"https:\/\/moya-birchbark.com\/de\/\",\"name\":\"Moya Birkenrinde\",\"description\":\"MOYA Birch Bark\",\"publisher\":{\"@id\":\"https:\/\/moya-birchbark.com\/de\/#organization\"},\"potentialAction\":[{\"@type\":\"SearchAction\",\"target\":{\"@type\":\"EntryPoint\",\"urlTemplate\":\"https:\/\/moya-birchbark.com\/de\/?s={search_term_string}\"},\"query-input\":\"required name=search_term_string\"}],\"inLanguage\":\"de\"},{\"@type\":\"Organization\",\"@id\":\"https:\/\/moya-birchbark.com\/de\/#organization\",\"name\":\"Moya Birkenrinde\",\"url\":\"https:\/\/moya-birchbark.com\/de\/\",\"logo\":{\"@type\":\"ImageObject\",\"inLanguage\":\"de\",\"@id\":\"https:\/\/moya-birchbark.com\/de\/#\/schema\/logo\/image\/\",\"url\":\"https:\/\/moya-birchbark.com\/de\/wp-content\/uploads\/sites\/4\/2021\/05\/MOYA-Birch-Bark-Logo-white.png\",\"contentUrl\":\"https:\/\/moya-birchbark.com\/de\/wp-content\/uploads\/sites\/4\/2021\/05\/MOYA-Birch-Bark-Logo-white.png\",\"width\":520,\"height\":152,\"caption\":\"Moya Birkenrinde\"},\"image\":{\"@id\":\"https:\/\/moya-birchbark.com\/de\/#\/schema\/logo\/image\/\"}}]}<\/script>\n<!-- \/ Yoast SEO plugin. -->","yoast_head_json":{"title":"Hocker Metall 3D Geflecht - Taburet \/ Hocker - Moya Birkenrinde","description":"Hocker Metall 3D Geflecht \/ Barhocker mit einem besonderen dreidimensionalen Geflecht aus Birkenrinde, das eine komfortable Sitzfl\u00e4che darstellt.","robots":{"index":"index","follow":"follow","max-snippet":"max-snippet:-1","max-image-preview":"max-image-preview:large","max-video-preview":"max-video-preview:-1"},"canonical":"https:\/\/moya-birchbark.com\/de\/produkt\/taburet-hocker\/","og_locale":"de_DE","og_type":"article","og_title":"Hocker Metall 3D Geflecht - Taburet \/ Hocker - Moya Birkenrinde","og_description":"Hocker Metall 3D Geflecht \/ Barhocker mit einem besonderen dreidimensionalen Geflecht aus Birkenrinde, das eine komfortable Sitzfl\u00e4che darstellt.","og_url":"https:\/\/moya-birchbark.com\/de\/produkt\/taburet-hocker\/","og_site_name":"Moya Birkenrinde","article_modified_time":"2025-04-03T14:01:11+00:00","og_image":[{"width":2000,"height":1333,"url":"https:\/\/moya-birchbark.com\/de\/wp-content\/uploads\/sites\/4\/2019\/01\/Moya_Taburet_web_07.jpg","type":"image\/jpeg"}],"twitter_card":"summary_large_image","twitter_misc":{"Gesch\u00e4tzte Lesezeit":"1\u00a0Minute"},"schema":{"@context":"https:\/\/schema.org","@graph":[{"@type":"WebPage","@id":"https:\/\/moya-birchbark.com\/de\/produkt\/taburet-hocker\/","url":"https:\/\/moya-birchbark.com\/de\/produkt\/taburet-hocker\/","name":"Hocker Metall 3D Geflecht - Taburet \/ Hocker - Moya Birkenrinde","isPartOf":{"@id":"https:\/\/moya-birchbark.com\/de\/#website"},"datePublished":"2019-01-17T10:07:10+00:00","dateModified":"2025-04-03T14:01:11+00:00","description":"Hocker Metall 3D Geflecht \/ Barhocker mit einem besonderen dreidimensionalen Geflecht aus Birkenrinde, das eine komfortable Sitzfl\u00e4che darstellt.","breadcrumb":{"@id":"https:\/\/moya-birchbark.com\/de\/produkt\/taburet-hocker\/#breadcrumb"},"inLanguage":"de","potentialAction":[{"@type":"ReadAction","target":["https:\/\/moya-birchbark.com\/de\/produkt\/taburet-hocker\/"]}]},{"@type":"BreadcrumbList","@id":"https:\/\/moya-birchbark.com\/de\/produkt\/taburet-hocker\/#breadcrumb","itemListElement":[{"@type":"ListItem","position":1,"name":"Home","item":"https:\/\/moya-birchbark.com\/de\/"},{"@type":"ListItem","position":2,"name":"Shop","item":"https:\/\/moya-birchbark.com\/de\/shop-moya-birkenrinde\/"},{"@type":"ListItem","position":3,"name":"Wohnen &amp; Wohlf\u00fchlen","item":"https:\/\/moya-birchbark.com\/de\/produkt-kategorie\/wohnen-und-wohlfuehlen\/"},{"@type":"ListItem","position":4,"name":"Sitzm\u00f6bel","item":"https:\/\/moya-birchbark.com\/de\/produkt-kategorie\/wohnen-und-wohlfuehlen\/sitzmoebel-aus-birkenrinde-hocker-und-lounge-sessel\/"},{"@type":"ListItem","position":5,"name":"Taburet \/ Hocker"}]},{"@type":"WebSite","@id":"https:\/\/moya-birchbark.com\/de\/#website","url":"https:\/\/moya-birchbark.com\/de\/","name":"Moya Birkenrinde","description":"MOYA Birch Bark","publisher":{"@id":"https:\/\/moya-birchbark.com\/de\/#organization"},"potentialAction":[{"@type":"SearchAction","target":{"@type":"EntryPoint","urlTemplate":"https:\/\/moya-birchbark.com\/de\/?s={search_term_string}"},"query-input":"required name=search_term_string"}],"inLanguage":"de"},{"@type":"Organization","@id":"https:\/\/moya-birchbark.com\/de\/#organization","name":"Moya Birkenrinde","url":"https:\/\/moya-birchbark.com\/de\/","logo":{"@type":"ImageObject","inLanguage":"de","@id":"https:\/\/moya-birchbark.com\/de\/#\/schema\/logo\/image\/","url":"https:\/\/moya-birchbark.com\/de\/wp-content\/uploads\/sites\/4\/2021\/05\/MOYA-Birch-Bark-Logo-white.png","contentUrl":"https:\/\/moya-birchbark.com\/de\/wp-content\/uploads\/sites\/4\/2021\/05\/MOYA-Birch-Bark-Logo-white.png","width":520,"height":152,"caption":"Moya Birkenrinde"},"image":{"@id":"https:\/\/moya-birchbark.com\/de\/#\/schema\/logo\/image\/"}}]}},"_links":{"self":[{"href":"https:\/\/moya-birchbark.com\/de\/wp-json\/wp\/v2\/product\/3602","targetHints":{"allow":["GET"]}}],"collection":[{"href":"https:\/\/moya-birchbark.com\/de\/wp-json\/wp\/v2\/product"}],"about":[{"href":"https:\/\/moya-birchbark.com\/de\/wp-json\/wp\/v2\/types\/product"}],"replies":[{"embeddable":true,"href":"https:\/\/moya-birchbark.com\/de\/wp-json\/wp\/v2\/comments?post=3602"}],"wp:featuredmedia":[{"embeddable":true,"href":"https:\/\/moya-birchbark.com\/de\/wp-json\/wp\/v2\/media\/3574"}],"wp:attachment":[{"href":"https:\/\/moya-birchbark.com\/de\/wp-json\/wp\/v2\/media?parent=3602"}],"wp:term":[{"taxonomy":"product_cat","embeddable":true,"href":"https:\/\/moya-birchbark.com\/de\/wp-json\/wp\/v2\/product_cat?post=3602"},{"taxonomy":"product_tag","embeddable":true,"href":"https:\/\/moya-birchbark.com\/de\/wp-json\/wp\/v2\/product_tag?post=3602"}],"curies":[{"name":"wp","href":"https:\/\/api.w.org\/{rel}","templated":true}]}}