{"id":3550,"date":"2019-01-17T08:50:51","date_gmt":"2019-01-17T08:50:51","guid":{"rendered":"https:\/\/moya-birchbark.com\/?post_type=product&#038;p=3550"},"modified":"2024-06-11T08:27:56","modified_gmt":"2024-06-11T08:27:56","slug":"birkenstamm-deko-birkenrinde-wandverkleidung-holz-wandbild-dekorativ","status":"publish","type":"product","link":"https:\/\/moya-birchbark.com\/de\/produkt\/birkenstamm-deko-birkenrinde-wandverkleidung-holz-wandbild-dekorativ\/","title":{"rendered":"Wandbild aus Birkenrinde gesch\u00e4lt \/ klein"},"content":{"rendered":"<p>Die unendlichen Sibirischen W\u00e4lder sind die unersch\u00f6pfliche Quelle der Inspiration von MOYA. Unsere Wandbilder aus nat\u00fcrlicher Birkenrinde bringen Euch innerhalb weniger Sekunden dort hin: In eine Wildnis voller krautiger Ger\u00fcche, wilder Beeren und knisternder Kiefernnadeln am Boden. Ein nat\u00fcrliches Raumklima und Waldgef\u00fchl bei Dir Zuhause.<\/p>\n<p>Jedes Wandbild ist einzigartig, so wie die B\u00e4ume, von denen die Birkenrinde nachhaltig geerntet wird. Wie Gem\u00e4lde dekorieren sie Deine Einrichtung und bringen die nat\u00fcrliche Sch\u00f6nheit des Materials mit seiner grafischen Maserung zur Geltung. Ein besonderer Wandschmuck, der durch die einfache, integrierte Aufh\u00e4ngung an der R\u00fcckseite, in Minutenschnelle seinen Platz an der Wand findet. Schaffe einzelne Hingucker, durch die Natur inspirierte Wand Collagen oder setze Akzente mit den farbigen Kanten: es war noch nie einfacher den sibirischen Wald in Deine Einrichtung zu integrieren.<\/p>\n<p>Details<br \/>\n&#8211; Gr\u00f6\u00dfe: 26,4 x 39,6 x 1,5 cm<br \/>\n&#8211; Helle Zwischenschichten der Rinde (gesch\u00e4lt) ohne jegliche Beschichtung<br \/>\n&#8211; Integrierte Aufh\u00e4ngung an der R\u00fcckseite des Holztr\u00e4gers (vertikale Ausrichtung)<br \/>\n&#8211; Farbige Kanten: ABS Kanten von EGGER<\/p>\n<p>&nbsp;<\/p>\n","protected":false},"excerpt":{"rendered":"<p>Wie ein Gem\u00e4lde dekoriert die grafische \u00c4sthetik der Birkenrinde den Raum und bringt die unendlichen Sibirischen W\u00e4lder in Dein Zuhause.<\/p>\n","protected":false},"featured_media":6371,"comment_status":"open","ping_status":"closed","template":"","meta":{"inline_featured_image":false},"product_cat":[359,229],"product_tag":[],"class_list":["post-3550","product","type-product","status-publish","has-post-thumbnail","hentry","product_cat-wohnen-und-wohlfuehlen","product_cat-wand-paneele"],"yoast_head":"<!-- This site is optimized with the Yoast SEO plugin v19.10 - https:\/\/yoast.com\/wordpress\/plugins\/seo\/ -->\n<title>Birkenstamm Deko - Birkenrinde Wandverkleidung - KLEIN GESCH\u00c4LT<\/title>\n<meta name=\"description\" content=\"Birkenstamm Deko - Birkenrinde Wandverkleidung - Holz Wandbild dekorativ als Dekoration im Schlafzimmer, Wohnzimmer oder Esszimmer\" \/>\n<meta name=\"robots\" content=\"index, follow, max-snippet:-1, max-image-preview:large, max-video-preview:-1\" \/>\n<link rel=\"canonical\" href=\"https:\/\/moya-birchbark.com\/de\/produkt\/birkenstamm-deko-birkenrinde-wandverkleidung-holz-wandbild-dekorativ\/\" \/>\n<meta property=\"og:locale\" content=\"de_DE\" \/>\n<meta property=\"og:type\" content=\"article\" \/>\n<meta property=\"og:title\" content=\"Birkenstamm Deko - Birkenrinde Wandverkleidung - KLEIN GESCH\u00c4LT\" \/>\n<meta property=\"og:description\" content=\"Birkenstamm Deko - Birkenrinde Wandverkleidung - Holz Wandbild dekorativ als Dekoration im Schlafzimmer, Wohnzimmer oder Esszimmer\" \/>\n<meta property=\"og:url\" content=\"https:\/\/moya-birchbark.com\/de\/produkt\/birkenstamm-deko-birkenrinde-wandverkleidung-holz-wandbild-dekorativ\/\" \/>\n<meta property=\"og:site_name\" content=\"Moya Birkenrinde\" \/>\n<meta property=\"article:modified_time\" content=\"2024-06-11T08:27:56+00:00\" \/>\n<meta property=\"og:image\" content=\"https:\/\/moya-birchbark.com\/de\/wp-content\/uploads\/sites\/4\/2019\/01\/Moya_Panele_cFrieder-Reuter_03.jpg\" \/>\n\t<meta property=\"og:image:width\" content=\"2000\" \/>\n\t<meta property=\"og:image:height\" content=\"1336\" \/>\n\t<meta property=\"og:image:type\" content=\"image\/jpeg\" \/>\n<meta name=\"twitter:card\" content=\"summary_large_image\" \/>\n<meta name=\"twitter:label1\" content=\"Gesch\u00e4tzte Lesezeit\" \/>\n\t<meta name=\"twitter:data1\" content=\"1\u00a0Minute\" \/>\n<script type=\"application\/ld+json\" class=\"yoast-schema-graph\">{\"@context\":\"https:\/\/schema.org\",\"@graph\":[{\"@type\":\"WebPage\",\"@id\":\"https:\/\/moya-birchbark.com\/de\/produkt\/birkenstamm-deko-birkenrinde-wandverkleidung-holz-wandbild-dekorativ\/\",\"url\":\"https:\/\/moya-birchbark.com\/de\/produkt\/birkenstamm-deko-birkenrinde-wandverkleidung-holz-wandbild-dekorativ\/\",\"name\":\"Birkenstamm Deko - Birkenrinde Wandverkleidung - KLEIN GESCH\u00c4LT\",\"isPartOf\":{\"@id\":\"https:\/\/moya-birchbark.com\/de\/#website\"},\"datePublished\":\"2019-01-17T08:50:51+00:00\",\"dateModified\":\"2024-06-11T08:27:56+00:00\",\"description\":\"Birkenstamm Deko - Birkenrinde Wandverkleidung - Holz Wandbild dekorativ als Dekoration im Schlafzimmer, Wohnzimmer oder Esszimmer\",\"breadcrumb\":{\"@id\":\"https:\/\/moya-birchbark.com\/de\/produkt\/birkenstamm-deko-birkenrinde-wandverkleidung-holz-wandbild-dekorativ\/#breadcrumb\"},\"inLanguage\":\"de\",\"potentialAction\":[{\"@type\":\"ReadAction\",\"target\":[\"https:\/\/moya-birchbark.com\/de\/produkt\/birkenstamm-deko-birkenrinde-wandverkleidung-holz-wandbild-dekorativ\/\"]}]},{\"@type\":\"BreadcrumbList\",\"@id\":\"https:\/\/moya-birchbark.com\/de\/produkt\/birkenstamm-deko-birkenrinde-wandverkleidung-holz-wandbild-dekorativ\/#breadcrumb\",\"itemListElement\":[{\"@type\":\"ListItem\",\"position\":1,\"name\":\"Home\",\"item\":\"https:\/\/moya-birchbark.com\/de\/\"},{\"@type\":\"ListItem\",\"position\":2,\"name\":\"Shop\",\"item\":\"https:\/\/moya-birchbark.com\/de\/shop-moya-birkenrinde\/\"},{\"@type\":\"ListItem\",\"position\":3,\"name\":\"Wohnen &amp; Wohlf\u00fchlen\",\"item\":\"https:\/\/moya-birchbark.com\/de\/produkt-kategorie\/wohnen-und-wohlfuehlen\/\"},{\"@type\":\"ListItem\",\"position\":4,\"name\":\"Wandbild aus Birkenrinde gesch\u00e4lt \/ klein\"}]},{\"@type\":\"WebSite\",\"@id\":\"https:\/\/moya-birchbark.com\/de\/#website\",\"url\":\"https:\/\/moya-birchbark.com\/de\/\",\"name\":\"Moya Birkenrinde\",\"description\":\"MOYA Birch Bark\",\"publisher\":{\"@id\":\"https:\/\/moya-birchbark.com\/de\/#organization\"},\"potentialAction\":[{\"@type\":\"SearchAction\",\"target\":{\"@type\":\"EntryPoint\",\"urlTemplate\":\"https:\/\/moya-birchbark.com\/de\/?s={search_term_string}\"},\"query-input\":\"required name=search_term_string\"}],\"inLanguage\":\"de\"},{\"@type\":\"Organization\",\"@id\":\"https:\/\/moya-birchbark.com\/de\/#organization\",\"name\":\"Moya Birkenrinde\",\"url\":\"https:\/\/moya-birchbark.com\/de\/\",\"logo\":{\"@type\":\"ImageObject\",\"inLanguage\":\"de\",\"@id\":\"https:\/\/moya-birchbark.com\/de\/#\/schema\/logo\/image\/\",\"url\":\"https:\/\/moya-birchbark.com\/de\/wp-content\/uploads\/sites\/4\/2021\/05\/MOYA-Birch-Bark-Logo-white.png\",\"contentUrl\":\"https:\/\/moya-birchbark.com\/de\/wp-content\/uploads\/sites\/4\/2021\/05\/MOYA-Birch-Bark-Logo-white.png\",\"width\":520,\"height\":152,\"caption\":\"Moya Birkenrinde\"},\"image\":{\"@id\":\"https:\/\/moya-birchbark.com\/de\/#\/schema\/logo\/image\/\"}}]}<\/script>\n<!-- \/ Yoast SEO plugin. -->","yoast_head_json":{"title":"Birkenstamm Deko - Birkenrinde Wandverkleidung - KLEIN GESCH\u00c4LT","description":"Birkenstamm Deko - Birkenrinde Wandverkleidung - Holz Wandbild dekorativ als Dekoration im Schlafzimmer, Wohnzimmer oder Esszimmer","robots":{"index":"index","follow":"follow","max-snippet":"max-snippet:-1","max-image-preview":"max-image-preview:large","max-video-preview":"max-video-preview:-1"},"canonical":"https:\/\/moya-birchbark.com\/de\/produkt\/birkenstamm-deko-birkenrinde-wandverkleidung-holz-wandbild-dekorativ\/","og_locale":"de_DE","og_type":"article","og_title":"Birkenstamm Deko - Birkenrinde Wandverkleidung - KLEIN GESCH\u00c4LT","og_description":"Birkenstamm Deko - Birkenrinde Wandverkleidung - Holz Wandbild dekorativ als Dekoration im Schlafzimmer, Wohnzimmer oder Esszimmer","og_url":"https:\/\/moya-birchbark.com\/de\/produkt\/birkenstamm-deko-birkenrinde-wandverkleidung-holz-wandbild-dekorativ\/","og_site_name":"Moya Birkenrinde","article_modified_time":"2024-06-11T08:27:56+00:00","og_image":[{"width":2000,"height":1336,"url":"https:\/\/moya-birchbark.com\/de\/wp-content\/uploads\/sites\/4\/2019\/01\/Moya_Panele_cFrieder-Reuter_03.jpg","type":"image\/jpeg"}],"twitter_card":"summary_large_image","twitter_misc":{"Gesch\u00e4tzte Lesezeit":"1\u00a0Minute"},"schema":{"@context":"https:\/\/schema.org","@graph":[{"@type":"WebPage","@id":"https:\/\/moya-birchbark.com\/de\/produkt\/birkenstamm-deko-birkenrinde-wandverkleidung-holz-wandbild-dekorativ\/","url":"https:\/\/moya-birchbark.com\/de\/produkt\/birkenstamm-deko-birkenrinde-wandverkleidung-holz-wandbild-dekorativ\/","name":"Birkenstamm Deko - Birkenrinde Wandverkleidung - KLEIN GESCH\u00c4LT","isPartOf":{"@id":"https:\/\/moya-birchbark.com\/de\/#website"},"datePublished":"2019-01-17T08:50:51+00:00","dateModified":"2024-06-11T08:27:56+00:00","description":"Birkenstamm Deko - Birkenrinde Wandverkleidung - Holz Wandbild dekorativ als Dekoration im Schlafzimmer, Wohnzimmer oder Esszimmer","breadcrumb":{"@id":"https:\/\/moya-birchbark.com\/de\/produkt\/birkenstamm-deko-birkenrinde-wandverkleidung-holz-wandbild-dekorativ\/#breadcrumb"},"inLanguage":"de","potentialAction":[{"@type":"ReadAction","target":["https:\/\/moya-birchbark.com\/de\/produkt\/birkenstamm-deko-birkenrinde-wandverkleidung-holz-wandbild-dekorativ\/"]}]},{"@type":"BreadcrumbList","@id":"https:\/\/moya-birchbark.com\/de\/produkt\/birkenstamm-deko-birkenrinde-wandverkleidung-holz-wandbild-dekorativ\/#breadcrumb","itemListElement":[{"@type":"ListItem","position":1,"name":"Home","item":"https:\/\/moya-birchbark.com\/de\/"},{"@type":"ListItem","position":2,"name":"Shop","item":"https:\/\/moya-birchbark.com\/de\/shop-moya-birkenrinde\/"},{"@type":"ListItem","position":3,"name":"Wohnen &amp; Wohlf\u00fchlen","item":"https:\/\/moya-birchbark.com\/de\/produkt-kategorie\/wohnen-und-wohlfuehlen\/"},{"@type":"ListItem","position":4,"name":"Wandbild aus Birkenrinde gesch\u00e4lt \/ klein"}]},{"@type":"WebSite","@id":"https:\/\/moya-birchbark.com\/de\/#website","url":"https:\/\/moya-birchbark.com\/de\/","name":"Moya Birkenrinde","description":"MOYA Birch Bark","publisher":{"@id":"https:\/\/moya-birchbark.com\/de\/#organization"},"potentialAction":[{"@type":"SearchAction","target":{"@type":"EntryPoint","urlTemplate":"https:\/\/moya-birchbark.com\/de\/?s={search_term_string}"},"query-input":"required name=search_term_string"}],"inLanguage":"de"},{"@type":"Organization","@id":"https:\/\/moya-birchbark.com\/de\/#organization","name":"Moya Birkenrinde","url":"https:\/\/moya-birchbark.com\/de\/","logo":{"@type":"ImageObject","inLanguage":"de","@id":"https:\/\/moya-birchbark.com\/de\/#\/schema\/logo\/image\/","url":"https:\/\/moya-birchbark.com\/de\/wp-content\/uploads\/sites\/4\/2021\/05\/MOYA-Birch-Bark-Logo-white.png","contentUrl":"https:\/\/moya-birchbark.com\/de\/wp-content\/uploads\/sites\/4\/2021\/05\/MOYA-Birch-Bark-Logo-white.png","width":520,"height":152,"caption":"Moya Birkenrinde"},"image":{"@id":"https:\/\/moya-birchbark.com\/de\/#\/schema\/logo\/image\/"}}]}},"_links":{"self":[{"href":"https:\/\/moya-birchbark.com\/de\/wp-json\/wp\/v2\/product\/3550","targetHints":{"allow":["GET"]}}],"collection":[{"href":"https:\/\/moya-birchbark.com\/de\/wp-json\/wp\/v2\/product"}],"about":[{"href":"https:\/\/moya-birchbark.com\/de\/wp-json\/wp\/v2\/types\/product"}],"replies":[{"embeddable":true,"href":"https:\/\/moya-birchbark.com\/de\/wp-json\/wp\/v2\/comments?post=3550"}],"wp:featuredmedia":[{"embeddable":true,"href":"https:\/\/moya-birchbark.com\/de\/wp-json\/wp\/v2\/media\/6371"}],"wp:attachment":[{"href":"https:\/\/moya-birchbark.com\/de\/wp-json\/wp\/v2\/media?parent=3550"}],"wp:term":[{"taxonomy":"product_cat","embeddable":true,"href":"https:\/\/moya-birchbark.com\/de\/wp-json\/wp\/v2\/product_cat?post=3550"},{"taxonomy":"product_tag","embeddable":true,"href":"https:\/\/moya-birchbark.com\/de\/wp-json\/wp\/v2\/product_tag?post=3550"}],"curies":[{"name":"wp","href":"https:\/\/api.w.org\/{rel}","templated":true}]}}