{"id":3433,"date":"2019-01-16T20:16:08","date_gmt":"2019-01-16T20:16:08","guid":{"rendered":"https:\/\/moya-birchbark.com\/?post_type=product&#038;p=3433"},"modified":"2024-07-10T09:22:37","modified_gmt":"2024-07-10T09:22:37","slug":"brot-kasten-aus-birkenrinde-klein-mit-schneidbrett","status":"publish","type":"product","link":"https:\/\/moya-birchbark.com\/de\/produkt\/brot-kasten-aus-birkenrinde-klein-mit-schneidbrett\/","title":{"rendered":"Brotkasten aus Birkenrinde \/ klein mit Schneidbrett"},"content":{"rendered":"<p><strong>Ein Brotkasten aus Birkenrinde<\/strong><br \/>\n\u2013 h\u00e4lt Dein Brot auf nat\u00fcrliche Weise l\u00e4nger frisch<br \/>\n\u2013 ist antibakteriell, isolierend, feuchtigkeitsabweisend, leicht<br \/>\n\u2013 ist robust und besonders langlebig<br \/>\n\u2013 ben\u00f6tigt keine besondere Pflege, wie andere Naturmaterialien<br \/>\n\u2013 ist leicht zu Reinigen, sogar unter flie\u00dfendem Wasser abwaschbar<br \/>\n\u2013 bereitet lange und t\u00e4glich Freude und kann als Erbst\u00fcck sogar Generationen \u00fcberdauern<\/p>\n<p>Durch die nat\u00fcrlich enthaltenen \u00e4therischen \u00d6le und die antiseptische Wirkung der Rinde, bildet sich das perfekte Klima, um Dein Brot vor dem Austrocknen und Schimmelbefall zu sch\u00fctzen und somit l\u00e4nger frisch zu halten. Der Brotkasten ist in zwei Gr\u00f6\u00dfen verf\u00fcgbar. Die kleinere, als Brotglocke konzipierte Gr\u00f6\u00dfe hat ein integriertes Schneidebrett, das auch als Deckel dient. Beide sind perfekt zum Aufbewahren oder Servieren von Deinem Brot und Backwaren geeignet.<\/p>\n<p><strong>Details<\/strong><br \/>\n\u2013 Gr\u00f6\u00dfe: H\u00f6he 13 cm | \u00f8 23 cm<br \/>\n\u2013 100% nat\u00fcrliche Birkenrinde ohne jegliche Zusatzstoffe<br \/>\n&#8211; Schneidbrett \/ Deckel: Corian<\/p>\n","protected":false},"excerpt":{"rendered":"<p>Der Brotkasten aus samtweicher und <strong>100% nat\u00fcrlicher Birkenrinde<\/strong> ist multifunktional und\u00a0h\u00e4lt Dein Brot aufgrund seiner Beschaffenheit besonders <strong>lange frisch<\/strong>. Mit jedem liebevoll <strong>handgefertigten <\/strong>Unikat holst Du Dir eine Jahrtausende alte<strong> Tradition<\/strong> nach Hause.<\/p>\n","protected":false},"featured_media":6579,"comment_status":"open","ping_status":"closed","template":"","meta":{"inline_featured_image":false},"product_cat":[360,237],"product_tag":[],"class_list":["post-3433","product","type-product","status-publish","has-post-thumbnail","hentry","product_cat-aufbewahren-und-frischhalten","product_cat-brotkasten-aus-birkenrinde"],"yoast_head":"<!-- This site is optimized with the Yoast SEO plugin v19.10 - https:\/\/yoast.com\/wordpress\/plugins\/seo\/ -->\n<title>Brotkasten aus Birkenrinde \/ klein mit Schneidbrett - Moya Birkenrinde<\/title>\n<meta name=\"description\" content=\"Brotbox Natur Birke antiseptisch \/ der kleine Brottopf aus Birkenrinde ist ein Hingucker auf dem Esstisch &amp; h\u00e4lt Brot l\u00e4nger frisch und schimmelfrei.\" \/>\n<meta name=\"robots\" content=\"index, follow, max-snippet:-1, max-image-preview:large, max-video-preview:-1\" \/>\n<link rel=\"canonical\" href=\"https:\/\/moya-birchbark.com\/de\/produkt\/brot-kasten-aus-birkenrinde-klein-mit-schneidbrett\/\" \/>\n<meta property=\"og:locale\" content=\"de_DE\" \/>\n<meta property=\"og:type\" content=\"article\" \/>\n<meta property=\"og:title\" content=\"Brotkasten aus Birkenrinde \/ klein mit Schneidbrett - Moya Birkenrinde\" \/>\n<meta property=\"og:description\" content=\"Brotbox Natur Birke antiseptisch \/ der kleine Brottopf aus Birkenrinde ist ein Hingucker auf dem Esstisch &amp; h\u00e4lt Brot l\u00e4nger frisch und schimmelfrei.\" \/>\n<meta property=\"og:url\" content=\"https:\/\/moya-birchbark.com\/de\/produkt\/brot-kasten-aus-birkenrinde-klein-mit-schneidbrett\/\" \/>\n<meta property=\"og:site_name\" content=\"Moya Birkenrinde\" \/>\n<meta property=\"article:modified_time\" content=\"2024-07-10T09:22:37+00:00\" \/>\n<meta property=\"og:image\" content=\"https:\/\/moya-birchbark.com\/de\/wp-content\/uploads\/sites\/4\/2019\/01\/Brotkasten-Brotdose-Birkenrinde-Natur-Birke-Holz-schimmelfrei-03.jpg\" \/>\n\t<meta property=\"og:image:width\" content=\"1999\" \/>\n\t<meta property=\"og:image:height\" content=\"1333\" \/>\n\t<meta property=\"og:image:type\" content=\"image\/jpeg\" \/>\n<meta name=\"twitter:card\" content=\"summary_large_image\" \/>\n<meta name=\"twitter:label1\" content=\"Gesch\u00e4tzte Lesezeit\" \/>\n\t<meta name=\"twitter:data1\" content=\"1\u00a0Minute\" \/>\n<script type=\"application\/ld+json\" class=\"yoast-schema-graph\">{\"@context\":\"https:\/\/schema.org\",\"@graph\":[{\"@type\":\"WebPage\",\"@id\":\"https:\/\/moya-birchbark.com\/de\/produkt\/brot-kasten-aus-birkenrinde-klein-mit-schneidbrett\/\",\"url\":\"https:\/\/moya-birchbark.com\/de\/produkt\/brot-kasten-aus-birkenrinde-klein-mit-schneidbrett\/\",\"name\":\"Brotkasten aus Birkenrinde \/ klein mit Schneidbrett - Moya Birkenrinde\",\"isPartOf\":{\"@id\":\"https:\/\/moya-birchbark.com\/de\/#website\"},\"datePublished\":\"2019-01-16T20:16:08+00:00\",\"dateModified\":\"2024-07-10T09:22:37+00:00\",\"description\":\"Brotbox Natur Birke antiseptisch \/ der kleine Brottopf aus Birkenrinde ist ein Hingucker auf dem Esstisch & h\u00e4lt Brot l\u00e4nger frisch und schimmelfrei.\",\"breadcrumb\":{\"@id\":\"https:\/\/moya-birchbark.com\/de\/produkt\/brot-kasten-aus-birkenrinde-klein-mit-schneidbrett\/#breadcrumb\"},\"inLanguage\":\"de\",\"potentialAction\":[{\"@type\":\"ReadAction\",\"target\":[\"https:\/\/moya-birchbark.com\/de\/produkt\/brot-kasten-aus-birkenrinde-klein-mit-schneidbrett\/\"]}]},{\"@type\":\"BreadcrumbList\",\"@id\":\"https:\/\/moya-birchbark.com\/de\/produkt\/brot-kasten-aus-birkenrinde-klein-mit-schneidbrett\/#breadcrumb\",\"itemListElement\":[{\"@type\":\"ListItem\",\"position\":1,\"name\":\"Home\",\"item\":\"https:\/\/moya-birchbark.com\/de\/\"},{\"@type\":\"ListItem\",\"position\":2,\"name\":\"Shop\",\"item\":\"https:\/\/moya-birchbark.com\/de\/shop-moya-birkenrinde\/\"},{\"@type\":\"ListItem\",\"position\":3,\"name\":\"Aufbewahren &amp; Frischhalten\",\"item\":\"https:\/\/moya-birchbark.com\/de\/produkt-kategorie\/aufbewahren-und-frischhalten\/\"},{\"@type\":\"ListItem\",\"position\":4,\"name\":\"Brotkasten aus Birkenrinde \/ klein mit Schneidbrett\"}]},{\"@type\":\"WebSite\",\"@id\":\"https:\/\/moya-birchbark.com\/de\/#website\",\"url\":\"https:\/\/moya-birchbark.com\/de\/\",\"name\":\"Moya Birkenrinde\",\"description\":\"MOYA Birch Bark\",\"publisher\":{\"@id\":\"https:\/\/moya-birchbark.com\/de\/#organization\"},\"potentialAction\":[{\"@type\":\"SearchAction\",\"target\":{\"@type\":\"EntryPoint\",\"urlTemplate\":\"https:\/\/moya-birchbark.com\/de\/?s={search_term_string}\"},\"query-input\":\"required name=search_term_string\"}],\"inLanguage\":\"de\"},{\"@type\":\"Organization\",\"@id\":\"https:\/\/moya-birchbark.com\/de\/#organization\",\"name\":\"Moya Birkenrinde\",\"url\":\"https:\/\/moya-birchbark.com\/de\/\",\"logo\":{\"@type\":\"ImageObject\",\"inLanguage\":\"de\",\"@id\":\"https:\/\/moya-birchbark.com\/de\/#\/schema\/logo\/image\/\",\"url\":\"https:\/\/moya-birchbark.com\/de\/wp-content\/uploads\/sites\/4\/2021\/05\/MOYA-Birch-Bark-Logo-white.png\",\"contentUrl\":\"https:\/\/moya-birchbark.com\/de\/wp-content\/uploads\/sites\/4\/2021\/05\/MOYA-Birch-Bark-Logo-white.png\",\"width\":520,\"height\":152,\"caption\":\"Moya Birkenrinde\"},\"image\":{\"@id\":\"https:\/\/moya-birchbark.com\/de\/#\/schema\/logo\/image\/\"}}]}<\/script>\n<!-- \/ Yoast SEO plugin. -->","yoast_head_json":{"title":"Brotkasten aus Birkenrinde \/ klein mit Schneidbrett - Moya Birkenrinde","description":"Brotbox Natur Birke antiseptisch \/ der kleine Brottopf aus Birkenrinde ist ein Hingucker auf dem Esstisch & h\u00e4lt Brot l\u00e4nger frisch und schimmelfrei.","robots":{"index":"index","follow":"follow","max-snippet":"max-snippet:-1","max-image-preview":"max-image-preview:large","max-video-preview":"max-video-preview:-1"},"canonical":"https:\/\/moya-birchbark.com\/de\/produkt\/brot-kasten-aus-birkenrinde-klein-mit-schneidbrett\/","og_locale":"de_DE","og_type":"article","og_title":"Brotkasten aus Birkenrinde \/ klein mit Schneidbrett - Moya Birkenrinde","og_description":"Brotbox Natur Birke antiseptisch \/ der kleine Brottopf aus Birkenrinde ist ein Hingucker auf dem Esstisch & h\u00e4lt Brot l\u00e4nger frisch und schimmelfrei.","og_url":"https:\/\/moya-birchbark.com\/de\/produkt\/brot-kasten-aus-birkenrinde-klein-mit-schneidbrett\/","og_site_name":"Moya Birkenrinde","article_modified_time":"2024-07-10T09:22:37+00:00","og_image":[{"width":1999,"height":1333,"url":"https:\/\/moya-birchbark.com\/de\/wp-content\/uploads\/sites\/4\/2019\/01\/Brotkasten-Brotdose-Birkenrinde-Natur-Birke-Holz-schimmelfrei-03.jpg","type":"image\/jpeg"}],"twitter_card":"summary_large_image","twitter_misc":{"Gesch\u00e4tzte Lesezeit":"1\u00a0Minute"},"schema":{"@context":"https:\/\/schema.org","@graph":[{"@type":"WebPage","@id":"https:\/\/moya-birchbark.com\/de\/produkt\/brot-kasten-aus-birkenrinde-klein-mit-schneidbrett\/","url":"https:\/\/moya-birchbark.com\/de\/produkt\/brot-kasten-aus-birkenrinde-klein-mit-schneidbrett\/","name":"Brotkasten aus Birkenrinde \/ klein mit Schneidbrett - Moya Birkenrinde","isPartOf":{"@id":"https:\/\/moya-birchbark.com\/de\/#website"},"datePublished":"2019-01-16T20:16:08+00:00","dateModified":"2024-07-10T09:22:37+00:00","description":"Brotbox Natur Birke antiseptisch \/ der kleine Brottopf aus Birkenrinde ist ein Hingucker auf dem Esstisch & h\u00e4lt Brot l\u00e4nger frisch und schimmelfrei.","breadcrumb":{"@id":"https:\/\/moya-birchbark.com\/de\/produkt\/brot-kasten-aus-birkenrinde-klein-mit-schneidbrett\/#breadcrumb"},"inLanguage":"de","potentialAction":[{"@type":"ReadAction","target":["https:\/\/moya-birchbark.com\/de\/produkt\/brot-kasten-aus-birkenrinde-klein-mit-schneidbrett\/"]}]},{"@type":"BreadcrumbList","@id":"https:\/\/moya-birchbark.com\/de\/produkt\/brot-kasten-aus-birkenrinde-klein-mit-schneidbrett\/#breadcrumb","itemListElement":[{"@type":"ListItem","position":1,"name":"Home","item":"https:\/\/moya-birchbark.com\/de\/"},{"@type":"ListItem","position":2,"name":"Shop","item":"https:\/\/moya-birchbark.com\/de\/shop-moya-birkenrinde\/"},{"@type":"ListItem","position":3,"name":"Aufbewahren &amp; Frischhalten","item":"https:\/\/moya-birchbark.com\/de\/produkt-kategorie\/aufbewahren-und-frischhalten\/"},{"@type":"ListItem","position":4,"name":"Brotkasten aus Birkenrinde \/ klein mit Schneidbrett"}]},{"@type":"WebSite","@id":"https:\/\/moya-birchbark.com\/de\/#website","url":"https:\/\/moya-birchbark.com\/de\/","name":"Moya Birkenrinde","description":"MOYA Birch Bark","publisher":{"@id":"https:\/\/moya-birchbark.com\/de\/#organization"},"potentialAction":[{"@type":"SearchAction","target":{"@type":"EntryPoint","urlTemplate":"https:\/\/moya-birchbark.com\/de\/?s={search_term_string}"},"query-input":"required name=search_term_string"}],"inLanguage":"de"},{"@type":"Organization","@id":"https:\/\/moya-birchbark.com\/de\/#organization","name":"Moya Birkenrinde","url":"https:\/\/moya-birchbark.com\/de\/","logo":{"@type":"ImageObject","inLanguage":"de","@id":"https:\/\/moya-birchbark.com\/de\/#\/schema\/logo\/image\/","url":"https:\/\/moya-birchbark.com\/de\/wp-content\/uploads\/sites\/4\/2021\/05\/MOYA-Birch-Bark-Logo-white.png","contentUrl":"https:\/\/moya-birchbark.com\/de\/wp-content\/uploads\/sites\/4\/2021\/05\/MOYA-Birch-Bark-Logo-white.png","width":520,"height":152,"caption":"Moya Birkenrinde"},"image":{"@id":"https:\/\/moya-birchbark.com\/de\/#\/schema\/logo\/image\/"}}]}},"_links":{"self":[{"href":"https:\/\/moya-birchbark.com\/de\/wp-json\/wp\/v2\/product\/3433","targetHints":{"allow":["GET"]}}],"collection":[{"href":"https:\/\/moya-birchbark.com\/de\/wp-json\/wp\/v2\/product"}],"about":[{"href":"https:\/\/moya-birchbark.com\/de\/wp-json\/wp\/v2\/types\/product"}],"replies":[{"embeddable":true,"href":"https:\/\/moya-birchbark.com\/de\/wp-json\/wp\/v2\/comments?post=3433"}],"wp:featuredmedia":[{"embeddable":true,"href":"https:\/\/moya-birchbark.com\/de\/wp-json\/wp\/v2\/media\/6579"}],"wp:attachment":[{"href":"https:\/\/moya-birchbark.com\/de\/wp-json\/wp\/v2\/media?parent=3433"}],"wp:term":[{"taxonomy":"product_cat","embeddable":true,"href":"https:\/\/moya-birchbark.com\/de\/wp-json\/wp\/v2\/product_cat?post=3433"},{"taxonomy":"product_tag","embeddable":true,"href":"https:\/\/moya-birchbark.com\/de\/wp-json\/wp\/v2\/product_tag?post=3433"}],"curies":[{"name":"wp","href":"https:\/\/api.w.org\/{rel}","templated":true}]}}