{"id":3398,"date":"2019-06-16T10:33:22","date_gmt":"2019-06-16T10:33:22","guid":{"rendered":"https:\/\/moya-birchbark.com\/?post_type=product&#038;p=3398"},"modified":"2025-10-27T14:41:42","modified_gmt":"2025-10-27T14:41:42","slug":"wald-wand-deko-natur-birke-wandpaneele-aus-birkenrinde","status":"publish","type":"product","link":"https:\/\/moya-birchbark.com\/de\/produkt\/wald-wand-deko-natur-birke-wandpaneele-aus-birkenrinde\/","title":{"rendered":"Wandbild aus Birkenrinde wei\u00df \/ klein"},"content":{"rendered":"<p>Die unendlichen Sibirischen W\u00e4lder sind die unersch\u00f6pfliche Quelle der Inspiration von MOYA. Unsere Wandbilder aus nat\u00fcrlicher Birkenrinde bringen Euch innerhalb weniger Sekunden dort hin: In eine Wildnis voller krautiger Ger\u00fcche, wilder Beeren und knisternder Kiefernnadeln am Boden. Ein nat\u00fcrliches Raumklima und Waldgef\u00fchl bei Dir Zuhause.<\/p>\n<p>Jedes Wandbild ist einzigartig, so wie die B\u00e4ume, von denen die Birkenrinde nachhaltig geerntet wird. Wie Gem\u00e4lde dekorieren sie Deine Einrichtung und bringen die nat\u00fcrliche Sch\u00f6nheit des Materials mit seiner grafischen Maserung zur Geltung. Ein besonderer Wandschmuck, der durch die einfache, integrierte Aufh\u00e4ngung an der R\u00fcckseite, in Minutenschnelle seinen Platz an der Wand findet. Schaffe einzelne Hingucker, durch die Natur inspirierte Wand Collagen oder setze Akzente mit den farbigen Kanten: es war noch nie einfacher den sibirischen Wald in Deine Einrichtung zu integrieren.<\/p>\n<p>Details<br \/>\n&#8211; Gr\u00f6\u00dfe: 26,4 x 39,6 x 1,5 cm<br \/>\n&#8211; Naturbelassene wei\u00dfe Birkenrinde ohne jegliche Beschichtung, ggf. mit Flechten und Moosen<br \/>\n&#8211; Integrierte Aufh\u00e4ngung an der R\u00fcckseite des Holztr\u00e4gers (vertikale Ausrichtung)<br \/>\n&#8211; Farbige Kanten: ABS Kanten von EGGER<br \/>\n&#8211; In 2 Gr\u00f6\u00dfen verf\u00fcgbar<\/p>\n<p>&nbsp;<\/p>\n<p>&nbsp;<\/p>\n","protected":false},"excerpt":{"rendered":"<p>Wie ein Gem\u00e4lde dekoriert die naturbelassene Birkenrinde den Raum und bringt die unendlichen Sibirischen W\u00e4lder in Dein Zuhause.<\/p>\n","protected":false},"featured_media":3546,"comment_status":"open","ping_status":"closed","template":"","meta":{"inline_featured_image":false},"product_cat":[359,229],"product_tag":[],"class_list":["post-3398","product","type-product","status-publish","has-post-thumbnail","hentry","product_cat-wohnen-und-wohlfuehlen","product_cat-wand-paneele"],"yoast_head":"<!-- This site is optimized with the Yoast SEO plugin v19.10 - https:\/\/yoast.com\/wordpress\/plugins\/seo\/ -->\n<title>Wald Wand-Deko Natur Birke Wandpaneele aus Birkenrinde<\/title>\n<meta name=\"description\" content=\"Wald Wand-Deko Natur Birke \/ Wandpaneele \/ Wandschmuck \/ Wandbild aus Birkenrinde und Holz als Dekoration im Schlafzimmer, Bad, Wohnzimmer oder Esszimmer\" \/>\n<meta name=\"robots\" content=\"index, follow, max-snippet:-1, max-image-preview:large, max-video-preview:-1\" \/>\n<link rel=\"canonical\" href=\"https:\/\/moya-birchbark.com\/de\/produkt\/wald-wand-deko-natur-birke-wandpaneele-aus-birkenrinde\/\" \/>\n<meta property=\"og:locale\" content=\"de_DE\" \/>\n<meta property=\"og:type\" content=\"article\" \/>\n<meta property=\"og:title\" content=\"Wald Wand-Deko Natur Birke Wandpaneele aus Birkenrinde\" \/>\n<meta property=\"og:description\" content=\"Wald Wand-Deko Natur Birke \/ Wandpaneele \/ Wandschmuck \/ Wandbild aus Birkenrinde und Holz als Dekoration im Schlafzimmer, Bad, Wohnzimmer oder Esszimmer\" \/>\n<meta property=\"og:url\" content=\"https:\/\/moya-birchbark.com\/de\/produkt\/wald-wand-deko-natur-birke-wandpaneele-aus-birkenrinde\/\" \/>\n<meta property=\"og:site_name\" content=\"Moya Birkenrinde\" \/>\n<meta property=\"article:modified_time\" content=\"2025-10-27T14:41:42+00:00\" \/>\n<meta property=\"og:image\" content=\"https:\/\/moya-birchbark.com\/de\/wp-content\/uploads\/sites\/4\/2019\/01\/MG_3722-1.jpg\" \/>\n\t<meta property=\"og:image:width\" content=\"2400\" \/>\n\t<meta property=\"og:image:height\" content=\"1600\" \/>\n\t<meta property=\"og:image:type\" content=\"image\/jpeg\" \/>\n<meta name=\"twitter:card\" content=\"summary_large_image\" \/>\n<meta name=\"twitter:label1\" content=\"Gesch\u00e4tzte Lesezeit\" \/>\n\t<meta name=\"twitter:data1\" content=\"1\u00a0Minute\" \/>\n<script type=\"application\/ld+json\" class=\"yoast-schema-graph\">{\"@context\":\"https:\/\/schema.org\",\"@graph\":[{\"@type\":\"WebPage\",\"@id\":\"https:\/\/moya-birchbark.com\/de\/produkt\/wald-wand-deko-natur-birke-wandpaneele-aus-birkenrinde\/\",\"url\":\"https:\/\/moya-birchbark.com\/de\/produkt\/wald-wand-deko-natur-birke-wandpaneele-aus-birkenrinde\/\",\"name\":\"Wald Wand-Deko Natur Birke Wandpaneele aus Birkenrinde\",\"isPartOf\":{\"@id\":\"https:\/\/moya-birchbark.com\/de\/#website\"},\"datePublished\":\"2019-06-16T10:33:22+00:00\",\"dateModified\":\"2025-10-27T14:41:42+00:00\",\"description\":\"Wald Wand-Deko Natur Birke \/ Wandpaneele \/ Wandschmuck \/ Wandbild aus Birkenrinde und Holz als Dekoration im Schlafzimmer, Bad, Wohnzimmer oder Esszimmer\",\"breadcrumb\":{\"@id\":\"https:\/\/moya-birchbark.com\/de\/produkt\/wald-wand-deko-natur-birke-wandpaneele-aus-birkenrinde\/#breadcrumb\"},\"inLanguage\":\"de\",\"potentialAction\":[{\"@type\":\"ReadAction\",\"target\":[\"https:\/\/moya-birchbark.com\/de\/produkt\/wald-wand-deko-natur-birke-wandpaneele-aus-birkenrinde\/\"]}]},{\"@type\":\"BreadcrumbList\",\"@id\":\"https:\/\/moya-birchbark.com\/de\/produkt\/wald-wand-deko-natur-birke-wandpaneele-aus-birkenrinde\/#breadcrumb\",\"itemListElement\":[{\"@type\":\"ListItem\",\"position\":1,\"name\":\"Home\",\"item\":\"https:\/\/moya-birchbark.com\/de\/\"},{\"@type\":\"ListItem\",\"position\":2,\"name\":\"Shop\",\"item\":\"https:\/\/moya-birchbark.com\/de\/shop-moya-birkenrinde\/\"},{\"@type\":\"ListItem\",\"position\":3,\"name\":\"Wohnen &amp; Wohlf\u00fchlen\",\"item\":\"https:\/\/moya-birchbark.com\/de\/produkt-kategorie\/wohnen-und-wohlfuehlen\/\"},{\"@type\":\"ListItem\",\"position\":4,\"name\":\"Wandbilder (MOYA Panels\u00ae)\",\"item\":\"https:\/\/moya-birchbark.com\/de\/produkt-kategorie\/wohnen-und-wohlfuehlen\/wand-paneele\/\"},{\"@type\":\"ListItem\",\"position\":5,\"name\":\"Wandbild aus Birkenrinde wei\u00df \/ klein\"}]},{\"@type\":\"WebSite\",\"@id\":\"https:\/\/moya-birchbark.com\/de\/#website\",\"url\":\"https:\/\/moya-birchbark.com\/de\/\",\"name\":\"Moya Birkenrinde\",\"description\":\"MOYA Birch Bark\",\"publisher\":{\"@id\":\"https:\/\/moya-birchbark.com\/de\/#organization\"},\"potentialAction\":[{\"@type\":\"SearchAction\",\"target\":{\"@type\":\"EntryPoint\",\"urlTemplate\":\"https:\/\/moya-birchbark.com\/de\/?s={search_term_string}\"},\"query-input\":\"required name=search_term_string\"}],\"inLanguage\":\"de\"},{\"@type\":\"Organization\",\"@id\":\"https:\/\/moya-birchbark.com\/de\/#organization\",\"name\":\"Moya Birkenrinde\",\"url\":\"https:\/\/moya-birchbark.com\/de\/\",\"logo\":{\"@type\":\"ImageObject\",\"inLanguage\":\"de\",\"@id\":\"https:\/\/moya-birchbark.com\/de\/#\/schema\/logo\/image\/\",\"url\":\"https:\/\/moya-birchbark.com\/de\/wp-content\/uploads\/sites\/4\/2021\/05\/MOYA-Birch-Bark-Logo-white.png\",\"contentUrl\":\"https:\/\/moya-birchbark.com\/de\/wp-content\/uploads\/sites\/4\/2021\/05\/MOYA-Birch-Bark-Logo-white.png\",\"width\":520,\"height\":152,\"caption\":\"Moya Birkenrinde\"},\"image\":{\"@id\":\"https:\/\/moya-birchbark.com\/de\/#\/schema\/logo\/image\/\"}}]}<\/script>\n<!-- \/ Yoast SEO plugin. -->","yoast_head_json":{"title":"Wald Wand-Deko Natur Birke Wandpaneele aus Birkenrinde","description":"Wald Wand-Deko Natur Birke \/ Wandpaneele \/ Wandschmuck \/ Wandbild aus Birkenrinde und Holz als Dekoration im Schlafzimmer, Bad, Wohnzimmer oder Esszimmer","robots":{"index":"index","follow":"follow","max-snippet":"max-snippet:-1","max-image-preview":"max-image-preview:large","max-video-preview":"max-video-preview:-1"},"canonical":"https:\/\/moya-birchbark.com\/de\/produkt\/wald-wand-deko-natur-birke-wandpaneele-aus-birkenrinde\/","og_locale":"de_DE","og_type":"article","og_title":"Wald Wand-Deko Natur Birke Wandpaneele aus Birkenrinde","og_description":"Wald Wand-Deko Natur Birke \/ Wandpaneele \/ Wandschmuck \/ Wandbild aus Birkenrinde und Holz als Dekoration im Schlafzimmer, Bad, Wohnzimmer oder Esszimmer","og_url":"https:\/\/moya-birchbark.com\/de\/produkt\/wald-wand-deko-natur-birke-wandpaneele-aus-birkenrinde\/","og_site_name":"Moya Birkenrinde","article_modified_time":"2025-10-27T14:41:42+00:00","og_image":[{"width":2400,"height":1600,"url":"https:\/\/moya-birchbark.com\/de\/wp-content\/uploads\/sites\/4\/2019\/01\/MG_3722-1.jpg","type":"image\/jpeg"}],"twitter_card":"summary_large_image","twitter_misc":{"Gesch\u00e4tzte Lesezeit":"1\u00a0Minute"},"schema":{"@context":"https:\/\/schema.org","@graph":[{"@type":"WebPage","@id":"https:\/\/moya-birchbark.com\/de\/produkt\/wald-wand-deko-natur-birke-wandpaneele-aus-birkenrinde\/","url":"https:\/\/moya-birchbark.com\/de\/produkt\/wald-wand-deko-natur-birke-wandpaneele-aus-birkenrinde\/","name":"Wald Wand-Deko Natur Birke Wandpaneele aus Birkenrinde","isPartOf":{"@id":"https:\/\/moya-birchbark.com\/de\/#website"},"datePublished":"2019-06-16T10:33:22+00:00","dateModified":"2025-10-27T14:41:42+00:00","description":"Wald Wand-Deko Natur Birke \/ Wandpaneele \/ Wandschmuck \/ Wandbild aus Birkenrinde und Holz als Dekoration im Schlafzimmer, Bad, Wohnzimmer oder Esszimmer","breadcrumb":{"@id":"https:\/\/moya-birchbark.com\/de\/produkt\/wald-wand-deko-natur-birke-wandpaneele-aus-birkenrinde\/#breadcrumb"},"inLanguage":"de","potentialAction":[{"@type":"ReadAction","target":["https:\/\/moya-birchbark.com\/de\/produkt\/wald-wand-deko-natur-birke-wandpaneele-aus-birkenrinde\/"]}]},{"@type":"BreadcrumbList","@id":"https:\/\/moya-birchbark.com\/de\/produkt\/wald-wand-deko-natur-birke-wandpaneele-aus-birkenrinde\/#breadcrumb","itemListElement":[{"@type":"ListItem","position":1,"name":"Home","item":"https:\/\/moya-birchbark.com\/de\/"},{"@type":"ListItem","position":2,"name":"Shop","item":"https:\/\/moya-birchbark.com\/de\/shop-moya-birkenrinde\/"},{"@type":"ListItem","position":3,"name":"Wohnen &amp; Wohlf\u00fchlen","item":"https:\/\/moya-birchbark.com\/de\/produkt-kategorie\/wohnen-und-wohlfuehlen\/"},{"@type":"ListItem","position":4,"name":"Wandbilder (MOYA Panels\u00ae)","item":"https:\/\/moya-birchbark.com\/de\/produkt-kategorie\/wohnen-und-wohlfuehlen\/wand-paneele\/"},{"@type":"ListItem","position":5,"name":"Wandbild aus Birkenrinde wei\u00df \/ klein"}]},{"@type":"WebSite","@id":"https:\/\/moya-birchbark.com\/de\/#website","url":"https:\/\/moya-birchbark.com\/de\/","name":"Moya Birkenrinde","description":"MOYA Birch Bark","publisher":{"@id":"https:\/\/moya-birchbark.com\/de\/#organization"},"potentialAction":[{"@type":"SearchAction","target":{"@type":"EntryPoint","urlTemplate":"https:\/\/moya-birchbark.com\/de\/?s={search_term_string}"},"query-input":"required name=search_term_string"}],"inLanguage":"de"},{"@type":"Organization","@id":"https:\/\/moya-birchbark.com\/de\/#organization","name":"Moya Birkenrinde","url":"https:\/\/moya-birchbark.com\/de\/","logo":{"@type":"ImageObject","inLanguage":"de","@id":"https:\/\/moya-birchbark.com\/de\/#\/schema\/logo\/image\/","url":"https:\/\/moya-birchbark.com\/de\/wp-content\/uploads\/sites\/4\/2021\/05\/MOYA-Birch-Bark-Logo-white.png","contentUrl":"https:\/\/moya-birchbark.com\/de\/wp-content\/uploads\/sites\/4\/2021\/05\/MOYA-Birch-Bark-Logo-white.png","width":520,"height":152,"caption":"Moya Birkenrinde"},"image":{"@id":"https:\/\/moya-birchbark.com\/de\/#\/schema\/logo\/image\/"}}]}},"_links":{"self":[{"href":"https:\/\/moya-birchbark.com\/de\/wp-json\/wp\/v2\/product\/3398","targetHints":{"allow":["GET"]}}],"collection":[{"href":"https:\/\/moya-birchbark.com\/de\/wp-json\/wp\/v2\/product"}],"about":[{"href":"https:\/\/moya-birchbark.com\/de\/wp-json\/wp\/v2\/types\/product"}],"replies":[{"embeddable":true,"href":"https:\/\/moya-birchbark.com\/de\/wp-json\/wp\/v2\/comments?post=3398"}],"wp:featuredmedia":[{"embeddable":true,"href":"https:\/\/moya-birchbark.com\/de\/wp-json\/wp\/v2\/media\/3546"}],"wp:attachment":[{"href":"https:\/\/moya-birchbark.com\/de\/wp-json\/wp\/v2\/media?parent=3398"}],"wp:term":[{"taxonomy":"product_cat","embeddable":true,"href":"https:\/\/moya-birchbark.com\/de\/wp-json\/wp\/v2\/product_cat?post=3398"},{"taxonomy":"product_tag","embeddable":true,"href":"https:\/\/moya-birchbark.com\/de\/wp-json\/wp\/v2\/product_tag?post=3398"}],"curies":[{"name":"wp","href":"https:\/\/api.w.org\/{rel}","templated":true}]}}