{"id":3285,"date":"2019-01-15T14:29:53","date_gmt":"2019-01-15T14:29:53","guid":{"rendered":"https:\/\/moya-birchbark.com\/?post_type=product&#038;p=3285"},"modified":"2023-12-27T13:00:08","modified_gmt":"2023-12-27T13:00:08","slug":"vorratsdose-aus-birkenrinde-tuesa-tn9-teedose","status":"publish","type":"product","link":"https:\/\/moya-birchbark.com\/de\/produkt\/vorratsdose-aus-birkenrinde-tuesa-tn9-teedose\/","title":{"rendered":"Vorratsdose aus Birkenrinde \/ Teedose"},"content":{"rendered":"<p><strong>Vorratsdosen aus Birkenrinde<\/strong><br \/>\n\u2013 halten Deine Lebensmittel auf nat\u00fcrliche Weise l\u00e4nger frisch<br \/>\n\u2013 sind antibakteriell, isolierend, feuchtigkeitsabweisend, leicht<br \/>\n\u2013 sind robust und besonders langlebig<br \/>\n\u2013 ben\u00f6tigen keine besondere Pflege wie andere Naturmaterialien<br \/>\n\u2013 garantieren selbst im nassen Zustand eine rutschfeste, warme Oberfl\u00e4che<br \/>\n\u2013 sind leicht zu Reinigen, sogar unter flie\u00dfendem Wasser abwaschbar<br \/>\n\u2013 bereiten lange und t\u00e4glich Freude und k\u00f6nnen als Erbst\u00fccke sogar Generationen \u00fcberdauern<\/p>\n<p>Deine neue Vorratsdose eignet sich bestens zur Aufbewahrung von Keksen, Cerealien, Nudeln, Beeren, H\u00fclsenfr\u00fcchten und anderen losen, trockenen Lebensmitteln. Dein Tee, Kaffee, Gew\u00fcrze und N\u00fcsse sind darin bestens und aromadicht verpackt. Auch au\u00dferhalb der K\u00fcche und ohne essbaren Inhalt: ein optischer Leckerbissen!<\/p>\n<p><strong>Details<\/strong><br \/>\n\u2013 Gr\u00f6\u00dfe: 9 cm | \u00f8 12 cm<br \/>\n\u2013 Fassungsverm\u00f6gen (TN9) von ca. 500g Zucker oder 250g feine Haferflocken<br \/>\n\u2013 100% nat\u00fcrliche Birkenrinde ohne jegliche Zusatzstoffe<br \/>\n\u2013 Boden und Deckel: Zirbelkiefer, lebensmittelechte zertifizierte Holzbeize, versiegelt mit nat\u00fcrlichem Bienenwachs<\/p>\n","protected":false},"excerpt":{"rendered":"<p>Deine neue Vorratsdose aus diesem samtweichen und 100% nat\u00fcrlichen Material h\u00e4lt Deine Lebensmittel aufgrund ihrer Beschaffenheit besonders lange frisch. Mit jedem liebevoll handgefertigten Unikat holst Du Dir eine Jahrtausende alte Tradition nach Hause.<\/p>\n","protected":false},"featured_media":9650,"comment_status":"open","ping_status":"closed","template":"","meta":{"inline_featured_image":false},"product_cat":[360,238],"product_tag":[],"class_list":["post-3285","product","type-product","status-publish","has-post-thumbnail","hentry","product_cat-aufbewahren-und-frischhalten","product_cat-tuesa-vorratsdosen-aus-nachhaltiger-birkenrinde"],"yoast_head":"<!-- This site is optimized with the Yoast SEO plugin v19.10 - https:\/\/yoast.com\/wordpress\/plugins\/seo\/ -->\n<title>Vorratsdose aus Birkenrinde \/ Teedose - Moya Birkenrinde<\/title>\n<meta name=\"robots\" content=\"index, follow, max-snippet:-1, max-image-preview:large, max-video-preview:-1\" \/>\n<link rel=\"canonical\" href=\"https:\/\/moya-birchbark.com\/de\/produkt\/vorratsdose-aus-birkenrinde-tuesa-tn9-teedose\/\" \/>\n<meta property=\"og:locale\" content=\"de_DE\" \/>\n<meta property=\"og:type\" content=\"article\" \/>\n<meta property=\"og:title\" content=\"Vorratsdose aus Birkenrinde \/ Teedose - Moya Birkenrinde\" \/>\n<meta property=\"og:description\" content=\"Deine neue Vorratsdose aus diesem samtweichen und 100% nat\u00fcrlichen Material h\u00e4lt Deine Lebensmittel aufgrund ihrer Beschaffenheit besonders lange frisch. Mit jedem liebevoll handgefertigten Unikat holst Du Dir eine Jahrtausende alte Tradition nach Hause.\" \/>\n<meta property=\"og:url\" content=\"https:\/\/moya-birchbark.com\/de\/produkt\/vorratsdose-aus-birkenrinde-tuesa-tn9-teedose\/\" \/>\n<meta property=\"og:site_name\" content=\"Moya Birkenrinde\" \/>\n<meta property=\"article:modified_time\" content=\"2023-12-27T13:00:08+00:00\" \/>\n<meta property=\"og:image\" content=\"https:\/\/moya-birchbark.com\/de\/wp-content\/uploads\/sites\/4\/2019\/01\/T9n_beige\u00a9Frieder-Reuter_web.jpg\" \/>\n\t<meta property=\"og:image:width\" content=\"1500\" \/>\n\t<meta property=\"og:image:height\" content=\"1000\" \/>\n\t<meta property=\"og:image:type\" content=\"image\/jpeg\" \/>\n<meta name=\"twitter:card\" content=\"summary_large_image\" \/>\n<meta name=\"twitter:label1\" content=\"Gesch\u00e4tzte Lesezeit\" \/>\n\t<meta name=\"twitter:data1\" content=\"1\u00a0Minute\" \/>\n<script type=\"application\/ld+json\" class=\"yoast-schema-graph\">{\"@context\":\"https:\/\/schema.org\",\"@graph\":[{\"@type\":\"WebPage\",\"@id\":\"https:\/\/moya-birchbark.com\/de\/produkt\/vorratsdose-aus-birkenrinde-tuesa-tn9-teedose\/\",\"url\":\"https:\/\/moya-birchbark.com\/de\/produkt\/vorratsdose-aus-birkenrinde-tuesa-tn9-teedose\/\",\"name\":\"Vorratsdose aus Birkenrinde \/ Teedose - Moya Birkenrinde\",\"isPartOf\":{\"@id\":\"https:\/\/moya-birchbark.com\/de\/#website\"},\"datePublished\":\"2019-01-15T14:29:53+00:00\",\"dateModified\":\"2023-12-27T13:00:08+00:00\",\"breadcrumb\":{\"@id\":\"https:\/\/moya-birchbark.com\/de\/produkt\/vorratsdose-aus-birkenrinde-tuesa-tn9-teedose\/#breadcrumb\"},\"inLanguage\":\"de\",\"potentialAction\":[{\"@type\":\"ReadAction\",\"target\":[\"https:\/\/moya-birchbark.com\/de\/produkt\/vorratsdose-aus-birkenrinde-tuesa-tn9-teedose\/\"]}]},{\"@type\":\"BreadcrumbList\",\"@id\":\"https:\/\/moya-birchbark.com\/de\/produkt\/vorratsdose-aus-birkenrinde-tuesa-tn9-teedose\/#breadcrumb\",\"itemListElement\":[{\"@type\":\"ListItem\",\"position\":1,\"name\":\"Home\",\"item\":\"https:\/\/moya-birchbark.com\/de\/\"},{\"@type\":\"ListItem\",\"position\":2,\"name\":\"Shop\",\"item\":\"https:\/\/moya-birchbark.com\/de\/shop-moya-birkenrinde\/\"},{\"@type\":\"ListItem\",\"position\":3,\"name\":\"Aufbewahren &amp; Frischhalten\",\"item\":\"https:\/\/moya-birchbark.com\/de\/produkt-kategorie\/aufbewahren-und-frischhalten\/\"},{\"@type\":\"ListItem\",\"position\":4,\"name\":\"Vorratsdosen\",\"item\":\"https:\/\/moya-birchbark.com\/de\/produkt-kategorie\/aufbewahren-und-frischhalten\/tuesa-vorratsdosen-aus-nachhaltiger-birkenrinde\/\"},{\"@type\":\"ListItem\",\"position\":5,\"name\":\"Vorratsdose aus Birkenrinde \/ Teedose\"}]},{\"@type\":\"WebSite\",\"@id\":\"https:\/\/moya-birchbark.com\/de\/#website\",\"url\":\"https:\/\/moya-birchbark.com\/de\/\",\"name\":\"Moya Birkenrinde\",\"description\":\"MOYA Birch Bark\",\"publisher\":{\"@id\":\"https:\/\/moya-birchbark.com\/de\/#organization\"},\"potentialAction\":[{\"@type\":\"SearchAction\",\"target\":{\"@type\":\"EntryPoint\",\"urlTemplate\":\"https:\/\/moya-birchbark.com\/de\/?s={search_term_string}\"},\"query-input\":\"required name=search_term_string\"}],\"inLanguage\":\"de\"},{\"@type\":\"Organization\",\"@id\":\"https:\/\/moya-birchbark.com\/de\/#organization\",\"name\":\"Moya Birkenrinde\",\"url\":\"https:\/\/moya-birchbark.com\/de\/\",\"logo\":{\"@type\":\"ImageObject\",\"inLanguage\":\"de\",\"@id\":\"https:\/\/moya-birchbark.com\/de\/#\/schema\/logo\/image\/\",\"url\":\"https:\/\/moya-birchbark.com\/de\/wp-content\/uploads\/sites\/4\/2021\/05\/MOYA-Birch-Bark-Logo-white.png\",\"contentUrl\":\"https:\/\/moya-birchbark.com\/de\/wp-content\/uploads\/sites\/4\/2021\/05\/MOYA-Birch-Bark-Logo-white.png\",\"width\":520,\"height\":152,\"caption\":\"Moya Birkenrinde\"},\"image\":{\"@id\":\"https:\/\/moya-birchbark.com\/de\/#\/schema\/logo\/image\/\"}}]}<\/script>\n<!-- \/ Yoast SEO plugin. -->","yoast_head_json":{"title":"Vorratsdose aus Birkenrinde \/ Teedose - Moya Birkenrinde","robots":{"index":"index","follow":"follow","max-snippet":"max-snippet:-1","max-image-preview":"max-image-preview:large","max-video-preview":"max-video-preview:-1"},"canonical":"https:\/\/moya-birchbark.com\/de\/produkt\/vorratsdose-aus-birkenrinde-tuesa-tn9-teedose\/","og_locale":"de_DE","og_type":"article","og_title":"Vorratsdose aus Birkenrinde \/ Teedose - Moya Birkenrinde","og_description":"Deine neue Vorratsdose aus diesem samtweichen und 100% nat\u00fcrlichen Material h\u00e4lt Deine Lebensmittel aufgrund ihrer Beschaffenheit besonders lange frisch. Mit jedem liebevoll handgefertigten Unikat holst Du Dir eine Jahrtausende alte Tradition nach Hause.","og_url":"https:\/\/moya-birchbark.com\/de\/produkt\/vorratsdose-aus-birkenrinde-tuesa-tn9-teedose\/","og_site_name":"Moya Birkenrinde","article_modified_time":"2023-12-27T13:00:08+00:00","og_image":[{"width":1500,"height":1000,"url":"https:\/\/moya-birchbark.com\/de\/wp-content\/uploads\/sites\/4\/2019\/01\/T9n_beige\u00a9Frieder-Reuter_web.jpg","type":"image\/jpeg"}],"twitter_card":"summary_large_image","twitter_misc":{"Gesch\u00e4tzte Lesezeit":"1\u00a0Minute"},"schema":{"@context":"https:\/\/schema.org","@graph":[{"@type":"WebPage","@id":"https:\/\/moya-birchbark.com\/de\/produkt\/vorratsdose-aus-birkenrinde-tuesa-tn9-teedose\/","url":"https:\/\/moya-birchbark.com\/de\/produkt\/vorratsdose-aus-birkenrinde-tuesa-tn9-teedose\/","name":"Vorratsdose aus Birkenrinde \/ Teedose - Moya Birkenrinde","isPartOf":{"@id":"https:\/\/moya-birchbark.com\/de\/#website"},"datePublished":"2019-01-15T14:29:53+00:00","dateModified":"2023-12-27T13:00:08+00:00","breadcrumb":{"@id":"https:\/\/moya-birchbark.com\/de\/produkt\/vorratsdose-aus-birkenrinde-tuesa-tn9-teedose\/#breadcrumb"},"inLanguage":"de","potentialAction":[{"@type":"ReadAction","target":["https:\/\/moya-birchbark.com\/de\/produkt\/vorratsdose-aus-birkenrinde-tuesa-tn9-teedose\/"]}]},{"@type":"BreadcrumbList","@id":"https:\/\/moya-birchbark.com\/de\/produkt\/vorratsdose-aus-birkenrinde-tuesa-tn9-teedose\/#breadcrumb","itemListElement":[{"@type":"ListItem","position":1,"name":"Home","item":"https:\/\/moya-birchbark.com\/de\/"},{"@type":"ListItem","position":2,"name":"Shop","item":"https:\/\/moya-birchbark.com\/de\/shop-moya-birkenrinde\/"},{"@type":"ListItem","position":3,"name":"Aufbewahren &amp; Frischhalten","item":"https:\/\/moya-birchbark.com\/de\/produkt-kategorie\/aufbewahren-und-frischhalten\/"},{"@type":"ListItem","position":4,"name":"Vorratsdosen","item":"https:\/\/moya-birchbark.com\/de\/produkt-kategorie\/aufbewahren-und-frischhalten\/tuesa-vorratsdosen-aus-nachhaltiger-birkenrinde\/"},{"@type":"ListItem","position":5,"name":"Vorratsdose aus Birkenrinde \/ Teedose"}]},{"@type":"WebSite","@id":"https:\/\/moya-birchbark.com\/de\/#website","url":"https:\/\/moya-birchbark.com\/de\/","name":"Moya Birkenrinde","description":"MOYA Birch Bark","publisher":{"@id":"https:\/\/moya-birchbark.com\/de\/#organization"},"potentialAction":[{"@type":"SearchAction","target":{"@type":"EntryPoint","urlTemplate":"https:\/\/moya-birchbark.com\/de\/?s={search_term_string}"},"query-input":"required name=search_term_string"}],"inLanguage":"de"},{"@type":"Organization","@id":"https:\/\/moya-birchbark.com\/de\/#organization","name":"Moya Birkenrinde","url":"https:\/\/moya-birchbark.com\/de\/","logo":{"@type":"ImageObject","inLanguage":"de","@id":"https:\/\/moya-birchbark.com\/de\/#\/schema\/logo\/image\/","url":"https:\/\/moya-birchbark.com\/de\/wp-content\/uploads\/sites\/4\/2021\/05\/MOYA-Birch-Bark-Logo-white.png","contentUrl":"https:\/\/moya-birchbark.com\/de\/wp-content\/uploads\/sites\/4\/2021\/05\/MOYA-Birch-Bark-Logo-white.png","width":520,"height":152,"caption":"Moya Birkenrinde"},"image":{"@id":"https:\/\/moya-birchbark.com\/de\/#\/schema\/logo\/image\/"}}]}},"_links":{"self":[{"href":"https:\/\/moya-birchbark.com\/de\/wp-json\/wp\/v2\/product\/3285","targetHints":{"allow":["GET"]}}],"collection":[{"href":"https:\/\/moya-birchbark.com\/de\/wp-json\/wp\/v2\/product"}],"about":[{"href":"https:\/\/moya-birchbark.com\/de\/wp-json\/wp\/v2\/types\/product"}],"replies":[{"embeddable":true,"href":"https:\/\/moya-birchbark.com\/de\/wp-json\/wp\/v2\/comments?post=3285"}],"wp:featuredmedia":[{"embeddable":true,"href":"https:\/\/moya-birchbark.com\/de\/wp-json\/wp\/v2\/media\/9650"}],"wp:attachment":[{"href":"https:\/\/moya-birchbark.com\/de\/wp-json\/wp\/v2\/media?parent=3285"}],"wp:term":[{"taxonomy":"product_cat","embeddable":true,"href":"https:\/\/moya-birchbark.com\/de\/wp-json\/wp\/v2\/product_cat?post=3285"},{"taxonomy":"product_tag","embeddable":true,"href":"https:\/\/moya-birchbark.com\/de\/wp-json\/wp\/v2\/product_tag?post=3285"}],"curies":[{"name":"wp","href":"https:\/\/api.w.org\/{rel}","templated":true}]}}