{"id":3257,"date":"2019-01-15T14:11:35","date_gmt":"2019-01-15T14:11:35","guid":{"rendered":"https:\/\/moya-birchbark.com\/?post_type=product&#038;p=3257"},"modified":"2026-03-09T12:32:22","modified_gmt":"2026-03-09T12:32:22","slug":"vorratsdose-aus-birkenrinde-tuesa-t7-spaghettidose","status":"publish","type":"product","link":"https:\/\/moya-birchbark.com\/de\/produkt\/vorratsdose-aus-birkenrinde-tuesa-t7-spaghettidose\/","title":{"rendered":"Vorratsdose aus Birkenrinde \/ Spaghettidose"},"content":{"rendered":"<p><strong>Vorratsdosen aus Birkenrinde<\/strong><br \/>\n\u2013 halten Deine Lebensmittel auf nat\u00fcrliche Weise l\u00e4nger frisch<br \/>\n\u2013 sind antibakteriell, isolierend, feuchtigkeitsabweisend, leicht<br \/>\n\u2013 sind robust und besonders langlebig<br \/>\n\u2013 ben\u00f6tigen keine besondere Pflege wie andere Naturmaterialien<br \/>\n\u2013 garantieren selbst im nassen Zustand eine rutschfeste, warme Oberfl\u00e4che<br \/>\n\u2013 sind leicht zu Reinigen, sogar unter flie\u00dfendem Wasser abwaschbar<br \/>\n\u2013 bereiten lange und t\u00e4glich Freude und k\u00f6nnen als Erbst\u00fccke sogar Generationen \u00fcberdauern<\/p>\n<p>Deine neue Vorratsdose eignet sich bestens zur Aufbewahrung von Keksen, Cerealien, Nudeln, Beeren, H\u00fclsenfr\u00fcchten und anderen losen, trockenen Lebensmitteln. Dein Tee, Kaffee, Gew\u00fcrze und N\u00fcsse sind darin bestens und aromadicht verpackt. Auch au\u00dferhalb der K\u00fcche und ohne essbaren Inhalt: ein optischer Leckerbissen!<\/p>\n<p><strong>Details<\/strong><br \/>\n\u2013 Gr\u00f6\u00dfe: 30 cm | \u00f8 9 cm<br \/>\n\u2013 Fassungsverm\u00f6gen von bis zu 1,5 kg Spaghetti<br \/>\n\u2013 100% nat\u00fcrliche Birkenrinde ohne jegliche Zusatzstoffe<br \/>\n\u2013 Boden und Deckel: Zirbelkiefer, lebensmittelechte zertifizierte Holzbeize, versiegelt mit nat\u00fcrlichem Bienenwachs<\/p>\n","protected":false},"excerpt":{"rendered":"<p>Deine neue Vorratsdose aus diesem samtweichen und <strong>100% nat\u00fcrlichen<\/strong> Material h\u00e4lt Deine Lebensmittel aufgrund ihrer besonderen Beschaffenheit <strong>lange frisch<\/strong>. Mit jedem liebevoll <strong>handgefertigten Unikat<\/strong> holst Du Dir eine Jahrtausende alte<strong> Tradition<\/strong> nach Hause.<\/p>\n","protected":false},"featured_media":9286,"comment_status":"open","ping_status":"closed","template":"","meta":{"inline_featured_image":false},"product_cat":[360,238],"product_tag":[],"class_list":["post-3257","product","type-product","status-publish","has-post-thumbnail","hentry","product_cat-aufbewahren-und-frischhalten","product_cat-tuesa-vorratsdosen-aus-nachhaltiger-birkenrinde"],"yoast_head":"<!-- This site is optimized with the Yoast SEO plugin v19.10 - https:\/\/yoast.com\/wordpress\/plugins\/seo\/ -->\n<title>Vorratsdose aus Birkenrinde \/ Spaghettidose - Moya Birkenrinde<\/title>\n<meta name=\"description\" content=\"Unsere Vorratsdose aus Birkenrinde ist antibakteriell, isolierend, feuchtigkeitsabweisend, h\u00e4lt Lebensmittel l\u00e4nger frisch, ist langlebig und pflegeleicht.\" \/>\n<meta name=\"robots\" content=\"index, follow, max-snippet:-1, max-image-preview:large, max-video-preview:-1\" \/>\n<link rel=\"canonical\" href=\"https:\/\/moya-birchbark.com\/de\/produkt\/vorratsdose-aus-birkenrinde-tuesa-t7-spaghettidose\/\" \/>\n<meta property=\"og:locale\" content=\"de_DE\" \/>\n<meta property=\"og:type\" content=\"article\" \/>\n<meta property=\"og:title\" content=\"Vorratsdose aus Birkenrinde \/ Spaghettidose - Moya Birkenrinde\" \/>\n<meta property=\"og:description\" content=\"Unsere Vorratsdose aus Birkenrinde ist antibakteriell, isolierend, feuchtigkeitsabweisend, h\u00e4lt Lebensmittel l\u00e4nger frisch, ist langlebig und pflegeleicht.\" \/>\n<meta property=\"og:url\" content=\"https:\/\/moya-birchbark.com\/de\/produkt\/vorratsdose-aus-birkenrinde-tuesa-t7-spaghettidose\/\" \/>\n<meta property=\"og:site_name\" content=\"Moya Birkenrinde\" \/>\n<meta property=\"article:modified_time\" content=\"2026-03-09T12:32:22+00:00\" \/>\n<meta property=\"og:image\" content=\"https:\/\/moya-birchbark.com\/de\/wp-content\/uploads\/sites\/4\/2019\/01\/Tuesa_T7_Noodles_Moya_Birchbark.jpg\" \/>\n\t<meta property=\"og:image:width\" content=\"746\" \/>\n\t<meta property=\"og:image:height\" content=\"556\" \/>\n\t<meta property=\"og:image:type\" content=\"image\/jpeg\" \/>\n<meta name=\"twitter:card\" content=\"summary_large_image\" \/>\n<meta name=\"twitter:label1\" content=\"Gesch\u00e4tzte Lesezeit\" \/>\n\t<meta name=\"twitter:data1\" content=\"1\u00a0Minute\" \/>\n<script type=\"application\/ld+json\" class=\"yoast-schema-graph\">{\"@context\":\"https:\/\/schema.org\",\"@graph\":[{\"@type\":\"WebPage\",\"@id\":\"https:\/\/moya-birchbark.com\/de\/produkt\/vorratsdose-aus-birkenrinde-tuesa-t7-spaghettidose\/\",\"url\":\"https:\/\/moya-birchbark.com\/de\/produkt\/vorratsdose-aus-birkenrinde-tuesa-t7-spaghettidose\/\",\"name\":\"Vorratsdose aus Birkenrinde \/ Spaghettidose - Moya Birkenrinde\",\"isPartOf\":{\"@id\":\"https:\/\/moya-birchbark.com\/de\/#website\"},\"datePublished\":\"2019-01-15T14:11:35+00:00\",\"dateModified\":\"2026-03-09T12:32:22+00:00\",\"description\":\"Unsere Vorratsdose aus Birkenrinde ist antibakteriell, isolierend, feuchtigkeitsabweisend, h\u00e4lt Lebensmittel l\u00e4nger frisch, ist langlebig und pflegeleicht.\",\"breadcrumb\":{\"@id\":\"https:\/\/moya-birchbark.com\/de\/produkt\/vorratsdose-aus-birkenrinde-tuesa-t7-spaghettidose\/#breadcrumb\"},\"inLanguage\":\"de\",\"potentialAction\":[{\"@type\":\"ReadAction\",\"target\":[\"https:\/\/moya-birchbark.com\/de\/produkt\/vorratsdose-aus-birkenrinde-tuesa-t7-spaghettidose\/\"]}]},{\"@type\":\"BreadcrumbList\",\"@id\":\"https:\/\/moya-birchbark.com\/de\/produkt\/vorratsdose-aus-birkenrinde-tuesa-t7-spaghettidose\/#breadcrumb\",\"itemListElement\":[{\"@type\":\"ListItem\",\"position\":1,\"name\":\"Home\",\"item\":\"https:\/\/moya-birchbark.com\/de\/\"},{\"@type\":\"ListItem\",\"position\":2,\"name\":\"Shop\",\"item\":\"https:\/\/moya-birchbark.com\/de\/shop-moya-birkenrinde\/\"},{\"@type\":\"ListItem\",\"position\":3,\"name\":\"Aufbewahren &amp; Frischhalten\",\"item\":\"https:\/\/moya-birchbark.com\/de\/produkt-kategorie\/aufbewahren-und-frischhalten\/\"},{\"@type\":\"ListItem\",\"position\":4,\"name\":\"Vorratsdosen\",\"item\":\"https:\/\/moya-birchbark.com\/de\/produkt-kategorie\/aufbewahren-und-frischhalten\/tuesa-vorratsdosen-aus-nachhaltiger-birkenrinde\/\"},{\"@type\":\"ListItem\",\"position\":5,\"name\":\"Vorratsdose aus Birkenrinde \/ Spaghettidose\"}]},{\"@type\":\"WebSite\",\"@id\":\"https:\/\/moya-birchbark.com\/de\/#website\",\"url\":\"https:\/\/moya-birchbark.com\/de\/\",\"name\":\"Moya Birkenrinde\",\"description\":\"MOYA Birch Bark\",\"publisher\":{\"@id\":\"https:\/\/moya-birchbark.com\/de\/#organization\"},\"potentialAction\":[{\"@type\":\"SearchAction\",\"target\":{\"@type\":\"EntryPoint\",\"urlTemplate\":\"https:\/\/moya-birchbark.com\/de\/?s={search_term_string}\"},\"query-input\":\"required name=search_term_string\"}],\"inLanguage\":\"de\"},{\"@type\":\"Organization\",\"@id\":\"https:\/\/moya-birchbark.com\/de\/#organization\",\"name\":\"Moya Birkenrinde\",\"url\":\"https:\/\/moya-birchbark.com\/de\/\",\"logo\":{\"@type\":\"ImageObject\",\"inLanguage\":\"de\",\"@id\":\"https:\/\/moya-birchbark.com\/de\/#\/schema\/logo\/image\/\",\"url\":\"https:\/\/moya-birchbark.com\/de\/wp-content\/uploads\/sites\/4\/2021\/05\/MOYA-Birch-Bark-Logo-white.png\",\"contentUrl\":\"https:\/\/moya-birchbark.com\/de\/wp-content\/uploads\/sites\/4\/2021\/05\/MOYA-Birch-Bark-Logo-white.png\",\"width\":520,\"height\":152,\"caption\":\"Moya Birkenrinde\"},\"image\":{\"@id\":\"https:\/\/moya-birchbark.com\/de\/#\/schema\/logo\/image\/\"}}]}<\/script>\n<!-- \/ Yoast SEO plugin. -->","yoast_head_json":{"title":"Vorratsdose aus Birkenrinde \/ Spaghettidose - Moya Birkenrinde","description":"Unsere Vorratsdose aus Birkenrinde ist antibakteriell, isolierend, feuchtigkeitsabweisend, h\u00e4lt Lebensmittel l\u00e4nger frisch, ist langlebig und pflegeleicht.","robots":{"index":"index","follow":"follow","max-snippet":"max-snippet:-1","max-image-preview":"max-image-preview:large","max-video-preview":"max-video-preview:-1"},"canonical":"https:\/\/moya-birchbark.com\/de\/produkt\/vorratsdose-aus-birkenrinde-tuesa-t7-spaghettidose\/","og_locale":"de_DE","og_type":"article","og_title":"Vorratsdose aus Birkenrinde \/ Spaghettidose - Moya Birkenrinde","og_description":"Unsere Vorratsdose aus Birkenrinde ist antibakteriell, isolierend, feuchtigkeitsabweisend, h\u00e4lt Lebensmittel l\u00e4nger frisch, ist langlebig und pflegeleicht.","og_url":"https:\/\/moya-birchbark.com\/de\/produkt\/vorratsdose-aus-birkenrinde-tuesa-t7-spaghettidose\/","og_site_name":"Moya Birkenrinde","article_modified_time":"2026-03-09T12:32:22+00:00","og_image":[{"width":746,"height":556,"url":"https:\/\/moya-birchbark.com\/de\/wp-content\/uploads\/sites\/4\/2019\/01\/Tuesa_T7_Noodles_Moya_Birchbark.jpg","type":"image\/jpeg"}],"twitter_card":"summary_large_image","twitter_misc":{"Gesch\u00e4tzte Lesezeit":"1\u00a0Minute"},"schema":{"@context":"https:\/\/schema.org","@graph":[{"@type":"WebPage","@id":"https:\/\/moya-birchbark.com\/de\/produkt\/vorratsdose-aus-birkenrinde-tuesa-t7-spaghettidose\/","url":"https:\/\/moya-birchbark.com\/de\/produkt\/vorratsdose-aus-birkenrinde-tuesa-t7-spaghettidose\/","name":"Vorratsdose aus Birkenrinde \/ Spaghettidose - Moya Birkenrinde","isPartOf":{"@id":"https:\/\/moya-birchbark.com\/de\/#website"},"datePublished":"2019-01-15T14:11:35+00:00","dateModified":"2026-03-09T12:32:22+00:00","description":"Unsere Vorratsdose aus Birkenrinde ist antibakteriell, isolierend, feuchtigkeitsabweisend, h\u00e4lt Lebensmittel l\u00e4nger frisch, ist langlebig und pflegeleicht.","breadcrumb":{"@id":"https:\/\/moya-birchbark.com\/de\/produkt\/vorratsdose-aus-birkenrinde-tuesa-t7-spaghettidose\/#breadcrumb"},"inLanguage":"de","potentialAction":[{"@type":"ReadAction","target":["https:\/\/moya-birchbark.com\/de\/produkt\/vorratsdose-aus-birkenrinde-tuesa-t7-spaghettidose\/"]}]},{"@type":"BreadcrumbList","@id":"https:\/\/moya-birchbark.com\/de\/produkt\/vorratsdose-aus-birkenrinde-tuesa-t7-spaghettidose\/#breadcrumb","itemListElement":[{"@type":"ListItem","position":1,"name":"Home","item":"https:\/\/moya-birchbark.com\/de\/"},{"@type":"ListItem","position":2,"name":"Shop","item":"https:\/\/moya-birchbark.com\/de\/shop-moya-birkenrinde\/"},{"@type":"ListItem","position":3,"name":"Aufbewahren &amp; Frischhalten","item":"https:\/\/moya-birchbark.com\/de\/produkt-kategorie\/aufbewahren-und-frischhalten\/"},{"@type":"ListItem","position":4,"name":"Vorratsdosen","item":"https:\/\/moya-birchbark.com\/de\/produkt-kategorie\/aufbewahren-und-frischhalten\/tuesa-vorratsdosen-aus-nachhaltiger-birkenrinde\/"},{"@type":"ListItem","position":5,"name":"Vorratsdose aus Birkenrinde \/ Spaghettidose"}]},{"@type":"WebSite","@id":"https:\/\/moya-birchbark.com\/de\/#website","url":"https:\/\/moya-birchbark.com\/de\/","name":"Moya Birkenrinde","description":"MOYA Birch Bark","publisher":{"@id":"https:\/\/moya-birchbark.com\/de\/#organization"},"potentialAction":[{"@type":"SearchAction","target":{"@type":"EntryPoint","urlTemplate":"https:\/\/moya-birchbark.com\/de\/?s={search_term_string}"},"query-input":"required name=search_term_string"}],"inLanguage":"de"},{"@type":"Organization","@id":"https:\/\/moya-birchbark.com\/de\/#organization","name":"Moya Birkenrinde","url":"https:\/\/moya-birchbark.com\/de\/","logo":{"@type":"ImageObject","inLanguage":"de","@id":"https:\/\/moya-birchbark.com\/de\/#\/schema\/logo\/image\/","url":"https:\/\/moya-birchbark.com\/de\/wp-content\/uploads\/sites\/4\/2021\/05\/MOYA-Birch-Bark-Logo-white.png","contentUrl":"https:\/\/moya-birchbark.com\/de\/wp-content\/uploads\/sites\/4\/2021\/05\/MOYA-Birch-Bark-Logo-white.png","width":520,"height":152,"caption":"Moya Birkenrinde"},"image":{"@id":"https:\/\/moya-birchbark.com\/de\/#\/schema\/logo\/image\/"}}]}},"_links":{"self":[{"href":"https:\/\/moya-birchbark.com\/de\/wp-json\/wp\/v2\/product\/3257","targetHints":{"allow":["GET"]}}],"collection":[{"href":"https:\/\/moya-birchbark.com\/de\/wp-json\/wp\/v2\/product"}],"about":[{"href":"https:\/\/moya-birchbark.com\/de\/wp-json\/wp\/v2\/types\/product"}],"replies":[{"embeddable":true,"href":"https:\/\/moya-birchbark.com\/de\/wp-json\/wp\/v2\/comments?post=3257"}],"wp:featuredmedia":[{"embeddable":true,"href":"https:\/\/moya-birchbark.com\/de\/wp-json\/wp\/v2\/media\/9286"}],"wp:attachment":[{"href":"https:\/\/moya-birchbark.com\/de\/wp-json\/wp\/v2\/media?parent=3257"}],"wp:term":[{"taxonomy":"product_cat","embeddable":true,"href":"https:\/\/moya-birchbark.com\/de\/wp-json\/wp\/v2\/product_cat?post=3257"},{"taxonomy":"product_tag","embeddable":true,"href":"https:\/\/moya-birchbark.com\/de\/wp-json\/wp\/v2\/product_tag?post=3257"}],"curies":[{"name":"wp","href":"https:\/\/api.w.org\/{rel}","templated":true}]}}