{"id":3248,"date":"2018-01-15T14:06:08","date_gmt":"2018-01-15T14:06:08","guid":{"rendered":"https:\/\/moya-birchbark.com\/?post_type=product&#038;p=3248"},"modified":"2024-04-08T12:24:27","modified_gmt":"2024-04-08T12:24:27","slug":"nachttischlampe-dreibein-schreibtischlampe-aus-birkenrinde","status":"publish","type":"product","link":"https:\/\/moya-birchbark.com\/de\/produkt\/nachttischlampe-dreibein-schreibtischlampe-aus-birkenrinde\/","title":{"rendered":"Tischlampe Svetoch"},"content":{"rendered":"<p><strong>Jede Leuchte aus Birkenrinde<br \/>\n<\/strong>&#8211; wird in sorgf\u00e4ltiger Handarbeit gefertigt<br \/>\n&#8211; ist einzigartig, so wie die B\u00e4ume, von denen die Birkenrinde nachhaltig geerntet wird<br \/>\n&#8211; sorgt f\u00fcr ein gem\u00fctliches und vertrautes Ambiente in Deinen vier W\u00e4nden<br \/>\n&#8211; zelebriert die einzigartige, grafische Maserung und Farbgebung des Naturmaterials<br \/>\n&#8211; kombiniert eine traditionelle sowie klebstofffreie Verbindungstechnik mit moderner Laser-Technologie<br \/>\n&#8211; erm\u00f6glicht ein spielerisches Durchdringen des Lichts<br \/>\n&#8211; zeigt kontrastreiche Akzente durch eine hochwertige Messing Fassung, sowie einem klassischem Textilkabel in schwarzer Farbe<\/p>\n<p><strong>Details:<\/strong><br \/>\n\u2013 100% nat\u00fcrliche Birkenrinde ohne jegliche Zusatzstoffe<br \/>\n\u2013 Metall Dreibein \/ pulverbeschichtet<br \/>\n\u2013 H\u00f6he 50 cm | \u00f8 25 cm<br \/>\n\u2013 Lampenschirm Birkenrinde: H\u00f6he 20 cm<br \/>\n\u2013 Kabell\u00e4nge 3 Meter mit integriertem Schalter<br \/>\n\u2013 Wir empfehlen die Verwendung von LED Leuchtmitteln &gt; z.B. diese hier: Osram Vintage 1906 (6,5 W, E27, Warmwei\u00df, Globe)<br \/>\n\u2013 In drei Gr\u00f6\u00dfen, jeweils als Steh- oder H\u00e4ngeleuchte verf\u00fcgbar<\/p>\n","protected":false},"excerpt":{"rendered":"<p>Spielerisch dringt das Licht durch das warme und 100% nat\u00fcrliche Material und schafft ein gem\u00fctliches, vertrautes Ambiente neben deinem Bett oder auf deinem Schreibtisch<\/p>\n","protected":false},"featured_media":11234,"comment_status":"open","ping_status":"closed","template":"","meta":{"inline_featured_image":false},"product_cat":[210],"product_tag":[],"class_list":["post-3248","product","type-product","status-publish","has-post-thumbnail","hentry","product_cat-leuchten-aus-birkenrinde-birken-holz"],"yoast_head":"<!-- This site is optimized with the Yoast SEO plugin v19.10 - https:\/\/yoast.com\/wordpress\/plugins\/seo\/ -->\n<title>Nachttischlampe - Dreibein - Schreibtischlampe aus Birkenrinde - Svetoch<\/title>\n<meta name=\"description\" content=\"Das Naturmaterial Birkenrinde macht unsere Nachttischlampe \/ Schreibtischlampe mit Dreibein zu einem Hingucker in Wohnzimmer, Esszimmer und K\u00fcche\" \/>\n<meta name=\"robots\" content=\"index, follow, max-snippet:-1, max-image-preview:large, max-video-preview:-1\" \/>\n<link rel=\"canonical\" href=\"https:\/\/moya-birchbark.com\/de\/produkt\/nachttischlampe-dreibein-schreibtischlampe-aus-birkenrinde\/\" \/>\n<meta property=\"og:locale\" content=\"de_DE\" \/>\n<meta property=\"og:type\" content=\"article\" \/>\n<meta property=\"og:title\" content=\"Nachttischlampe - Dreibein - Schreibtischlampe aus Birkenrinde - Svetoch\" \/>\n<meta property=\"og:description\" content=\"Das Naturmaterial Birkenrinde macht unsere Nachttischlampe \/ Schreibtischlampe mit Dreibein zu einem Hingucker in Wohnzimmer, Esszimmer und K\u00fcche\" \/>\n<meta property=\"og:url\" content=\"https:\/\/moya-birchbark.com\/de\/produkt\/nachttischlampe-dreibein-schreibtischlampe-aus-birkenrinde\/\" \/>\n<meta property=\"og:site_name\" content=\"Moya Birkenrinde\" \/>\n<meta property=\"article:modified_time\" content=\"2024-04-08T12:24:27+00:00\" \/>\n<meta property=\"og:image\" content=\"https:\/\/moya-birchbark.com\/de\/wp-content\/uploads\/sites\/4\/2018\/01\/Moya_Svetoch_Floor_\u00a9Frieder-Reuter_web_05.jpg\" \/>\n\t<meta property=\"og:image:width\" content=\"1999\" \/>\n\t<meta property=\"og:image:height\" content=\"1333\" \/>\n\t<meta property=\"og:image:type\" content=\"image\/jpeg\" \/>\n<meta name=\"twitter:card\" content=\"summary_large_image\" \/>\n<meta name=\"twitter:label1\" content=\"Gesch\u00e4tzte Lesezeit\" \/>\n\t<meta name=\"twitter:data1\" content=\"1\u00a0Minute\" \/>\n<script type=\"application\/ld+json\" class=\"yoast-schema-graph\">{\"@context\":\"https:\/\/schema.org\",\"@graph\":[{\"@type\":\"WebPage\",\"@id\":\"https:\/\/moya-birchbark.com\/de\/produkt\/nachttischlampe-dreibein-schreibtischlampe-aus-birkenrinde\/\",\"url\":\"https:\/\/moya-birchbark.com\/de\/produkt\/nachttischlampe-dreibein-schreibtischlampe-aus-birkenrinde\/\",\"name\":\"Nachttischlampe - Dreibein - Schreibtischlampe aus Birkenrinde - Svetoch\",\"isPartOf\":{\"@id\":\"https:\/\/moya-birchbark.com\/de\/#website\"},\"datePublished\":\"2018-01-15T14:06:08+00:00\",\"dateModified\":\"2024-04-08T12:24:27+00:00\",\"description\":\"Das Naturmaterial Birkenrinde macht unsere Nachttischlampe \/ Schreibtischlampe mit Dreibein zu einem Hingucker in Wohnzimmer, Esszimmer und K\u00fcche\",\"breadcrumb\":{\"@id\":\"https:\/\/moya-birchbark.com\/de\/produkt\/nachttischlampe-dreibein-schreibtischlampe-aus-birkenrinde\/#breadcrumb\"},\"inLanguage\":\"de\",\"potentialAction\":[{\"@type\":\"ReadAction\",\"target\":[\"https:\/\/moya-birchbark.com\/de\/produkt\/nachttischlampe-dreibein-schreibtischlampe-aus-birkenrinde\/\"]}]},{\"@type\":\"BreadcrumbList\",\"@id\":\"https:\/\/moya-birchbark.com\/de\/produkt\/nachttischlampe-dreibein-schreibtischlampe-aus-birkenrinde\/#breadcrumb\",\"itemListElement\":[{\"@type\":\"ListItem\",\"position\":1,\"name\":\"Home\",\"item\":\"https:\/\/moya-birchbark.com\/de\/\"},{\"@type\":\"ListItem\",\"position\":2,\"name\":\"Shop\",\"item\":\"https:\/\/moya-birchbark.com\/de\/shop-moya-birkenrinde\/\"},{\"@type\":\"ListItem\",\"position\":3,\"name\":\"Wohnen &amp; Wohlf\u00fchlen\",\"item\":\"https:\/\/moya-birchbark.com\/de\/produkt-kategorie\/wohnen-und-wohlfuehlen\/\"},{\"@type\":\"ListItem\",\"position\":4,\"name\":\"Leuchten\",\"item\":\"https:\/\/moya-birchbark.com\/de\/produkt-kategorie\/wohnen-und-wohlfuehlen\/leuchten-aus-birkenrinde-birken-holz\/\"},{\"@type\":\"ListItem\",\"position\":5,\"name\":\"Tischlampe Svetoch\"}]},{\"@type\":\"WebSite\",\"@id\":\"https:\/\/moya-birchbark.com\/de\/#website\",\"url\":\"https:\/\/moya-birchbark.com\/de\/\",\"name\":\"Moya Birkenrinde\",\"description\":\"MOYA Birch Bark\",\"publisher\":{\"@id\":\"https:\/\/moya-birchbark.com\/de\/#organization\"},\"potentialAction\":[{\"@type\":\"SearchAction\",\"target\":{\"@type\":\"EntryPoint\",\"urlTemplate\":\"https:\/\/moya-birchbark.com\/de\/?s={search_term_string}\"},\"query-input\":\"required name=search_term_string\"}],\"inLanguage\":\"de\"},{\"@type\":\"Organization\",\"@id\":\"https:\/\/moya-birchbark.com\/de\/#organization\",\"name\":\"Moya Birkenrinde\",\"url\":\"https:\/\/moya-birchbark.com\/de\/\",\"logo\":{\"@type\":\"ImageObject\",\"inLanguage\":\"de\",\"@id\":\"https:\/\/moya-birchbark.com\/de\/#\/schema\/logo\/image\/\",\"url\":\"https:\/\/moya-birchbark.com\/de\/wp-content\/uploads\/sites\/4\/2021\/05\/MOYA-Birch-Bark-Logo-white.png\",\"contentUrl\":\"https:\/\/moya-birchbark.com\/de\/wp-content\/uploads\/sites\/4\/2021\/05\/MOYA-Birch-Bark-Logo-white.png\",\"width\":520,\"height\":152,\"caption\":\"Moya Birkenrinde\"},\"image\":{\"@id\":\"https:\/\/moya-birchbark.com\/de\/#\/schema\/logo\/image\/\"}}]}<\/script>\n<!-- \/ Yoast SEO plugin. -->","yoast_head_json":{"title":"Nachttischlampe - Dreibein - Schreibtischlampe aus Birkenrinde - Svetoch","description":"Das Naturmaterial Birkenrinde macht unsere Nachttischlampe \/ Schreibtischlampe mit Dreibein zu einem Hingucker in Wohnzimmer, Esszimmer und K\u00fcche","robots":{"index":"index","follow":"follow","max-snippet":"max-snippet:-1","max-image-preview":"max-image-preview:large","max-video-preview":"max-video-preview:-1"},"canonical":"https:\/\/moya-birchbark.com\/de\/produkt\/nachttischlampe-dreibein-schreibtischlampe-aus-birkenrinde\/","og_locale":"de_DE","og_type":"article","og_title":"Nachttischlampe - Dreibein - Schreibtischlampe aus Birkenrinde - Svetoch","og_description":"Das Naturmaterial Birkenrinde macht unsere Nachttischlampe \/ Schreibtischlampe mit Dreibein zu einem Hingucker in Wohnzimmer, Esszimmer und K\u00fcche","og_url":"https:\/\/moya-birchbark.com\/de\/produkt\/nachttischlampe-dreibein-schreibtischlampe-aus-birkenrinde\/","og_site_name":"Moya Birkenrinde","article_modified_time":"2024-04-08T12:24:27+00:00","og_image":[{"width":1999,"height":1333,"url":"https:\/\/moya-birchbark.com\/de\/wp-content\/uploads\/sites\/4\/2018\/01\/Moya_Svetoch_Floor_\u00a9Frieder-Reuter_web_05.jpg","type":"image\/jpeg"}],"twitter_card":"summary_large_image","twitter_misc":{"Gesch\u00e4tzte Lesezeit":"1\u00a0Minute"},"schema":{"@context":"https:\/\/schema.org","@graph":[{"@type":"WebPage","@id":"https:\/\/moya-birchbark.com\/de\/produkt\/nachttischlampe-dreibein-schreibtischlampe-aus-birkenrinde\/","url":"https:\/\/moya-birchbark.com\/de\/produkt\/nachttischlampe-dreibein-schreibtischlampe-aus-birkenrinde\/","name":"Nachttischlampe - Dreibein - Schreibtischlampe aus Birkenrinde - Svetoch","isPartOf":{"@id":"https:\/\/moya-birchbark.com\/de\/#website"},"datePublished":"2018-01-15T14:06:08+00:00","dateModified":"2024-04-08T12:24:27+00:00","description":"Das Naturmaterial Birkenrinde macht unsere Nachttischlampe \/ Schreibtischlampe mit Dreibein zu einem Hingucker in Wohnzimmer, Esszimmer und K\u00fcche","breadcrumb":{"@id":"https:\/\/moya-birchbark.com\/de\/produkt\/nachttischlampe-dreibein-schreibtischlampe-aus-birkenrinde\/#breadcrumb"},"inLanguage":"de","potentialAction":[{"@type":"ReadAction","target":["https:\/\/moya-birchbark.com\/de\/produkt\/nachttischlampe-dreibein-schreibtischlampe-aus-birkenrinde\/"]}]},{"@type":"BreadcrumbList","@id":"https:\/\/moya-birchbark.com\/de\/produkt\/nachttischlampe-dreibein-schreibtischlampe-aus-birkenrinde\/#breadcrumb","itemListElement":[{"@type":"ListItem","position":1,"name":"Home","item":"https:\/\/moya-birchbark.com\/de\/"},{"@type":"ListItem","position":2,"name":"Shop","item":"https:\/\/moya-birchbark.com\/de\/shop-moya-birkenrinde\/"},{"@type":"ListItem","position":3,"name":"Wohnen &amp; Wohlf\u00fchlen","item":"https:\/\/moya-birchbark.com\/de\/produkt-kategorie\/wohnen-und-wohlfuehlen\/"},{"@type":"ListItem","position":4,"name":"Leuchten","item":"https:\/\/moya-birchbark.com\/de\/produkt-kategorie\/wohnen-und-wohlfuehlen\/leuchten-aus-birkenrinde-birken-holz\/"},{"@type":"ListItem","position":5,"name":"Tischlampe Svetoch"}]},{"@type":"WebSite","@id":"https:\/\/moya-birchbark.com\/de\/#website","url":"https:\/\/moya-birchbark.com\/de\/","name":"Moya Birkenrinde","description":"MOYA Birch Bark","publisher":{"@id":"https:\/\/moya-birchbark.com\/de\/#organization"},"potentialAction":[{"@type":"SearchAction","target":{"@type":"EntryPoint","urlTemplate":"https:\/\/moya-birchbark.com\/de\/?s={search_term_string}"},"query-input":"required name=search_term_string"}],"inLanguage":"de"},{"@type":"Organization","@id":"https:\/\/moya-birchbark.com\/de\/#organization","name":"Moya Birkenrinde","url":"https:\/\/moya-birchbark.com\/de\/","logo":{"@type":"ImageObject","inLanguage":"de","@id":"https:\/\/moya-birchbark.com\/de\/#\/schema\/logo\/image\/","url":"https:\/\/moya-birchbark.com\/de\/wp-content\/uploads\/sites\/4\/2021\/05\/MOYA-Birch-Bark-Logo-white.png","contentUrl":"https:\/\/moya-birchbark.com\/de\/wp-content\/uploads\/sites\/4\/2021\/05\/MOYA-Birch-Bark-Logo-white.png","width":520,"height":152,"caption":"Moya Birkenrinde"},"image":{"@id":"https:\/\/moya-birchbark.com\/de\/#\/schema\/logo\/image\/"}}]}},"_links":{"self":[{"href":"https:\/\/moya-birchbark.com\/de\/wp-json\/wp\/v2\/product\/3248","targetHints":{"allow":["GET"]}}],"collection":[{"href":"https:\/\/moya-birchbark.com\/de\/wp-json\/wp\/v2\/product"}],"about":[{"href":"https:\/\/moya-birchbark.com\/de\/wp-json\/wp\/v2\/types\/product"}],"replies":[{"embeddable":true,"href":"https:\/\/moya-birchbark.com\/de\/wp-json\/wp\/v2\/comments?post=3248"}],"wp:featuredmedia":[{"embeddable":true,"href":"https:\/\/moya-birchbark.com\/de\/wp-json\/wp\/v2\/media\/11234"}],"wp:attachment":[{"href":"https:\/\/moya-birchbark.com\/de\/wp-json\/wp\/v2\/media?parent=3248"}],"wp:term":[{"taxonomy":"product_cat","embeddable":true,"href":"https:\/\/moya-birchbark.com\/de\/wp-json\/wp\/v2\/product_cat?post=3248"},{"taxonomy":"product_tag","embeddable":true,"href":"https:\/\/moya-birchbark.com\/de\/wp-json\/wp\/v2\/product_tag?post=3248"}],"curies":[{"name":"wp","href":"https:\/\/api.w.org\/{rel}","templated":true}]}}