{"id":11200,"date":"2022-12-02T10:01:18","date_gmt":"2022-12-02T10:01:18","guid":{"rendered":"https:\/\/moya-birchbark.com\/de\/?post_type=product&#038;p=11200"},"modified":"2024-02-04T15:09:51","modified_gmt":"2024-02-04T15:09:51","slug":"nachhaltiges-geschenkset-fuers-badezimmer-vorratsdose-porlingpeeling-und-porlingdusche","status":"publish","type":"product","link":"https:\/\/moya-birchbark.com\/de\/produkt\/nachhaltiges-geschenkset-fuers-badezimmer-vorratsdose-porlingpeeling-und-porlingdusche\/","title":{"rendered":"Nachhaltiges Geschenkset f\u00fcrs Badezimmer- Vorratsdose, Porlingpeeling und Porlingdusche"},"content":{"rendered":"<p>Gemeinsam mit Toff und Z\u00fcrpel zelebrieren wir nicht nur die Birkenrinde sondern auch den besonderen Birkenporling, welcher als Baumpilz an den Birken w\u00e4chst.<\/p>\n<p><strong>Toff und Z\u00fcrpel Porling-Set<\/strong><\/p>\n<p>Das Porling-Set ist mit seinen sehr besonderen und hochwertigen Rohstoffen und einer \u00dcberfettung von 16% (nach einer 6-w\u00f6chigen Reifezeit) besonders pflegend, r\u00fcckfettend und beruhigend sowie regenerierend! Die ganz besonderen \u00d6le sorgen nicht nur f\u00fcr die extra Pflege Deiner Haut, sondern auch f\u00fcr einen angenehmen, frischen &amp; nat\u00fcrlichen Duft!<\/p>\n<p>Die Produkte sind frei von Farb-, Duft- und Konservierungsstoffe\u00a0und besteht aus nat\u00fcrlichen Rohstoffen aus\u00a0kontrolliert biologischem Anbau. \u00a0Das Bio-Bienenwachs dient der Haut als Schutzbarriere und ist feuchtigkeitsspendend. Zudem hilft das Wachs und ganz besonders das Propolis bei der Wundheilung und bei der Regeneration der Haut. Der Birkenporling ist, wie der Name schon sagt, ein an Birken wachsender Baumpilz und als spezieller Helfer f\u00fcr die Gesundheit bekannt. Verwendet werden f\u00fcr die Produkte nur wild gewachsenen Birkenporlinge aus Deutschland \u2013 voll ausgereifte Fruchtk\u00f6rper mit hoher N\u00e4hrstoffdichte, welche schonend getrocknet und gemahlen werden. Dieser Heilpilz wird seit \u00fcber 5.000 Jahren als Tee verwendet und ist eines der \u00e4ltesten Mittel zur Steigerung des Wohlbefindens. Er gilt als reinigend, entz\u00fcndungshemmend, antibakteriell, beruhigend und regenerierend sowie bek\u00f6mmlich \u2013 innen wie au\u00dfen. Und die ganz besonderen \u00d6le (Distel-, Rizinus- &amp; Wacholderbeeren\u00f6l) sorgen f\u00fcr die extra Pflege Deiner Haut!<\/p>\n<p><em>Porlingpeeling<\/em><\/p>\n<div class=\"multicolumn-card content-container\">\n<div class=\"multicolumn-card__info\">\n<p>Handgemachte Naturseife aus Bio-Oliven\u00f6l, Bio-Kokos\u00f6l, Bio-Bienenwachs und Birkenporling.<\/p>\n<p><em>Porlingdusche<\/em><\/p>\n<p>Handgemachte Naturseife aus Bio-Oliven\u00f6l, Bio-Kokos\u00f6l, Bio-Sheabutter, Bio-Distel\u00f6l, Bio-Bienenwachs, Bio-Rizinus\u00f6l, Bio-Wacholderbeeren\u00f6l, Bio-Propolis &amp; Birkenporling.<\/p>\n<p>&nbsp;<\/p>\n<\/div>\n<\/div>\n<p><strong>Vorratsdosen aus Birkenrinde<\/strong><br \/>\n\u2013 sind antibakteriell, isolierend, feuchtigkeitsabweisend, leicht<br \/>\n\u2013 sind robust und besonders langlebig<br \/>\n\u2013 ben\u00f6tigen keine besondere Pflege wie andere Naturmaterialien<br \/>\n\u2013 garantieren selbst im nassen Zustand eine rutschfeste, warme Oberfl\u00e4che<br \/>\n\u2013 sind leicht zu Reinigen, sogar unter flie\u00dfendem Wasser abwaschbar<br \/>\n\u2013 bereiten lange und t\u00e4glich Freude und k\u00f6nnen als Erbst\u00fccke sogar Generationen \u00fcberdauern<\/p>\n<p><strong>Details<\/strong><br \/>\n\u2013 Gr\u00f6\u00dfe: 12 cm | \u00f8 12 cm<br \/>\n\u2013 100% nat\u00fcrliche Birkenrinde ohne jegliche Zusatzstoffe<br \/>\n\u2013 Boden und Deckel: Zirbelkiefer, lebensmittelechte zertifizierte Holzbeize, versiegelt mit nat\u00fcrlichem Bienenwachs<\/p>\n","protected":false},"excerpt":{"rendered":"<p>Nachhaltiges Geschenkset mit Vorratsdose aus echter Birkenrinde, Porlingdusche und Porlingpeeling.<\/p>\n","protected":false},"featured_media":11212,"comment_status":"open","ping_status":"closed","template":"","meta":{"inline_featured_image":false},"product_cat":[362],"product_tag":[],"class_list":["post-11200","product","type-product","status-publish","has-post-thumbnail","hentry","product_cat-schenken-und-dekorieren"],"yoast_head":"<!-- This site is optimized with the Yoast SEO plugin v19.10 - https:\/\/yoast.com\/wordpress\/plugins\/seo\/ -->\n<title>Nachhaltiges Geschenkset f\u00fcrs Badezimmer<\/title>\n<meta name=\"description\" content=\"Nachhaltiges Geschenkset mit Vorratsdose aus echter Birkenrinde, Porlingdusche und Porlingpeeling.\" \/>\n<meta name=\"robots\" content=\"index, follow, max-snippet:-1, max-image-preview:large, max-video-preview:-1\" \/>\n<link rel=\"canonical\" href=\"https:\/\/moya-birchbark.com\/de\/produkt\/nachhaltiges-geschenkset-fuers-badezimmer-vorratsdose-porlingpeeling-und-porlingdusche\/\" \/>\n<meta property=\"og:locale\" content=\"de_DE\" \/>\n<meta property=\"og:type\" content=\"article\" \/>\n<meta property=\"og:title\" content=\"Nachhaltiges Geschenkset f\u00fcrs Badezimmer\" \/>\n<meta property=\"og:description\" content=\"Nachhaltiges Geschenkset mit Vorratsdose aus echter Birkenrinde, Porlingdusche und Porlingpeeling.\" \/>\n<meta property=\"og:url\" content=\"https:\/\/moya-birchbark.com\/de\/produkt\/nachhaltiges-geschenkset-fuers-badezimmer-vorratsdose-porlingpeeling-und-porlingdusche\/\" \/>\n<meta property=\"og:site_name\" content=\"Moya Birkenrinde\" \/>\n<meta property=\"article:modified_time\" content=\"2024-02-04T15:09:51+00:00\" \/>\n<meta property=\"og:image\" content=\"https:\/\/moya-birchbark.com\/de\/wp-content\/uploads\/sites\/4\/2022\/12\/ToffZuerpel_Badset_\u00a9Clara-Loeffler_web_01.jpg\" \/>\n\t<meta property=\"og:image:width\" content=\"945\" \/>\n\t<meta property=\"og:image:height\" content=\"1417\" \/>\n\t<meta property=\"og:image:type\" content=\"image\/jpeg\" \/>\n<meta name=\"twitter:card\" content=\"summary_large_image\" \/>\n<meta name=\"twitter:label1\" content=\"Gesch\u00e4tzte Lesezeit\" \/>\n\t<meta name=\"twitter:data1\" content=\"2\u00a0Minuten\" \/>\n<script type=\"application\/ld+json\" class=\"yoast-schema-graph\">{\"@context\":\"https:\/\/schema.org\",\"@graph\":[{\"@type\":\"WebPage\",\"@id\":\"https:\/\/moya-birchbark.com\/de\/produkt\/nachhaltiges-geschenkset-fuers-badezimmer-vorratsdose-porlingpeeling-und-porlingdusche\/\",\"url\":\"https:\/\/moya-birchbark.com\/de\/produkt\/nachhaltiges-geschenkset-fuers-badezimmer-vorratsdose-porlingpeeling-und-porlingdusche\/\",\"name\":\"Nachhaltiges Geschenkset f\u00fcrs Badezimmer\",\"isPartOf\":{\"@id\":\"https:\/\/moya-birchbark.com\/de\/#website\"},\"datePublished\":\"2022-12-02T10:01:18+00:00\",\"dateModified\":\"2024-02-04T15:09:51+00:00\",\"description\":\"Nachhaltiges Geschenkset mit Vorratsdose aus echter Birkenrinde, Porlingdusche und Porlingpeeling.\",\"breadcrumb\":{\"@id\":\"https:\/\/moya-birchbark.com\/de\/produkt\/nachhaltiges-geschenkset-fuers-badezimmer-vorratsdose-porlingpeeling-und-porlingdusche\/#breadcrumb\"},\"inLanguage\":\"de\",\"potentialAction\":[{\"@type\":\"ReadAction\",\"target\":[\"https:\/\/moya-birchbark.com\/de\/produkt\/nachhaltiges-geschenkset-fuers-badezimmer-vorratsdose-porlingpeeling-und-porlingdusche\/\"]}]},{\"@type\":\"BreadcrumbList\",\"@id\":\"https:\/\/moya-birchbark.com\/de\/produkt\/nachhaltiges-geschenkset-fuers-badezimmer-vorratsdose-porlingpeeling-und-porlingdusche\/#breadcrumb\",\"itemListElement\":[{\"@type\":\"ListItem\",\"position\":1,\"name\":\"Home\",\"item\":\"https:\/\/moya-birchbark.com\/de\/\"},{\"@type\":\"ListItem\",\"position\":2,\"name\":\"Shop\",\"item\":\"https:\/\/moya-birchbark.com\/de\/shop-moya-birkenrinde\/\"},{\"@type\":\"ListItem\",\"position\":3,\"name\":\"Schenken &amp; Dekorieren\",\"item\":\"https:\/\/moya-birchbark.com\/de\/produkt-kategorie\/schenken-und-dekorieren\/\"},{\"@type\":\"ListItem\",\"position\":4,\"name\":\"Nachhaltiges Geschenkset f\u00fcrs Badezimmer- Vorratsdose, Porlingpeeling und Porlingdusche\"}]},{\"@type\":\"WebSite\",\"@id\":\"https:\/\/moya-birchbark.com\/de\/#website\",\"url\":\"https:\/\/moya-birchbark.com\/de\/\",\"name\":\"Moya Birkenrinde\",\"description\":\"MOYA Birch Bark\",\"publisher\":{\"@id\":\"https:\/\/moya-birchbark.com\/de\/#organization\"},\"potentialAction\":[{\"@type\":\"SearchAction\",\"target\":{\"@type\":\"EntryPoint\",\"urlTemplate\":\"https:\/\/moya-birchbark.com\/de\/?s={search_term_string}\"},\"query-input\":\"required name=search_term_string\"}],\"inLanguage\":\"de\"},{\"@type\":\"Organization\",\"@id\":\"https:\/\/moya-birchbark.com\/de\/#organization\",\"name\":\"Moya Birkenrinde\",\"url\":\"https:\/\/moya-birchbark.com\/de\/\",\"logo\":{\"@type\":\"ImageObject\",\"inLanguage\":\"de\",\"@id\":\"https:\/\/moya-birchbark.com\/de\/#\/schema\/logo\/image\/\",\"url\":\"https:\/\/moya-birchbark.com\/de\/wp-content\/uploads\/sites\/4\/2021\/05\/MOYA-Birch-Bark-Logo-white.png\",\"contentUrl\":\"https:\/\/moya-birchbark.com\/de\/wp-content\/uploads\/sites\/4\/2021\/05\/MOYA-Birch-Bark-Logo-white.png\",\"width\":520,\"height\":152,\"caption\":\"Moya Birkenrinde\"},\"image\":{\"@id\":\"https:\/\/moya-birchbark.com\/de\/#\/schema\/logo\/image\/\"}}]}<\/script>\n<!-- \/ Yoast SEO plugin. -->","yoast_head_json":{"title":"Nachhaltiges Geschenkset f\u00fcrs Badezimmer","description":"Nachhaltiges Geschenkset mit Vorratsdose aus echter Birkenrinde, Porlingdusche und Porlingpeeling.","robots":{"index":"index","follow":"follow","max-snippet":"max-snippet:-1","max-image-preview":"max-image-preview:large","max-video-preview":"max-video-preview:-1"},"canonical":"https:\/\/moya-birchbark.com\/de\/produkt\/nachhaltiges-geschenkset-fuers-badezimmer-vorratsdose-porlingpeeling-und-porlingdusche\/","og_locale":"de_DE","og_type":"article","og_title":"Nachhaltiges Geschenkset f\u00fcrs Badezimmer","og_description":"Nachhaltiges Geschenkset mit Vorratsdose aus echter Birkenrinde, Porlingdusche und Porlingpeeling.","og_url":"https:\/\/moya-birchbark.com\/de\/produkt\/nachhaltiges-geschenkset-fuers-badezimmer-vorratsdose-porlingpeeling-und-porlingdusche\/","og_site_name":"Moya Birkenrinde","article_modified_time":"2024-02-04T15:09:51+00:00","og_image":[{"width":945,"height":1417,"url":"https:\/\/moya-birchbark.com\/de\/wp-content\/uploads\/sites\/4\/2022\/12\/ToffZuerpel_Badset_\u00a9Clara-Loeffler_web_01.jpg","type":"image\/jpeg"}],"twitter_card":"summary_large_image","twitter_misc":{"Gesch\u00e4tzte Lesezeit":"2\u00a0Minuten"},"schema":{"@context":"https:\/\/schema.org","@graph":[{"@type":"WebPage","@id":"https:\/\/moya-birchbark.com\/de\/produkt\/nachhaltiges-geschenkset-fuers-badezimmer-vorratsdose-porlingpeeling-und-porlingdusche\/","url":"https:\/\/moya-birchbark.com\/de\/produkt\/nachhaltiges-geschenkset-fuers-badezimmer-vorratsdose-porlingpeeling-und-porlingdusche\/","name":"Nachhaltiges Geschenkset f\u00fcrs Badezimmer","isPartOf":{"@id":"https:\/\/moya-birchbark.com\/de\/#website"},"datePublished":"2022-12-02T10:01:18+00:00","dateModified":"2024-02-04T15:09:51+00:00","description":"Nachhaltiges Geschenkset mit Vorratsdose aus echter Birkenrinde, Porlingdusche und Porlingpeeling.","breadcrumb":{"@id":"https:\/\/moya-birchbark.com\/de\/produkt\/nachhaltiges-geschenkset-fuers-badezimmer-vorratsdose-porlingpeeling-und-porlingdusche\/#breadcrumb"},"inLanguage":"de","potentialAction":[{"@type":"ReadAction","target":["https:\/\/moya-birchbark.com\/de\/produkt\/nachhaltiges-geschenkset-fuers-badezimmer-vorratsdose-porlingpeeling-und-porlingdusche\/"]}]},{"@type":"BreadcrumbList","@id":"https:\/\/moya-birchbark.com\/de\/produkt\/nachhaltiges-geschenkset-fuers-badezimmer-vorratsdose-porlingpeeling-und-porlingdusche\/#breadcrumb","itemListElement":[{"@type":"ListItem","position":1,"name":"Home","item":"https:\/\/moya-birchbark.com\/de\/"},{"@type":"ListItem","position":2,"name":"Shop","item":"https:\/\/moya-birchbark.com\/de\/shop-moya-birkenrinde\/"},{"@type":"ListItem","position":3,"name":"Schenken &amp; Dekorieren","item":"https:\/\/moya-birchbark.com\/de\/produkt-kategorie\/schenken-und-dekorieren\/"},{"@type":"ListItem","position":4,"name":"Nachhaltiges Geschenkset f\u00fcrs Badezimmer- Vorratsdose, Porlingpeeling und Porlingdusche"}]},{"@type":"WebSite","@id":"https:\/\/moya-birchbark.com\/de\/#website","url":"https:\/\/moya-birchbark.com\/de\/","name":"Moya Birkenrinde","description":"MOYA Birch Bark","publisher":{"@id":"https:\/\/moya-birchbark.com\/de\/#organization"},"potentialAction":[{"@type":"SearchAction","target":{"@type":"EntryPoint","urlTemplate":"https:\/\/moya-birchbark.com\/de\/?s={search_term_string}"},"query-input":"required name=search_term_string"}],"inLanguage":"de"},{"@type":"Organization","@id":"https:\/\/moya-birchbark.com\/de\/#organization","name":"Moya Birkenrinde","url":"https:\/\/moya-birchbark.com\/de\/","logo":{"@type":"ImageObject","inLanguage":"de","@id":"https:\/\/moya-birchbark.com\/de\/#\/schema\/logo\/image\/","url":"https:\/\/moya-birchbark.com\/de\/wp-content\/uploads\/sites\/4\/2021\/05\/MOYA-Birch-Bark-Logo-white.png","contentUrl":"https:\/\/moya-birchbark.com\/de\/wp-content\/uploads\/sites\/4\/2021\/05\/MOYA-Birch-Bark-Logo-white.png","width":520,"height":152,"caption":"Moya Birkenrinde"},"image":{"@id":"https:\/\/moya-birchbark.com\/de\/#\/schema\/logo\/image\/"}}]}},"_links":{"self":[{"href":"https:\/\/moya-birchbark.com\/de\/wp-json\/wp\/v2\/product\/11200","targetHints":{"allow":["GET"]}}],"collection":[{"href":"https:\/\/moya-birchbark.com\/de\/wp-json\/wp\/v2\/product"}],"about":[{"href":"https:\/\/moya-birchbark.com\/de\/wp-json\/wp\/v2\/types\/product"}],"replies":[{"embeddable":true,"href":"https:\/\/moya-birchbark.com\/de\/wp-json\/wp\/v2\/comments?post=11200"}],"wp:featuredmedia":[{"embeddable":true,"href":"https:\/\/moya-birchbark.com\/de\/wp-json\/wp\/v2\/media\/11212"}],"wp:attachment":[{"href":"https:\/\/moya-birchbark.com\/de\/wp-json\/wp\/v2\/media?parent=11200"}],"wp:term":[{"taxonomy":"product_cat","embeddable":true,"href":"https:\/\/moya-birchbark.com\/de\/wp-json\/wp\/v2\/product_cat?post=11200"},{"taxonomy":"product_tag","embeddable":true,"href":"https:\/\/moya-birchbark.com\/de\/wp-json\/wp\/v2\/product_tag?post=11200"}],"curies":[{"name":"wp","href":"https:\/\/api.w.org\/{rel}","templated":true}]}}