{"id":11160,"date":"2022-11-25T07:16:54","date_gmt":"2022-11-25T07:16:54","guid":{"rendered":"https:\/\/moya-birchbark.com\/de\/?post_type=product&#038;p=11160"},"modified":"2024-02-04T15:09:32","modified_gmt":"2024-02-04T15:09:32","slug":"geschenkset-vorratsdose-und-2er-set-bienenwachstuecher","status":"publish","type":"product","link":"https:\/\/moya-birchbark.com\/de\/produkt\/geschenkset-vorratsdose-und-2er-set-bienenwachstuecher\/","title":{"rendered":"Geschenkset &#8211; Vorratsdose und 2er Set Bienenwachst\u00fccher"},"content":{"rendered":"<p>Gemeinsam mit Toff &amp; Z\u00fcrpel bek\u00e4mpfen wir die Plastikflut in unseren K\u00fcchen!<\/p>\n<p><strong>Das Bienenwachstuch-Set Small &amp; Medium von Toff &amp; Z\u00fcrpel\u00a0<\/strong><\/p>\n<p>Diese Alternative zu Frischhaltefolie ist hergestellt aus Bio-Baumwolle (in Deutschland gewebt), regionalem Bio-Bienenwachs, Kiefernharz aus einer traditionellen Pecherei &amp; fair gehandeltem Bio-Kokos\u00f6l.<\/p>\n<p>Die T\u00fccher haben die perfekten Gr\u00f6\u00dfen f\u00fcr Deine K\u00fcche! Sie eignen sich hervorragend f\u00fcr\u00a0angeschnittenes Obst &amp; Gem\u00fcse,\u00a0kleinere Sch\u00fcsseln,\u00a0K\u00e4sest\u00fccke und Schnitten. So kannst Du jeden Tag eine Menge Plastik sparen!<\/p>\n<p>Gr\u00f6\u00dfe der Bienenwachst\u00fccher: <strong>S<\/strong> (21\u00d718 cm) &amp; <strong>M<\/strong> (28\u00d724 cm)<br \/>\nFarbe: Wilde M\u00f6hre &amp; Natur<\/p>\n<p><strong>Vorratsdosen aus Birkenrinde<\/strong><\/p>\n<p>\u2013 halten Deine Lebensmittel auf nat\u00fcrliche Weise l\u00e4nger frisch<br \/>\n\u2013 sind antibakteriell, isolierend, feuchtigkeitsabweisend, leicht<br \/>\n\u2013 sind robust und besonders langlebig<br \/>\n\u2013 ben\u00f6tigen keine besondere Pflege, wie andere Naturmaterialien<br \/>\n\u2013 garantieren selbst im nassen Zustand eine rutschfeste, warme Oberfl\u00e4che<br \/>\n\u2013 sind leicht zu Reinigen, sogar unter flie\u00dfendem Wasser abwaschbar<br \/>\n\u2013 bereiten lange und t\u00e4glich Freude und k\u00f6nnen als Erbst\u00fccke sogar Generationen \u00fcberdauern<\/p>\n<p>Deine neuen Vorratsdosen eignen bestens zur Aufbewahrung von Keksen, Cerealien, Nudeln, Beeren, H\u00fclsenfr\u00fcchten und anderen losen, trockenen Lebensmitteln. Dein Tee, Kaffee, Gew\u00fcrze und N\u00fcsse sind darin bestens und aromadicht verpackt. Auch au\u00dferhalb der K\u00fcche und ohne essbaren Inhalt: ein optischer Leckerbissen!<\/p>\n<p>Jedem Produkt liegen hilfreiche Pflegehinweise bei.<\/p>\n<p><strong>Details<\/strong><br \/>\n\u2013 Gr\u00f6\u00dfe: 17 cm | \u00f8 9 cm<br \/>\n\u2013 Fassungsverm\u00f6gen von ca. 250g Kaffee, 550g Zucker oder 250g feine Haferflocken<br \/>\n\u2013 100% nat\u00fcrliche Birkenrinde ohne jegliche Zusatzstoffe<br \/>\n\u2013 Boden und Deckel: Zirbelkiefer, lebensmittelechte zertifizierte Holzbeize, versiegelt mit nat\u00fcrlichem Bienenwachs<\/p>\n","protected":false},"excerpt":{"rendered":"<p>Plastikfreies Aufbewahren in der K\u00fcche mit den Vorratsdosen aus echter Birkenrinde und Bienenwachst\u00fcchern.<\/p>\n","protected":false},"featured_media":11169,"comment_status":"open","ping_status":"closed","template":"","meta":{"inline_featured_image":false},"product_cat":[362],"product_tag":[],"class_list":["post-11160","product","type-product","status-publish","has-post-thumbnail","hentry","product_cat-schenken-und-dekorieren"],"yoast_head":"<!-- This site is optimized with the Yoast SEO plugin v19.10 - https:\/\/yoast.com\/wordpress\/plugins\/seo\/ -->\n<title>Geschenkset - Vorratsdose und 2er Set Bienenwachst\u00fccher<\/title>\n<meta name=\"description\" content=\"Aufbewahren ohne Plastik mit Vorratsdose aus echter Birkenrinde und Bienenwachst\u00fcchern. Eine Kollaboration von MOYA Birch Bark und Toff&amp;Z\u00fcrpel.\" \/>\n<meta name=\"robots\" content=\"index, follow, max-snippet:-1, max-image-preview:large, max-video-preview:-1\" \/>\n<link rel=\"canonical\" href=\"https:\/\/moya-birchbark.com\/de\/produkt\/geschenkset-vorratsdose-und-2er-set-bienenwachstuecher\/\" \/>\n<meta property=\"og:locale\" content=\"de_DE\" \/>\n<meta property=\"og:type\" content=\"article\" \/>\n<meta property=\"og:title\" content=\"Geschenkset - Vorratsdose und 2er Set Bienenwachst\u00fccher\" \/>\n<meta property=\"og:description\" content=\"Aufbewahren ohne Plastik mit Vorratsdose aus echter Birkenrinde und Bienenwachst\u00fcchern. Eine Kollaboration von MOYA Birch Bark und Toff&amp;Z\u00fcrpel.\" \/>\n<meta property=\"og:url\" content=\"https:\/\/moya-birchbark.com\/de\/produkt\/geschenkset-vorratsdose-und-2er-set-bienenwachstuecher\/\" \/>\n<meta property=\"og:site_name\" content=\"Moya Birkenrinde\" \/>\n<meta property=\"article:modified_time\" content=\"2024-02-04T15:09:32+00:00\" \/>\n<meta property=\"og:image\" content=\"https:\/\/moya-birchbark.com\/de\/wp-content\/uploads\/sites\/4\/2022\/11\/ToffZuerpel_\u00a9Clara-Loeffler_web_01.jpg\" \/>\n\t<meta property=\"og:image:width\" content=\"945\" \/>\n\t<meta property=\"og:image:height\" content=\"1417\" \/>\n\t<meta property=\"og:image:type\" content=\"image\/jpeg\" \/>\n<meta name=\"twitter:card\" content=\"summary_large_image\" \/>\n<meta name=\"twitter:label1\" content=\"Gesch\u00e4tzte Lesezeit\" \/>\n\t<meta name=\"twitter:data1\" content=\"2\u00a0Minuten\" \/>\n<script type=\"application\/ld+json\" class=\"yoast-schema-graph\">{\"@context\":\"https:\/\/schema.org\",\"@graph\":[{\"@type\":\"WebPage\",\"@id\":\"https:\/\/moya-birchbark.com\/de\/produkt\/geschenkset-vorratsdose-und-2er-set-bienenwachstuecher\/\",\"url\":\"https:\/\/moya-birchbark.com\/de\/produkt\/geschenkset-vorratsdose-und-2er-set-bienenwachstuecher\/\",\"name\":\"Geschenkset - Vorratsdose und 2er Set Bienenwachst\u00fccher\",\"isPartOf\":{\"@id\":\"https:\/\/moya-birchbark.com\/de\/#website\"},\"datePublished\":\"2022-11-25T07:16:54+00:00\",\"dateModified\":\"2024-02-04T15:09:32+00:00\",\"description\":\"Aufbewahren ohne Plastik mit Vorratsdose aus echter Birkenrinde und Bienenwachst\u00fcchern. Eine Kollaboration von MOYA Birch Bark und Toff&Z\u00fcrpel.\",\"breadcrumb\":{\"@id\":\"https:\/\/moya-birchbark.com\/de\/produkt\/geschenkset-vorratsdose-und-2er-set-bienenwachstuecher\/#breadcrumb\"},\"inLanguage\":\"de\",\"potentialAction\":[{\"@type\":\"ReadAction\",\"target\":[\"https:\/\/moya-birchbark.com\/de\/produkt\/geschenkset-vorratsdose-und-2er-set-bienenwachstuecher\/\"]}]},{\"@type\":\"BreadcrumbList\",\"@id\":\"https:\/\/moya-birchbark.com\/de\/produkt\/geschenkset-vorratsdose-und-2er-set-bienenwachstuecher\/#breadcrumb\",\"itemListElement\":[{\"@type\":\"ListItem\",\"position\":1,\"name\":\"Home\",\"item\":\"https:\/\/moya-birchbark.com\/de\/\"},{\"@type\":\"ListItem\",\"position\":2,\"name\":\"Shop\",\"item\":\"https:\/\/moya-birchbark.com\/de\/shop-moya-birkenrinde\/\"},{\"@type\":\"ListItem\",\"position\":3,\"name\":\"Schenken &amp; Dekorieren\",\"item\":\"https:\/\/moya-birchbark.com\/de\/produkt-kategorie\/schenken-und-dekorieren\/\"},{\"@type\":\"ListItem\",\"position\":4,\"name\":\"Geschenkset &#8211; Vorratsdose und 2er Set Bienenwachst\u00fccher\"}]},{\"@type\":\"WebSite\",\"@id\":\"https:\/\/moya-birchbark.com\/de\/#website\",\"url\":\"https:\/\/moya-birchbark.com\/de\/\",\"name\":\"Moya Birkenrinde\",\"description\":\"MOYA Birch Bark\",\"publisher\":{\"@id\":\"https:\/\/moya-birchbark.com\/de\/#organization\"},\"potentialAction\":[{\"@type\":\"SearchAction\",\"target\":{\"@type\":\"EntryPoint\",\"urlTemplate\":\"https:\/\/moya-birchbark.com\/de\/?s={search_term_string}\"},\"query-input\":\"required name=search_term_string\"}],\"inLanguage\":\"de\"},{\"@type\":\"Organization\",\"@id\":\"https:\/\/moya-birchbark.com\/de\/#organization\",\"name\":\"Moya Birkenrinde\",\"url\":\"https:\/\/moya-birchbark.com\/de\/\",\"logo\":{\"@type\":\"ImageObject\",\"inLanguage\":\"de\",\"@id\":\"https:\/\/moya-birchbark.com\/de\/#\/schema\/logo\/image\/\",\"url\":\"https:\/\/moya-birchbark.com\/de\/wp-content\/uploads\/sites\/4\/2021\/05\/MOYA-Birch-Bark-Logo-white.png\",\"contentUrl\":\"https:\/\/moya-birchbark.com\/de\/wp-content\/uploads\/sites\/4\/2021\/05\/MOYA-Birch-Bark-Logo-white.png\",\"width\":520,\"height\":152,\"caption\":\"Moya Birkenrinde\"},\"image\":{\"@id\":\"https:\/\/moya-birchbark.com\/de\/#\/schema\/logo\/image\/\"}}]}<\/script>\n<!-- \/ Yoast SEO plugin. -->","yoast_head_json":{"title":"Geschenkset - Vorratsdose und 2er Set Bienenwachst\u00fccher","description":"Aufbewahren ohne Plastik mit Vorratsdose aus echter Birkenrinde und Bienenwachst\u00fcchern. Eine Kollaboration von MOYA Birch Bark und Toff&Z\u00fcrpel.","robots":{"index":"index","follow":"follow","max-snippet":"max-snippet:-1","max-image-preview":"max-image-preview:large","max-video-preview":"max-video-preview:-1"},"canonical":"https:\/\/moya-birchbark.com\/de\/produkt\/geschenkset-vorratsdose-und-2er-set-bienenwachstuecher\/","og_locale":"de_DE","og_type":"article","og_title":"Geschenkset - Vorratsdose und 2er Set Bienenwachst\u00fccher","og_description":"Aufbewahren ohne Plastik mit Vorratsdose aus echter Birkenrinde und Bienenwachst\u00fcchern. Eine Kollaboration von MOYA Birch Bark und Toff&Z\u00fcrpel.","og_url":"https:\/\/moya-birchbark.com\/de\/produkt\/geschenkset-vorratsdose-und-2er-set-bienenwachstuecher\/","og_site_name":"Moya Birkenrinde","article_modified_time":"2024-02-04T15:09:32+00:00","og_image":[{"width":945,"height":1417,"url":"https:\/\/moya-birchbark.com\/de\/wp-content\/uploads\/sites\/4\/2022\/11\/ToffZuerpel_\u00a9Clara-Loeffler_web_01.jpg","type":"image\/jpeg"}],"twitter_card":"summary_large_image","twitter_misc":{"Gesch\u00e4tzte Lesezeit":"2\u00a0Minuten"},"schema":{"@context":"https:\/\/schema.org","@graph":[{"@type":"WebPage","@id":"https:\/\/moya-birchbark.com\/de\/produkt\/geschenkset-vorratsdose-und-2er-set-bienenwachstuecher\/","url":"https:\/\/moya-birchbark.com\/de\/produkt\/geschenkset-vorratsdose-und-2er-set-bienenwachstuecher\/","name":"Geschenkset - Vorratsdose und 2er Set Bienenwachst\u00fccher","isPartOf":{"@id":"https:\/\/moya-birchbark.com\/de\/#website"},"datePublished":"2022-11-25T07:16:54+00:00","dateModified":"2024-02-04T15:09:32+00:00","description":"Aufbewahren ohne Plastik mit Vorratsdose aus echter Birkenrinde und Bienenwachst\u00fcchern. Eine Kollaboration von MOYA Birch Bark und Toff&Z\u00fcrpel.","breadcrumb":{"@id":"https:\/\/moya-birchbark.com\/de\/produkt\/geschenkset-vorratsdose-und-2er-set-bienenwachstuecher\/#breadcrumb"},"inLanguage":"de","potentialAction":[{"@type":"ReadAction","target":["https:\/\/moya-birchbark.com\/de\/produkt\/geschenkset-vorratsdose-und-2er-set-bienenwachstuecher\/"]}]},{"@type":"BreadcrumbList","@id":"https:\/\/moya-birchbark.com\/de\/produkt\/geschenkset-vorratsdose-und-2er-set-bienenwachstuecher\/#breadcrumb","itemListElement":[{"@type":"ListItem","position":1,"name":"Home","item":"https:\/\/moya-birchbark.com\/de\/"},{"@type":"ListItem","position":2,"name":"Shop","item":"https:\/\/moya-birchbark.com\/de\/shop-moya-birkenrinde\/"},{"@type":"ListItem","position":3,"name":"Schenken &amp; Dekorieren","item":"https:\/\/moya-birchbark.com\/de\/produkt-kategorie\/schenken-und-dekorieren\/"},{"@type":"ListItem","position":4,"name":"Geschenkset &#8211; Vorratsdose und 2er Set Bienenwachst\u00fccher"}]},{"@type":"WebSite","@id":"https:\/\/moya-birchbark.com\/de\/#website","url":"https:\/\/moya-birchbark.com\/de\/","name":"Moya Birkenrinde","description":"MOYA Birch Bark","publisher":{"@id":"https:\/\/moya-birchbark.com\/de\/#organization"},"potentialAction":[{"@type":"SearchAction","target":{"@type":"EntryPoint","urlTemplate":"https:\/\/moya-birchbark.com\/de\/?s={search_term_string}"},"query-input":"required name=search_term_string"}],"inLanguage":"de"},{"@type":"Organization","@id":"https:\/\/moya-birchbark.com\/de\/#organization","name":"Moya Birkenrinde","url":"https:\/\/moya-birchbark.com\/de\/","logo":{"@type":"ImageObject","inLanguage":"de","@id":"https:\/\/moya-birchbark.com\/de\/#\/schema\/logo\/image\/","url":"https:\/\/moya-birchbark.com\/de\/wp-content\/uploads\/sites\/4\/2021\/05\/MOYA-Birch-Bark-Logo-white.png","contentUrl":"https:\/\/moya-birchbark.com\/de\/wp-content\/uploads\/sites\/4\/2021\/05\/MOYA-Birch-Bark-Logo-white.png","width":520,"height":152,"caption":"Moya Birkenrinde"},"image":{"@id":"https:\/\/moya-birchbark.com\/de\/#\/schema\/logo\/image\/"}}]}},"_links":{"self":[{"href":"https:\/\/moya-birchbark.com\/de\/wp-json\/wp\/v2\/product\/11160","targetHints":{"allow":["GET"]}}],"collection":[{"href":"https:\/\/moya-birchbark.com\/de\/wp-json\/wp\/v2\/product"}],"about":[{"href":"https:\/\/moya-birchbark.com\/de\/wp-json\/wp\/v2\/types\/product"}],"replies":[{"embeddable":true,"href":"https:\/\/moya-birchbark.com\/de\/wp-json\/wp\/v2\/comments?post=11160"}],"wp:featuredmedia":[{"embeddable":true,"href":"https:\/\/moya-birchbark.com\/de\/wp-json\/wp\/v2\/media\/11169"}],"wp:attachment":[{"href":"https:\/\/moya-birchbark.com\/de\/wp-json\/wp\/v2\/media?parent=11160"}],"wp:term":[{"taxonomy":"product_cat","embeddable":true,"href":"https:\/\/moya-birchbark.com\/de\/wp-json\/wp\/v2\/product_cat?post=11160"},{"taxonomy":"product_tag","embeddable":true,"href":"https:\/\/moya-birchbark.com\/de\/wp-json\/wp\/v2\/product_tag?post=11160"}],"curies":[{"name":"wp","href":"https:\/\/api.w.org\/{rel}","templated":true}]}}