{"id":11107,"date":"2022-11-04T11:09:04","date_gmt":"2022-11-04T11:09:04","guid":{"rendered":"https:\/\/moya-birchbark.com\/de\/?post_type=product&#038;p=11107"},"modified":"2024-02-04T15:09:18","modified_gmt":"2024-02-04T15:09:18","slug":"tee-geschenkset-teedose-mit-50g-hibiskusbluetentee-mit-rosenblueten","status":"publish","type":"product","link":"https:\/\/moya-birchbark.com\/de\/produkt\/tee-geschenkset-teedose-mit-50g-hibiskusbluetentee-mit-rosenblueten\/","title":{"rendered":"Tee Geschenkset &#8211; Teedose mit 50g Hibiskusbl\u00fctentee mit Rosenbl\u00fcten"},"content":{"rendered":"<p>Clav glaubt an die reine Kraft der Natur als Schl\u00fcssel zu deiner Gesundheit und das komplett vegan, ohne Plastik und in h\u00f6chster Qualit\u00e4t.<\/p>\n<p><strong>Sibirische Sch\u00f6nheit &#8211; Hibiskusbl\u00fctentee mit Rosenbl\u00fcten<\/strong><\/p>\n<ul>\n<li>Rosen werden l\u00f6sende &amp; beruhigende Eigenschaften nachgesagt<\/li>\n<li>Hibiskus- &amp; Rosenbl\u00fcten unterst\u00fctzen das Immunsystem &amp; bei Entz\u00fcndungen<\/li>\n<li>100% rein, nat\u00fcrlich &amp; ohne Zus\u00e4tze<\/li>\n<\/ul>\n<p>Der Fr\u00fcchte- &amp; Kr\u00e4utertee mit der Sch\u00f6nheit Sibiriens &#8211; eine duftende Kombination aus Hibiskusbl\u00fcten, Rosen, Erdbeerscheiben und Weidenr\u00f6schen &#8211; begeistert nicht nur durch den Tanz der Farben beim Aufbr\u00fchen, sondern auch durch einen einzigartigen Geschmack. Das Getr\u00e4nk ist gut f\u00fcr die Haut und begleitet dich am Abend nach einem anstrengenden Tag.<\/p>\n<p><strong>Vorratsdosen aus Birkenrinde<\/strong><\/p>\n<p>\u2013 halten Tee auf nat\u00fcrliche Weise l\u00e4nger frisch und aromatisch<br \/>\n\u2013 sind antibakteriell, isolierend, feuchtigkeitsabweisend, leicht<br \/>\n\u2013 sind robust und besonders langlebig<br \/>\n\u2013 ben\u00f6tigen keine besondere Pflege wie andere Naturmaterialien<br \/>\n\u2013 garantieren selbst im nassen Zustand eine rutschfeste, warme Oberfl\u00e4che<br \/>\n\u2013 sind leicht zu Reinigen, sogar unter flie\u00dfendem Wasser abwaschbar<br \/>\n\u2013 bereiten lange und t\u00e4glich Freude und k\u00f6nnen als Erbst\u00fccke sogar Generationen \u00fcberdauern<\/p>\n<p>Deine neue Vorratsdose eignet sich bestens zur Aufbewahrung von Keksen, Cerealien, Nudeln, Beeren, H\u00fclsenfr\u00fcchten und anderen losen, trockenen Lebensmitteln. Dein Tee, Kaffee, Gew\u00fcrze und N\u00fcsse sind darin bestens und aromadicht verpackt. Auch au\u00dferhalb der K\u00fcche und ohne essbaren Inhalt: ein optischer Leckerbissen!<\/p>\n<p><strong>Details<\/strong><br \/>\n\u2013 Gr\u00f6\u00dfe: 17 cm | \u00f8 9 cm<br \/>\n\u2013 Fassungsverm\u00f6gen von ca. 250g Kaffee, 550g Zucker oder 250g feine Haferflocken<br \/>\n\u2013 100% nat\u00fcrliche Birkenrinde ohne jegliche Zusatzstoffe<br \/>\n\u2013 Boden und Deckel: Zirbelkiefer, lebensmittelechte zertifizierte Holzbeize, versiegelt mit nat\u00fcrlichem Bienenwachs<\/p>\n","protected":false},"excerpt":{"rendered":"<p>Das perfekte Geschenk f\u00fcr wahre Teeliebhaber!<\/p>\n","protected":false},"featured_media":11114,"comment_status":"open","ping_status":"closed","template":"","meta":{"inline_featured_image":false},"product_cat":[362],"product_tag":[],"class_list":["post-11107","product","type-product","status-publish","has-post-thumbnail","hentry","product_cat-schenken-und-dekorieren"],"yoast_head":"<!-- This site is optimized with the Yoast SEO plugin v19.10 - https:\/\/yoast.com\/wordpress\/plugins\/seo\/ -->\n<title>Tee Geschenkset - Vorratsdose aus Birkenrinde mit Hibiskusbl\u00fctentee<\/title>\n<meta name=\"description\" content=\"Das Tee Geschenkset ist das perfekte Weihnachtsgeschenk f\u00fcr echte Teeliebhaber. Eine Kollaboration von MOYA Birch Bark und Clav.\" \/>\n<meta name=\"robots\" content=\"index, follow, max-snippet:-1, max-image-preview:large, max-video-preview:-1\" \/>\n<link rel=\"canonical\" href=\"https:\/\/moya-birchbark.com\/de\/produkt\/tee-geschenkset-teedose-mit-50g-hibiskusbluetentee-mit-rosenblueten\/\" \/>\n<meta property=\"og:locale\" content=\"de_DE\" \/>\n<meta property=\"og:type\" content=\"article\" \/>\n<meta property=\"og:title\" content=\"Tee Geschenkset - Vorratsdose aus Birkenrinde mit Hibiskusbl\u00fctentee\" \/>\n<meta property=\"og:description\" content=\"Das Tee Geschenkset ist das perfekte Weihnachtsgeschenk f\u00fcr echte Teeliebhaber. Eine Kollaboration von MOYA Birch Bark und Clav.\" \/>\n<meta property=\"og:url\" content=\"https:\/\/moya-birchbark.com\/de\/produkt\/tee-geschenkset-teedose-mit-50g-hibiskusbluetentee-mit-rosenblueten\/\" \/>\n<meta property=\"og:site_name\" content=\"Moya Birkenrinde\" \/>\n<meta property=\"article:modified_time\" content=\"2024-02-04T15:09:18+00:00\" \/>\n<meta property=\"og:image\" content=\"https:\/\/moya-birchbark.com\/de\/wp-content\/uploads\/sites\/4\/2022\/11\/DSF9261_web.jpg\" \/>\n\t<meta property=\"og:image:width\" content=\"945\" \/>\n\t<meta property=\"og:image:height\" content=\"1417\" \/>\n\t<meta property=\"og:image:type\" content=\"image\/jpeg\" \/>\n<meta name=\"twitter:card\" content=\"summary_large_image\" \/>\n<meta name=\"twitter:label1\" content=\"Gesch\u00e4tzte Lesezeit\" \/>\n\t<meta name=\"twitter:data1\" content=\"2\u00a0Minuten\" \/>\n<script type=\"application\/ld+json\" class=\"yoast-schema-graph\">{\"@context\":\"https:\/\/schema.org\",\"@graph\":[{\"@type\":\"WebPage\",\"@id\":\"https:\/\/moya-birchbark.com\/de\/produkt\/tee-geschenkset-teedose-mit-50g-hibiskusbluetentee-mit-rosenblueten\/\",\"url\":\"https:\/\/moya-birchbark.com\/de\/produkt\/tee-geschenkset-teedose-mit-50g-hibiskusbluetentee-mit-rosenblueten\/\",\"name\":\"Tee Geschenkset - Vorratsdose aus Birkenrinde mit Hibiskusbl\u00fctentee\",\"isPartOf\":{\"@id\":\"https:\/\/moya-birchbark.com\/de\/#website\"},\"datePublished\":\"2022-11-04T11:09:04+00:00\",\"dateModified\":\"2024-02-04T15:09:18+00:00\",\"description\":\"Das Tee Geschenkset ist das perfekte Weihnachtsgeschenk f\u00fcr echte Teeliebhaber. Eine Kollaboration von MOYA Birch Bark und Clav.\",\"breadcrumb\":{\"@id\":\"https:\/\/moya-birchbark.com\/de\/produkt\/tee-geschenkset-teedose-mit-50g-hibiskusbluetentee-mit-rosenblueten\/#breadcrumb\"},\"inLanguage\":\"de\",\"potentialAction\":[{\"@type\":\"ReadAction\",\"target\":[\"https:\/\/moya-birchbark.com\/de\/produkt\/tee-geschenkset-teedose-mit-50g-hibiskusbluetentee-mit-rosenblueten\/\"]}]},{\"@type\":\"BreadcrumbList\",\"@id\":\"https:\/\/moya-birchbark.com\/de\/produkt\/tee-geschenkset-teedose-mit-50g-hibiskusbluetentee-mit-rosenblueten\/#breadcrumb\",\"itemListElement\":[{\"@type\":\"ListItem\",\"position\":1,\"name\":\"Home\",\"item\":\"https:\/\/moya-birchbark.com\/de\/\"},{\"@type\":\"ListItem\",\"position\":2,\"name\":\"Shop\",\"item\":\"https:\/\/moya-birchbark.com\/de\/shop-moya-birkenrinde\/\"},{\"@type\":\"ListItem\",\"position\":3,\"name\":\"Schenken &amp; Dekorieren\",\"item\":\"https:\/\/moya-birchbark.com\/de\/produkt-kategorie\/schenken-und-dekorieren\/\"},{\"@type\":\"ListItem\",\"position\":4,\"name\":\"Tee Geschenkset &#8211; Teedose mit 50g Hibiskusbl\u00fctentee mit Rosenbl\u00fcten\"}]},{\"@type\":\"WebSite\",\"@id\":\"https:\/\/moya-birchbark.com\/de\/#website\",\"url\":\"https:\/\/moya-birchbark.com\/de\/\",\"name\":\"Moya Birkenrinde\",\"description\":\"MOYA Birch Bark\",\"publisher\":{\"@id\":\"https:\/\/moya-birchbark.com\/de\/#organization\"},\"potentialAction\":[{\"@type\":\"SearchAction\",\"target\":{\"@type\":\"EntryPoint\",\"urlTemplate\":\"https:\/\/moya-birchbark.com\/de\/?s={search_term_string}\"},\"query-input\":\"required name=search_term_string\"}],\"inLanguage\":\"de\"},{\"@type\":\"Organization\",\"@id\":\"https:\/\/moya-birchbark.com\/de\/#organization\",\"name\":\"Moya Birkenrinde\",\"url\":\"https:\/\/moya-birchbark.com\/de\/\",\"logo\":{\"@type\":\"ImageObject\",\"inLanguage\":\"de\",\"@id\":\"https:\/\/moya-birchbark.com\/de\/#\/schema\/logo\/image\/\",\"url\":\"https:\/\/moya-birchbark.com\/de\/wp-content\/uploads\/sites\/4\/2021\/05\/MOYA-Birch-Bark-Logo-white.png\",\"contentUrl\":\"https:\/\/moya-birchbark.com\/de\/wp-content\/uploads\/sites\/4\/2021\/05\/MOYA-Birch-Bark-Logo-white.png\",\"width\":520,\"height\":152,\"caption\":\"Moya Birkenrinde\"},\"image\":{\"@id\":\"https:\/\/moya-birchbark.com\/de\/#\/schema\/logo\/image\/\"}}]}<\/script>\n<!-- \/ Yoast SEO plugin. -->","yoast_head_json":{"title":"Tee Geschenkset - Vorratsdose aus Birkenrinde mit Hibiskusbl\u00fctentee","description":"Das Tee Geschenkset ist das perfekte Weihnachtsgeschenk f\u00fcr echte Teeliebhaber. Eine Kollaboration von MOYA Birch Bark und Clav.","robots":{"index":"index","follow":"follow","max-snippet":"max-snippet:-1","max-image-preview":"max-image-preview:large","max-video-preview":"max-video-preview:-1"},"canonical":"https:\/\/moya-birchbark.com\/de\/produkt\/tee-geschenkset-teedose-mit-50g-hibiskusbluetentee-mit-rosenblueten\/","og_locale":"de_DE","og_type":"article","og_title":"Tee Geschenkset - Vorratsdose aus Birkenrinde mit Hibiskusbl\u00fctentee","og_description":"Das Tee Geschenkset ist das perfekte Weihnachtsgeschenk f\u00fcr echte Teeliebhaber. Eine Kollaboration von MOYA Birch Bark und Clav.","og_url":"https:\/\/moya-birchbark.com\/de\/produkt\/tee-geschenkset-teedose-mit-50g-hibiskusbluetentee-mit-rosenblueten\/","og_site_name":"Moya Birkenrinde","article_modified_time":"2024-02-04T15:09:18+00:00","og_image":[{"width":945,"height":1417,"url":"https:\/\/moya-birchbark.com\/de\/wp-content\/uploads\/sites\/4\/2022\/11\/DSF9261_web.jpg","type":"image\/jpeg"}],"twitter_card":"summary_large_image","twitter_misc":{"Gesch\u00e4tzte Lesezeit":"2\u00a0Minuten"},"schema":{"@context":"https:\/\/schema.org","@graph":[{"@type":"WebPage","@id":"https:\/\/moya-birchbark.com\/de\/produkt\/tee-geschenkset-teedose-mit-50g-hibiskusbluetentee-mit-rosenblueten\/","url":"https:\/\/moya-birchbark.com\/de\/produkt\/tee-geschenkset-teedose-mit-50g-hibiskusbluetentee-mit-rosenblueten\/","name":"Tee Geschenkset - Vorratsdose aus Birkenrinde mit Hibiskusbl\u00fctentee","isPartOf":{"@id":"https:\/\/moya-birchbark.com\/de\/#website"},"datePublished":"2022-11-04T11:09:04+00:00","dateModified":"2024-02-04T15:09:18+00:00","description":"Das Tee Geschenkset ist das perfekte Weihnachtsgeschenk f\u00fcr echte Teeliebhaber. Eine Kollaboration von MOYA Birch Bark und Clav.","breadcrumb":{"@id":"https:\/\/moya-birchbark.com\/de\/produkt\/tee-geschenkset-teedose-mit-50g-hibiskusbluetentee-mit-rosenblueten\/#breadcrumb"},"inLanguage":"de","potentialAction":[{"@type":"ReadAction","target":["https:\/\/moya-birchbark.com\/de\/produkt\/tee-geschenkset-teedose-mit-50g-hibiskusbluetentee-mit-rosenblueten\/"]}]},{"@type":"BreadcrumbList","@id":"https:\/\/moya-birchbark.com\/de\/produkt\/tee-geschenkset-teedose-mit-50g-hibiskusbluetentee-mit-rosenblueten\/#breadcrumb","itemListElement":[{"@type":"ListItem","position":1,"name":"Home","item":"https:\/\/moya-birchbark.com\/de\/"},{"@type":"ListItem","position":2,"name":"Shop","item":"https:\/\/moya-birchbark.com\/de\/shop-moya-birkenrinde\/"},{"@type":"ListItem","position":3,"name":"Schenken &amp; Dekorieren","item":"https:\/\/moya-birchbark.com\/de\/produkt-kategorie\/schenken-und-dekorieren\/"},{"@type":"ListItem","position":4,"name":"Tee Geschenkset &#8211; Teedose mit 50g Hibiskusbl\u00fctentee mit Rosenbl\u00fcten"}]},{"@type":"WebSite","@id":"https:\/\/moya-birchbark.com\/de\/#website","url":"https:\/\/moya-birchbark.com\/de\/","name":"Moya Birkenrinde","description":"MOYA Birch Bark","publisher":{"@id":"https:\/\/moya-birchbark.com\/de\/#organization"},"potentialAction":[{"@type":"SearchAction","target":{"@type":"EntryPoint","urlTemplate":"https:\/\/moya-birchbark.com\/de\/?s={search_term_string}"},"query-input":"required name=search_term_string"}],"inLanguage":"de"},{"@type":"Organization","@id":"https:\/\/moya-birchbark.com\/de\/#organization","name":"Moya Birkenrinde","url":"https:\/\/moya-birchbark.com\/de\/","logo":{"@type":"ImageObject","inLanguage":"de","@id":"https:\/\/moya-birchbark.com\/de\/#\/schema\/logo\/image\/","url":"https:\/\/moya-birchbark.com\/de\/wp-content\/uploads\/sites\/4\/2021\/05\/MOYA-Birch-Bark-Logo-white.png","contentUrl":"https:\/\/moya-birchbark.com\/de\/wp-content\/uploads\/sites\/4\/2021\/05\/MOYA-Birch-Bark-Logo-white.png","width":520,"height":152,"caption":"Moya Birkenrinde"},"image":{"@id":"https:\/\/moya-birchbark.com\/de\/#\/schema\/logo\/image\/"}}]}},"_links":{"self":[{"href":"https:\/\/moya-birchbark.com\/de\/wp-json\/wp\/v2\/product\/11107","targetHints":{"allow":["GET"]}}],"collection":[{"href":"https:\/\/moya-birchbark.com\/de\/wp-json\/wp\/v2\/product"}],"about":[{"href":"https:\/\/moya-birchbark.com\/de\/wp-json\/wp\/v2\/types\/product"}],"replies":[{"embeddable":true,"href":"https:\/\/moya-birchbark.com\/de\/wp-json\/wp\/v2\/comments?post=11107"}],"wp:featuredmedia":[{"embeddable":true,"href":"https:\/\/moya-birchbark.com\/de\/wp-json\/wp\/v2\/media\/11114"}],"wp:attachment":[{"href":"https:\/\/moya-birchbark.com\/de\/wp-json\/wp\/v2\/media?parent=11107"}],"wp:term":[{"taxonomy":"product_cat","embeddable":true,"href":"https:\/\/moya-birchbark.com\/de\/wp-json\/wp\/v2\/product_cat?post=11107"},{"taxonomy":"product_tag","embeddable":true,"href":"https:\/\/moya-birchbark.com\/de\/wp-json\/wp\/v2\/product_tag?post=11107"}],"curies":[{"name":"wp","href":"https:\/\/api.w.org\/{rel}","templated":true}]}}