{"id":11091,"date":"2022-11-04T10:07:38","date_gmt":"2022-11-04T10:07:38","guid":{"rendered":"https:\/\/moya-birchbark.com\/de\/?post_type=product&#038;p=11091"},"modified":"2024-02-04T15:09:05","modified_gmt":"2024-02-04T15:09:05","slug":"kaffeeset-august63","status":"publish","type":"product","link":"https:\/\/moya-birchbark.com\/de\/produkt\/kaffeeset-august63\/","title":{"rendered":"Kaffee Geschenkset &#8211; Kaffeedose mit 250g Kaffee"},"content":{"rendered":"<p>Gemeinsam mit August63 tauchen wir tiefer in die spannende Welt von Spezialit\u00e4tenkaffees ein. Die Kaffees von August63 \u00a0zeichnen sich durch hohe Qualit\u00e4t aus, sind nachhaltig gehandelt und zu 100% transparent ins Anbauland zur\u00fcck zu verfolgen.<\/p>\n<p>Der Kaffee Norma Fiallos hat eine einzigartige spritzige Note, welche er von den vielen Pinienb\u00e4umen auf der Kaffee Farm erh\u00e4lt. Als Espresso oder Mischgetr\u00e4nk hat er eine unheimlich buttrige und karamellige Note!<\/p>\n<p>Produzent: Norma Iris Fiallos<br \/>\nFarm: San Rafael<br \/>\nHerkunftsland: Honduras<br \/>\nRegion: Los Limos area of Corquin, Copan<br \/>\nVariet\u00e4t: Maragogype<br \/>\nAnbauh\u00f6he:1200 m.\u00fc.M<br \/>\nProzess: gewaschen<br \/>\nCupping Score: 86<\/p>\n<p><b>K\u00f6rper: medium<\/b><br \/>\n<b>S\u00fcsse: spritzige s\u00fcsse<\/b><br \/>\n<b>Textur:\u00a0buttrig<\/b><br \/>\n<b>Aftertaste: s\u00fcss und intensiv<\/b><br \/>\n<b>Aroma: karamellig<\/b><\/p>\n<p><strong>Vorratsdosen aus Birkenrinde<\/strong><br \/>\n\u2013 halten Kaffee auf nat\u00fcrliche Weise l\u00e4nger frisch und aromatisch<br \/>\n\u2013 sind antibakteriell, isolierend, feuchtigkeitsabweisend, leicht<br \/>\n\u2013 sind robust und besonders langlebig<br \/>\n\u2013 ben\u00f6tigen keine besondere Pflege wie andere Naturmaterialien<br \/>\n\u2013 garantieren selbst im nassen Zustand eine rutschfeste, warme Oberfl\u00e4che<br \/>\n\u2013 sind leicht zu Reinigen, sogar unter flie\u00dfendem Wasser abwaschbar<br \/>\n\u2013 bereiten lange und t\u00e4glich Freude und k\u00f6nnen als Erbst\u00fccke sogar Generationen \u00fcberdauern<\/p>\n<p>Deine neue Vorratsdose eignet sich bestens zur Aufbewahrung von Keksen, Cerealien, Nudeln, Beeren, H\u00fclsenfr\u00fcchten und anderen losen, trockenen Lebensmitteln. Dein Tee, Kaffee, Gew\u00fcrze und N\u00fcsse sind darin bestens und aromadicht verpackt. Auch au\u00dferhalb der K\u00fcche und ohne essbaren Inhalt: ein optischer Leckerbissen!<\/p>\n<p><strong>Details<\/strong><br \/>\n\u2013 Gr\u00f6\u00dfe: 12 cm | \u00f8 12 cm<br \/>\n\u2013 Fassungsverm\u00f6gen von ca. 350g Kaffee, 600g Zucker und 300g feine Haferflocken<br \/>\n\u2013 100% nat\u00fcrliche Birkenrinde ohne jegliche Zusatzstoffe<br \/>\n\u2013 Boden und Deckel: Zirbelkiefer, lebensmittelechte zertifizierte Holzbeize, versiegelt mit nat\u00fcrlichem Bienenwachs<\/p>\n","protected":false},"excerpt":{"rendered":"<p>Das perfekte Geschenk f\u00fcr wahre Kaffeeliebhaber!<\/p>\n","protected":false},"featured_media":11098,"comment_status":"open","ping_status":"closed","template":"","meta":{"inline_featured_image":false},"product_cat":[362],"product_tag":[],"class_list":["post-11091","product","type-product","status-publish","has-post-thumbnail","hentry","product_cat-schenken-und-dekorieren"],"yoast_head":"<!-- This site is optimized with the Yoast SEO plugin v19.10 - https:\/\/yoast.com\/wordpress\/plugins\/seo\/ -->\n<title>Kaffee Geschenkset - Vorratsdose aus Birkenrinde mit Spezialit\u00e4tenkaffee<\/title>\n<meta name=\"description\" content=\"Das Kaffee Geschenkset ist das perfekte Weihnachtsgeschenk f\u00fcr echte Kaffeeliebhaber. Eine Kollaboration von MOYA Birch Bark und August63.\" \/>\n<meta name=\"robots\" content=\"index, follow, max-snippet:-1, max-image-preview:large, max-video-preview:-1\" \/>\n<link rel=\"canonical\" href=\"https:\/\/moya-birchbark.com\/de\/produkt\/kaffeeset-august63\/\" \/>\n<meta property=\"og:locale\" content=\"de_DE\" \/>\n<meta property=\"og:type\" content=\"article\" \/>\n<meta property=\"og:title\" content=\"Kaffee Geschenkset - Vorratsdose aus Birkenrinde mit Spezialit\u00e4tenkaffee\" \/>\n<meta property=\"og:description\" content=\"Das Kaffee Geschenkset ist das perfekte Weihnachtsgeschenk f\u00fcr echte Kaffeeliebhaber. Eine Kollaboration von MOYA Birch Bark und August63.\" \/>\n<meta property=\"og:url\" content=\"https:\/\/moya-birchbark.com\/de\/produkt\/kaffeeset-august63\/\" \/>\n<meta property=\"og:site_name\" content=\"Moya Birkenrinde\" \/>\n<meta property=\"article:modified_time\" content=\"2024-02-04T15:09:05+00:00\" \/>\n<meta property=\"og:image\" content=\"https:\/\/moya-birchbark.com\/de\/wp-content\/uploads\/sites\/4\/2022\/11\/DSF9282_web.jpg\" \/>\n\t<meta property=\"og:image:width\" content=\"945\" \/>\n\t<meta property=\"og:image:height\" content=\"1417\" \/>\n\t<meta property=\"og:image:type\" content=\"image\/jpeg\" \/>\n<meta name=\"twitter:card\" content=\"summary_large_image\" \/>\n<meta name=\"twitter:label1\" content=\"Gesch\u00e4tzte Lesezeit\" \/>\n\t<meta name=\"twitter:data1\" content=\"2\u00a0Minuten\" \/>\n<script type=\"application\/ld+json\" class=\"yoast-schema-graph\">{\"@context\":\"https:\/\/schema.org\",\"@graph\":[{\"@type\":\"WebPage\",\"@id\":\"https:\/\/moya-birchbark.com\/de\/produkt\/kaffeeset-august63\/\",\"url\":\"https:\/\/moya-birchbark.com\/de\/produkt\/kaffeeset-august63\/\",\"name\":\"Kaffee Geschenkset - Vorratsdose aus Birkenrinde mit Spezialit\u00e4tenkaffee\",\"isPartOf\":{\"@id\":\"https:\/\/moya-birchbark.com\/de\/#website\"},\"datePublished\":\"2022-11-04T10:07:38+00:00\",\"dateModified\":\"2024-02-04T15:09:05+00:00\",\"description\":\"Das Kaffee Geschenkset ist das perfekte Weihnachtsgeschenk f\u00fcr echte Kaffeeliebhaber. Eine Kollaboration von MOYA Birch Bark und August63.\",\"breadcrumb\":{\"@id\":\"https:\/\/moya-birchbark.com\/de\/produkt\/kaffeeset-august63\/#breadcrumb\"},\"inLanguage\":\"de\",\"potentialAction\":[{\"@type\":\"ReadAction\",\"target\":[\"https:\/\/moya-birchbark.com\/de\/produkt\/kaffeeset-august63\/\"]}]},{\"@type\":\"BreadcrumbList\",\"@id\":\"https:\/\/moya-birchbark.com\/de\/produkt\/kaffeeset-august63\/#breadcrumb\",\"itemListElement\":[{\"@type\":\"ListItem\",\"position\":1,\"name\":\"Home\",\"item\":\"https:\/\/moya-birchbark.com\/de\/\"},{\"@type\":\"ListItem\",\"position\":2,\"name\":\"Shop\",\"item\":\"https:\/\/moya-birchbark.com\/de\/shop-moya-birkenrinde\/\"},{\"@type\":\"ListItem\",\"position\":3,\"name\":\"Schenken &amp; Dekorieren\",\"item\":\"https:\/\/moya-birchbark.com\/de\/produkt-kategorie\/schenken-und-dekorieren\/\"},{\"@type\":\"ListItem\",\"position\":4,\"name\":\"Kaffee Geschenkset &#8211; Kaffeedose mit 250g Kaffee\"}]},{\"@type\":\"WebSite\",\"@id\":\"https:\/\/moya-birchbark.com\/de\/#website\",\"url\":\"https:\/\/moya-birchbark.com\/de\/\",\"name\":\"Moya Birkenrinde\",\"description\":\"MOYA Birch Bark\",\"publisher\":{\"@id\":\"https:\/\/moya-birchbark.com\/de\/#organization\"},\"potentialAction\":[{\"@type\":\"SearchAction\",\"target\":{\"@type\":\"EntryPoint\",\"urlTemplate\":\"https:\/\/moya-birchbark.com\/de\/?s={search_term_string}\"},\"query-input\":\"required name=search_term_string\"}],\"inLanguage\":\"de\"},{\"@type\":\"Organization\",\"@id\":\"https:\/\/moya-birchbark.com\/de\/#organization\",\"name\":\"Moya Birkenrinde\",\"url\":\"https:\/\/moya-birchbark.com\/de\/\",\"logo\":{\"@type\":\"ImageObject\",\"inLanguage\":\"de\",\"@id\":\"https:\/\/moya-birchbark.com\/de\/#\/schema\/logo\/image\/\",\"url\":\"https:\/\/moya-birchbark.com\/de\/wp-content\/uploads\/sites\/4\/2021\/05\/MOYA-Birch-Bark-Logo-white.png\",\"contentUrl\":\"https:\/\/moya-birchbark.com\/de\/wp-content\/uploads\/sites\/4\/2021\/05\/MOYA-Birch-Bark-Logo-white.png\",\"width\":520,\"height\":152,\"caption\":\"Moya Birkenrinde\"},\"image\":{\"@id\":\"https:\/\/moya-birchbark.com\/de\/#\/schema\/logo\/image\/\"}}]}<\/script>\n<!-- \/ Yoast SEO plugin. -->","yoast_head_json":{"title":"Kaffee Geschenkset - Vorratsdose aus Birkenrinde mit Spezialit\u00e4tenkaffee","description":"Das Kaffee Geschenkset ist das perfekte Weihnachtsgeschenk f\u00fcr echte Kaffeeliebhaber. Eine Kollaboration von MOYA Birch Bark und August63.","robots":{"index":"index","follow":"follow","max-snippet":"max-snippet:-1","max-image-preview":"max-image-preview:large","max-video-preview":"max-video-preview:-1"},"canonical":"https:\/\/moya-birchbark.com\/de\/produkt\/kaffeeset-august63\/","og_locale":"de_DE","og_type":"article","og_title":"Kaffee Geschenkset - Vorratsdose aus Birkenrinde mit Spezialit\u00e4tenkaffee","og_description":"Das Kaffee Geschenkset ist das perfekte Weihnachtsgeschenk f\u00fcr echte Kaffeeliebhaber. Eine Kollaboration von MOYA Birch Bark und August63.","og_url":"https:\/\/moya-birchbark.com\/de\/produkt\/kaffeeset-august63\/","og_site_name":"Moya Birkenrinde","article_modified_time":"2024-02-04T15:09:05+00:00","og_image":[{"width":945,"height":1417,"url":"https:\/\/moya-birchbark.com\/de\/wp-content\/uploads\/sites\/4\/2022\/11\/DSF9282_web.jpg","type":"image\/jpeg"}],"twitter_card":"summary_large_image","twitter_misc":{"Gesch\u00e4tzte Lesezeit":"2\u00a0Minuten"},"schema":{"@context":"https:\/\/schema.org","@graph":[{"@type":"WebPage","@id":"https:\/\/moya-birchbark.com\/de\/produkt\/kaffeeset-august63\/","url":"https:\/\/moya-birchbark.com\/de\/produkt\/kaffeeset-august63\/","name":"Kaffee Geschenkset - Vorratsdose aus Birkenrinde mit Spezialit\u00e4tenkaffee","isPartOf":{"@id":"https:\/\/moya-birchbark.com\/de\/#website"},"datePublished":"2022-11-04T10:07:38+00:00","dateModified":"2024-02-04T15:09:05+00:00","description":"Das Kaffee Geschenkset ist das perfekte Weihnachtsgeschenk f\u00fcr echte Kaffeeliebhaber. Eine Kollaboration von MOYA Birch Bark und August63.","breadcrumb":{"@id":"https:\/\/moya-birchbark.com\/de\/produkt\/kaffeeset-august63\/#breadcrumb"},"inLanguage":"de","potentialAction":[{"@type":"ReadAction","target":["https:\/\/moya-birchbark.com\/de\/produkt\/kaffeeset-august63\/"]}]},{"@type":"BreadcrumbList","@id":"https:\/\/moya-birchbark.com\/de\/produkt\/kaffeeset-august63\/#breadcrumb","itemListElement":[{"@type":"ListItem","position":1,"name":"Home","item":"https:\/\/moya-birchbark.com\/de\/"},{"@type":"ListItem","position":2,"name":"Shop","item":"https:\/\/moya-birchbark.com\/de\/shop-moya-birkenrinde\/"},{"@type":"ListItem","position":3,"name":"Schenken &amp; Dekorieren","item":"https:\/\/moya-birchbark.com\/de\/produkt-kategorie\/schenken-und-dekorieren\/"},{"@type":"ListItem","position":4,"name":"Kaffee Geschenkset &#8211; Kaffeedose mit 250g Kaffee"}]},{"@type":"WebSite","@id":"https:\/\/moya-birchbark.com\/de\/#website","url":"https:\/\/moya-birchbark.com\/de\/","name":"Moya Birkenrinde","description":"MOYA Birch Bark","publisher":{"@id":"https:\/\/moya-birchbark.com\/de\/#organization"},"potentialAction":[{"@type":"SearchAction","target":{"@type":"EntryPoint","urlTemplate":"https:\/\/moya-birchbark.com\/de\/?s={search_term_string}"},"query-input":"required name=search_term_string"}],"inLanguage":"de"},{"@type":"Organization","@id":"https:\/\/moya-birchbark.com\/de\/#organization","name":"Moya Birkenrinde","url":"https:\/\/moya-birchbark.com\/de\/","logo":{"@type":"ImageObject","inLanguage":"de","@id":"https:\/\/moya-birchbark.com\/de\/#\/schema\/logo\/image\/","url":"https:\/\/moya-birchbark.com\/de\/wp-content\/uploads\/sites\/4\/2021\/05\/MOYA-Birch-Bark-Logo-white.png","contentUrl":"https:\/\/moya-birchbark.com\/de\/wp-content\/uploads\/sites\/4\/2021\/05\/MOYA-Birch-Bark-Logo-white.png","width":520,"height":152,"caption":"Moya Birkenrinde"},"image":{"@id":"https:\/\/moya-birchbark.com\/de\/#\/schema\/logo\/image\/"}}]}},"_links":{"self":[{"href":"https:\/\/moya-birchbark.com\/de\/wp-json\/wp\/v2\/product\/11091","targetHints":{"allow":["GET"]}}],"collection":[{"href":"https:\/\/moya-birchbark.com\/de\/wp-json\/wp\/v2\/product"}],"about":[{"href":"https:\/\/moya-birchbark.com\/de\/wp-json\/wp\/v2\/types\/product"}],"replies":[{"embeddable":true,"href":"https:\/\/moya-birchbark.com\/de\/wp-json\/wp\/v2\/comments?post=11091"}],"wp:featuredmedia":[{"embeddable":true,"href":"https:\/\/moya-birchbark.com\/de\/wp-json\/wp\/v2\/media\/11098"}],"wp:attachment":[{"href":"https:\/\/moya-birchbark.com\/de\/wp-json\/wp\/v2\/media?parent=11091"}],"wp:term":[{"taxonomy":"product_cat","embeddable":true,"href":"https:\/\/moya-birchbark.com\/de\/wp-json\/wp\/v2\/product_cat?post=11091"},{"taxonomy":"product_tag","embeddable":true,"href":"https:\/\/moya-birchbark.com\/de\/wp-json\/wp\/v2\/product_tag?post=11091"}],"curies":[{"name":"wp","href":"https:\/\/api.w.org\/{rel}","templated":true}]}}