{"id":10755,"date":"2022-05-06T14:46:04","date_gmt":"2022-05-06T14:46:04","guid":{"rendered":"https:\/\/moya-birchbark.com\/de\/?post_type=product&#038;p=10755"},"modified":"2025-04-03T13:47:59","modified_gmt":"2025-04-03T13:47:59","slug":"haengelampe-esstisch-leuchte-aus-nachhaltiger-birkenrinde-moya-2","status":"publish","type":"product","link":"https:\/\/moya-birchbark.com\/de\/produkt\/haengelampe-esstisch-leuchte-aus-nachhaltiger-birkenrinde-moya-2\/","title":{"rendered":"H\u00e4ngeleuchte Svetoch \/ Klein"},"content":{"rendered":"<p><strong>Jede Leuchte aus Birkenrinde<br \/>\n<\/strong>&#8211; wird in sorgf\u00e4ltiger Handarbeit gefertigt<br \/>\n&#8211; ist einzigartig, so wie die B\u00e4ume, von denen die Birkenrinde nachhaltig geerntet wird<br \/>\n&#8211; sorgt f\u00fcr ein gem\u00fctliches und vertrautes Ambiente in Deinen vier W\u00e4nden<br \/>\n&#8211; zelebriert die einzigartige, grafische Maserung und Farbgebung des Naturmaterials<br \/>\n&#8211; kombiniert eine traditionelle sowie klebstofffreie Verbindungstechnik mit moderner Laser-Technologie<br \/>\n&#8211; erm\u00f6glicht ein spielerisches Durchdringen des Lichts<br \/>\n&#8211; zeigt kontrastreiche Akzente durch eine hochwertige Messing Fassung, sowie einem klassischem Textilkabel in schwarzer Farbe<\/p>\n<p><strong>Details:<\/strong><br \/>\n\u2013 100% nat\u00fcrliche Birkenrinde ohne jegliche Zusatzstoffe<br \/>\n&#8211; H\u00f6he 20 cm | \u00f8 25 cm<br \/>\n\u2013 Kabell\u00e4nge 3 Meter (mit Baldachin)<br \/>\n\u2013 Wir empfehlen die Verwendung von LED Leuchtmitteln &gt; z.B. dieses hier: Osram Vintage 1906 (6,5 W, E27, Warmwei\u00df, Globe)<br \/>\n\u2013 In drei Gr\u00f6\u00dfen, jeweils als Steh- oder H\u00e4ngeleuchte verf\u00fcgbar<br \/>\n\u2013 WEEE Registrierungsnummer: <span class=\"\">DE 51797345<\/span><\/p>\n","protected":false},"excerpt":{"rendered":"<p>Spielerisch dringt das Licht durch das <strong>warme<\/strong> und 100% <strong>nat\u00fcrliche<\/strong> <strong>Material<\/strong> und schafft ein <strong>gem\u00fctliches<\/strong>, vertrautes Ambiente in Deinem Zuhause.<\/p>\n","protected":false},"featured_media":5654,"comment_status":"open","ping_status":"closed","template":"","meta":{"inline_featured_image":false},"product_cat":[359,210],"product_tag":[],"class_list":["post-10755","product","type-product","status-publish","has-post-thumbnail","hentry","product_cat-wohnen-und-wohlfuehlen","product_cat-leuchten-aus-birkenrinde-birken-holz"],"yoast_head":"<!-- This site is optimized with the Yoast SEO plugin v19.10 - https:\/\/yoast.com\/wordpress\/plugins\/seo\/ -->\n<title>H\u00e4ngeleuchte Svetoch \/ Klein - Moya Birkenrinde<\/title>\n<meta name=\"robots\" content=\"index, follow, max-snippet:-1, max-image-preview:large, max-video-preview:-1\" \/>\n<link rel=\"canonical\" href=\"https:\/\/moya-birchbark.com\/de\/produkt\/haengelampe-esstisch-leuchte-aus-nachhaltiger-birkenrinde-moya-2\/\" \/>\n<meta property=\"og:locale\" content=\"de_DE\" \/>\n<meta property=\"og:type\" content=\"article\" \/>\n<meta property=\"og:title\" content=\"H\u00e4ngeleuchte Svetoch \/ Klein - Moya Birkenrinde\" \/>\n<meta property=\"og:description\" content=\"Spielerisch dringt das Licht durch das warme und 100% nat\u00fcrliche Material und schafft ein gem\u00fctliches, vertrautes Ambiente in Deinem Zuhause.\" \/>\n<meta property=\"og:url\" content=\"https:\/\/moya-birchbark.com\/de\/produkt\/haengelampe-esstisch-leuchte-aus-nachhaltiger-birkenrinde-moya-2\/\" \/>\n<meta property=\"og:site_name\" content=\"Moya Birkenrinde\" \/>\n<meta property=\"article:modified_time\" content=\"2025-04-03T13:47:59+00:00\" \/>\n<meta property=\"og:image\" content=\"https:\/\/moya-birchbark.com\/de\/wp-content\/uploads\/sites\/4\/2019\/05\/Moya_Svetoch_Pendant_web_05-1.jpg\" \/>\n\t<meta property=\"og:image:width\" content=\"2000\" \/>\n\t<meta property=\"og:image:height\" content=\"1333\" \/>\n\t<meta property=\"og:image:type\" content=\"image\/jpeg\" \/>\n<meta name=\"twitter:card\" content=\"summary_large_image\" \/>\n<meta name=\"twitter:label1\" content=\"Gesch\u00e4tzte Lesezeit\" \/>\n\t<meta name=\"twitter:data1\" content=\"1\u00a0Minute\" \/>\n<script type=\"application\/ld+json\" class=\"yoast-schema-graph\">{\"@context\":\"https:\/\/schema.org\",\"@graph\":[{\"@type\":\"WebPage\",\"@id\":\"https:\/\/moya-birchbark.com\/de\/produkt\/haengelampe-esstisch-leuchte-aus-nachhaltiger-birkenrinde-moya-2\/\",\"url\":\"https:\/\/moya-birchbark.com\/de\/produkt\/haengelampe-esstisch-leuchte-aus-nachhaltiger-birkenrinde-moya-2\/\",\"name\":\"H\u00e4ngeleuchte Svetoch \/ Klein - Moya Birkenrinde\",\"isPartOf\":{\"@id\":\"https:\/\/moya-birchbark.com\/de\/#website\"},\"datePublished\":\"2022-05-06T14:46:04+00:00\",\"dateModified\":\"2025-04-03T13:47:59+00:00\",\"breadcrumb\":{\"@id\":\"https:\/\/moya-birchbark.com\/de\/produkt\/haengelampe-esstisch-leuchte-aus-nachhaltiger-birkenrinde-moya-2\/#breadcrumb\"},\"inLanguage\":\"de\",\"potentialAction\":[{\"@type\":\"ReadAction\",\"target\":[\"https:\/\/moya-birchbark.com\/de\/produkt\/haengelampe-esstisch-leuchte-aus-nachhaltiger-birkenrinde-moya-2\/\"]}]},{\"@type\":\"BreadcrumbList\",\"@id\":\"https:\/\/moya-birchbark.com\/de\/produkt\/haengelampe-esstisch-leuchte-aus-nachhaltiger-birkenrinde-moya-2\/#breadcrumb\",\"itemListElement\":[{\"@type\":\"ListItem\",\"position\":1,\"name\":\"Home\",\"item\":\"https:\/\/moya-birchbark.com\/de\/\"},{\"@type\":\"ListItem\",\"position\":2,\"name\":\"Shop\",\"item\":\"https:\/\/moya-birchbark.com\/de\/shop-moya-birkenrinde\/\"},{\"@type\":\"ListItem\",\"position\":3,\"name\":\"Wohnen &amp; Wohlf\u00fchlen\",\"item\":\"https:\/\/moya-birchbark.com\/de\/produkt-kategorie\/wohnen-und-wohlfuehlen\/\"},{\"@type\":\"ListItem\",\"position\":4,\"name\":\"Leuchten\",\"item\":\"https:\/\/moya-birchbark.com\/de\/produkt-kategorie\/wohnen-und-wohlfuehlen\/leuchten-aus-birkenrinde-birken-holz\/\"},{\"@type\":\"ListItem\",\"position\":5,\"name\":\"H\u00e4ngeleuchte Svetoch \/ Klein\"}]},{\"@type\":\"WebSite\",\"@id\":\"https:\/\/moya-birchbark.com\/de\/#website\",\"url\":\"https:\/\/moya-birchbark.com\/de\/\",\"name\":\"Moya Birkenrinde\",\"description\":\"MOYA Birch Bark\",\"publisher\":{\"@id\":\"https:\/\/moya-birchbark.com\/de\/#organization\"},\"potentialAction\":[{\"@type\":\"SearchAction\",\"target\":{\"@type\":\"EntryPoint\",\"urlTemplate\":\"https:\/\/moya-birchbark.com\/de\/?s={search_term_string}\"},\"query-input\":\"required name=search_term_string\"}],\"inLanguage\":\"de\"},{\"@type\":\"Organization\",\"@id\":\"https:\/\/moya-birchbark.com\/de\/#organization\",\"name\":\"Moya Birkenrinde\",\"url\":\"https:\/\/moya-birchbark.com\/de\/\",\"logo\":{\"@type\":\"ImageObject\",\"inLanguage\":\"de\",\"@id\":\"https:\/\/moya-birchbark.com\/de\/#\/schema\/logo\/image\/\",\"url\":\"https:\/\/moya-birchbark.com\/de\/wp-content\/uploads\/sites\/4\/2021\/05\/MOYA-Birch-Bark-Logo-white.png\",\"contentUrl\":\"https:\/\/moya-birchbark.com\/de\/wp-content\/uploads\/sites\/4\/2021\/05\/MOYA-Birch-Bark-Logo-white.png\",\"width\":520,\"height\":152,\"caption\":\"Moya Birkenrinde\"},\"image\":{\"@id\":\"https:\/\/moya-birchbark.com\/de\/#\/schema\/logo\/image\/\"}}]}<\/script>\n<!-- \/ Yoast SEO plugin. -->","yoast_head_json":{"title":"H\u00e4ngeleuchte Svetoch \/ Klein - Moya Birkenrinde","robots":{"index":"index","follow":"follow","max-snippet":"max-snippet:-1","max-image-preview":"max-image-preview:large","max-video-preview":"max-video-preview:-1"},"canonical":"https:\/\/moya-birchbark.com\/de\/produkt\/haengelampe-esstisch-leuchte-aus-nachhaltiger-birkenrinde-moya-2\/","og_locale":"de_DE","og_type":"article","og_title":"H\u00e4ngeleuchte Svetoch \/ Klein - Moya Birkenrinde","og_description":"Spielerisch dringt das Licht durch das warme und 100% nat\u00fcrliche Material und schafft ein gem\u00fctliches, vertrautes Ambiente in Deinem Zuhause.","og_url":"https:\/\/moya-birchbark.com\/de\/produkt\/haengelampe-esstisch-leuchte-aus-nachhaltiger-birkenrinde-moya-2\/","og_site_name":"Moya Birkenrinde","article_modified_time":"2025-04-03T13:47:59+00:00","og_image":[{"width":2000,"height":1333,"url":"https:\/\/moya-birchbark.com\/de\/wp-content\/uploads\/sites\/4\/2019\/05\/Moya_Svetoch_Pendant_web_05-1.jpg","type":"image\/jpeg"}],"twitter_card":"summary_large_image","twitter_misc":{"Gesch\u00e4tzte Lesezeit":"1\u00a0Minute"},"schema":{"@context":"https:\/\/schema.org","@graph":[{"@type":"WebPage","@id":"https:\/\/moya-birchbark.com\/de\/produkt\/haengelampe-esstisch-leuchte-aus-nachhaltiger-birkenrinde-moya-2\/","url":"https:\/\/moya-birchbark.com\/de\/produkt\/haengelampe-esstisch-leuchte-aus-nachhaltiger-birkenrinde-moya-2\/","name":"H\u00e4ngeleuchte Svetoch \/ Klein - Moya Birkenrinde","isPartOf":{"@id":"https:\/\/moya-birchbark.com\/de\/#website"},"datePublished":"2022-05-06T14:46:04+00:00","dateModified":"2025-04-03T13:47:59+00:00","breadcrumb":{"@id":"https:\/\/moya-birchbark.com\/de\/produkt\/haengelampe-esstisch-leuchte-aus-nachhaltiger-birkenrinde-moya-2\/#breadcrumb"},"inLanguage":"de","potentialAction":[{"@type":"ReadAction","target":["https:\/\/moya-birchbark.com\/de\/produkt\/haengelampe-esstisch-leuchte-aus-nachhaltiger-birkenrinde-moya-2\/"]}]},{"@type":"BreadcrumbList","@id":"https:\/\/moya-birchbark.com\/de\/produkt\/haengelampe-esstisch-leuchte-aus-nachhaltiger-birkenrinde-moya-2\/#breadcrumb","itemListElement":[{"@type":"ListItem","position":1,"name":"Home","item":"https:\/\/moya-birchbark.com\/de\/"},{"@type":"ListItem","position":2,"name":"Shop","item":"https:\/\/moya-birchbark.com\/de\/shop-moya-birkenrinde\/"},{"@type":"ListItem","position":3,"name":"Wohnen &amp; Wohlf\u00fchlen","item":"https:\/\/moya-birchbark.com\/de\/produkt-kategorie\/wohnen-und-wohlfuehlen\/"},{"@type":"ListItem","position":4,"name":"Leuchten","item":"https:\/\/moya-birchbark.com\/de\/produkt-kategorie\/wohnen-und-wohlfuehlen\/leuchten-aus-birkenrinde-birken-holz\/"},{"@type":"ListItem","position":5,"name":"H\u00e4ngeleuchte Svetoch \/ Klein"}]},{"@type":"WebSite","@id":"https:\/\/moya-birchbark.com\/de\/#website","url":"https:\/\/moya-birchbark.com\/de\/","name":"Moya Birkenrinde","description":"MOYA Birch Bark","publisher":{"@id":"https:\/\/moya-birchbark.com\/de\/#organization"},"potentialAction":[{"@type":"SearchAction","target":{"@type":"EntryPoint","urlTemplate":"https:\/\/moya-birchbark.com\/de\/?s={search_term_string}"},"query-input":"required name=search_term_string"}],"inLanguage":"de"},{"@type":"Organization","@id":"https:\/\/moya-birchbark.com\/de\/#organization","name":"Moya Birkenrinde","url":"https:\/\/moya-birchbark.com\/de\/","logo":{"@type":"ImageObject","inLanguage":"de","@id":"https:\/\/moya-birchbark.com\/de\/#\/schema\/logo\/image\/","url":"https:\/\/moya-birchbark.com\/de\/wp-content\/uploads\/sites\/4\/2021\/05\/MOYA-Birch-Bark-Logo-white.png","contentUrl":"https:\/\/moya-birchbark.com\/de\/wp-content\/uploads\/sites\/4\/2021\/05\/MOYA-Birch-Bark-Logo-white.png","width":520,"height":152,"caption":"Moya Birkenrinde"},"image":{"@id":"https:\/\/moya-birchbark.com\/de\/#\/schema\/logo\/image\/"}}]}},"_links":{"self":[{"href":"https:\/\/moya-birchbark.com\/de\/wp-json\/wp\/v2\/product\/10755","targetHints":{"allow":["GET"]}}],"collection":[{"href":"https:\/\/moya-birchbark.com\/de\/wp-json\/wp\/v2\/product"}],"about":[{"href":"https:\/\/moya-birchbark.com\/de\/wp-json\/wp\/v2\/types\/product"}],"replies":[{"embeddable":true,"href":"https:\/\/moya-birchbark.com\/de\/wp-json\/wp\/v2\/comments?post=10755"}],"wp:featuredmedia":[{"embeddable":true,"href":"https:\/\/moya-birchbark.com\/de\/wp-json\/wp\/v2\/media\/5654"}],"wp:attachment":[{"href":"https:\/\/moya-birchbark.com\/de\/wp-json\/wp\/v2\/media?parent=10755"}],"wp:term":[{"taxonomy":"product_cat","embeddable":true,"href":"https:\/\/moya-birchbark.com\/de\/wp-json\/wp\/v2\/product_cat?post=10755"},{"taxonomy":"product_tag","embeddable":true,"href":"https:\/\/moya-birchbark.com\/de\/wp-json\/wp\/v2\/product_tag?post=10755"}],"curies":[{"name":"wp","href":"https:\/\/api.w.org\/{rel}","templated":true}]}}