{"id":9014,"date":"2021-07-05T17:29:39","date_gmt":"2021-07-05T17:29:39","guid":{"rendered":"https:\/\/moya-birchbark.com\/de\/?page_id=9014"},"modified":"2021-07-12T13:09:52","modified_gmt":"2021-07-12T13:09:52","slug":"faq","status":"publish","type":"page","link":"https:\/\/moya-birchbark.com\/de\/faq\/","title":{"rendered":"FAQ"},"content":{"rendered":"\n<div id=\"faqs\">\n\n\n<div id=\"sp-ea-8984\" class=\"sp-ea-one sp-easy-accordion\" data-ex-icon=\"fa-minus\" data-col-icon=\"fa-plus\"  data-ea-active=\"ea-click\"  data-ea-mode=\"vertical\" data-preloader=\"\"><div class=\"ea-card  sp-ea-single\"><h3 class=\"ea-header\"><a class=\"collapsed\" data-sptoggle=\"spcollapse\" data-sptarget=#collapse89840 href=\"javascript:void(0)\"  aria-expanded=\"false\"><i class=\"ea-expand-icon fa fa-plus\"><\/i> Werden f\u00fcr die Herstellung der Produkte B\u00e4ume gef\u00e4llt?<\/a><\/h3><div class=\"sp-collapse spcollapse spcollapse\" id=\"collapse89840\" data-parent=#sp-ea-8984><div class=\"ea-body\"><p><span style=\"font-weight: 400;\">Nein \u2013 die Rinde wird einmal j\u00e4hrlich vom Baum geerntet. Hier wird auch nur die oberste Schicht (Borke) abgenommen. Diese w\u00e4chst wieder nach, der Baum nimmt also keinen Schaden.<\/span><\/p>\n<\/div><\/div><\/div><div class=\"ea-card  sp-ea-single\"><h3 class=\"ea-header\"><a class=\"collapsed\" data-sptoggle=\"spcollapse\" data-sptarget=#collapse89841 href=\"javascript:void(0)\"  aria-expanded=\"false\"><i class=\"ea-expand-icon fa fa-plus\"><\/i> Wo kommt die Rinde \/ die Produkte her?<\/a><\/h3><div class=\"sp-collapse spcollapse spcollapse\" id=\"collapse89841\" data-parent=#sp-ea-8984><div class=\"ea-body\"><p><span style=\"font-weight: 400;\">Die Rinde beziehen wir aus der sibirischen Taiga, wo unz\u00e4hlige Birken wachsen. Die Birkenrinde wird von den Handwerkern in Tomsk traditionell geerntet und die Produkte werden in unseren beiden Produktionsst\u00e4tten dort vor Ort und in Ivanowo handgefertigt.<\/span><\/p>\n<\/div><\/div><\/div><div class=\"ea-card  sp-ea-single\"><h3 class=\"ea-header\"><a class=\"collapsed\" data-sptoggle=\"spcollapse\" data-sptarget=#collapse89842 href=\"javascript:void(0)\"  aria-expanded=\"false\"><i class=\"ea-expand-icon fa fa-plus\"><\/i> Warum stellen wir unsere Produkte in Sibirien her? Kann daf\u00fcr nicht auch die Birkenrinde aus Deutschland verwendet werden?<\/a><\/h3><div class=\"sp-collapse spcollapse spcollapse\" id=\"collapse89842\" data-parent=#sp-ea-8984><div class=\"ea-body\"><p><span style=\"font-weight: 400;\">Es gibt mehrere Gr\u00fcnde, warum wir die Produkte in Sibirien fertigen. Zum einen, weil die Rinde der dortigen Birken besonders gut<\/span> <span style=\"font-weight: 400;\">geeignet ist. Sie ist viel dicker und robuster als die unserer heimischen Birkenarten. Vor allem aber hat die Verwendung der Birkenrinde in Sibirien eine Jahrtausende alte Tradition. Wir wollen das alte Wissen nutzen, um dieses Handwerk vor dem Aussterben zu bewahren und vor Ort Arbeitspl\u00e4tze schaffen, um den Menschen neue Perspektiven zu geben.<\/span><\/p>\n<\/div><\/div><\/div><div class=\"ea-card  sp-ea-single\"><h3 class=\"ea-header\"><a class=\"collapsed\" data-sptoggle=\"spcollapse\" data-sptarget=#collapse89843 href=\"javascript:void(0)\"  aria-expanded=\"false\"><i class=\"ea-expand-icon fa fa-plus\"><\/i> Warum sind die Produkte nicht wei\u00df wie die Birken?<\/a><\/h3><div class=\"sp-collapse spcollapse spcollapse\" id=\"collapse89843\" data-parent=#sp-ea-8984><div class=\"ea-body\"><p><span style=\"font-weight: 400;\">Dass die Produkte nicht die typisch wei\u00dfe Farbe tragen, liegt daran, dass wir in Handarbeit die obersten Schichten der Rinde abtragen, um uns die einzigartigen Eigenschaften der samtig weichen Innenschichten zu Nutze zu machen.<\/span><\/p>\n<\/div><\/div><\/div><div class=\"ea-card  sp-ea-single\"><h3 class=\"ea-header\"><a class=\"collapsed\" data-sptoggle=\"spcollapse\" data-sptarget=#collapse89844 href=\"javascript:void(0)\"  aria-expanded=\"false\"><i class=\"ea-expand-icon fa fa-plus\"><\/i> Wie gehen wir bei der Wahl der Komponenten f\u00fcr unsere Produkte vor?<\/a><\/h3><div class=\"sp-collapse spcollapse spcollapse\" id=\"collapse89844\" data-parent=#sp-ea-8984><div class=\"ea-body\"><p><span style=\"font-weight: 400;\">Wir achten darauf, dass alle Teile, die mit Lebensmitteln in Ber\u00fchrung kommen schadstofffrei sind. Z.B. die Deckel unserer Tuesa Dosen sind mit wasserbasierter Holzbeize behandelt und lediglich mit Bienenwachs versiegelt. F\u00fcr die Herstellung unserer weiteren hochwertigen Komponenten wie bspw. Metallgestelle w\u00e4hlen wir mit Sorgfalt handwerkliche Betriebe in Deutschland und \u00d6sterreich aus.<\/span><\/p>\n<\/div><\/div><\/div><div class=\"ea-card  sp-ea-single\"><h3 class=\"ea-header\"><a class=\"collapsed\" data-sptoggle=\"spcollapse\" data-sptarget=#collapse89845 href=\"javascript:void(0)\"  aria-expanded=\"false\"><i class=\"ea-expand-icon fa fa-plus\"><\/i> Ich bin auf Birken allergisch, kann ich die Produkte benutzen?<\/a><\/h3><div class=\"sp-collapse spcollapse spcollapse\" id=\"collapse89845\" data-parent=#sp-ea-8984><div class=\"ea-body\"><p><span style=\"font-weight: 400;\">Die Rinde der Birke weist in der Regel keinerlei Allergene auf und stellt daher auch f\u00fcr Birkenpollen Allergiker keine Risiken dar.<\/span><\/p>\n<\/div><\/div><\/div><div class=\"ea-card  sp-ea-single\"><h3 class=\"ea-header\"><a class=\"collapsed\" data-sptoggle=\"spcollapse\" data-sptarget=#collapse89846 href=\"javascript:void(0)\"  aria-expanded=\"false\"><i class=\"ea-expand-icon fa fa-plus\"><\/i> Kann ich die Rinde abwaschen?<\/a><\/h3><div class=\"sp-collapse spcollapse spcollapse\" id=\"collapse89846\" data-parent=#sp-ea-8984><div class=\"ea-body\"><p><span style=\"font-weight: 400\">Ja. Die Oberfl\u00e4che der Rinde ist sehr dicht und daher wasser- und schmutzabweisend. Beispielsweise unsere Vorratsdosen k\u00f6nnen unter flie\u00dfendem, lauwarmen Wasser gereinigt werden. Jedem Produkt liegen auch hilfreiche Pflegehinweise bei.<\/span><\/p>\n<\/div><\/div><\/div><div class=\"ea-card  sp-ea-single\"><h3 class=\"ea-header\"><a class=\"collapsed\" data-sptoggle=\"spcollapse\" data-sptarget=#collapse89847 href=\"javascript:void(0)\"  aria-expanded=\"false\"><i class=\"ea-expand-icon fa fa-plus\"><\/i> Mein Produkt sieht anders aus als auf dem Bild. Haben beispielsweise Ausw\u00fcchse Auswirkungen auf die Funktion der Produkte?<\/a><\/h3><div class=\"sp-collapse spcollapse spcollapse\" id=\"collapse89847\" data-parent=#sp-ea-8984><div class=\"ea-body\"><p><span style=\"font-weight: 400;\">Nein, Ausw\u00fcchse oder andere Unregelm\u00e4\u00dfigkeiten an der Rinde haben keine Auswirkung auf ihre besonderen Eigenschaften. Da jedes Produkt aus 100% Naturmaterial besteht, gleicht keines dem anderen \u2013 jedes ist ein Unikat!<\/span><\/p>\n<\/div><\/div><\/div><div class=\"ea-card  sp-ea-single\"><h3 class=\"ea-header\"><a class=\"collapsed\" data-sptoggle=\"spcollapse\" data-sptarget=#collapse89848 href=\"javascript:void(0)\"  aria-expanded=\"false\"><i class=\"ea-expand-icon fa fa-plus\"><\/i> Trocknet die Rinde mit der Zeit aus? Muss ich sie pflegen?<\/a><\/h3><div class=\"sp-collapse spcollapse spcollapse\" id=\"collapse89848\" data-parent=#sp-ea-8984><div class=\"ea-body\"><p><span style=\"font-weight: 400\">Nein. Unter normalen Bedingungen (Raumtemperaturen) bleibt die Rinde eine Ewigkeit geschmeidig und flexibel. Produkte aus Birkenrinde sollten bestenfalls nicht auf der Heizung oder bei Minusgraden benutzt \/ gelagert werden. Ansonsten ist keine besondere Pflege notwendig.<\/span><\/p>\n<\/div><\/div><\/div><div class=\"ea-card  sp-ea-single\"><h3 class=\"ea-header\"><a class=\"collapsed\" data-sptoggle=\"spcollapse\" data-sptarget=#collapse89849 href=\"javascript:void(0)\"  aria-expanded=\"false\"><i class=\"ea-expand-icon fa fa-plus\"><\/i> Kann ich mir Produkte aussuchen? Gibt es einen Laden \/ Showroom?<\/a><\/h3><div class=\"sp-collapse spcollapse spcollapse\" id=\"collapse89849\" data-parent=#sp-ea-8984><div class=\"ea-body\"><p><span style=\"font-weight: 400\">Wir verkaufen unsere Produkte in vielen L\u00e4den in ganz Deutschland und anderen L\u00e4ndern. Eine Liste aller H\u00e4ndler befindet sich in der Fu\u00dfzeile der Website.<\/span><\/p>\n<\/div><\/div><\/div><\/div>\n\n\n\n<\/div>\n","protected":false},"excerpt":{"rendered":"","protected":false},"author":1,"featured_media":0,"parent":0,"menu_order":0,"comment_status":"closed","ping_status":"closed","template":"page-templates\/no-sidebar.php","meta":{"inline_featured_image":false,"footnotes":""},"class_list":["post-9014","page","type-page","status-publish","hentry"],"yoast_head":"<!-- This site is optimized with the Yoast SEO plugin v19.10 - https:\/\/yoast.com\/wordpress\/plugins\/seo\/ -->\n<title>FAQ - Moya Birkenrinde<\/title>\n<meta name=\"robots\" content=\"index, follow, max-snippet:-1, max-image-preview:large, max-video-preview:-1\" \/>\n<link rel=\"canonical\" href=\"https:\/\/moya-birchbark.com\/de\/faq\/\" \/>\n<meta property=\"og:locale\" content=\"de_DE\" \/>\n<meta property=\"og:type\" content=\"article\" \/>\n<meta property=\"og:title\" content=\"FAQ - Moya Birkenrinde\" \/>\n<meta property=\"og:url\" content=\"https:\/\/moya-birchbark.com\/de\/faq\/\" \/>\n<meta property=\"og:site_name\" content=\"Moya Birkenrinde\" \/>\n<meta property=\"article:modified_time\" content=\"2021-07-12T13:09:52+00:00\" \/>\n<meta name=\"twitter:card\" content=\"summary_large_image\" \/>\n<meta name=\"twitter:label1\" content=\"Gesch\u00e4tzte Lesezeit\" \/>\n\t<meta name=\"twitter:data1\" content=\"1\u00a0Minute\" \/>\n<script type=\"application\/ld+json\" class=\"yoast-schema-graph\">{\"@context\":\"https:\/\/schema.org\",\"@graph\":[{\"@type\":\"WebPage\",\"@id\":\"https:\/\/moya-birchbark.com\/de\/faq\/\",\"url\":\"https:\/\/moya-birchbark.com\/de\/faq\/\",\"name\":\"FAQ - Moya Birkenrinde\",\"isPartOf\":{\"@id\":\"https:\/\/moya-birchbark.com\/de\/#website\"},\"datePublished\":\"2021-07-05T17:29:39+00:00\",\"dateModified\":\"2021-07-12T13:09:52+00:00\",\"breadcrumb\":{\"@id\":\"https:\/\/moya-birchbark.com\/de\/faq\/#breadcrumb\"},\"inLanguage\":\"de\",\"potentialAction\":[{\"@type\":\"ReadAction\",\"target\":[\"https:\/\/moya-birchbark.com\/de\/faq\/\"]}]},{\"@type\":\"BreadcrumbList\",\"@id\":\"https:\/\/moya-birchbark.com\/de\/faq\/#breadcrumb\",\"itemListElement\":[{\"@type\":\"ListItem\",\"position\":1,\"name\":\"Home\",\"item\":\"https:\/\/moya-birchbark.com\/de\/\"},{\"@type\":\"ListItem\",\"position\":2,\"name\":\"FAQ\"}]},{\"@type\":\"WebSite\",\"@id\":\"https:\/\/moya-birchbark.com\/de\/#website\",\"url\":\"https:\/\/moya-birchbark.com\/de\/\",\"name\":\"Moya Birkenrinde\",\"description\":\"MOYA Birch Bark\",\"publisher\":{\"@id\":\"https:\/\/moya-birchbark.com\/de\/#organization\"},\"potentialAction\":[{\"@type\":\"SearchAction\",\"target\":{\"@type\":\"EntryPoint\",\"urlTemplate\":\"https:\/\/moya-birchbark.com\/de\/?s={search_term_string}\"},\"query-input\":\"required name=search_term_string\"}],\"inLanguage\":\"de\"},{\"@type\":\"Organization\",\"@id\":\"https:\/\/moya-birchbark.com\/de\/#organization\",\"name\":\"Moya Birkenrinde\",\"url\":\"https:\/\/moya-birchbark.com\/de\/\",\"logo\":{\"@type\":\"ImageObject\",\"inLanguage\":\"de\",\"@id\":\"https:\/\/moya-birchbark.com\/de\/#\/schema\/logo\/image\/\",\"url\":\"https:\/\/moya-birchbark.com\/de\/wp-content\/uploads\/sites\/4\/2021\/05\/MOYA-Birch-Bark-Logo-white.png\",\"contentUrl\":\"https:\/\/moya-birchbark.com\/de\/wp-content\/uploads\/sites\/4\/2021\/05\/MOYA-Birch-Bark-Logo-white.png\",\"width\":520,\"height\":152,\"caption\":\"Moya Birkenrinde\"},\"image\":{\"@id\":\"https:\/\/moya-birchbark.com\/de\/#\/schema\/logo\/image\/\"}}]}<\/script>\n<!-- \/ Yoast SEO plugin. -->","yoast_head_json":{"title":"FAQ - Moya Birkenrinde","robots":{"index":"index","follow":"follow","max-snippet":"max-snippet:-1","max-image-preview":"max-image-preview:large","max-video-preview":"max-video-preview:-1"},"canonical":"https:\/\/moya-birchbark.com\/de\/faq\/","og_locale":"de_DE","og_type":"article","og_title":"FAQ - Moya Birkenrinde","og_url":"https:\/\/moya-birchbark.com\/de\/faq\/","og_site_name":"Moya Birkenrinde","article_modified_time":"2021-07-12T13:09:52+00:00","twitter_card":"summary_large_image","twitter_misc":{"Gesch\u00e4tzte Lesezeit":"1\u00a0Minute"},"schema":{"@context":"https:\/\/schema.org","@graph":[{"@type":"WebPage","@id":"https:\/\/moya-birchbark.com\/de\/faq\/","url":"https:\/\/moya-birchbark.com\/de\/faq\/","name":"FAQ - Moya Birkenrinde","isPartOf":{"@id":"https:\/\/moya-birchbark.com\/de\/#website"},"datePublished":"2021-07-05T17:29:39+00:00","dateModified":"2021-07-12T13:09:52+00:00","breadcrumb":{"@id":"https:\/\/moya-birchbark.com\/de\/faq\/#breadcrumb"},"inLanguage":"de","potentialAction":[{"@type":"ReadAction","target":["https:\/\/moya-birchbark.com\/de\/faq\/"]}]},{"@type":"BreadcrumbList","@id":"https:\/\/moya-birchbark.com\/de\/faq\/#breadcrumb","itemListElement":[{"@type":"ListItem","position":1,"name":"Home","item":"https:\/\/moya-birchbark.com\/de\/"},{"@type":"ListItem","position":2,"name":"FAQ"}]},{"@type":"WebSite","@id":"https:\/\/moya-birchbark.com\/de\/#website","url":"https:\/\/moya-birchbark.com\/de\/","name":"Moya Birkenrinde","description":"MOYA Birch Bark","publisher":{"@id":"https:\/\/moya-birchbark.com\/de\/#organization"},"potentialAction":[{"@type":"SearchAction","target":{"@type":"EntryPoint","urlTemplate":"https:\/\/moya-birchbark.com\/de\/?s={search_term_string}"},"query-input":"required name=search_term_string"}],"inLanguage":"de"},{"@type":"Organization","@id":"https:\/\/moya-birchbark.com\/de\/#organization","name":"Moya Birkenrinde","url":"https:\/\/moya-birchbark.com\/de\/","logo":{"@type":"ImageObject","inLanguage":"de","@id":"https:\/\/moya-birchbark.com\/de\/#\/schema\/logo\/image\/","url":"https:\/\/moya-birchbark.com\/de\/wp-content\/uploads\/sites\/4\/2021\/05\/MOYA-Birch-Bark-Logo-white.png","contentUrl":"https:\/\/moya-birchbark.com\/de\/wp-content\/uploads\/sites\/4\/2021\/05\/MOYA-Birch-Bark-Logo-white.png","width":520,"height":152,"caption":"Moya Birkenrinde"},"image":{"@id":"https:\/\/moya-birchbark.com\/de\/#\/schema\/logo\/image\/"}}]}},"_links":{"self":[{"href":"https:\/\/moya-birchbark.com\/de\/wp-json\/wp\/v2\/pages\/9014","targetHints":{"allow":["GET"]}}],"collection":[{"href":"https:\/\/moya-birchbark.com\/de\/wp-json\/wp\/v2\/pages"}],"about":[{"href":"https:\/\/moya-birchbark.com\/de\/wp-json\/wp\/v2\/types\/page"}],"author":[{"embeddable":true,"href":"https:\/\/moya-birchbark.com\/de\/wp-json\/wp\/v2\/users\/1"}],"replies":[{"embeddable":true,"href":"https:\/\/moya-birchbark.com\/de\/wp-json\/wp\/v2\/comments?post=9014"}],"version-history":[{"count":2,"href":"https:\/\/moya-birchbark.com\/de\/wp-json\/wp\/v2\/pages\/9014\/revisions"}],"predecessor-version":[{"id":9017,"href":"https:\/\/moya-birchbark.com\/de\/wp-json\/wp\/v2\/pages\/9014\/revisions\/9017"}],"wp:attachment":[{"href":"https:\/\/moya-birchbark.com\/de\/wp-json\/wp\/v2\/media?parent=9014"}],"curies":[{"name":"wp","href":"https:\/\/api.w.org\/{rel}","templated":true}]}}