{"id":8761,"date":"2021-06-08T14:39:16","date_gmt":"2021-06-08T14:39:16","guid":{"rendered":"https:\/\/moya-birchbark.com\/de\/?page_id=8761"},"modified":"2022-05-05T14:10:25","modified_gmt":"2022-05-05T14:10:25","slug":"ueber-uns","status":"publish","type":"page","link":"https:\/\/moya-birchbark.com\/de\/ueber-uns\/","title":{"rendered":"\u00dcber uns"},"content":{"rendered":"\r\n<h4><strong>SIBIRISCHE DESIGNERIN ENTDECKT VERGESSENES NATURMATERIAL WIEDER<\/strong><\/h4>\r\n<p>MOYA Birch Bark wurde 2018 von der aus Sibirien stammenden Designerin <a href=\"https:\/\/www.anastasiyakoshcheeva.com\/about\/\" target=\"_blank\" rel=\"noopener\">Anastasiya Koshcheeva<\/a> in Berlin gegr\u00fcndet und bedeutet in ihrer Muttersprache \u201eMeine\u201c. Dies steht f\u00fcr ihre tiefe Verbundenheit mit dem Material <a href=\"https:\/\/moya-birchbark.com\/de\/material-und-tradition\/\" target=\"_blank\" rel=\"noopener\">Birkenrinde<\/a> und ihrer Heimat.<br \/><br \/>Bereits seit 2012 verbindet Anastasiya das Jahrtausende alte Handwerk mit klarem Design und hat f\u00fcr ihre Arbeit mehrfache <a href=\"https:\/\/moya-birchbark.com\/de\/awards\/\" target=\"_blank\" rel=\"noopener\">Auszeichnungen<\/a> erhalten. Seitdem konnte sie bereits viele mit ihrer Faszination anstecken, unser Team entstand und die <a href=\"https:\/\/moya-birchbark.com\/de\/shop-moya-birkenrinde\/\" target=\"_blank\" rel=\"noopener\">Kollektion<\/a> vergr\u00f6\u00dferte sich um viele Objekte des t\u00e4glichen Lebens.<\/p>\r\n\r\n\r\n\r\n<figure class=\"wp-block-image size-large\"><img decoding=\"async\" width=\"1024\" height=\"653\" class=\"wp-image-3396\" src=\"https:\/\/moya-birchbark.com\/de\/wp-content\/uploads\/sites\/4\/2019\/01\/cropped-DSC04149_2-1-1024x653.jpg\" alt=\"\" srcset=\"https:\/\/moya-birchbark.com\/de\/wp-content\/uploads\/sites\/4\/2019\/01\/cropped-DSC04149_2-1-1024x653.jpg 1024w, https:\/\/moya-birchbark.com\/de\/wp-content\/uploads\/sites\/4\/2019\/01\/cropped-DSC04149_2-1-300x191.jpg 300w, https:\/\/moya-birchbark.com\/de\/wp-content\/uploads\/sites\/4\/2019\/01\/cropped-DSC04149_2-1-768x490.jpg 768w, https:\/\/moya-birchbark.com\/de\/wp-content\/uploads\/sites\/4\/2019\/01\/cropped-DSC04149_2-1-250x159.jpg 250w, https:\/\/moya-birchbark.com\/de\/wp-content\/uploads\/sites\/4\/2019\/01\/cropped-DSC04149_2-1-1082x690.jpg 1082w, https:\/\/moya-birchbark.com\/de\/wp-content\/uploads\/sites\/4\/2019\/01\/cropped-DSC04149_2-1-790x504.jpg 790w, https:\/\/moya-birchbark.com\/de\/wp-content\/uploads\/sites\/4\/2019\/01\/cropped-DSC04149_2-1.jpg 1440w\" sizes=\"(max-width: 1024px) 100vw, 1024px\" \/>\r\n<figcaption>Das erste St\u00fcck unserer Kollektion: 2014 gestaltete Anastasiya den Lounge-Sessel Sibirjak<\/figcaption>\r\n<\/figure>\r\n\r\n\r\n\r\n<figure class=\"wp-block-image size-large is-resized\"><img decoding=\"async\" class=\"wp-image-8363\" src=\"https:\/\/moya-birchbark.com\/de\/wp-content\/uploads\/sites\/4\/2021\/04\/IMG_9276-02-731x1024.jpg\" alt=\"\" width=\"831\" height=\"1164\" srcset=\"https:\/\/moya-birchbark.com\/de\/wp-content\/uploads\/sites\/4\/2021\/04\/IMG_9276-02-731x1024.jpg 731w, https:\/\/moya-birchbark.com\/de\/wp-content\/uploads\/sites\/4\/2021\/04\/IMG_9276-02-214x300.jpg 214w, https:\/\/moya-birchbark.com\/de\/wp-content\/uploads\/sites\/4\/2021\/04\/IMG_9276-02-768x1075.jpg 768w, https:\/\/moya-birchbark.com\/de\/wp-content\/uploads\/sites\/4\/2021\/04\/IMG_9276-02-250x350.jpg 250w, https:\/\/moya-birchbark.com\/de\/wp-content\/uploads\/sites\/4\/2021\/04\/IMG_9276-02-493x690.jpg 493w, https:\/\/moya-birchbark.com\/de\/wp-content\/uploads\/sites\/4\/2021\/04\/IMG_9276-02-790x1106.jpg 790w, https:\/\/moya-birchbark.com\/de\/wp-content\/uploads\/sites\/4\/2021\/04\/IMG_9276-02.jpg 1000w\" sizes=\"(max-width: 831px) 100vw, 831px\" \/><\/figure>\r\n\r\n\r\n\r\n<figure class=\"wp-block-image size-large\"><img decoding=\"async\" width=\"1024\" height=\"653\" class=\"wp-image-8748\" src=\"https:\/\/moya-birchbark.com\/de\/wp-content\/uploads\/sites\/4\/2021\/06\/MOYA_MaterialProcess_08-web-1024x653.jpg\" alt=\"\" srcset=\"https:\/\/moya-birchbark.com\/de\/wp-content\/uploads\/sites\/4\/2021\/06\/MOYA_MaterialProcess_08-web-1024x653.jpg 1024w, https:\/\/moya-birchbark.com\/de\/wp-content\/uploads\/sites\/4\/2021\/06\/MOYA_MaterialProcess_08-web-300x191.jpg 300w, https:\/\/moya-birchbark.com\/de\/wp-content\/uploads\/sites\/4\/2021\/06\/MOYA_MaterialProcess_08-web-768x490.jpg 768w, https:\/\/moya-birchbark.com\/de\/wp-content\/uploads\/sites\/4\/2021\/06\/MOYA_MaterialProcess_08-web-1536x980.jpg 1536w, https:\/\/moya-birchbark.com\/de\/wp-content\/uploads\/sites\/4\/2021\/06\/MOYA_MaterialProcess_08-web-2048x1307.jpg 2048w, https:\/\/moya-birchbark.com\/de\/wp-content\/uploads\/sites\/4\/2021\/06\/MOYA_MaterialProcess_08-web-250x160.jpg 250w, https:\/\/moya-birchbark.com\/de\/wp-content\/uploads\/sites\/4\/2021\/06\/MOYA_MaterialProcess_08-web-1081x690.jpg 1081w, https:\/\/moya-birchbark.com\/de\/wp-content\/uploads\/sites\/4\/2021\/06\/MOYA_MaterialProcess_08-web-790x504.jpg 790w\" sizes=\"(max-width: 1024px) 100vw, 1024px\" \/><\/figure>\r\n\r\n\r\n\r\n<h4>\u00a0<\/h4>\r\n<h4><strong>ALTES HANDWERK NEU BELEBT<\/strong><\/h4>\r\n<p>Mit gro\u00dfer Sorgfalt und Liebe zum Detail fertigen wir Produkte aus nat\u00fcrlicher Birkenrinde, die modernes Design mit einer altbew\u00e4hrten sibirischen Handwerkstradition in Einklang bringen. Wir <a href=\"https:\/\/moya-birchbark.com\/de\/ernte-birkenrinde\/\" target=\"_blank\" rel=\"noopener\">beziehen unsere Rinde<\/a> aus der unendlichen Taiga Sibiriens. Ihre nat\u00fcrliche Sch\u00f6nheit kommt durch eine klare Formsprache, kontrastreiche Details und spielerische Farbgestaltung in voller Kraft zur Geltung. Unsere Produkte verbinden die Einzigartigkeit eines Naturmaterials mit der Pr\u00e4zision moderner Technologien.<\/p>\r\n\r\n\r\n\r\n<figure class=\"wp-block-image size-large is-resized\"><img decoding=\"async\" class=\"wp-image-6044\" src=\"https:\/\/moya-birchbark.com\/de\/wp-content\/uploads\/sites\/4\/2019\/09\/Moya_Family_\u00a9Frieder-Reuter_web_01.jpeg\" alt=\"\" width=\"831\" height=\"555\" srcset=\"https:\/\/moya-birchbark.com\/de\/wp-content\/uploads\/sites\/4\/2019\/09\/Moya_Family_\u00a9Frieder-Reuter_web_01.jpeg 640w, https:\/\/moya-birchbark.com\/de\/wp-content\/uploads\/sites\/4\/2019\/09\/Moya_Family_\u00a9Frieder-Reuter_web_01-300x200.jpeg 300w, https:\/\/moya-birchbark.com\/de\/wp-content\/uploads\/sites\/4\/2019\/09\/Moya_Family_\u00a9Frieder-Reuter_web_01-250x167.jpeg 250w\" sizes=\"(max-width: 831px) 100vw, 831px\" \/><\/figure>\r\n","protected":false},"excerpt":{"rendered":"<p>SIBIRISCHE DESIGNERIN ENTDECKT VERGESSENES NATURMATERIAL WIEDER MOYA Birch Bark wurde 2018 von der aus Sibirien stammenden Designerin Anastasiya Koshcheeva in Berlin gegr\u00fcndet und&hellip;<\/p>\n","protected":false},"author":1,"featured_media":8771,"parent":0,"menu_order":0,"comment_status":"closed","ping_status":"closed","template":"page-templates\/no-sidebar.php","meta":{"inline_featured_image":false,"footnotes":""},"class_list":["post-8761","page","type-page","status-publish","has-post-thumbnail","hentry"],"yoast_head":"<!-- This site is optimized with the Yoast SEO plugin v19.10 - https:\/\/yoast.com\/wordpress\/plugins\/seo\/ -->\n<title>\u00dcber uns - Unsere Geschichte - Moya Birkenrinde<\/title>\n<meta name=\"description\" content=\"\u00dcber uns Moya Geschichte - Unsere Produkte verbinden die Einzigartigkeit eines Naturmaterials mit der Pr\u00e4zision moderner Technologien\" \/>\n<meta name=\"robots\" content=\"index, follow, max-snippet:-1, max-image-preview:large, max-video-preview:-1\" \/>\n<link rel=\"canonical\" href=\"https:\/\/moya-birchbark.com\/de\/ueber-uns\/\" \/>\n<meta property=\"og:locale\" content=\"de_DE\" \/>\n<meta property=\"og:type\" content=\"article\" \/>\n<meta property=\"og:title\" content=\"\u00dcber uns - Unsere Geschichte - Moya Birkenrinde\" \/>\n<meta property=\"og:description\" content=\"\u00dcber uns Moya Geschichte - Unsere Produkte verbinden die Einzigartigkeit eines Naturmaterials mit der Pr\u00e4zision moderner Technologien\" \/>\n<meta property=\"og:url\" content=\"https:\/\/moya-birchbark.com\/de\/ueber-uns\/\" \/>\n<meta property=\"og:site_name\" content=\"Moya Birkenrinde\" \/>\n<meta property=\"article:modified_time\" content=\"2022-05-05T14:10:25+00:00\" \/>\n<meta property=\"og:image\" content=\"https:\/\/moya-birchbark.com\/de\/wp-content\/uploads\/sites\/4\/2021\/06\/DSC06127-web-scaled.jpg\" \/>\n\t<meta property=\"og:image:width\" content=\"2560\" \/>\n\t<meta property=\"og:image:height\" content=\"1704\" \/>\n\t<meta property=\"og:image:type\" content=\"image\/jpeg\" \/>\n<meta name=\"twitter:card\" content=\"summary_large_image\" \/>\n<meta name=\"twitter:label1\" content=\"Gesch\u00e4tzte Lesezeit\" \/>\n\t<meta name=\"twitter:data1\" content=\"2\u00a0Minuten\" \/>\n<script type=\"application\/ld+json\" class=\"yoast-schema-graph\">{\"@context\":\"https:\/\/schema.org\",\"@graph\":[{\"@type\":\"WebPage\",\"@id\":\"https:\/\/moya-birchbark.com\/de\/ueber-uns\/\",\"url\":\"https:\/\/moya-birchbark.com\/de\/ueber-uns\/\",\"name\":\"\u00dcber uns - Unsere Geschichte - Moya Birkenrinde\",\"isPartOf\":{\"@id\":\"https:\/\/moya-birchbark.com\/de\/#website\"},\"datePublished\":\"2021-06-08T14:39:16+00:00\",\"dateModified\":\"2022-05-05T14:10:25+00:00\",\"description\":\"\u00dcber uns Moya Geschichte - Unsere Produkte verbinden die Einzigartigkeit eines Naturmaterials mit der Pr\u00e4zision moderner Technologien\",\"breadcrumb\":{\"@id\":\"https:\/\/moya-birchbark.com\/de\/ueber-uns\/#breadcrumb\"},\"inLanguage\":\"de\",\"potentialAction\":[{\"@type\":\"ReadAction\",\"target\":[\"https:\/\/moya-birchbark.com\/de\/ueber-uns\/\"]}]},{\"@type\":\"BreadcrumbList\",\"@id\":\"https:\/\/moya-birchbark.com\/de\/ueber-uns\/#breadcrumb\",\"itemListElement\":[{\"@type\":\"ListItem\",\"position\":1,\"name\":\"Home\",\"item\":\"https:\/\/moya-birchbark.com\/de\/\"},{\"@type\":\"ListItem\",\"position\":2,\"name\":\"\u00dcber uns\"}]},{\"@type\":\"WebSite\",\"@id\":\"https:\/\/moya-birchbark.com\/de\/#website\",\"url\":\"https:\/\/moya-birchbark.com\/de\/\",\"name\":\"Moya Birkenrinde\",\"description\":\"MOYA Birch Bark\",\"publisher\":{\"@id\":\"https:\/\/moya-birchbark.com\/de\/#organization\"},\"potentialAction\":[{\"@type\":\"SearchAction\",\"target\":{\"@type\":\"EntryPoint\",\"urlTemplate\":\"https:\/\/moya-birchbark.com\/de\/?s={search_term_string}\"},\"query-input\":\"required name=search_term_string\"}],\"inLanguage\":\"de\"},{\"@type\":\"Organization\",\"@id\":\"https:\/\/moya-birchbark.com\/de\/#organization\",\"name\":\"Moya Birkenrinde\",\"url\":\"https:\/\/moya-birchbark.com\/de\/\",\"logo\":{\"@type\":\"ImageObject\",\"inLanguage\":\"de\",\"@id\":\"https:\/\/moya-birchbark.com\/de\/#\/schema\/logo\/image\/\",\"url\":\"https:\/\/moya-birchbark.com\/de\/wp-content\/uploads\/sites\/4\/2021\/05\/MOYA-Birch-Bark-Logo-white.png\",\"contentUrl\":\"https:\/\/moya-birchbark.com\/de\/wp-content\/uploads\/sites\/4\/2021\/05\/MOYA-Birch-Bark-Logo-white.png\",\"width\":520,\"height\":152,\"caption\":\"Moya Birkenrinde\"},\"image\":{\"@id\":\"https:\/\/moya-birchbark.com\/de\/#\/schema\/logo\/image\/\"}}]}<\/script>\n<!-- \/ Yoast SEO plugin. -->","yoast_head_json":{"title":"\u00dcber uns - Unsere Geschichte - Moya Birkenrinde","description":"\u00dcber uns Moya Geschichte - Unsere Produkte verbinden die Einzigartigkeit eines Naturmaterials mit der Pr\u00e4zision moderner Technologien","robots":{"index":"index","follow":"follow","max-snippet":"max-snippet:-1","max-image-preview":"max-image-preview:large","max-video-preview":"max-video-preview:-1"},"canonical":"https:\/\/moya-birchbark.com\/de\/ueber-uns\/","og_locale":"de_DE","og_type":"article","og_title":"\u00dcber uns - Unsere Geschichte - Moya Birkenrinde","og_description":"\u00dcber uns Moya Geschichte - Unsere Produkte verbinden die Einzigartigkeit eines Naturmaterials mit der Pr\u00e4zision moderner Technologien","og_url":"https:\/\/moya-birchbark.com\/de\/ueber-uns\/","og_site_name":"Moya Birkenrinde","article_modified_time":"2022-05-05T14:10:25+00:00","og_image":[{"width":2560,"height":1704,"url":"https:\/\/moya-birchbark.com\/de\/wp-content\/uploads\/sites\/4\/2021\/06\/DSC06127-web-scaled.jpg","type":"image\/jpeg"}],"twitter_card":"summary_large_image","twitter_misc":{"Gesch\u00e4tzte Lesezeit":"2\u00a0Minuten"},"schema":{"@context":"https:\/\/schema.org","@graph":[{"@type":"WebPage","@id":"https:\/\/moya-birchbark.com\/de\/ueber-uns\/","url":"https:\/\/moya-birchbark.com\/de\/ueber-uns\/","name":"\u00dcber uns - Unsere Geschichte - Moya Birkenrinde","isPartOf":{"@id":"https:\/\/moya-birchbark.com\/de\/#website"},"datePublished":"2021-06-08T14:39:16+00:00","dateModified":"2022-05-05T14:10:25+00:00","description":"\u00dcber uns Moya Geschichte - Unsere Produkte verbinden die Einzigartigkeit eines Naturmaterials mit der Pr\u00e4zision moderner Technologien","breadcrumb":{"@id":"https:\/\/moya-birchbark.com\/de\/ueber-uns\/#breadcrumb"},"inLanguage":"de","potentialAction":[{"@type":"ReadAction","target":["https:\/\/moya-birchbark.com\/de\/ueber-uns\/"]}]},{"@type":"BreadcrumbList","@id":"https:\/\/moya-birchbark.com\/de\/ueber-uns\/#breadcrumb","itemListElement":[{"@type":"ListItem","position":1,"name":"Home","item":"https:\/\/moya-birchbark.com\/de\/"},{"@type":"ListItem","position":2,"name":"\u00dcber uns"}]},{"@type":"WebSite","@id":"https:\/\/moya-birchbark.com\/de\/#website","url":"https:\/\/moya-birchbark.com\/de\/","name":"Moya Birkenrinde","description":"MOYA Birch Bark","publisher":{"@id":"https:\/\/moya-birchbark.com\/de\/#organization"},"potentialAction":[{"@type":"SearchAction","target":{"@type":"EntryPoint","urlTemplate":"https:\/\/moya-birchbark.com\/de\/?s={search_term_string}"},"query-input":"required name=search_term_string"}],"inLanguage":"de"},{"@type":"Organization","@id":"https:\/\/moya-birchbark.com\/de\/#organization","name":"Moya Birkenrinde","url":"https:\/\/moya-birchbark.com\/de\/","logo":{"@type":"ImageObject","inLanguage":"de","@id":"https:\/\/moya-birchbark.com\/de\/#\/schema\/logo\/image\/","url":"https:\/\/moya-birchbark.com\/de\/wp-content\/uploads\/sites\/4\/2021\/05\/MOYA-Birch-Bark-Logo-white.png","contentUrl":"https:\/\/moya-birchbark.com\/de\/wp-content\/uploads\/sites\/4\/2021\/05\/MOYA-Birch-Bark-Logo-white.png","width":520,"height":152,"caption":"Moya Birkenrinde"},"image":{"@id":"https:\/\/moya-birchbark.com\/de\/#\/schema\/logo\/image\/"}}]}},"_links":{"self":[{"href":"https:\/\/moya-birchbark.com\/de\/wp-json\/wp\/v2\/pages\/8761","targetHints":{"allow":["GET"]}}],"collection":[{"href":"https:\/\/moya-birchbark.com\/de\/wp-json\/wp\/v2\/pages"}],"about":[{"href":"https:\/\/moya-birchbark.com\/de\/wp-json\/wp\/v2\/types\/page"}],"author":[{"embeddable":true,"href":"https:\/\/moya-birchbark.com\/de\/wp-json\/wp\/v2\/users\/1"}],"replies":[{"embeddable":true,"href":"https:\/\/moya-birchbark.com\/de\/wp-json\/wp\/v2\/comments?post=8761"}],"version-history":[{"count":21,"href":"https:\/\/moya-birchbark.com\/de\/wp-json\/wp\/v2\/pages\/8761\/revisions"}],"predecessor-version":[{"id":10735,"href":"https:\/\/moya-birchbark.com\/de\/wp-json\/wp\/v2\/pages\/8761\/revisions\/10735"}],"wp:featuredmedia":[{"embeddable":true,"href":"https:\/\/moya-birchbark.com\/de\/wp-json\/wp\/v2\/media\/8771"}],"wp:attachment":[{"href":"https:\/\/moya-birchbark.com\/de\/wp-json\/wp\/v2\/media?parent=8761"}],"curies":[{"name":"wp","href":"https:\/\/api.w.org\/{rel}","templated":true}]}}