{"id":8741,"date":"2021-06-08T14:08:40","date_gmt":"2021-06-08T14:08:40","guid":{"rendered":"https:\/\/moya-birchbark.com\/de\/?page_id=8741"},"modified":"2022-06-22T14:01:47","modified_gmt":"2022-06-22T14:01:47","slug":"produktion","status":"publish","type":"page","link":"https:\/\/moya-birchbark.com\/de\/produktion\/","title":{"rendered":"Produktion"},"content":{"rendered":"\r\n<h4><strong>SOZIALE und \u00f6kologische VERANTWORTUNG<\/strong><\/h4>\r\n<p>Wir arbeiten seit 2015 mit kleinen Familien-Betrieben in Sibirien zusammen und haben in Tomsk (2019) und in Iwanowo (2016) selbst zwei Produktionsst\u00e4tten aufgebaut, damit die <a href=\"https:\/\/moya-birchbark.com\/de\/unsere-mission\/\" target=\"_blank\" rel=\"noopener\">Wertsch\u00f6pfung<\/a> vor Ort bleibt &#8211; dort wo auch die <a href=\"https:\/\/moya-birchbark.com\/de\/ernte-birkenrinde\/\" target=\"_blank\" rel=\"noopener\">Rinde geerntet<\/a> wird &#8211; und m\u00f6glichst viele Arbeitspl\u00e4tze geschaffen werden k\u00f6nnen.<\/p>\r\n<p><br \/>Gemeinsam mit unseren Produktionspartnern vor Ort sorgen wir daf\u00fcr, dass das alte Wissen vor allem an j\u00fcngere Generationen weitergegeben wird, die alte Handwerkstradition erhalten bleibt und setzen uns daf\u00fcr ein, dass die Berufsausbildung wieder eingef\u00fchrt wird.<\/p>\r\n<p>&nbsp;<\/p>\r\n\r\n\r\n\r\n<figure class=\"wp-block-image alignwide size-large\"><img decoding=\"async\" class=\"mobile-hide aligncenter wp-image-10732 size-full\" src=\"https:\/\/moya-birchbark.com\/de\/wp-content\/uploads\/sites\/4\/2022\/05\/220505_Moya_Supply-Chain_DE.jpg\" alt=\"\" width=\"2560\" height=\"1409\" srcset=\"https:\/\/moya-birchbark.com\/de\/wp-content\/uploads\/sites\/4\/2022\/05\/220505_Moya_Supply-Chain_DE.jpg 2560w, https:\/\/moya-birchbark.com\/de\/wp-content\/uploads\/sites\/4\/2022\/05\/220505_Moya_Supply-Chain_DE-300x165.jpg 300w, https:\/\/moya-birchbark.com\/de\/wp-content\/uploads\/sites\/4\/2022\/05\/220505_Moya_Supply-Chain_DE-1024x564.jpg 1024w, https:\/\/moya-birchbark.com\/de\/wp-content\/uploads\/sites\/4\/2022\/05\/220505_Moya_Supply-Chain_DE-1536x845.jpg 1536w, https:\/\/moya-birchbark.com\/de\/wp-content\/uploads\/sites\/4\/2022\/05\/220505_Moya_Supply-Chain_DE-2048x1127.jpg 2048w, https:\/\/moya-birchbark.com\/de\/wp-content\/uploads\/sites\/4\/2022\/05\/220505_Moya_Supply-Chain_DE-250x138.jpg 250w, https:\/\/moya-birchbark.com\/de\/wp-content\/uploads\/sites\/4\/2022\/05\/220505_Moya_Supply-Chain_DE-1254x690.jpg 1254w, https:\/\/moya-birchbark.com\/de\/wp-content\/uploads\/sites\/4\/2022\/05\/220505_Moya_Supply-Chain_DE-790x435.jpg 790w\" sizes=\"(max-width: 2560px) 100vw, 2560px\" \/><\/figure>\r\n\r\n\r\n\r\n<figure class=\"wp-block-image alignwide size-large\"><img decoding=\"async\" class=\"desktop-hide wp-image-10732 alignleft desktop-hide\" src=\"https:\/\/moya-birchbark.com\/de\/wp-content\/uploads\/sites\/4\/2022\/05\/220505_Moya_Supply-Chain_DE_Mobil-1.jpeg\" alt=\"\" \/><\/figure>\r\n\r\n\r\n\r\n<figure class=\"wp-block-image size-large\"><img decoding=\"async\" width=\"1024\" height=\"617\" class=\"wp-image-8785\" src=\"https:\/\/moya-birchbark.com\/de\/wp-content\/uploads\/sites\/4\/2021\/06\/IMG_5501-web-1024x617.jpg\" alt=\"\" srcset=\"https:\/\/moya-birchbark.com\/de\/wp-content\/uploads\/sites\/4\/2021\/06\/IMG_5501-web-1024x617.jpg 1024w, https:\/\/moya-birchbark.com\/de\/wp-content\/uploads\/sites\/4\/2021\/06\/IMG_5501-web-300x181.jpg 300w, https:\/\/moya-birchbark.com\/de\/wp-content\/uploads\/sites\/4\/2021\/06\/IMG_5501-web-768x463.jpg 768w, https:\/\/moya-birchbark.com\/de\/wp-content\/uploads\/sites\/4\/2021\/06\/IMG_5501-web-1536x926.jpg 1536w, https:\/\/moya-birchbark.com\/de\/wp-content\/uploads\/sites\/4\/2021\/06\/IMG_5501-web-2048x1235.jpg 2048w, https:\/\/moya-birchbark.com\/de\/wp-content\/uploads\/sites\/4\/2021\/06\/IMG_5501-web-250x151.jpg 250w, https:\/\/moya-birchbark.com\/de\/wp-content\/uploads\/sites\/4\/2021\/06\/IMG_5501-web-1144x690.jpg 1144w, https:\/\/moya-birchbark.com\/de\/wp-content\/uploads\/sites\/4\/2021\/06\/IMG_5501-web-790x476.jpg 790w\" sizes=\"(max-width: 1024px) 100vw, 1024px\" \/><\/figure>\r\n\r\n\r\n\r\n<h4>\u00a0<\/h4>\r\n<h4><strong>VON DER BIRKENRINDE ZUM DESIGN-OBJEKT<\/strong><\/h4>\r\n<p>Der Anfang jedes unserer Produkte ist die Gestaltung in unserem Atelier hier in Berlin. In enger Zusammenarbeit mit unseren Manufakturen in Sibirien werden diese sorgf\u00e4ltig optimiert und bis zur Serienreife getestet. Dann \u00fcbergeben wir sie ganz in die erfahrenen H\u00e4nde der Handwerker zur Produktion.<\/p>\r\n<p><br \/>Unsere Partner allerorts w\u00e4hlen wir mit gro\u00dfer Sorgfalt und stellen sicher, dass sie unsere Werte teilen. Hochwertige Qualit\u00e4t und kurze Transportwege garantiert die Zusammenarbeit mit handwerklichen Betrieben in Deutschland und \u00d6sterreich. Dort entstehen unsere hochwertigen Komponenten wie z.B. Metallgestelle f\u00fcr Hocker oder K\u00f6rbe. Montiert werden die Objekte in unserem Berliner Atelier und in <a href=\"https:\/\/www.mosaik-berlin.de\/locations\/betriebsstaette-kreuzberg\/\" target=\"_blank\" rel=\"noopener\">Kooperation mit Inklusionsbetrieben<\/a> in der Region.<\/p>\r\n<p><br \/>Unser Ziel ist es, \u00fcber einen globalen kulturellen Austausch soziale Strukturen lokal zu st\u00e4rken und auszubauen. Dies gilt besonders f\u00fcr unsere Standorte und Kooperationen in Sibirien und Deutschland.<\/p>\r\n<p>&nbsp;<\/p>\r\n\r\n\r\n\r\n<figure class=\"wp-block-image size-large is-resized\"><img decoding=\"async\" class=\"wp-image-8872\" src=\"https:\/\/moya-birchbark.com\/de\/wp-content\/uploads\/sites\/4\/2021\/06\/Moya_Interior_0819_\u00a9Frieder-Reuter_web_22-682x1024.jpg\" alt=\"\" width=\"837\" height=\"1256\" srcset=\"https:\/\/moya-birchbark.com\/de\/wp-content\/uploads\/sites\/4\/2021\/06\/Moya_Interior_0819_\u00a9Frieder-Reuter_web_22-682x1024.jpg 682w, https:\/\/moya-birchbark.com\/de\/wp-content\/uploads\/sites\/4\/2021\/06\/Moya_Interior_0819_\u00a9Frieder-Reuter_web_22-200x300.jpg 200w, https:\/\/moya-birchbark.com\/de\/wp-content\/uploads\/sites\/4\/2021\/06\/Moya_Interior_0819_\u00a9Frieder-Reuter_web_22-768x1152.jpg 768w, https:\/\/moya-birchbark.com\/de\/wp-content\/uploads\/sites\/4\/2021\/06\/Moya_Interior_0819_\u00a9Frieder-Reuter_web_22-1024x1536.jpg 1024w, https:\/\/moya-birchbark.com\/de\/wp-content\/uploads\/sites\/4\/2021\/06\/Moya_Interior_0819_\u00a9Frieder-Reuter_web_22-250x375.jpg 250w, https:\/\/moya-birchbark.com\/de\/wp-content\/uploads\/sites\/4\/2021\/06\/Moya_Interior_0819_\u00a9Frieder-Reuter_web_22-460x690.jpg 460w, https:\/\/moya-birchbark.com\/de\/wp-content\/uploads\/sites\/4\/2021\/06\/Moya_Interior_0819_\u00a9Frieder-Reuter_web_22-790x1185.jpg 790w, https:\/\/moya-birchbark.com\/de\/wp-content\/uploads\/sites\/4\/2021\/06\/Moya_Interior_0819_\u00a9Frieder-Reuter_web_22.jpg 1333w\" sizes=\"(max-width: 837px) 100vw, 837px\" \/><\/figure>\r\n\r\n\r\n\r\n<figure class=\"wp-block-image size-large\"><img decoding=\"async\" width=\"1403\" height=\"1051\" class=\"wp-image-8841\" src=\"https:\/\/moya-birchbark.com\/de\/wp-content\/uploads\/sites\/4\/2021\/06\/MOYA_MaterialProcess_06-web-edited-1.jpg\" alt=\"\" srcset=\"https:\/\/moya-birchbark.com\/de\/wp-content\/uploads\/sites\/4\/2021\/06\/MOYA_MaterialProcess_06-web-edited-1.jpg 1403w, https:\/\/moya-birchbark.com\/de\/wp-content\/uploads\/sites\/4\/2021\/06\/MOYA_MaterialProcess_06-web-edited-1-300x225.jpg 300w, https:\/\/moya-birchbark.com\/de\/wp-content\/uploads\/sites\/4\/2021\/06\/MOYA_MaterialProcess_06-web-edited-1-1024x768.jpg 1024w, https:\/\/moya-birchbark.com\/de\/wp-content\/uploads\/sites\/4\/2021\/06\/MOYA_MaterialProcess_06-web-edited-1-768x575.jpg 768w, https:\/\/moya-birchbark.com\/de\/wp-content\/uploads\/sites\/4\/2021\/06\/MOYA_MaterialProcess_06-web-edited-1-250x187.jpg 250w, https:\/\/moya-birchbark.com\/de\/wp-content\/uploads\/sites\/4\/2021\/06\/MOYA_MaterialProcess_06-web-edited-1-921x690.jpg 921w, https:\/\/moya-birchbark.com\/de\/wp-content\/uploads\/sites\/4\/2021\/06\/MOYA_MaterialProcess_06-web-edited-1-790x592.jpg 790w, https:\/\/moya-birchbark.com\/de\/wp-content\/uploads\/sites\/4\/2021\/06\/MOYA_MaterialProcess_06-web-edited-1-600x450.jpg 600w\" sizes=\"(max-width: 1403px) 100vw, 1403px\" \/><\/figure>\r\n\r\n\r\n\r\n<figure class=\"wp-block-image size-large\"><img decoding=\"async\" width=\"1024\" height=\"682\" class=\"wp-image-3630\" src=\"https:\/\/moya-birchbark.com\/de\/wp-content\/uploads\/sites\/4\/2019\/01\/Moya_Svetoch_Floor_web_06-1024x682.jpg\" alt=\"\" srcset=\"https:\/\/moya-birchbark.com\/de\/wp-content\/uploads\/sites\/4\/2019\/01\/Moya_Svetoch_Floor_web_06-1024x682.jpg 1024w, https:\/\/moya-birchbark.com\/de\/wp-content\/uploads\/sites\/4\/2019\/01\/Moya_Svetoch_Floor_web_06-300x200.jpg 300w, https:\/\/moya-birchbark.com\/de\/wp-content\/uploads\/sites\/4\/2019\/01\/Moya_Svetoch_Floor_web_06-768x512.jpg 768w, https:\/\/moya-birchbark.com\/de\/wp-content\/uploads\/sites\/4\/2019\/01\/Moya_Svetoch_Floor_web_06-250x167.jpg 250w, https:\/\/moya-birchbark.com\/de\/wp-content\/uploads\/sites\/4\/2019\/01\/Moya_Svetoch_Floor_web_06-1035x690.jpg 1035w, https:\/\/moya-birchbark.com\/de\/wp-content\/uploads\/sites\/4\/2019\/01\/Moya_Svetoch_Floor_web_06-790x527.jpg 790w, https:\/\/moya-birchbark.com\/de\/wp-content\/uploads\/sites\/4\/2019\/01\/Moya_Svetoch_Floor_web_06.jpg 2000w\" sizes=\"(max-width: 1024px) 100vw, 1024px\" \/><\/figure>\r\n\r\n\r\n\r\n<figure class=\"wp-block-embed is-type-video is-provider-youtube wp-block-embed-youtube wp-embed-aspect-16-9 wp-has-aspect-ratio\">\r\n<div class=\"wp-block-embed__wrapper\">https:\/\/www.youtube.com\/watch?v=nM3tX_bsTF4&amp;t=28s<\/div>\r\n<\/figure>\r\n\r\n\r\n\r\n<div class=\"wp-block-spacer\" style=\"height: 21px;\" aria-hidden=\"true\">\u00a0<\/div>\r\n\r\n\r\n\r\n<h4><strong>Positive CO2 Bilanz<\/strong><\/h4>\r\n<p>All unsere Produkte werden in ressourcenschonender Handarbeit gefertigt und nur mit geringem Einsatz von Maschinen, die der Prozessoptimierung dienen. Vor diesem Hintergrund und da <a href=\"https:\/\/moya-birchbark.com\/de\/birkenrinde-material-tradition-2\/\" target=\"_blank\" rel=\"noopener\">Birkenrinde<\/a> als nachwachsender Rohstoff, mit den vom Baum gespeicherten CO2 Reserven, mit dem durch Produktion, Transport und Versand entstehenden CO2 Aufkommen gegengerechnet werden kann, gehen wir von einer positiven CO2 Bilanz f\u00fcr alle unsere Produkte aus. Der Transport von Sibirien nach Deutschland findet nur wenn notwendig und maximal 4 mal j\u00e4hrlich auf dem Landweg statt.<\/p>\r\n\r\n\r\n\r\n<figure class=\"wp-block-image size-large\"><img decoding=\"async\" width=\"2560\" height=\"2560\" class=\"wp-image-8755\" src=\"https:\/\/moya-birchbark.com\/de\/wp-content\/uploads\/sites\/4\/2021\/06\/IMG_9922-web-edited-scaled.jpg\" alt=\"\" srcset=\"https:\/\/moya-birchbark.com\/de\/wp-content\/uploads\/sites\/4\/2021\/06\/IMG_9922-web-edited-scaled.jpg 2560w, https:\/\/moya-birchbark.com\/de\/wp-content\/uploads\/sites\/4\/2021\/06\/IMG_9922-web-edited-300x300.jpg 300w, https:\/\/moya-birchbark.com\/de\/wp-content\/uploads\/sites\/4\/2021\/06\/IMG_9922-web-edited-1024x1024.jpg 1024w, https:\/\/moya-birchbark.com\/de\/wp-content\/uploads\/sites\/4\/2021\/06\/IMG_9922-web-edited-150x150.jpg 150w, https:\/\/moya-birchbark.com\/de\/wp-content\/uploads\/sites\/4\/2021\/06\/IMG_9922-web-edited-768x768.jpg 768w, https:\/\/moya-birchbark.com\/de\/wp-content\/uploads\/sites\/4\/2021\/06\/IMG_9922-web-edited-1536x1536.jpg 1536w, https:\/\/moya-birchbark.com\/de\/wp-content\/uploads\/sites\/4\/2021\/06\/IMG_9922-web-edited-2048x2048.jpg 2048w, https:\/\/moya-birchbark.com\/de\/wp-content\/uploads\/sites\/4\/2021\/06\/IMG_9922-web-edited-940x940.jpg 940w, https:\/\/moya-birchbark.com\/de\/wp-content\/uploads\/sites\/4\/2021\/06\/IMG_9922-web-edited-250x250.jpg 250w, https:\/\/moya-birchbark.com\/de\/wp-content\/uploads\/sites\/4\/2021\/06\/IMG_9922-web-edited-690x690.jpg 690w, https:\/\/moya-birchbark.com\/de\/wp-content\/uploads\/sites\/4\/2021\/06\/IMG_9922-web-edited-790x790.jpg 790w, https:\/\/moya-birchbark.com\/de\/wp-content\/uploads\/sites\/4\/2021\/06\/IMG_9922-web-edited-100x100.jpg 100w\" sizes=\"(max-width: 2560px) 100vw, 2560px\" \/><\/figure>\r\n\r\n\r\n\r\n<figure class=\"wp-block-image size-large\"><img decoding=\"async\" width=\"1024\" height=\"681\" class=\"wp-image-8750\" src=\"https:\/\/moya-birchbark.com\/de\/wp-content\/uploads\/sites\/4\/2021\/06\/MOYA_MaterialProcess_19-web-1-1024x681.jpg\" alt=\"\" srcset=\"https:\/\/moya-birchbark.com\/de\/wp-content\/uploads\/sites\/4\/2021\/06\/MOYA_MaterialProcess_19-web-1-1024x681.jpg 1024w, https:\/\/moya-birchbark.com\/de\/wp-content\/uploads\/sites\/4\/2021\/06\/MOYA_MaterialProcess_19-web-1-300x200.jpg 300w, https:\/\/moya-birchbark.com\/de\/wp-content\/uploads\/sites\/4\/2021\/06\/MOYA_MaterialProcess_19-web-1-768x511.jpg 768w, https:\/\/moya-birchbark.com\/de\/wp-content\/uploads\/sites\/4\/2021\/06\/MOYA_MaterialProcess_19-web-1-1536x1022.jpg 1536w, https:\/\/moya-birchbark.com\/de\/wp-content\/uploads\/sites\/4\/2021\/06\/MOYA_MaterialProcess_19-web-1-2048x1363.jpg 2048w, https:\/\/moya-birchbark.com\/de\/wp-content\/uploads\/sites\/4\/2021\/06\/MOYA_MaterialProcess_19-web-1-250x166.jpg 250w, https:\/\/moya-birchbark.com\/de\/wp-content\/uploads\/sites\/4\/2021\/06\/MOYA_MaterialProcess_19-web-1-1037x690.jpg 1037w, https:\/\/moya-birchbark.com\/de\/wp-content\/uploads\/sites\/4\/2021\/06\/MOYA_MaterialProcess_19-web-1-790x526.jpg 790w\" sizes=\"(max-width: 1024px) 100vw, 1024px\" \/><\/figure>\r\n","protected":false},"excerpt":{"rendered":"<p>SOZIALE und \u00f6kologische VERANTWORTUNG Wir arbeiten seit 2015 mit kleinen Familien-Betrieben in Sibirien zusammen und haben in Tomsk (2019) und in Iwanowo (2016)&hellip;<\/p>\n","protected":false},"author":1,"featured_media":8758,"parent":0,"menu_order":0,"comment_status":"closed","ping_status":"closed","template":"page-templates\/no-sidebar.php","meta":{"inline_featured_image":false,"footnotes":""},"class_list":["post-8741","page","type-page","status-publish","has-post-thumbnail","hentry"],"yoast_head":"<!-- This site is optimized with the Yoast SEO plugin v19.10 - https:\/\/yoast.com\/wordpress\/plugins\/seo\/ -->\n<title>Produktion - Moya Birkenrinde Produktion Handwerk Design<\/title>\n<meta name=\"description\" content=\"Produktion Handwerk Design - Wir haben zwei Produktionsst\u00e4tten in Tomsk und Ivanovo aufgebaut, um Arbeitspl\u00e4tze zu schaffen.\" \/>\n<meta name=\"robots\" content=\"index, follow, max-snippet:-1, max-image-preview:large, max-video-preview:-1\" \/>\n<link rel=\"canonical\" href=\"https:\/\/moya-birchbark.com\/de\/produktion\/\" \/>\n<meta property=\"og:locale\" content=\"de_DE\" \/>\n<meta property=\"og:type\" content=\"article\" \/>\n<meta property=\"og:title\" content=\"Produktion - Moya Birkenrinde Produktion Handwerk Design\" \/>\n<meta property=\"og:description\" content=\"Produktion Handwerk Design - Wir haben zwei Produktionsst\u00e4tten in Tomsk und Ivanovo aufgebaut, um Arbeitspl\u00e4tze zu schaffen.\" \/>\n<meta property=\"og:url\" content=\"https:\/\/moya-birchbark.com\/de\/produktion\/\" \/>\n<meta property=\"og:site_name\" content=\"Moya Birkenrinde\" \/>\n<meta property=\"article:modified_time\" content=\"2022-06-22T14:01:47+00:00\" \/>\n<meta property=\"og:image\" content=\"https:\/\/moya-birchbark.com\/de\/wp-content\/uploads\/sites\/4\/2021\/06\/DSC00426-web-scaled.jpg\" \/>\n\t<meta property=\"og:image:width\" content=\"2560\" \/>\n\t<meta property=\"og:image:height\" content=\"1704\" \/>\n\t<meta property=\"og:image:type\" content=\"image\/jpeg\" \/>\n<meta name=\"twitter:card\" content=\"summary_large_image\" \/>\n<meta name=\"twitter:label1\" content=\"Gesch\u00e4tzte Lesezeit\" \/>\n\t<meta name=\"twitter:data1\" content=\"4\u00a0Minuten\" \/>\n<script type=\"application\/ld+json\" class=\"yoast-schema-graph\">{\"@context\":\"https:\/\/schema.org\",\"@graph\":[{\"@type\":\"WebPage\",\"@id\":\"https:\/\/moya-birchbark.com\/de\/produktion\/\",\"url\":\"https:\/\/moya-birchbark.com\/de\/produktion\/\",\"name\":\"Produktion - Moya Birkenrinde Produktion Handwerk Design\",\"isPartOf\":{\"@id\":\"https:\/\/moya-birchbark.com\/de\/#website\"},\"datePublished\":\"2021-06-08T14:08:40+00:00\",\"dateModified\":\"2022-06-22T14:01:47+00:00\",\"description\":\"Produktion Handwerk Design - Wir haben zwei Produktionsst\u00e4tten in Tomsk und Ivanovo aufgebaut, um Arbeitspl\u00e4tze zu schaffen.\",\"breadcrumb\":{\"@id\":\"https:\/\/moya-birchbark.com\/de\/produktion\/#breadcrumb\"},\"inLanguage\":\"de\",\"potentialAction\":[{\"@type\":\"ReadAction\",\"target\":[\"https:\/\/moya-birchbark.com\/de\/produktion\/\"]}]},{\"@type\":\"BreadcrumbList\",\"@id\":\"https:\/\/moya-birchbark.com\/de\/produktion\/#breadcrumb\",\"itemListElement\":[{\"@type\":\"ListItem\",\"position\":1,\"name\":\"Home\",\"item\":\"https:\/\/moya-birchbark.com\/de\/\"},{\"@type\":\"ListItem\",\"position\":2,\"name\":\"Produktion\"}]},{\"@type\":\"WebSite\",\"@id\":\"https:\/\/moya-birchbark.com\/de\/#website\",\"url\":\"https:\/\/moya-birchbark.com\/de\/\",\"name\":\"Moya Birkenrinde\",\"description\":\"MOYA Birch Bark\",\"publisher\":{\"@id\":\"https:\/\/moya-birchbark.com\/de\/#organization\"},\"potentialAction\":[{\"@type\":\"SearchAction\",\"target\":{\"@type\":\"EntryPoint\",\"urlTemplate\":\"https:\/\/moya-birchbark.com\/de\/?s={search_term_string}\"},\"query-input\":\"required name=search_term_string\"}],\"inLanguage\":\"de\"},{\"@type\":\"Organization\",\"@id\":\"https:\/\/moya-birchbark.com\/de\/#organization\",\"name\":\"Moya Birkenrinde\",\"url\":\"https:\/\/moya-birchbark.com\/de\/\",\"logo\":{\"@type\":\"ImageObject\",\"inLanguage\":\"de\",\"@id\":\"https:\/\/moya-birchbark.com\/de\/#\/schema\/logo\/image\/\",\"url\":\"https:\/\/moya-birchbark.com\/de\/wp-content\/uploads\/sites\/4\/2021\/05\/MOYA-Birch-Bark-Logo-white.png\",\"contentUrl\":\"https:\/\/moya-birchbark.com\/de\/wp-content\/uploads\/sites\/4\/2021\/05\/MOYA-Birch-Bark-Logo-white.png\",\"width\":520,\"height\":152,\"caption\":\"Moya Birkenrinde\"},\"image\":{\"@id\":\"https:\/\/moya-birchbark.com\/de\/#\/schema\/logo\/image\/\"}}]}<\/script>\n<!-- \/ Yoast SEO plugin. -->","yoast_head_json":{"title":"Produktion - Moya Birkenrinde Produktion Handwerk Design","description":"Produktion Handwerk Design - Wir haben zwei Produktionsst\u00e4tten in Tomsk und Ivanovo aufgebaut, um Arbeitspl\u00e4tze zu schaffen.","robots":{"index":"index","follow":"follow","max-snippet":"max-snippet:-1","max-image-preview":"max-image-preview:large","max-video-preview":"max-video-preview:-1"},"canonical":"https:\/\/moya-birchbark.com\/de\/produktion\/","og_locale":"de_DE","og_type":"article","og_title":"Produktion - Moya Birkenrinde Produktion Handwerk Design","og_description":"Produktion Handwerk Design - Wir haben zwei Produktionsst\u00e4tten in Tomsk und Ivanovo aufgebaut, um Arbeitspl\u00e4tze zu schaffen.","og_url":"https:\/\/moya-birchbark.com\/de\/produktion\/","og_site_name":"Moya Birkenrinde","article_modified_time":"2022-06-22T14:01:47+00:00","og_image":[{"width":2560,"height":1704,"url":"https:\/\/moya-birchbark.com\/de\/wp-content\/uploads\/sites\/4\/2021\/06\/DSC00426-web-scaled.jpg","type":"image\/jpeg"}],"twitter_card":"summary_large_image","twitter_misc":{"Gesch\u00e4tzte Lesezeit":"4\u00a0Minuten"},"schema":{"@context":"https:\/\/schema.org","@graph":[{"@type":"WebPage","@id":"https:\/\/moya-birchbark.com\/de\/produktion\/","url":"https:\/\/moya-birchbark.com\/de\/produktion\/","name":"Produktion - Moya Birkenrinde Produktion Handwerk Design","isPartOf":{"@id":"https:\/\/moya-birchbark.com\/de\/#website"},"datePublished":"2021-06-08T14:08:40+00:00","dateModified":"2022-06-22T14:01:47+00:00","description":"Produktion Handwerk Design - Wir haben zwei Produktionsst\u00e4tten in Tomsk und Ivanovo aufgebaut, um Arbeitspl\u00e4tze zu schaffen.","breadcrumb":{"@id":"https:\/\/moya-birchbark.com\/de\/produktion\/#breadcrumb"},"inLanguage":"de","potentialAction":[{"@type":"ReadAction","target":["https:\/\/moya-birchbark.com\/de\/produktion\/"]}]},{"@type":"BreadcrumbList","@id":"https:\/\/moya-birchbark.com\/de\/produktion\/#breadcrumb","itemListElement":[{"@type":"ListItem","position":1,"name":"Home","item":"https:\/\/moya-birchbark.com\/de\/"},{"@type":"ListItem","position":2,"name":"Produktion"}]},{"@type":"WebSite","@id":"https:\/\/moya-birchbark.com\/de\/#website","url":"https:\/\/moya-birchbark.com\/de\/","name":"Moya Birkenrinde","description":"MOYA Birch Bark","publisher":{"@id":"https:\/\/moya-birchbark.com\/de\/#organization"},"potentialAction":[{"@type":"SearchAction","target":{"@type":"EntryPoint","urlTemplate":"https:\/\/moya-birchbark.com\/de\/?s={search_term_string}"},"query-input":"required name=search_term_string"}],"inLanguage":"de"},{"@type":"Organization","@id":"https:\/\/moya-birchbark.com\/de\/#organization","name":"Moya Birkenrinde","url":"https:\/\/moya-birchbark.com\/de\/","logo":{"@type":"ImageObject","inLanguage":"de","@id":"https:\/\/moya-birchbark.com\/de\/#\/schema\/logo\/image\/","url":"https:\/\/moya-birchbark.com\/de\/wp-content\/uploads\/sites\/4\/2021\/05\/MOYA-Birch-Bark-Logo-white.png","contentUrl":"https:\/\/moya-birchbark.com\/de\/wp-content\/uploads\/sites\/4\/2021\/05\/MOYA-Birch-Bark-Logo-white.png","width":520,"height":152,"caption":"Moya Birkenrinde"},"image":{"@id":"https:\/\/moya-birchbark.com\/de\/#\/schema\/logo\/image\/"}}]}},"_links":{"self":[{"href":"https:\/\/moya-birchbark.com\/de\/wp-json\/wp\/v2\/pages\/8741","targetHints":{"allow":["GET"]}}],"collection":[{"href":"https:\/\/moya-birchbark.com\/de\/wp-json\/wp\/v2\/pages"}],"about":[{"href":"https:\/\/moya-birchbark.com\/de\/wp-json\/wp\/v2\/types\/page"}],"author":[{"embeddable":true,"href":"https:\/\/moya-birchbark.com\/de\/wp-json\/wp\/v2\/users\/1"}],"replies":[{"embeddable":true,"href":"https:\/\/moya-birchbark.com\/de\/wp-json\/wp\/v2\/comments?post=8741"}],"version-history":[{"count":40,"href":"https:\/\/moya-birchbark.com\/de\/wp-json\/wp\/v2\/pages\/8741\/revisions"}],"predecessor-version":[{"id":10728,"href":"https:\/\/moya-birchbark.com\/de\/wp-json\/wp\/v2\/pages\/8741\/revisions\/10728"}],"wp:featuredmedia":[{"embeddable":true,"href":"https:\/\/moya-birchbark.com\/de\/wp-json\/wp\/v2\/media\/8758"}],"wp:attachment":[{"href":"https:\/\/moya-birchbark.com\/de\/wp-json\/wp\/v2\/media?parent=8741"}],"curies":[{"name":"wp","href":"https:\/\/api.w.org\/{rel}","templated":true}]}}