{"id":8580,"date":"2021-05-31T11:14:00","date_gmt":"2021-05-31T11:14:00","guid":{"rendered":"https:\/\/moya-birchbark.com\/de\/?page_id=8580"},"modified":"2022-05-05T13:25:52","modified_gmt":"2022-05-05T13:25:52","slug":"birkenrinde-material-tradition-2","status":"publish","type":"page","link":"https:\/\/moya-birchbark.com\/de\/birkenrinde-material-tradition-2\/","title":{"rendered":"Birkenrinde"},"content":{"rendered":"\r\n<h4><strong>EIN SCHNELL ERNEUERBARER UND NAHEZU UNBEGRENZT <br \/>VERF\u00dcGBARER ROHSTOFF AUS DER NATUR<\/strong><\/h4>\r\n<p>Birkenrinde ist von besonderer Sch\u00f6nheit mit ihrer weichen, hellen Oberfl\u00e4che und der grafischen Maserung, zeichnet sich aber vor allem durch ihre Langlebigkeit, Flexibilit\u00e4t, Rei\u00dffestigkeit und antibakterielle Wirkung aus. Durch die nat\u00fcrlich enthaltenen \u00e4therischen \u00d6le bleiben die Eigenschaften auch nach l\u00e4ngerer Benutzung erhalten und machen Birkenrinde zu einem der faszinierendsten Naturmaterialien, das uns immer wieder neu inspiriert.<\/p>\r\n\r\n\r\n\r\n\r\n\r\n<h4><strong>10 BESONDERE EIGENSCHAFTEN DER BIRKENRINDE<\/strong><\/h4>\r\n\r\n\r\n\r\n<div class=\"wp-block-image is-style-default\">\r\n<figure class=\"aligncenter size-large\"><img decoding=\"async\" width=\"1024\" height=\"588\" class=\"wp-image-3042\" src=\"https:\/\/moya-birchbark.com\/de\/wp-content\/uploads\/sites\/4\/2019\/01\/Bildschirmfoto-2019-01-06-um-17.59.58-1024x588.png\" alt=\"\" srcset=\"https:\/\/moya-birchbark.com\/de\/wp-content\/uploads\/sites\/4\/2019\/01\/Bildschirmfoto-2019-01-06-um-17.59.58-1024x588.png 1024w, https:\/\/moya-birchbark.com\/de\/wp-content\/uploads\/sites\/4\/2019\/01\/Bildschirmfoto-2019-01-06-um-17.59.58-300x172.png 300w, https:\/\/moya-birchbark.com\/de\/wp-content\/uploads\/sites\/4\/2019\/01\/Bildschirmfoto-2019-01-06-um-17.59.58-768x441.png 768w, https:\/\/moya-birchbark.com\/de\/wp-content\/uploads\/sites\/4\/2019\/01\/Bildschirmfoto-2019-01-06-um-17.59.58-1201x690.png 1201w, https:\/\/moya-birchbark.com\/de\/wp-content\/uploads\/sites\/4\/2019\/01\/Bildschirmfoto-2019-01-06-um-17.59.58-790x454.png 790w, https:\/\/moya-birchbark.com\/de\/wp-content\/uploads\/sites\/4\/2019\/01\/Bildschirmfoto-2019-01-06-um-17.59.58.png 1800w\" sizes=\"(max-width: 1024px) 100vw, 1024px\" \/><\/figure>\r\n<\/div>\r\n\r\n\r\n\r\n<h4><br \/><strong>Jahrtausende alte TRADITION<\/strong><\/h4>\r\n<p>Aufgrund ihrer vielf\u00e4ltigen Eigenschaften war Birkenrinde einst eines der am h\u00e4ufigsten verwendeten Materialien im sibirischen, skandinavischen, kanadischen und baltischen Handwerk und spielte eine \u00dcberlebens wichtige Rolle im Alltag in den gem\u00e4\u00dfigten bis k\u00fchlen Klimazonen der n\u00f6rdlichen Hemisph\u00e4re (wo Birken in gro\u00dfen Mengen verf\u00fcgbar sind).<br \/><br \/>Die Rinde der Birken, die in diesen Gebieten wachsen, ist f\u00fcr die Verarbeitung zu Produkten besonders gut geeignet. Die Borke, <a href=\"https:\/\/moya-birchbark.com\/de\/ernte-birkenrinde\/\" target=\"_blank\" rel=\"noopener\">die geerntet wird<\/a> ohne dem Baum zu schaden, ist viel dicker und robuster, als die jener Arten hier in Mitteleuropa. Sogar \u201e\u00d6tzi\u201c hat bereits seine wertvollsten Alltagsbegleiter in Beh\u00e4ltern aus Birkenrinde aufbewahrt und hatte immer einen Pfeilk\u00f6cher sowie einen Glutbeh\u00e4lter aus dem Wundermaterial dabei.<\/p>\r\n<p>&nbsp;<\/p>\r\n\r\n\r\n\r\n<div class=\"wp-block-image\">\r\n<figure class=\"alignleft size-large is-resized\"><img decoding=\"async\" class=\"wp-image-2906\" src=\"https:\/\/moya-birchbark.com\/de\/wp-content\/uploads\/sites\/4\/2019\/01\/15_2_birchbark_moya.jpg.jpg\" alt=\"\" width=\"838\" height=\"560\" srcset=\"https:\/\/moya-birchbark.com\/de\/wp-content\/uploads\/sites\/4\/2019\/01\/15_2_birchbark_moya.jpg.jpg 900w, https:\/\/moya-birchbark.com\/de\/wp-content\/uploads\/sites\/4\/2019\/01\/15_2_birchbark_moya.jpg-790x528.jpg 790w, https:\/\/moya-birchbark.com\/de\/wp-content\/uploads\/sites\/4\/2019\/01\/15_2_birchbark_moya.jpg-300x201.jpg 300w, https:\/\/moya-birchbark.com\/de\/wp-content\/uploads\/sites\/4\/2019\/01\/15_2_birchbark_moya.jpg-768x514.jpg 768w\" sizes=\"(max-width: 838px) 100vw, 838px\" \/><\/figure>\r\n<\/div>\r\n\r\n\r\n\r\n<p>&nbsp;<\/p>\r\n<p>Trotz ihrer hervorragenden Eigenschaften wurde Birkenrinde nach und nach durch Industriematerialien ersetzt und fast vollst\u00e4ndig vom Markt verdr\u00e4ngt. Dies hat dazu beigetragen, dass das Material und die damit verbundenen Jahrtausende alte Handwerkskunst allm\u00e4hlich in Vergessenheit geraten ist und so das enorme Potenzial dieses faszinierenden Rohmaterials heute kaum ausgesch\u00f6pft wird.<\/p>\r\n<p>&nbsp;<\/p>\r\n\r\n\r\n\r\n<h4><strong>UNIKATE AUS DER NATUR<\/strong><\/h4>\r\n<p>Anders als im traditionellen Handwerk ziehen wir die wei\u00dfen Au\u00dfenschichten der Rinde ab und arbeiten mit den darunter liegenden samtartigen Zwischenschichten, um die einzigartige Haptik und Farbgebung des Materials zu zelebrieren sowie in eine moderne Formsprache zu \u00fcbersetzen. Durch die individuelle Maserung der Birkenrinde und die <a href=\"https:\/\/moya-birchbark.com\/de\/produktion\/\" target=\"_blank\" rel=\"noopener\">handwerkliche Verarbeitung<\/a> ist jedes Produkt ein Unikat.<\/p>\r\n\r\n\r\n\r\n<figure class=\"wp-block-image size-large is-resized\"><img decoding=\"async\" class=\"wp-image-8790\" src=\"https:\/\/moya-birchbark.com\/de\/wp-content\/uploads\/sites\/4\/2021\/06\/Moya_Tuesa_Creative_cFrieder-Reuter_web_18-edited-1024x576.jpg\" alt=\"\" width=\"835\" height=\"469\" srcset=\"https:\/\/moya-birchbark.com\/de\/wp-content\/uploads\/sites\/4\/2021\/06\/Moya_Tuesa_Creative_cFrieder-Reuter_web_18-edited-1024x576.jpg 1024w, https:\/\/moya-birchbark.com\/de\/wp-content\/uploads\/sites\/4\/2021\/06\/Moya_Tuesa_Creative_cFrieder-Reuter_web_18-edited-300x169.jpg 300w, https:\/\/moya-birchbark.com\/de\/wp-content\/uploads\/sites\/4\/2021\/06\/Moya_Tuesa_Creative_cFrieder-Reuter_web_18-edited-768x432.jpg 768w, https:\/\/moya-birchbark.com\/de\/wp-content\/uploads\/sites\/4\/2021\/06\/Moya_Tuesa_Creative_cFrieder-Reuter_web_18-edited-1536x864.jpg 1536w, https:\/\/moya-birchbark.com\/de\/wp-content\/uploads\/sites\/4\/2021\/06\/Moya_Tuesa_Creative_cFrieder-Reuter_web_18-edited-250x141.jpg 250w, https:\/\/moya-birchbark.com\/de\/wp-content\/uploads\/sites\/4\/2021\/06\/Moya_Tuesa_Creative_cFrieder-Reuter_web_18-edited-1260x709.jpg 1260w, https:\/\/moya-birchbark.com\/de\/wp-content\/uploads\/sites\/4\/2021\/06\/Moya_Tuesa_Creative_cFrieder-Reuter_web_18-edited-800x450.jpg 800w, https:\/\/moya-birchbark.com\/de\/wp-content\/uploads\/sites\/4\/2021\/06\/Moya_Tuesa_Creative_cFrieder-Reuter_web_18-edited-1227x690.jpg 1227w, https:\/\/moya-birchbark.com\/de\/wp-content\/uploads\/sites\/4\/2021\/06\/Moya_Tuesa_Creative_cFrieder-Reuter_web_18-edited-790x444.jpg 790w, https:\/\/moya-birchbark.com\/de\/wp-content\/uploads\/sites\/4\/2021\/06\/Moya_Tuesa_Creative_cFrieder-Reuter_web_18-edited.jpg 2000w\" sizes=\"(max-width: 835px) 100vw, 835px\" \/><\/figure>\r\n\r\n\r\n\r\n<div class=\"wp-block-image\">\r\n<figure class=\"alignleft size-large is-resized\"><img decoding=\"async\" class=\"wp-image-8898\" src=\"https:\/\/moya-birchbark.com\/de\/wp-content\/uploads\/sites\/4\/2021\/06\/MOYA_MaterialProcess_20-web-755x1024.jpg\" alt=\"\" width=\"837\" height=\"1127\" \/>\r\n<figcaption>Die nat\u00fcrliche Sch\u00f6nheit der Birkenrinde, mit ihrer samtig weichen Oberfl\u00e4che<\/figcaption>\r\n<\/figure>\r\n<\/div>\r\n","protected":false},"excerpt":{"rendered":"<p>EIN SCHNELL ERNEUERBARER UND NAHEZU UNBEGRENZT VERF\u00dcGBARER ROHSTOFF AUS DER NATUR Birkenrinde ist von besonderer Sch\u00f6nheit mit ihrer weichen, hellen Oberfl\u00e4che und der&hellip;<\/p>\n","protected":false},"author":1,"featured_media":2874,"parent":0,"menu_order":0,"comment_status":"closed","ping_status":"closed","template":"page-templates\/no-sidebar.php","meta":{"inline_featured_image":false,"footnotes":""},"class_list":["post-8580","page","type-page","status-publish","has-post-thumbnail","hentry"],"yoast_head":"<!-- This site is optimized with the Yoast SEO plugin v19.10 - https:\/\/yoast.com\/wordpress\/plugins\/seo\/ -->\n<title>Birkenrinde - Moya Birkenrinde birkenrinde Material Tradition<\/title>\n<meta name=\"description\" content=\"Birkenrinde ist ein schnell erneuerbarer Rohstoff aus der Natur. Wir kombinieren Material und Tradition mit nachhaltigem Design\" \/>\n<meta name=\"robots\" content=\"index, follow, max-snippet:-1, max-image-preview:large, max-video-preview:-1\" \/>\n<link rel=\"canonical\" href=\"https:\/\/moya-birchbark.com\/de\/birkenrinde-material-tradition-2\/\" \/>\n<meta property=\"og:locale\" content=\"de_DE\" \/>\n<meta property=\"og:type\" content=\"article\" \/>\n<meta property=\"og:title\" content=\"Birkenrinde - Moya Birkenrinde birkenrinde Material Tradition\" \/>\n<meta property=\"og:description\" content=\"Birkenrinde ist ein schnell erneuerbarer Rohstoff aus der Natur. Wir kombinieren Material und Tradition mit nachhaltigem Design\" \/>\n<meta property=\"og:url\" content=\"https:\/\/moya-birchbark.com\/de\/birkenrinde-material-tradition-2\/\" \/>\n<meta property=\"og:site_name\" content=\"Moya Birkenrinde\" \/>\n<meta property=\"article:modified_time\" content=\"2022-05-05T13:25:52+00:00\" \/>\n<meta property=\"og:image\" content=\"https:\/\/moya-birchbark.com\/de\/wp-content\/uploads\/sites\/4\/2019\/01\/DSC02089-1024x681.jpg\" \/>\n\t<meta property=\"og:image:width\" content=\"1024\" \/>\n\t<meta property=\"og:image:height\" content=\"681\" \/>\n\t<meta property=\"og:image:type\" content=\"image\/jpeg\" \/>\n<meta name=\"twitter:card\" content=\"summary_large_image\" \/>\n<meta name=\"twitter:label1\" content=\"Gesch\u00e4tzte Lesezeit\" \/>\n\t<meta name=\"twitter:data1\" content=\"3\u00a0Minuten\" \/>\n<script type=\"application\/ld+json\" class=\"yoast-schema-graph\">{\"@context\":\"https:\/\/schema.org\",\"@graph\":[{\"@type\":\"WebPage\",\"@id\":\"https:\/\/moya-birchbark.com\/de\/birkenrinde-material-tradition-2\/\",\"url\":\"https:\/\/moya-birchbark.com\/de\/birkenrinde-material-tradition-2\/\",\"name\":\"Birkenrinde - Moya Birkenrinde birkenrinde Material Tradition\",\"isPartOf\":{\"@id\":\"https:\/\/moya-birchbark.com\/de\/#website\"},\"datePublished\":\"2021-05-31T11:14:00+00:00\",\"dateModified\":\"2022-05-05T13:25:52+00:00\",\"description\":\"Birkenrinde ist ein schnell erneuerbarer Rohstoff aus der Natur. Wir kombinieren Material und Tradition mit nachhaltigem Design\",\"breadcrumb\":{\"@id\":\"https:\/\/moya-birchbark.com\/de\/birkenrinde-material-tradition-2\/#breadcrumb\"},\"inLanguage\":\"de\",\"potentialAction\":[{\"@type\":\"ReadAction\",\"target\":[\"https:\/\/moya-birchbark.com\/de\/birkenrinde-material-tradition-2\/\"]}]},{\"@type\":\"BreadcrumbList\",\"@id\":\"https:\/\/moya-birchbark.com\/de\/birkenrinde-material-tradition-2\/#breadcrumb\",\"itemListElement\":[{\"@type\":\"ListItem\",\"position\":1,\"name\":\"Home\",\"item\":\"https:\/\/moya-birchbark.com\/de\/\"},{\"@type\":\"ListItem\",\"position\":2,\"name\":\"Birkenrinde\"}]},{\"@type\":\"WebSite\",\"@id\":\"https:\/\/moya-birchbark.com\/de\/#website\",\"url\":\"https:\/\/moya-birchbark.com\/de\/\",\"name\":\"Moya Birkenrinde\",\"description\":\"MOYA Birch Bark\",\"publisher\":{\"@id\":\"https:\/\/moya-birchbark.com\/de\/#organization\"},\"potentialAction\":[{\"@type\":\"SearchAction\",\"target\":{\"@type\":\"EntryPoint\",\"urlTemplate\":\"https:\/\/moya-birchbark.com\/de\/?s={search_term_string}\"},\"query-input\":\"required name=search_term_string\"}],\"inLanguage\":\"de\"},{\"@type\":\"Organization\",\"@id\":\"https:\/\/moya-birchbark.com\/de\/#organization\",\"name\":\"Moya Birkenrinde\",\"url\":\"https:\/\/moya-birchbark.com\/de\/\",\"logo\":{\"@type\":\"ImageObject\",\"inLanguage\":\"de\",\"@id\":\"https:\/\/moya-birchbark.com\/de\/#\/schema\/logo\/image\/\",\"url\":\"https:\/\/moya-birchbark.com\/de\/wp-content\/uploads\/sites\/4\/2021\/05\/MOYA-Birch-Bark-Logo-white.png\",\"contentUrl\":\"https:\/\/moya-birchbark.com\/de\/wp-content\/uploads\/sites\/4\/2021\/05\/MOYA-Birch-Bark-Logo-white.png\",\"width\":520,\"height\":152,\"caption\":\"Moya Birkenrinde\"},\"image\":{\"@id\":\"https:\/\/moya-birchbark.com\/de\/#\/schema\/logo\/image\/\"}}]}<\/script>\n<!-- \/ Yoast SEO plugin. -->","yoast_head_json":{"title":"Birkenrinde - Moya Birkenrinde birkenrinde Material Tradition","description":"Birkenrinde ist ein schnell erneuerbarer Rohstoff aus der Natur. Wir kombinieren Material und Tradition mit nachhaltigem Design","robots":{"index":"index","follow":"follow","max-snippet":"max-snippet:-1","max-image-preview":"max-image-preview:large","max-video-preview":"max-video-preview:-1"},"canonical":"https:\/\/moya-birchbark.com\/de\/birkenrinde-material-tradition-2\/","og_locale":"de_DE","og_type":"article","og_title":"Birkenrinde - Moya Birkenrinde birkenrinde Material Tradition","og_description":"Birkenrinde ist ein schnell erneuerbarer Rohstoff aus der Natur. Wir kombinieren Material und Tradition mit nachhaltigem Design","og_url":"https:\/\/moya-birchbark.com\/de\/birkenrinde-material-tradition-2\/","og_site_name":"Moya Birkenrinde","article_modified_time":"2022-05-05T13:25:52+00:00","og_image":[{"width":1024,"height":681,"url":"https:\/\/moya-birchbark.com\/de\/wp-content\/uploads\/sites\/4\/2019\/01\/DSC02089-1024x681.jpg","type":"image\/jpeg"}],"twitter_card":"summary_large_image","twitter_misc":{"Gesch\u00e4tzte Lesezeit":"3\u00a0Minuten"},"schema":{"@context":"https:\/\/schema.org","@graph":[{"@type":"WebPage","@id":"https:\/\/moya-birchbark.com\/de\/birkenrinde-material-tradition-2\/","url":"https:\/\/moya-birchbark.com\/de\/birkenrinde-material-tradition-2\/","name":"Birkenrinde - Moya Birkenrinde birkenrinde Material Tradition","isPartOf":{"@id":"https:\/\/moya-birchbark.com\/de\/#website"},"datePublished":"2021-05-31T11:14:00+00:00","dateModified":"2022-05-05T13:25:52+00:00","description":"Birkenrinde ist ein schnell erneuerbarer Rohstoff aus der Natur. Wir kombinieren Material und Tradition mit nachhaltigem Design","breadcrumb":{"@id":"https:\/\/moya-birchbark.com\/de\/birkenrinde-material-tradition-2\/#breadcrumb"},"inLanguage":"de","potentialAction":[{"@type":"ReadAction","target":["https:\/\/moya-birchbark.com\/de\/birkenrinde-material-tradition-2\/"]}]},{"@type":"BreadcrumbList","@id":"https:\/\/moya-birchbark.com\/de\/birkenrinde-material-tradition-2\/#breadcrumb","itemListElement":[{"@type":"ListItem","position":1,"name":"Home","item":"https:\/\/moya-birchbark.com\/de\/"},{"@type":"ListItem","position":2,"name":"Birkenrinde"}]},{"@type":"WebSite","@id":"https:\/\/moya-birchbark.com\/de\/#website","url":"https:\/\/moya-birchbark.com\/de\/","name":"Moya Birkenrinde","description":"MOYA Birch Bark","publisher":{"@id":"https:\/\/moya-birchbark.com\/de\/#organization"},"potentialAction":[{"@type":"SearchAction","target":{"@type":"EntryPoint","urlTemplate":"https:\/\/moya-birchbark.com\/de\/?s={search_term_string}"},"query-input":"required name=search_term_string"}],"inLanguage":"de"},{"@type":"Organization","@id":"https:\/\/moya-birchbark.com\/de\/#organization","name":"Moya Birkenrinde","url":"https:\/\/moya-birchbark.com\/de\/","logo":{"@type":"ImageObject","inLanguage":"de","@id":"https:\/\/moya-birchbark.com\/de\/#\/schema\/logo\/image\/","url":"https:\/\/moya-birchbark.com\/de\/wp-content\/uploads\/sites\/4\/2021\/05\/MOYA-Birch-Bark-Logo-white.png","contentUrl":"https:\/\/moya-birchbark.com\/de\/wp-content\/uploads\/sites\/4\/2021\/05\/MOYA-Birch-Bark-Logo-white.png","width":520,"height":152,"caption":"Moya Birkenrinde"},"image":{"@id":"https:\/\/moya-birchbark.com\/de\/#\/schema\/logo\/image\/"}}]}},"_links":{"self":[{"href":"https:\/\/moya-birchbark.com\/de\/wp-json\/wp\/v2\/pages\/8580","targetHints":{"allow":["GET"]}}],"collection":[{"href":"https:\/\/moya-birchbark.com\/de\/wp-json\/wp\/v2\/pages"}],"about":[{"href":"https:\/\/moya-birchbark.com\/de\/wp-json\/wp\/v2\/types\/page"}],"author":[{"embeddable":true,"href":"https:\/\/moya-birchbark.com\/de\/wp-json\/wp\/v2\/users\/1"}],"replies":[{"embeddable":true,"href":"https:\/\/moya-birchbark.com\/de\/wp-json\/wp\/v2\/comments?post=8580"}],"version-history":[{"count":69,"href":"https:\/\/moya-birchbark.com\/de\/wp-json\/wp\/v2\/pages\/8580\/revisions"}],"predecessor-version":[{"id":10727,"href":"https:\/\/moya-birchbark.com\/de\/wp-json\/wp\/v2\/pages\/8580\/revisions\/10727"}],"wp:featuredmedia":[{"embeddable":true,"href":"https:\/\/moya-birchbark.com\/de\/wp-json\/wp\/v2\/media\/2874"}],"wp:attachment":[{"href":"https:\/\/moya-birchbark.com\/de\/wp-json\/wp\/v2\/media?parent=8580"}],"curies":[{"name":"wp","href":"https:\/\/api.w.org\/{rel}","templated":true}]}}