{"id":8571,"date":"2021-06-08T12:50:13","date_gmt":"2021-06-08T12:50:13","guid":{"rendered":"https:\/\/moya-birchbark.com\/de\/?page_id=8571"},"modified":"2021-12-07T09:35:50","modified_gmt":"2021-12-07T09:35:50","slug":"ernte-birkenrinde","status":"publish","type":"page","link":"https:\/\/moya-birchbark.com\/de\/ernte-birkenrinde\/","title":{"rendered":"Ernte"},"content":{"rendered":"\n<h4><strong>In Sibirischen W\u00e4ldern nachhaltig geerntet<\/strong><\/h4>\n<p>F\u00fcr unsere Produkte verwenden wir ausschlie\u00dflich naturbelassene <a href=\"https:\/\/moya-birchbark.com\/de\/birkenrinde-material-tradition-2\/\" target=\"_blank\" rel=\"noopener\">Birkenrinde<\/a> h\u00f6chster Qualit\u00e4t. Wie jede Baumrinde besteht auch die der Birke aus mehreren Schichten. Als Birkenrinde wird allerdings nur die \u00e4u\u00dferste Schicht der Rinde, die Borke, bezeichnet. Im Gegensatz zu anderen Baumarten lassen die Birken in Sibirien ihre Borke einmal im Jahr ernten.<\/p>\n<p><br \/>Bei der Ernte stellen unsere erfahrenen <a href=\"https:\/\/moya-birchbark.com\/de\/produktion\/\" target=\"_blank\" rel=\"noopener\">Handwerker<\/a> sicher, dass keine zu gro\u00dfen St\u00fccke genommen und v. A. die innere Rindenschicht (der Bast) nicht verletzt wird, damit die N\u00e4hrstoffe weiterhin transportiert werden k\u00f6nnen und die B\u00e4ume keinen Schaden nehmen. <br \/>Sowohl den Ort der Herkunft (die Birken stehen ausschlie\u00dflich in nat\u00fcrlichen Mischw\u00e4ldern), als auch den Zeitpunkt der Ernte w\u00e4hlen wir mit Sorgfalt. So l\u00e4sst sich die Rinde im Fr\u00fchjahr mit einem saftigen Knacken vom Baum trennen.<\/p>\n<p>\u00a0<\/p>\n\n\n\n<div class=\"wp-block-image\"><figure class=\"aligncenter size-large is-resized\"><img decoding=\"async\" src=\"https:\/\/moya-birchbark.com\/de\/wp-content\/uploads\/sites\/4\/2021\/06\/Bildschirmfoto-2019-05-27-um-09.58.01-edited.png\" alt=\"\" class=\"wp-image-8703\" width=\"503\" srcset=\"https:\/\/moya-birchbark.com\/de\/wp-content\/uploads\/sites\/4\/2021\/06\/Bildschirmfoto-2019-05-27-um-09.58.01-edited.png 882w, https:\/\/moya-birchbark.com\/de\/wp-content\/uploads\/sites\/4\/2021\/06\/Bildschirmfoto-2019-05-27-um-09.58.01-edited-300x188.png 300w, https:\/\/moya-birchbark.com\/de\/wp-content\/uploads\/sites\/4\/2021\/06\/Bildschirmfoto-2019-05-27-um-09.58.01-edited-768x481.png 768w, https:\/\/moya-birchbark.com\/de\/wp-content\/uploads\/sites\/4\/2021\/06\/Bildschirmfoto-2019-05-27-um-09.58.01-edited-250x156.png 250w, https:\/\/moya-birchbark.com\/de\/wp-content\/uploads\/sites\/4\/2021\/06\/Bildschirmfoto-2019-05-27-um-09.58.01-edited-880x552.png 880w, https:\/\/moya-birchbark.com\/de\/wp-content\/uploads\/sites\/4\/2021\/06\/Bildschirmfoto-2019-05-27-um-09.58.01-edited-790x494.png 790w\" sizes=\"(max-width: 882px) 100vw, 882px\" \/><\/figure><\/div>\n\n\n\n<h4><strong>SCHNELL ERNEUERBAR<\/strong><\/h4>\n<p>Die Inhaltsstoffe der Rinde und deren Zusammenspiel sorgen daf\u00fcr, dass Birken selbst bei den h\u00e4rtesten N\u00e4hrstoff- und Wetterbedingungen \u00fcberleben und sich in 20-25 Jahren komplett erneuern. F\u00fcr unsere Birkenrindenprodukte werden aber keine B\u00e4ume gef\u00e4llt und die Borke regeneriert sich nach wenigen Jahren.<\/p>\n\n\n\n<figure class=\"wp-block-image size-large\"><img decoding=\"async\" width=\"683\" height=\"1024\" src=\"https:\/\/moya-birchbark.com\/de\/wp-content\/uploads\/sites\/4\/2021\/08\/DSC01948_k-683x1024.jpg\" alt=\"\" class=\"wp-image-9320\" srcset=\"https:\/\/moya-birchbark.com\/de\/wp-content\/uploads\/sites\/4\/2021\/08\/DSC01948_k-683x1024.jpg 683w, https:\/\/moya-birchbark.com\/de\/wp-content\/uploads\/sites\/4\/2021\/08\/DSC01948_k-200x300.jpg 200w, https:\/\/moya-birchbark.com\/de\/wp-content\/uploads\/sites\/4\/2021\/08\/DSC01948_k-1024x1536.jpg 1024w, https:\/\/moya-birchbark.com\/de\/wp-content\/uploads\/sites\/4\/2021\/08\/DSC01948_k-250x375.jpg 250w, https:\/\/moya-birchbark.com\/de\/wp-content\/uploads\/sites\/4\/2021\/08\/DSC01948_k-460x690.jpg 460w, https:\/\/moya-birchbark.com\/de\/wp-content\/uploads\/sites\/4\/2021\/08\/DSC01948_k-790x1185.jpg 790w, https:\/\/moya-birchbark.com\/de\/wp-content\/uploads\/sites\/4\/2021\/08\/DSC01948_k.jpg 1120w\" sizes=\"(max-width: 683px) 100vw, 683px\" \/><\/figure>\n\n\n\n<figure class=\"wp-block-image size-large\"><img decoding=\"async\" width=\"683\" height=\"1024\" src=\"https:\/\/moya-birchbark.com\/de\/wp-content\/uploads\/sites\/4\/2021\/08\/DSC01917_k-683x1024.jpg\" alt=\"\" class=\"wp-image-9319\" srcset=\"https:\/\/moya-birchbark.com\/de\/wp-content\/uploads\/sites\/4\/2021\/08\/DSC01917_k-683x1024.jpg 683w, https:\/\/moya-birchbark.com\/de\/wp-content\/uploads\/sites\/4\/2021\/08\/DSC01917_k-200x300.jpg 200w, https:\/\/moya-birchbark.com\/de\/wp-content\/uploads\/sites\/4\/2021\/08\/DSC01917_k-1024x1536.jpg 1024w, https:\/\/moya-birchbark.com\/de\/wp-content\/uploads\/sites\/4\/2021\/08\/DSC01917_k-250x375.jpg 250w, https:\/\/moya-birchbark.com\/de\/wp-content\/uploads\/sites\/4\/2021\/08\/DSC01917_k-460x690.jpg 460w, https:\/\/moya-birchbark.com\/de\/wp-content\/uploads\/sites\/4\/2021\/08\/DSC01917_k-790x1185.jpg 790w, https:\/\/moya-birchbark.com\/de\/wp-content\/uploads\/sites\/4\/2021\/08\/DSC01917_k.jpg 1120w\" sizes=\"(max-width: 683px) 100vw, 683px\" \/><\/figure>\n\n\n\n<figure class=\"wp-block-image size-large\"><img decoding=\"async\" width=\"683\" height=\"1024\" src=\"https:\/\/moya-birchbark.com\/de\/wp-content\/uploads\/sites\/4\/2021\/08\/DSC02000_k-683x1024.jpg\" alt=\"\" class=\"wp-image-9321\" srcset=\"https:\/\/moya-birchbark.com\/de\/wp-content\/uploads\/sites\/4\/2021\/08\/DSC02000_k-683x1024.jpg 683w, https:\/\/moya-birchbark.com\/de\/wp-content\/uploads\/sites\/4\/2021\/08\/DSC02000_k-200x300.jpg 200w, https:\/\/moya-birchbark.com\/de\/wp-content\/uploads\/sites\/4\/2021\/08\/DSC02000_k-1024x1536.jpg 1024w, https:\/\/moya-birchbark.com\/de\/wp-content\/uploads\/sites\/4\/2021\/08\/DSC02000_k-250x375.jpg 250w, https:\/\/moya-birchbark.com\/de\/wp-content\/uploads\/sites\/4\/2021\/08\/DSC02000_k-460x690.jpg 460w, https:\/\/moya-birchbark.com\/de\/wp-content\/uploads\/sites\/4\/2021\/08\/DSC02000_k-790x1185.jpg 790w, https:\/\/moya-birchbark.com\/de\/wp-content\/uploads\/sites\/4\/2021\/08\/DSC02000_k.jpg 1120w\" sizes=\"(max-width: 683px) 100vw, 683px\" \/><\/figure>\n\n\n\n<figure class=\"wp-block-image size-large\"><img decoding=\"async\" width=\"1024\" height=\"694\" src=\"https:\/\/moya-birchbark.com\/de\/wp-content\/uploads\/sites\/4\/2021\/08\/DSC02019-1-1024x694.jpg\" alt=\"\" class=\"wp-image-9324\" srcset=\"https:\/\/moya-birchbark.com\/de\/wp-content\/uploads\/sites\/4\/2021\/08\/DSC02019-1-1024x694.jpg 1024w, https:\/\/moya-birchbark.com\/de\/wp-content\/uploads\/sites\/4\/2021\/08\/DSC02019-1-300x203.jpg 300w, https:\/\/moya-birchbark.com\/de\/wp-content\/uploads\/sites\/4\/2021\/08\/DSC02019-1-250x170.jpg 250w, https:\/\/moya-birchbark.com\/de\/wp-content\/uploads\/sites\/4\/2021\/08\/DSC02019-1-1017x690.jpg 1017w, https:\/\/moya-birchbark.com\/de\/wp-content\/uploads\/sites\/4\/2021\/08\/DSC02019-1-790x536.jpg 790w, https:\/\/moya-birchbark.com\/de\/wp-content\/uploads\/sites\/4\/2021\/08\/DSC02019-1.jpg 1333w\" sizes=\"(max-width: 1024px) 100vw, 1024px\" \/><\/figure>\n\n\n\n<figure class=\"wp-block-image size-large\"><img decoding=\"async\" width=\"683\" height=\"1024\" src=\"https:\/\/moya-birchbark.com\/de\/wp-content\/uploads\/sites\/4\/2021\/08\/DSC02031_k-683x1024.jpg\" alt=\"\" class=\"wp-image-9322\" srcset=\"https:\/\/moya-birchbark.com\/de\/wp-content\/uploads\/sites\/4\/2021\/08\/DSC02031_k-683x1024.jpg 683w, https:\/\/moya-birchbark.com\/de\/wp-content\/uploads\/sites\/4\/2021\/08\/DSC02031_k-200x300.jpg 200w, https:\/\/moya-birchbark.com\/de\/wp-content\/uploads\/sites\/4\/2021\/08\/DSC02031_k-1024x1536.jpg 1024w, https:\/\/moya-birchbark.com\/de\/wp-content\/uploads\/sites\/4\/2021\/08\/DSC02031_k-250x375.jpg 250w, https:\/\/moya-birchbark.com\/de\/wp-content\/uploads\/sites\/4\/2021\/08\/DSC02031_k-460x690.jpg 460w, https:\/\/moya-birchbark.com\/de\/wp-content\/uploads\/sites\/4\/2021\/08\/DSC02031_k-790x1185.jpg 790w, https:\/\/moya-birchbark.com\/de\/wp-content\/uploads\/sites\/4\/2021\/08\/DSC02031_k.jpg 1120w\" sizes=\"(max-width: 683px) 100vw, 683px\" \/><\/figure>\n\n\n\n<figure class=\"wp-block-embed is-type-video is-provider-youtube wp-block-embed-youtube wp-embed-aspect-16-9 wp-has-aspect-ratio\"><div class=\"wp-block-embed__wrapper\">\n<iframe hcb-fetch-image-from=\"https:\/\/www.youtube.com\/watch?v=lcbXT72Tspg\" title=\"Sustainable birch bark harvest in Siberia for MOYA BIRCH BARK\" width=\"900\" height=\"506\" src=\"https:\/\/www.youtube.com\/embed\/lcbXT72Tspg?feature=oembed&#038;enablejsapi=1&#038;origin=https:\/\/moya-birchbark.com\" frameborder=\"0\" allow=\"accelerometer; autoplay; clipboard-write; encrypted-media; gyroscope; picture-in-picture\" allowfullscreen><\/iframe>\n<\/div><\/figure>\n\n\n\n<figure class=\"wp-block-image size-large is-resized\"><img decoding=\"async\" src=\"https:\/\/moya-birchbark.com\/de\/wp-content\/uploads\/sites\/4\/2021\/06\/DSC_1152-edited-scaled.jpg\" alt=\"\" class=\"wp-image-8701\" width=\"683\" height=\"426\" srcset=\"https:\/\/moya-birchbark.com\/de\/wp-content\/uploads\/sites\/4\/2021\/06\/DSC_1152-edited-scaled.jpg 2560w, https:\/\/moya-birchbark.com\/de\/wp-content\/uploads\/sites\/4\/2021\/06\/DSC_1152-edited-300x187.jpg 300w, https:\/\/moya-birchbark.com\/de\/wp-content\/uploads\/sites\/4\/2021\/06\/DSC_1152-edited-1024x639.jpg 1024w, https:\/\/moya-birchbark.com\/de\/wp-content\/uploads\/sites\/4\/2021\/06\/DSC_1152-edited-768x480.jpg 768w, https:\/\/moya-birchbark.com\/de\/wp-content\/uploads\/sites\/4\/2021\/06\/DSC_1152-edited-1536x959.jpg 1536w, https:\/\/moya-birchbark.com\/de\/wp-content\/uploads\/sites\/4\/2021\/06\/DSC_1152-edited-2048x1279.jpg 2048w, https:\/\/moya-birchbark.com\/de\/wp-content\/uploads\/sites\/4\/2021\/06\/DSC_1152-edited-250x156.jpg 250w, https:\/\/moya-birchbark.com\/de\/wp-content\/uploads\/sites\/4\/2021\/06\/DSC_1152-edited-1105x690.jpg 1105w, https:\/\/moya-birchbark.com\/de\/wp-content\/uploads\/sites\/4\/2021\/06\/DSC_1152-edited-790x493.jpg 790w\" sizes=\"(max-width: 683px) 100vw, 683px\" \/><figcaption>Traditionelle Lagerung nach der Ernte<\/figcaption><\/figure>\n\n\n","protected":false},"excerpt":{"rendered":"<p>In Sibirischen W\u00e4ldern nachhaltig geerntet F\u00fcr unsere Produkte verwenden wir ausschlie\u00dflich naturbelassene Birkenrinde h\u00f6chster Qualit\u00e4t. Wie jede Baumrinde besteht auch die der Birke&hellip;<\/p>\n","protected":false},"author":1,"featured_media":9318,"parent":0,"menu_order":0,"comment_status":"closed","ping_status":"closed","template":"page-templates\/no-sidebar.php","meta":{"inline_featured_image":false,"footnotes":""},"class_list":["post-8571","page","type-page","status-publish","has-post-thumbnail","hentry"],"yoast_head":"<!-- This site is optimized with the Yoast SEO plugin v19.10 - https:\/\/yoast.com\/wordpress\/plugins\/seo\/ -->\n<title>Ernte - Moya Birkenrinde Ernte Birkenrinde Sibirien<\/title>\n<meta name=\"description\" content=\"Ernte - F\u00fcr unsere Produkte verwenden wir ausschlie\u00dflich naturbelassene Birkenrinde. Diese wird In Sibirischen W\u00e4ldern nachhaltig geerntet.\" \/>\n<meta name=\"robots\" content=\"index, follow, max-snippet:-1, max-image-preview:large, max-video-preview:-1\" \/>\n<link rel=\"canonical\" href=\"https:\/\/moya-birchbark.com\/de\/ernte-birkenrinde\/\" \/>\n<meta property=\"og:locale\" content=\"de_DE\" \/>\n<meta property=\"og:type\" content=\"article\" \/>\n<meta property=\"og:title\" content=\"Ernte - Moya Birkenrinde Ernte Birkenrinde Sibirien\" \/>\n<meta property=\"og:description\" content=\"Ernte - F\u00fcr unsere Produkte verwenden wir ausschlie\u00dflich naturbelassene Birkenrinde. Diese wird In Sibirischen W\u00e4ldern nachhaltig geerntet.\" \/>\n<meta property=\"og:url\" content=\"https:\/\/moya-birchbark.com\/de\/ernte-birkenrinde\/\" \/>\n<meta property=\"og:site_name\" content=\"Moya Birkenrinde\" \/>\n<meta property=\"article:modified_time\" content=\"2021-12-07T09:35:50+00:00\" \/>\n<meta property=\"og:image\" content=\"https:\/\/moya-birchbark.com\/de\/wp-content\/uploads\/sites\/4\/2021\/08\/DSC01896_quer.jpg\" \/>\n\t<meta property=\"og:image:width\" content=\"1120\" \/>\n\t<meta property=\"og:image:height\" content=\"530\" \/>\n\t<meta property=\"og:image:type\" content=\"image\/jpeg\" \/>\n<meta name=\"twitter:card\" content=\"summary_large_image\" \/>\n<meta name=\"twitter:label1\" content=\"Gesch\u00e4tzte Lesezeit\" \/>\n\t<meta name=\"twitter:data1\" content=\"3\u00a0Minuten\" \/>\n<script type=\"application\/ld+json\" class=\"yoast-schema-graph\">{\"@context\":\"https:\/\/schema.org\",\"@graph\":[{\"@type\":\"WebPage\",\"@id\":\"https:\/\/moya-birchbark.com\/de\/ernte-birkenrinde\/\",\"url\":\"https:\/\/moya-birchbark.com\/de\/ernte-birkenrinde\/\",\"name\":\"Ernte - Moya Birkenrinde Ernte Birkenrinde Sibirien\",\"isPartOf\":{\"@id\":\"https:\/\/moya-birchbark.com\/de\/#website\"},\"datePublished\":\"2021-06-08T12:50:13+00:00\",\"dateModified\":\"2021-12-07T09:35:50+00:00\",\"description\":\"Ernte - F\u00fcr unsere Produkte verwenden wir ausschlie\u00dflich naturbelassene Birkenrinde. Diese wird In Sibirischen W\u00e4ldern nachhaltig geerntet.\",\"breadcrumb\":{\"@id\":\"https:\/\/moya-birchbark.com\/de\/ernte-birkenrinde\/#breadcrumb\"},\"inLanguage\":\"de\",\"potentialAction\":[{\"@type\":\"ReadAction\",\"target\":[\"https:\/\/moya-birchbark.com\/de\/ernte-birkenrinde\/\"]}]},{\"@type\":\"BreadcrumbList\",\"@id\":\"https:\/\/moya-birchbark.com\/de\/ernte-birkenrinde\/#breadcrumb\",\"itemListElement\":[{\"@type\":\"ListItem\",\"position\":1,\"name\":\"Home\",\"item\":\"https:\/\/moya-birchbark.com\/de\/\"},{\"@type\":\"ListItem\",\"position\":2,\"name\":\"Ernte\"}]},{\"@type\":\"WebSite\",\"@id\":\"https:\/\/moya-birchbark.com\/de\/#website\",\"url\":\"https:\/\/moya-birchbark.com\/de\/\",\"name\":\"Moya Birkenrinde\",\"description\":\"MOYA Birch Bark\",\"publisher\":{\"@id\":\"https:\/\/moya-birchbark.com\/de\/#organization\"},\"potentialAction\":[{\"@type\":\"SearchAction\",\"target\":{\"@type\":\"EntryPoint\",\"urlTemplate\":\"https:\/\/moya-birchbark.com\/de\/?s={search_term_string}\"},\"query-input\":\"required name=search_term_string\"}],\"inLanguage\":\"de\"},{\"@type\":\"Organization\",\"@id\":\"https:\/\/moya-birchbark.com\/de\/#organization\",\"name\":\"Moya Birkenrinde\",\"url\":\"https:\/\/moya-birchbark.com\/de\/\",\"logo\":{\"@type\":\"ImageObject\",\"inLanguage\":\"de\",\"@id\":\"https:\/\/moya-birchbark.com\/de\/#\/schema\/logo\/image\/\",\"url\":\"https:\/\/moya-birchbark.com\/de\/wp-content\/uploads\/sites\/4\/2021\/05\/MOYA-Birch-Bark-Logo-white.png\",\"contentUrl\":\"https:\/\/moya-birchbark.com\/de\/wp-content\/uploads\/sites\/4\/2021\/05\/MOYA-Birch-Bark-Logo-white.png\",\"width\":520,\"height\":152,\"caption\":\"Moya Birkenrinde\"},\"image\":{\"@id\":\"https:\/\/moya-birchbark.com\/de\/#\/schema\/logo\/image\/\"}}]}<\/script>\n<!-- \/ Yoast SEO plugin. -->","yoast_head_json":{"title":"Ernte - Moya Birkenrinde Ernte Birkenrinde Sibirien","description":"Ernte - F\u00fcr unsere Produkte verwenden wir ausschlie\u00dflich naturbelassene Birkenrinde. Diese wird In Sibirischen W\u00e4ldern nachhaltig geerntet.","robots":{"index":"index","follow":"follow","max-snippet":"max-snippet:-1","max-image-preview":"max-image-preview:large","max-video-preview":"max-video-preview:-1"},"canonical":"https:\/\/moya-birchbark.com\/de\/ernte-birkenrinde\/","og_locale":"de_DE","og_type":"article","og_title":"Ernte - Moya Birkenrinde Ernte Birkenrinde Sibirien","og_description":"Ernte - F\u00fcr unsere Produkte verwenden wir ausschlie\u00dflich naturbelassene Birkenrinde. Diese wird In Sibirischen W\u00e4ldern nachhaltig geerntet.","og_url":"https:\/\/moya-birchbark.com\/de\/ernte-birkenrinde\/","og_site_name":"Moya Birkenrinde","article_modified_time":"2021-12-07T09:35:50+00:00","og_image":[{"width":1120,"height":530,"url":"https:\/\/moya-birchbark.com\/de\/wp-content\/uploads\/sites\/4\/2021\/08\/DSC01896_quer.jpg","type":"image\/jpeg"}],"twitter_card":"summary_large_image","twitter_misc":{"Gesch\u00e4tzte Lesezeit":"3\u00a0Minuten"},"schema":{"@context":"https:\/\/schema.org","@graph":[{"@type":"WebPage","@id":"https:\/\/moya-birchbark.com\/de\/ernte-birkenrinde\/","url":"https:\/\/moya-birchbark.com\/de\/ernte-birkenrinde\/","name":"Ernte - Moya Birkenrinde Ernte Birkenrinde Sibirien","isPartOf":{"@id":"https:\/\/moya-birchbark.com\/de\/#website"},"datePublished":"2021-06-08T12:50:13+00:00","dateModified":"2021-12-07T09:35:50+00:00","description":"Ernte - F\u00fcr unsere Produkte verwenden wir ausschlie\u00dflich naturbelassene Birkenrinde. Diese wird In Sibirischen W\u00e4ldern nachhaltig geerntet.","breadcrumb":{"@id":"https:\/\/moya-birchbark.com\/de\/ernte-birkenrinde\/#breadcrumb"},"inLanguage":"de","potentialAction":[{"@type":"ReadAction","target":["https:\/\/moya-birchbark.com\/de\/ernte-birkenrinde\/"]}]},{"@type":"BreadcrumbList","@id":"https:\/\/moya-birchbark.com\/de\/ernte-birkenrinde\/#breadcrumb","itemListElement":[{"@type":"ListItem","position":1,"name":"Home","item":"https:\/\/moya-birchbark.com\/de\/"},{"@type":"ListItem","position":2,"name":"Ernte"}]},{"@type":"WebSite","@id":"https:\/\/moya-birchbark.com\/de\/#website","url":"https:\/\/moya-birchbark.com\/de\/","name":"Moya Birkenrinde","description":"MOYA Birch Bark","publisher":{"@id":"https:\/\/moya-birchbark.com\/de\/#organization"},"potentialAction":[{"@type":"SearchAction","target":{"@type":"EntryPoint","urlTemplate":"https:\/\/moya-birchbark.com\/de\/?s={search_term_string}"},"query-input":"required name=search_term_string"}],"inLanguage":"de"},{"@type":"Organization","@id":"https:\/\/moya-birchbark.com\/de\/#organization","name":"Moya Birkenrinde","url":"https:\/\/moya-birchbark.com\/de\/","logo":{"@type":"ImageObject","inLanguage":"de","@id":"https:\/\/moya-birchbark.com\/de\/#\/schema\/logo\/image\/","url":"https:\/\/moya-birchbark.com\/de\/wp-content\/uploads\/sites\/4\/2021\/05\/MOYA-Birch-Bark-Logo-white.png","contentUrl":"https:\/\/moya-birchbark.com\/de\/wp-content\/uploads\/sites\/4\/2021\/05\/MOYA-Birch-Bark-Logo-white.png","width":520,"height":152,"caption":"Moya Birkenrinde"},"image":{"@id":"https:\/\/moya-birchbark.com\/de\/#\/schema\/logo\/image\/"}}]}},"_links":{"self":[{"href":"https:\/\/moya-birchbark.com\/de\/wp-json\/wp\/v2\/pages\/8571","targetHints":{"allow":["GET"]}}],"collection":[{"href":"https:\/\/moya-birchbark.com\/de\/wp-json\/wp\/v2\/pages"}],"about":[{"href":"https:\/\/moya-birchbark.com\/de\/wp-json\/wp\/v2\/types\/page"}],"author":[{"embeddable":true,"href":"https:\/\/moya-birchbark.com\/de\/wp-json\/wp\/v2\/users\/1"}],"replies":[{"embeddable":true,"href":"https:\/\/moya-birchbark.com\/de\/wp-json\/wp\/v2\/comments?post=8571"}],"version-history":[{"count":23,"href":"https:\/\/moya-birchbark.com\/de\/wp-json\/wp\/v2\/pages\/8571\/revisions"}],"predecessor-version":[{"id":9773,"href":"https:\/\/moya-birchbark.com\/de\/wp-json\/wp\/v2\/pages\/8571\/revisions\/9773"}],"wp:featuredmedia":[{"embeddable":true,"href":"https:\/\/moya-birchbark.com\/de\/wp-json\/wp\/v2\/media\/9318"}],"wp:attachment":[{"href":"https:\/\/moya-birchbark.com\/de\/wp-json\/wp\/v2\/media?parent=8571"}],"curies":[{"name":"wp","href":"https:\/\/api.w.org\/{rel}","templated":true}]}}