{"id":8568,"date":"2021-06-08T10:36:38","date_gmt":"2021-06-08T10:36:38","guid":{"rendered":"https:\/\/moya-birchbark.com\/de\/?page_id=8568"},"modified":"2021-07-13T09:00:14","modified_gmt":"2021-07-13T09:00:14","slug":"unsere-mission","status":"publish","type":"page","link":"https:\/\/moya-birchbark.com\/de\/unsere-mission\/","title":{"rendered":"Unsere Mission"},"content":{"rendered":"\n<h4><strong>Handgefertigte Produkte f\u00fcr einen nachhaltigen Alltag<\/strong><\/h4>\n<div class=\"entry-content\">\n<p>Bei MOYA glauben wir, dass unsere Zukunft in einem verantwortungsvollen und nachhaltigen Handeln liegt. Nicht nur f\u00fcr unsere Mitarbeiter, sondern f\u00fcr jedes Lebewesen auf unserem Planeten. Wir glauben, wir m\u00fcssen unser Verhalten wandeln und unseren Konsum neu denken, um uns, unseren Kindern und allen folgenden Generationen eine lebenswerte Zukunft zu erm\u00f6glichen. Wir sind davon \u00fcberzeugt, jeder Mensch soll sich und seiner Familie ein gesundes und erf\u00fclltes Leben mit einer ehrlichen Arbeit erm\u00f6glichen k\u00f6nnen.<\/p>\n<p>Unsere Mission ist es, <a href=\"https:\/\/moya-birchbark.com\/de\/birkenrinde-material-tradition-2\/\" target=\"_blank\" rel=\"noopener\">Birkenrinde<\/a> als einen neuen nachwachsenden Rohstoff zu etablieren. Mit diesem schaffen wir nicht nur nachhaltige Designkonzepte und nutzen die einzigartigen Eigenschaften der Rinde, sondern beleben auch ein gef\u00e4hrdetes Handwerk neu.<\/p>\n<p>\u00a0<\/p>\n<\/div>\n\n\n\n<figure class=\"wp-block-image size-large is-resized\"><img decoding=\"async\" src=\"https:\/\/moya-birchbark.com\/de\/wp-content\/uploads\/sites\/4\/2021\/06\/002-Moya_Svetoch_17-web\u00a9Frieder-Reuter-683x1024.jpg\" alt=\"\" class=\"wp-image-8849\" width=\"833\" height=\"1248\" srcset=\"https:\/\/moya-birchbark.com\/de\/wp-content\/uploads\/sites\/4\/2021\/06\/002-Moya_Svetoch_17-web\u00a9Frieder-Reuter-683x1024.jpg 683w, https:\/\/moya-birchbark.com\/de\/wp-content\/uploads\/sites\/4\/2021\/06\/002-Moya_Svetoch_17-web\u00a9Frieder-Reuter-200x300.jpg 200w, https:\/\/moya-birchbark.com\/de\/wp-content\/uploads\/sites\/4\/2021\/06\/002-Moya_Svetoch_17-web\u00a9Frieder-Reuter-768x1152.jpg 768w, https:\/\/moya-birchbark.com\/de\/wp-content\/uploads\/sites\/4\/2021\/06\/002-Moya_Svetoch_17-web\u00a9Frieder-Reuter-250x375.jpg 250w, https:\/\/moya-birchbark.com\/de\/wp-content\/uploads\/sites\/4\/2021\/06\/002-Moya_Svetoch_17-web\u00a9Frieder-Reuter-460x690.jpg 460w, https:\/\/moya-birchbark.com\/de\/wp-content\/uploads\/sites\/4\/2021\/06\/002-Moya_Svetoch_17-web\u00a9Frieder-Reuter-790x1185.jpg 790w, https:\/\/moya-birchbark.com\/de\/wp-content\/uploads\/sites\/4\/2021\/06\/002-Moya_Svetoch_17-web\u00a9Frieder-Reuter-scaled.jpg 1707w\" sizes=\"(max-width: 833px) 100vw, 833px\" \/><\/figure>\n\n\n\n<h4>&nbsp;<\/h4>\n<h4><strong>INNOVATIVES NATURMATERIAL <\/strong><\/h4>\n<div class=\"entry-content\">\n<p>Wir kreieren Produkte von h\u00f6chster Qualit\u00e4t und fertigen sie in sozialer sowie \u00f6kologischer Verantwortung mit dem Ziel, das Jahrtausende alte, sibirische Handwerk und das faszinierende Naturmaterial neu zu beleben. Wir sind fest davon \u00fcberzeugt, dass Birkenrinde als vegane Alternative zu Leder und umweltfreundliche Alternative zu Kunststoff &#8211; verbunden mit gutem Design &#8211; unser Leben verbessern kann.<\/p>\n<p>&nbsp;<\/p>\n<\/div>\n\n\n\n<div class=\"wp-block-image\"><figure class=\"aligncenter size-large\"><img decoding=\"async\" width=\"1024\" height=\"632\" src=\"https:\/\/moya-birchbark.com\/de\/wp-content\/uploads\/sites\/4\/2021\/02\/Weisswald_Funktion_\u00a9Clara-Loeffler_web_02-e1612797264231-1024x632.jpg\" alt=\"\" class=\"wp-image-7444\" srcset=\"https:\/\/moya-birchbark.com\/de\/wp-content\/uploads\/sites\/4\/2021\/02\/Weisswald_Funktion_\u00a9Clara-Loeffler_web_02-e1612797264231-1024x632.jpg 1024w, https:\/\/moya-birchbark.com\/de\/wp-content\/uploads\/sites\/4\/2021\/02\/Weisswald_Funktion_\u00a9Clara-Loeffler_web_02-e1612797264231-300x185.jpg 300w, https:\/\/moya-birchbark.com\/de\/wp-content\/uploads\/sites\/4\/2021\/02\/Weisswald_Funktion_\u00a9Clara-Loeffler_web_02-e1612797264231-768x474.jpg 768w, https:\/\/moya-birchbark.com\/de\/wp-content\/uploads\/sites\/4\/2021\/02\/Weisswald_Funktion_\u00a9Clara-Loeffler_web_02-e1612797264231-250x154.jpg 250w, https:\/\/moya-birchbark.com\/de\/wp-content\/uploads\/sites\/4\/2021\/02\/Weisswald_Funktion_\u00a9Clara-Loeffler_web_02-e1612797264231-1119x690.jpg 1119w, https:\/\/moya-birchbark.com\/de\/wp-content\/uploads\/sites\/4\/2021\/02\/Weisswald_Funktion_\u00a9Clara-Loeffler_web_02-e1612797264231-790x487.jpg 790w, https:\/\/moya-birchbark.com\/de\/wp-content\/uploads\/sites\/4\/2021\/02\/Weisswald_Funktion_\u00a9Clara-Loeffler_web_02-e1612797264231.jpg 1211w\" sizes=\"(max-width: 1024px) 100vw, 1024px\" \/><\/figure><\/div>\n\n\n\n<figure class=\"wp-block-image size-large\"><img decoding=\"async\" width=\"1024\" height=\"768\" src=\"https:\/\/moya-birchbark.com\/de\/wp-content\/uploads\/sites\/4\/2021\/06\/Moya-Taburet-4-web-1024x768.jpg\" alt=\"\" class=\"wp-image-8856\" srcset=\"https:\/\/moya-birchbark.com\/de\/wp-content\/uploads\/sites\/4\/2021\/06\/Moya-Taburet-4-web-1024x768.jpg 1024w, https:\/\/moya-birchbark.com\/de\/wp-content\/uploads\/sites\/4\/2021\/06\/Moya-Taburet-4-web-300x225.jpg 300w, https:\/\/moya-birchbark.com\/de\/wp-content\/uploads\/sites\/4\/2021\/06\/Moya-Taburet-4-web-768x576.jpg 768w, https:\/\/moya-birchbark.com\/de\/wp-content\/uploads\/sites\/4\/2021\/06\/Moya-Taburet-4-web-1536x1152.jpg 1536w, https:\/\/moya-birchbark.com\/de\/wp-content\/uploads\/sites\/4\/2021\/06\/Moya-Taburet-4-web-250x188.jpg 250w, https:\/\/moya-birchbark.com\/de\/wp-content\/uploads\/sites\/4\/2021\/06\/Moya-Taburet-4-web-920x690.jpg 920w, https:\/\/moya-birchbark.com\/de\/wp-content\/uploads\/sites\/4\/2021\/06\/Moya-Taburet-4-web-790x593.jpg 790w, https:\/\/moya-birchbark.com\/de\/wp-content\/uploads\/sites\/4\/2021\/06\/Moya-Taburet-4-web-600x450.jpg 600w, https:\/\/moya-birchbark.com\/de\/wp-content\/uploads\/sites\/4\/2021\/06\/Moya-Taburet-4-web.jpg 1696w\" sizes=\"(max-width: 1024px) 100vw, 1024px\" \/><\/figure>\n\n\n\n<h4>&nbsp;<\/h4>\n<h4><strong>Unsere Werte<\/strong><\/h4>\n<p>1. Erhalt des Kulturguts<br>2. Regionale Fertigung<br>3. Ressourcenschonende Produktion durch Handarbeit<br>4. Schaffen von Arbeitspl\u00e4tzen<br>5. Ganzheitlich und naturnah<\/p>\n<p>&nbsp;<\/p>\n\n\n\n<figure class=\"wp-block-image size-large\"><img decoding=\"async\" width=\"2560\" height=\"1711\" src=\"https:\/\/moya-birchbark.com\/de\/wp-content\/uploads\/sites\/4\/2021\/06\/DSC_1260-edited-scaled.jpg\" alt=\"\" class=\"wp-image-8885\" srcset=\"https:\/\/moya-birchbark.com\/de\/wp-content\/uploads\/sites\/4\/2021\/06\/DSC_1260-edited-scaled.jpg 2560w, https:\/\/moya-birchbark.com\/de\/wp-content\/uploads\/sites\/4\/2021\/06\/DSC_1260-edited-300x201.jpg 300w, https:\/\/moya-birchbark.com\/de\/wp-content\/uploads\/sites\/4\/2021\/06\/DSC_1260-edited-1024x684.jpg 1024w, https:\/\/moya-birchbark.com\/de\/wp-content\/uploads\/sites\/4\/2021\/06\/DSC_1260-edited-768x513.jpg 768w, https:\/\/moya-birchbark.com\/de\/wp-content\/uploads\/sites\/4\/2021\/06\/DSC_1260-edited-1536x1027.jpg 1536w, https:\/\/moya-birchbark.com\/de\/wp-content\/uploads\/sites\/4\/2021\/06\/DSC_1260-edited-2048x1369.jpg 2048w, https:\/\/moya-birchbark.com\/de\/wp-content\/uploads\/sites\/4\/2021\/06\/DSC_1260-edited-250x167.jpg 250w, https:\/\/moya-birchbark.com\/de\/wp-content\/uploads\/sites\/4\/2021\/06\/DSC_1260-edited-1032x690.jpg 1032w, https:\/\/moya-birchbark.com\/de\/wp-content\/uploads\/sites\/4\/2021\/06\/DSC_1260-edited-790x528.jpg 790w\" sizes=\"(max-width: 2560px) 100vw, 2560px\" \/><\/figure>\n\n\n\n<h4>\u00a0<\/h4>\n<h4><strong>Abfallfreie Produktion<\/strong><\/h4>\n<p>Nach der Ernte wird der wertvolle Rohstoff sorgf\u00e4ltig selektiert, damit jedes, auch das kleinste St\u00fcck Birkenrinde eine Anwendung findet. Die gr\u00f6\u00dften zusammenh\u00e4ngenden St\u00fccke werden bei den MOYA Designobjekten und Wandpaneelen eingesetzt. Aus den restlichen Rinden-Qualit\u00e4ten stellen wir unsere Dekorationsartikel und Anz\u00fcnder her.<\/p>\n\n\n\n<figure class=\"wp-block-image size-large\"><img decoding=\"async\" width=\"1024\" height=\"683\" src=\"https:\/\/moya-birchbark.com\/de\/wp-content\/uploads\/sites\/4\/2021\/06\/Moya_Anzuender\u00a9Clara-Loeffler_web_13-1024x683.jpg\" alt=\"\" class=\"wp-image-8783\" srcset=\"https:\/\/moya-birchbark.com\/de\/wp-content\/uploads\/sites\/4\/2021\/06\/Moya_Anzuender\u00a9Clara-Loeffler_web_13-1024x683.jpg 1024w, https:\/\/moya-birchbark.com\/de\/wp-content\/uploads\/sites\/4\/2021\/06\/Moya_Anzuender\u00a9Clara-Loeffler_web_13-300x200.jpg 300w, https:\/\/moya-birchbark.com\/de\/wp-content\/uploads\/sites\/4\/2021\/06\/Moya_Anzuender\u00a9Clara-Loeffler_web_13-768x512.jpg 768w, https:\/\/moya-birchbark.com\/de\/wp-content\/uploads\/sites\/4\/2021\/06\/Moya_Anzuender\u00a9Clara-Loeffler_web_13-250x167.jpg 250w, https:\/\/moya-birchbark.com\/de\/wp-content\/uploads\/sites\/4\/2021\/06\/Moya_Anzuender\u00a9Clara-Loeffler_web_13-1035x690.jpg 1035w, https:\/\/moya-birchbark.com\/de\/wp-content\/uploads\/sites\/4\/2021\/06\/Moya_Anzuender\u00a9Clara-Loeffler_web_13-790x527.jpg 790w, https:\/\/moya-birchbark.com\/de\/wp-content\/uploads\/sites\/4\/2021\/06\/Moya_Anzuender\u00a9Clara-Loeffler_web_13.jpg 1417w\" sizes=\"(max-width: 1024px) 100vw, 1024px\" \/><\/figure>\n\n\n\n<figure class=\"wp-block-image size-large\"><img decoding=\"async\" width=\"1024\" height=\"682\" src=\"https:\/\/moya-birchbark.com\/de\/wp-content\/uploads\/sites\/4\/2021\/06\/Moya-Sibirjak\u00a9Anastasiya-Koshcheeva-1-web-1024x682.jpg\" alt=\"\" class=\"wp-image-8853\" srcset=\"https:\/\/moya-birchbark.com\/de\/wp-content\/uploads\/sites\/4\/2021\/06\/Moya-Sibirjak\u00a9Anastasiya-Koshcheeva-1-web-1024x682.jpg 1024w, https:\/\/moya-birchbark.com\/de\/wp-content\/uploads\/sites\/4\/2021\/06\/Moya-Sibirjak\u00a9Anastasiya-Koshcheeva-1-web-300x200.jpg 300w, https:\/\/moya-birchbark.com\/de\/wp-content\/uploads\/sites\/4\/2021\/06\/Moya-Sibirjak\u00a9Anastasiya-Koshcheeva-1-web-768x511.jpg 768w, https:\/\/moya-birchbark.com\/de\/wp-content\/uploads\/sites\/4\/2021\/06\/Moya-Sibirjak\u00a9Anastasiya-Koshcheeva-1-web-1536x1022.jpg 1536w, https:\/\/moya-birchbark.com\/de\/wp-content\/uploads\/sites\/4\/2021\/06\/Moya-Sibirjak\u00a9Anastasiya-Koshcheeva-1-web-250x166.jpg 250w, https:\/\/moya-birchbark.com\/de\/wp-content\/uploads\/sites\/4\/2021\/06\/Moya-Sibirjak\u00a9Anastasiya-Koshcheeva-1-web-1037x690.jpg 1037w, https:\/\/moya-birchbark.com\/de\/wp-content\/uploads\/sites\/4\/2021\/06\/Moya-Sibirjak\u00a9Anastasiya-Koshcheeva-1-web-790x526.jpg 790w, https:\/\/moya-birchbark.com\/de\/wp-content\/uploads\/sites\/4\/2021\/06\/Moya-Sibirjak\u00a9Anastasiya-Koshcheeva-1-web.jpg 1696w\" sizes=\"(max-width: 1024px) 100vw, 1024px\" \/><\/figure>\n","protected":false},"excerpt":{"rendered":"<p>Handgefertigte Produkte f\u00fcr einen nachhaltigen Alltag Bei MOYA glauben wir, dass unsere Zukunft in einem verantwortungsvollen und nachhaltigen Handeln liegt. Nicht nur f\u00fcr&hellip;<\/p>\n","protected":false},"author":1,"featured_media":3027,"parent":0,"menu_order":0,"comment_status":"closed","ping_status":"closed","template":"page-templates\/no-sidebar.php","meta":{"inline_featured_image":false,"footnotes":""},"class_list":["post-8568","page","type-page","status-publish","has-post-thumbnail","hentry"],"yoast_head":"<!-- This site is optimized with the Yoast SEO plugin v19.10 - https:\/\/yoast.com\/wordpress\/plugins\/seo\/ -->\n<title>Unsere Mission Werte ProduktionUnsere Mission - Moya Birkenrinde<\/title>\n<meta name=\"description\" content=\"Unsere Mission Werte Produktion - Birkenrinde als neuen nachwachsenden Rohstoff etablieren und eine abfallfreie Produktion schaffen.\" \/>\n<meta name=\"robots\" content=\"index, follow, max-snippet:-1, max-image-preview:large, max-video-preview:-1\" \/>\n<link rel=\"canonical\" href=\"https:\/\/moya-birchbark.com\/de\/unsere-mission\/\" \/>\n<meta property=\"og:locale\" content=\"de_DE\" \/>\n<meta property=\"og:type\" content=\"article\" \/>\n<meta property=\"og:title\" content=\"Unsere Mission Werte ProduktionUnsere Mission - Moya Birkenrinde\" \/>\n<meta property=\"og:description\" content=\"Unsere Mission Werte Produktion - Birkenrinde als neuen nachwachsenden Rohstoff etablieren und eine abfallfreie Produktion schaffen.\" \/>\n<meta property=\"og:url\" content=\"https:\/\/moya-birchbark.com\/de\/unsere-mission\/\" \/>\n<meta property=\"og:site_name\" content=\"Moya Birkenrinde\" \/>\n<meta property=\"article:modified_time\" content=\"2021-07-13T09:00:14+00:00\" \/>\n<meta property=\"og:image\" content=\"https:\/\/moya-birchbark.com\/de\/wp-content\/uploads\/sites\/4\/2019\/01\/DSC_1485-1024x685.jpg\" \/>\n\t<meta property=\"og:image:width\" content=\"1024\" \/>\n\t<meta property=\"og:image:height\" content=\"685\" \/>\n\t<meta property=\"og:image:type\" content=\"image\/jpeg\" \/>\n<meta name=\"twitter:card\" content=\"summary_large_image\" \/>\n<meta name=\"twitter:label1\" content=\"Gesch\u00e4tzte Lesezeit\" \/>\n\t<meta name=\"twitter:data1\" content=\"3\u00a0Minuten\" \/>\n<script type=\"application\/ld+json\" class=\"yoast-schema-graph\">{\"@context\":\"https:\/\/schema.org\",\"@graph\":[{\"@type\":\"WebPage\",\"@id\":\"https:\/\/moya-birchbark.com\/de\/unsere-mission\/\",\"url\":\"https:\/\/moya-birchbark.com\/de\/unsere-mission\/\",\"name\":\"Unsere Mission Werte ProduktionUnsere Mission - Moya Birkenrinde\",\"isPartOf\":{\"@id\":\"https:\/\/moya-birchbark.com\/de\/#website\"},\"datePublished\":\"2021-06-08T10:36:38+00:00\",\"dateModified\":\"2021-07-13T09:00:14+00:00\",\"description\":\"Unsere Mission Werte Produktion - Birkenrinde als neuen nachwachsenden Rohstoff etablieren und eine abfallfreie Produktion schaffen.\",\"breadcrumb\":{\"@id\":\"https:\/\/moya-birchbark.com\/de\/unsere-mission\/#breadcrumb\"},\"inLanguage\":\"de\",\"potentialAction\":[{\"@type\":\"ReadAction\",\"target\":[\"https:\/\/moya-birchbark.com\/de\/unsere-mission\/\"]}]},{\"@type\":\"BreadcrumbList\",\"@id\":\"https:\/\/moya-birchbark.com\/de\/unsere-mission\/#breadcrumb\",\"itemListElement\":[{\"@type\":\"ListItem\",\"position\":1,\"name\":\"Home\",\"item\":\"https:\/\/moya-birchbark.com\/de\/\"},{\"@type\":\"ListItem\",\"position\":2,\"name\":\"Unsere Mission\"}]},{\"@type\":\"WebSite\",\"@id\":\"https:\/\/moya-birchbark.com\/de\/#website\",\"url\":\"https:\/\/moya-birchbark.com\/de\/\",\"name\":\"Moya Birkenrinde\",\"description\":\"MOYA Birch Bark\",\"publisher\":{\"@id\":\"https:\/\/moya-birchbark.com\/de\/#organization\"},\"potentialAction\":[{\"@type\":\"SearchAction\",\"target\":{\"@type\":\"EntryPoint\",\"urlTemplate\":\"https:\/\/moya-birchbark.com\/de\/?s={search_term_string}\"},\"query-input\":\"required name=search_term_string\"}],\"inLanguage\":\"de\"},{\"@type\":\"Organization\",\"@id\":\"https:\/\/moya-birchbark.com\/de\/#organization\",\"name\":\"Moya Birkenrinde\",\"url\":\"https:\/\/moya-birchbark.com\/de\/\",\"logo\":{\"@type\":\"ImageObject\",\"inLanguage\":\"de\",\"@id\":\"https:\/\/moya-birchbark.com\/de\/#\/schema\/logo\/image\/\",\"url\":\"https:\/\/moya-birchbark.com\/de\/wp-content\/uploads\/sites\/4\/2021\/05\/MOYA-Birch-Bark-Logo-white.png\",\"contentUrl\":\"https:\/\/moya-birchbark.com\/de\/wp-content\/uploads\/sites\/4\/2021\/05\/MOYA-Birch-Bark-Logo-white.png\",\"width\":520,\"height\":152,\"caption\":\"Moya Birkenrinde\"},\"image\":{\"@id\":\"https:\/\/moya-birchbark.com\/de\/#\/schema\/logo\/image\/\"}}]}<\/script>\n<!-- \/ Yoast SEO plugin. -->","yoast_head_json":{"title":"Unsere Mission Werte ProduktionUnsere Mission - Moya Birkenrinde","description":"Unsere Mission Werte Produktion - Birkenrinde als neuen nachwachsenden Rohstoff etablieren und eine abfallfreie Produktion schaffen.","robots":{"index":"index","follow":"follow","max-snippet":"max-snippet:-1","max-image-preview":"max-image-preview:large","max-video-preview":"max-video-preview:-1"},"canonical":"https:\/\/moya-birchbark.com\/de\/unsere-mission\/","og_locale":"de_DE","og_type":"article","og_title":"Unsere Mission Werte ProduktionUnsere Mission - Moya Birkenrinde","og_description":"Unsere Mission Werte Produktion - Birkenrinde als neuen nachwachsenden Rohstoff etablieren und eine abfallfreie Produktion schaffen.","og_url":"https:\/\/moya-birchbark.com\/de\/unsere-mission\/","og_site_name":"Moya Birkenrinde","article_modified_time":"2021-07-13T09:00:14+00:00","og_image":[{"width":1024,"height":685,"url":"https:\/\/moya-birchbark.com\/de\/wp-content\/uploads\/sites\/4\/2019\/01\/DSC_1485-1024x685.jpg","type":"image\/jpeg"}],"twitter_card":"summary_large_image","twitter_misc":{"Gesch\u00e4tzte Lesezeit":"3\u00a0Minuten"},"schema":{"@context":"https:\/\/schema.org","@graph":[{"@type":"WebPage","@id":"https:\/\/moya-birchbark.com\/de\/unsere-mission\/","url":"https:\/\/moya-birchbark.com\/de\/unsere-mission\/","name":"Unsere Mission Werte ProduktionUnsere Mission - Moya Birkenrinde","isPartOf":{"@id":"https:\/\/moya-birchbark.com\/de\/#website"},"datePublished":"2021-06-08T10:36:38+00:00","dateModified":"2021-07-13T09:00:14+00:00","description":"Unsere Mission Werte Produktion - Birkenrinde als neuen nachwachsenden Rohstoff etablieren und eine abfallfreie Produktion schaffen.","breadcrumb":{"@id":"https:\/\/moya-birchbark.com\/de\/unsere-mission\/#breadcrumb"},"inLanguage":"de","potentialAction":[{"@type":"ReadAction","target":["https:\/\/moya-birchbark.com\/de\/unsere-mission\/"]}]},{"@type":"BreadcrumbList","@id":"https:\/\/moya-birchbark.com\/de\/unsere-mission\/#breadcrumb","itemListElement":[{"@type":"ListItem","position":1,"name":"Home","item":"https:\/\/moya-birchbark.com\/de\/"},{"@type":"ListItem","position":2,"name":"Unsere Mission"}]},{"@type":"WebSite","@id":"https:\/\/moya-birchbark.com\/de\/#website","url":"https:\/\/moya-birchbark.com\/de\/","name":"Moya Birkenrinde","description":"MOYA Birch Bark","publisher":{"@id":"https:\/\/moya-birchbark.com\/de\/#organization"},"potentialAction":[{"@type":"SearchAction","target":{"@type":"EntryPoint","urlTemplate":"https:\/\/moya-birchbark.com\/de\/?s={search_term_string}"},"query-input":"required name=search_term_string"}],"inLanguage":"de"},{"@type":"Organization","@id":"https:\/\/moya-birchbark.com\/de\/#organization","name":"Moya Birkenrinde","url":"https:\/\/moya-birchbark.com\/de\/","logo":{"@type":"ImageObject","inLanguage":"de","@id":"https:\/\/moya-birchbark.com\/de\/#\/schema\/logo\/image\/","url":"https:\/\/moya-birchbark.com\/de\/wp-content\/uploads\/sites\/4\/2021\/05\/MOYA-Birch-Bark-Logo-white.png","contentUrl":"https:\/\/moya-birchbark.com\/de\/wp-content\/uploads\/sites\/4\/2021\/05\/MOYA-Birch-Bark-Logo-white.png","width":520,"height":152,"caption":"Moya Birkenrinde"},"image":{"@id":"https:\/\/moya-birchbark.com\/de\/#\/schema\/logo\/image\/"}}]}},"_links":{"self":[{"href":"https:\/\/moya-birchbark.com\/de\/wp-json\/wp\/v2\/pages\/8568","targetHints":{"allow":["GET"]}}],"collection":[{"href":"https:\/\/moya-birchbark.com\/de\/wp-json\/wp\/v2\/pages"}],"about":[{"href":"https:\/\/moya-birchbark.com\/de\/wp-json\/wp\/v2\/types\/page"}],"author":[{"embeddable":true,"href":"https:\/\/moya-birchbark.com\/de\/wp-json\/wp\/v2\/users\/1"}],"replies":[{"embeddable":true,"href":"https:\/\/moya-birchbark.com\/de\/wp-json\/wp\/v2\/comments?post=8568"}],"version-history":[{"count":47,"href":"https:\/\/moya-birchbark.com\/de\/wp-json\/wp\/v2\/pages\/8568\/revisions"}],"predecessor-version":[{"id":9052,"href":"https:\/\/moya-birchbark.com\/de\/wp-json\/wp\/v2\/pages\/8568\/revisions\/9052"}],"wp:featuredmedia":[{"embeddable":true,"href":"https:\/\/moya-birchbark.com\/de\/wp-json\/wp\/v2\/media\/3027"}],"wp:attachment":[{"href":"https:\/\/moya-birchbark.com\/de\/wp-json\/wp\/v2\/media?parent=8568"}],"curies":[{"name":"wp","href":"https:\/\/api.w.org\/{rel}","templated":true}]}}