{"id":7885,"date":"2021-02-08T14:48:33","date_gmt":"2021-02-08T14:48:33","guid":{"rendered":"https:\/\/moya-birchbark.com\/de\/?page_id=7885"},"modified":"2021-04-15T09:56:04","modified_gmt":"2021-04-15T09:56:04","slug":"anleitung-armbandwechsel-apple-watch","status":"publish","type":"page","link":"https:\/\/moya-birchbark.com\/de\/anleitung-armbandwechsel-apple-watch\/","title":{"rendered":"Anleitung f\u00fcr den Armbandwechsel"},"content":{"rendered":"\n<p><img decoding=\"async\" class=\"alignnone  wp-image-8076\" src=\"https:\/\/moya-birchbark.com\/de\/wp-content\/uploads\/sites\/4\/2021\/02\/Wechseln-des-Bandes_Abb1-258x300.jpg\" alt=\"\" width=\"249\" height=\"289\" srcset=\"https:\/\/moya-birchbark.com\/de\/wp-content\/uploads\/sites\/4\/2021\/02\/Wechseln-des-Bandes_Abb1-258x300.jpg 258w, https:\/\/moya-birchbark.com\/de\/wp-content\/uploads\/sites\/4\/2021\/02\/Wechseln-des-Bandes_Abb1-250x290.jpg 250w, https:\/\/moya-birchbark.com\/de\/wp-content\/uploads\/sites\/4\/2021\/02\/Wechseln-des-Bandes_Abb1-594x690.jpg 594w, https:\/\/moya-birchbark.com\/de\/wp-content\/uploads\/sites\/4\/2021\/02\/Wechseln-des-Bandes_Abb1.jpg 608w\" sizes=\"(max-width: 249px) 100vw, 249px\" \/> <img decoding=\"async\" class=\"alignnone  wp-image-8077\" src=\"https:\/\/moya-birchbark.com\/de\/wp-content\/uploads\/sites\/4\/2021\/02\/Wechseln-des-Bandes_Abb2-251x300.jpg\" alt=\"\" width=\"242\" height=\"290\" srcset=\"https:\/\/moya-birchbark.com\/de\/wp-content\/uploads\/sites\/4\/2021\/02\/Wechseln-des-Bandes_Abb2-251x300.jpg 251w, https:\/\/moya-birchbark.com\/de\/wp-content\/uploads\/sites\/4\/2021\/02\/Wechseln-des-Bandes_Abb2-250x299.jpg 250w, https:\/\/moya-birchbark.com\/de\/wp-content\/uploads\/sites\/4\/2021\/02\/Wechseln-des-Bandes_Abb2-576x690.jpg 576w, https:\/\/moya-birchbark.com\/de\/wp-content\/uploads\/sites\/4\/2021\/02\/Wechseln-des-Bandes_Abb2.jpg 608w\" sizes=\"(max-width: 242px) 100vw, 242px\" \/> <img decoding=\"async\" class=\"alignnone  wp-image-8078\" src=\"https:\/\/moya-birchbark.com\/de\/wp-content\/uploads\/sites\/4\/2021\/02\/Wechseln-des-Bandes_Abb3-250x300.jpg\" alt=\"\" width=\"234\" height=\"281\" srcset=\"https:\/\/moya-birchbark.com\/de\/wp-content\/uploads\/sites\/4\/2021\/02\/Wechseln-des-Bandes_Abb3-250x301.jpg 250w, https:\/\/moya-birchbark.com\/de\/wp-content\/uploads\/sites\/4\/2021\/02\/Wechseln-des-Bandes_Abb3-574x690.jpg 574w, https:\/\/moya-birchbark.com\/de\/wp-content\/uploads\/sites\/4\/2021\/02\/Wechseln-des-Bandes_Abb3.jpg 608w\" sizes=\"(max-width: 234px) 100vw, 234px\" \/><\/p>\n<ol>\n<li>Benutzen Sie f\u00fcr den Bandwechsel unbedingt ein Federstegbesteck. Dieses hat in der Regel einen Dorn und eine Gabel. Der Dorn wird benutzt, wenn der Federsteg direkt von au\u00dfen herausgedr\u00fcckt werden kann, es also ein durchgebohrtes Federstegloch an Ihrer Uhr gibt. Gibt es das nicht, benutzen Sie bitte die Gabel so, wie nachfolgend beschrieben.<\/li>\n<li>Schieben Sie die Gabel m\u00f6glichst auf der Unterseite der Uhr zwischen Armband und Uhrengeh\u00e4use bis zum Federsteg (siehe Abb. 1). \u00dcben Sie einen leichten Druck zum Uhrenarmband hin aus, um den Federsteg zusammen zu schieben.<\/li>\n<li>Der Federsteg l\u00f6st sich aus seiner Befestigung und Sie k\u00f6nnen das Band von der Uhr trennen (siehe Abb. 2 und Abb. 3). Bei Bedarf entnehmen Sie den Federsteg aus dem alten Band und setzen diesen in das neue Band ein.<\/li>\n<li>Zur Befestigung des neuen Bandes f\u00fchren Sie eine Seite des Federsteges in die Bohrung am Uhrengeh\u00e4use ein (siehe Abb. 2). Die andere Seite des Federsteges dr\u00fccken Sie mit der Gabel des Federstegwerkzeuges zusammen und f\u00fchren den Federsteg in die gegen\u00fcberliegende Bohrung im Uhrengeh\u00e4use ein (siehe Abb. 1).<\/li>\n<li>Bewegen Sie das Band vorsichtig hin und her und stellen sicher, dass der Federsteg in beiden Bohrungen des Uhrengeh\u00e4uses eingerastet ist. Ggf. wiederholen Sie die Schritte 4 bis 5.<\/li>\n<\/ol>\n","protected":false},"excerpt":{"rendered":"<p>Benutzen Sie f\u00fcr den Bandwechsel unbedingt ein Federstegbesteck. Dieses hat in der Regel einen Dorn und eine Gabel. Der Dorn wird benutzt, wenn&hellip;<\/p>\n","protected":false},"author":1,"featured_media":0,"parent":0,"menu_order":0,"comment_status":"closed","ping_status":"closed","template":"","meta":{"inline_featured_image":false,"footnotes":""},"class_list":["post-7885","page","type-page","status-publish","hentry"],"yoast_head":"<!-- This site is optimized with the Yoast SEO plugin v19.10 - https:\/\/yoast.com\/wordpress\/plugins\/seo\/ -->\n<title>Anleitung Armbandwechsel Apple Watch - WEISSWALD - MOYA Bich Bark<\/title>\n<meta name=\"description\" content=\"Hier erfahren Sie wie Sie einen Armbandwechsel an Ihrer Apple Watch durchf\u00fchren um ein nachhaltiges WEISSWALD Birkenrinden Armband zu benutzen\" \/>\n<meta name=\"robots\" content=\"index, follow, max-snippet:-1, max-image-preview:large, max-video-preview:-1\" \/>\n<link rel=\"canonical\" href=\"https:\/\/moya-birchbark.com\/de\/anleitung-armbandwechsel-apple-watch\/\" \/>\n<meta property=\"og:locale\" content=\"de_DE\" \/>\n<meta property=\"og:type\" content=\"article\" \/>\n<meta property=\"og:title\" content=\"Anleitung Armbandwechsel Apple Watch - WEISSWALD - MOYA Bich Bark\" \/>\n<meta property=\"og:description\" content=\"Hier erfahren Sie wie Sie einen Armbandwechsel an Ihrer Apple Watch durchf\u00fchren um ein nachhaltiges WEISSWALD Birkenrinden Armband zu benutzen\" \/>\n<meta property=\"og:url\" content=\"https:\/\/moya-birchbark.com\/de\/anleitung-armbandwechsel-apple-watch\/\" \/>\n<meta property=\"og:site_name\" content=\"Moya Birkenrinde\" \/>\n<meta property=\"article:modified_time\" content=\"2021-04-15T09:56:04+00:00\" \/>\n<meta property=\"og:image\" content=\"https:\/\/moya-birchbark.com\/de\/wp-content\/uploads\/sites\/4\/2021\/02\/Wechseln-des-Bandes_Abb1-258x300.jpg\" \/>\n<meta name=\"twitter:card\" content=\"summary_large_image\" \/>\n<meta name=\"twitter:label1\" content=\"Gesch\u00e4tzte Lesezeit\" \/>\n\t<meta name=\"twitter:data1\" content=\"2\u00a0Minuten\" \/>\n<script type=\"application\/ld+json\" class=\"yoast-schema-graph\">{\"@context\":\"https:\/\/schema.org\",\"@graph\":[{\"@type\":\"WebPage\",\"@id\":\"https:\/\/moya-birchbark.com\/de\/anleitung-armbandwechsel-apple-watch\/\",\"url\":\"https:\/\/moya-birchbark.com\/de\/anleitung-armbandwechsel-apple-watch\/\",\"name\":\"Anleitung Armbandwechsel Apple Watch - WEISSWALD - MOYA Bich Bark\",\"isPartOf\":{\"@id\":\"https:\/\/moya-birchbark.com\/de\/#website\"},\"datePublished\":\"2021-02-08T14:48:33+00:00\",\"dateModified\":\"2021-04-15T09:56:04+00:00\",\"description\":\"Hier erfahren Sie wie Sie einen Armbandwechsel an Ihrer Apple Watch durchf\u00fchren um ein nachhaltiges WEISSWALD Birkenrinden Armband zu benutzen\",\"breadcrumb\":{\"@id\":\"https:\/\/moya-birchbark.com\/de\/anleitung-armbandwechsel-apple-watch\/#breadcrumb\"},\"inLanguage\":\"de\",\"potentialAction\":[{\"@type\":\"ReadAction\",\"target\":[\"https:\/\/moya-birchbark.com\/de\/anleitung-armbandwechsel-apple-watch\/\"]}]},{\"@type\":\"BreadcrumbList\",\"@id\":\"https:\/\/moya-birchbark.com\/de\/anleitung-armbandwechsel-apple-watch\/#breadcrumb\",\"itemListElement\":[{\"@type\":\"ListItem\",\"position\":1,\"name\":\"Home\",\"item\":\"https:\/\/moya-birchbark.com\/de\/\"},{\"@type\":\"ListItem\",\"position\":2,\"name\":\"Anleitung f\u00fcr den Armbandwechsel\"}]},{\"@type\":\"WebSite\",\"@id\":\"https:\/\/moya-birchbark.com\/de\/#website\",\"url\":\"https:\/\/moya-birchbark.com\/de\/\",\"name\":\"Moya Birkenrinde\",\"description\":\"MOYA Birch Bark\",\"publisher\":{\"@id\":\"https:\/\/moya-birchbark.com\/de\/#organization\"},\"potentialAction\":[{\"@type\":\"SearchAction\",\"target\":{\"@type\":\"EntryPoint\",\"urlTemplate\":\"https:\/\/moya-birchbark.com\/de\/?s={search_term_string}\"},\"query-input\":\"required name=search_term_string\"}],\"inLanguage\":\"de\"},{\"@type\":\"Organization\",\"@id\":\"https:\/\/moya-birchbark.com\/de\/#organization\",\"name\":\"Moya Birkenrinde\",\"url\":\"https:\/\/moya-birchbark.com\/de\/\",\"logo\":{\"@type\":\"ImageObject\",\"inLanguage\":\"de\",\"@id\":\"https:\/\/moya-birchbark.com\/de\/#\/schema\/logo\/image\/\",\"url\":\"https:\/\/moya-birchbark.com\/de\/wp-content\/uploads\/sites\/4\/2021\/05\/MOYA-Birch-Bark-Logo-white.png\",\"contentUrl\":\"https:\/\/moya-birchbark.com\/de\/wp-content\/uploads\/sites\/4\/2021\/05\/MOYA-Birch-Bark-Logo-white.png\",\"width\":520,\"height\":152,\"caption\":\"Moya Birkenrinde\"},\"image\":{\"@id\":\"https:\/\/moya-birchbark.com\/de\/#\/schema\/logo\/image\/\"}}]}<\/script>\n<!-- \/ Yoast SEO plugin. -->","yoast_head_json":{"title":"Anleitung Armbandwechsel Apple Watch - WEISSWALD - MOYA Bich Bark","description":"Hier erfahren Sie wie Sie einen Armbandwechsel an Ihrer Apple Watch durchf\u00fchren um ein nachhaltiges WEISSWALD Birkenrinden Armband zu benutzen","robots":{"index":"index","follow":"follow","max-snippet":"max-snippet:-1","max-image-preview":"max-image-preview:large","max-video-preview":"max-video-preview:-1"},"canonical":"https:\/\/moya-birchbark.com\/de\/anleitung-armbandwechsel-apple-watch\/","og_locale":"de_DE","og_type":"article","og_title":"Anleitung Armbandwechsel Apple Watch - WEISSWALD - MOYA Bich Bark","og_description":"Hier erfahren Sie wie Sie einen Armbandwechsel an Ihrer Apple Watch durchf\u00fchren um ein nachhaltiges WEISSWALD Birkenrinden Armband zu benutzen","og_url":"https:\/\/moya-birchbark.com\/de\/anleitung-armbandwechsel-apple-watch\/","og_site_name":"Moya Birkenrinde","article_modified_time":"2021-04-15T09:56:04+00:00","og_image":[{"url":"https:\/\/moya-birchbark.com\/de\/wp-content\/uploads\/sites\/4\/2021\/02\/Wechseln-des-Bandes_Abb1-258x300.jpg"}],"twitter_card":"summary_large_image","twitter_misc":{"Gesch\u00e4tzte Lesezeit":"2\u00a0Minuten"},"schema":{"@context":"https:\/\/schema.org","@graph":[{"@type":"WebPage","@id":"https:\/\/moya-birchbark.com\/de\/anleitung-armbandwechsel-apple-watch\/","url":"https:\/\/moya-birchbark.com\/de\/anleitung-armbandwechsel-apple-watch\/","name":"Anleitung Armbandwechsel Apple Watch - WEISSWALD - MOYA Bich Bark","isPartOf":{"@id":"https:\/\/moya-birchbark.com\/de\/#website"},"datePublished":"2021-02-08T14:48:33+00:00","dateModified":"2021-04-15T09:56:04+00:00","description":"Hier erfahren Sie wie Sie einen Armbandwechsel an Ihrer Apple Watch durchf\u00fchren um ein nachhaltiges WEISSWALD Birkenrinden Armband zu benutzen","breadcrumb":{"@id":"https:\/\/moya-birchbark.com\/de\/anleitung-armbandwechsel-apple-watch\/#breadcrumb"},"inLanguage":"de","potentialAction":[{"@type":"ReadAction","target":["https:\/\/moya-birchbark.com\/de\/anleitung-armbandwechsel-apple-watch\/"]}]},{"@type":"BreadcrumbList","@id":"https:\/\/moya-birchbark.com\/de\/anleitung-armbandwechsel-apple-watch\/#breadcrumb","itemListElement":[{"@type":"ListItem","position":1,"name":"Home","item":"https:\/\/moya-birchbark.com\/de\/"},{"@type":"ListItem","position":2,"name":"Anleitung f\u00fcr den Armbandwechsel"}]},{"@type":"WebSite","@id":"https:\/\/moya-birchbark.com\/de\/#website","url":"https:\/\/moya-birchbark.com\/de\/","name":"Moya Birkenrinde","description":"MOYA Birch Bark","publisher":{"@id":"https:\/\/moya-birchbark.com\/de\/#organization"},"potentialAction":[{"@type":"SearchAction","target":{"@type":"EntryPoint","urlTemplate":"https:\/\/moya-birchbark.com\/de\/?s={search_term_string}"},"query-input":"required name=search_term_string"}],"inLanguage":"de"},{"@type":"Organization","@id":"https:\/\/moya-birchbark.com\/de\/#organization","name":"Moya Birkenrinde","url":"https:\/\/moya-birchbark.com\/de\/","logo":{"@type":"ImageObject","inLanguage":"de","@id":"https:\/\/moya-birchbark.com\/de\/#\/schema\/logo\/image\/","url":"https:\/\/moya-birchbark.com\/de\/wp-content\/uploads\/sites\/4\/2021\/05\/MOYA-Birch-Bark-Logo-white.png","contentUrl":"https:\/\/moya-birchbark.com\/de\/wp-content\/uploads\/sites\/4\/2021\/05\/MOYA-Birch-Bark-Logo-white.png","width":520,"height":152,"caption":"Moya Birkenrinde"},"image":{"@id":"https:\/\/moya-birchbark.com\/de\/#\/schema\/logo\/image\/"}}]}},"_links":{"self":[{"href":"https:\/\/moya-birchbark.com\/de\/wp-json\/wp\/v2\/pages\/7885","targetHints":{"allow":["GET"]}}],"collection":[{"href":"https:\/\/moya-birchbark.com\/de\/wp-json\/wp\/v2\/pages"}],"about":[{"href":"https:\/\/moya-birchbark.com\/de\/wp-json\/wp\/v2\/types\/page"}],"author":[{"embeddable":true,"href":"https:\/\/moya-birchbark.com\/de\/wp-json\/wp\/v2\/users\/1"}],"replies":[{"embeddable":true,"href":"https:\/\/moya-birchbark.com\/de\/wp-json\/wp\/v2\/comments?post=7885"}],"version-history":[{"count":12,"href":"https:\/\/moya-birchbark.com\/de\/wp-json\/wp\/v2\/pages\/7885\/revisions"}],"predecessor-version":[{"id":8246,"href":"https:\/\/moya-birchbark.com\/de\/wp-json\/wp\/v2\/pages\/7885\/revisions\/8246"}],"wp:attachment":[{"href":"https:\/\/moya-birchbark.com\/de\/wp-json\/wp\/v2\/media?parent=7885"}],"curies":[{"name":"wp","href":"https:\/\/api.w.org\/{rel}","templated":true}]}}