{"id":4819,"date":"2019-04-23T15:39:25","date_gmt":"2019-04-23T15:39:25","guid":{"rendered":"https:\/\/moya-birchbark.com\/?page_id=4819"},"modified":"2025-04-08T16:12:15","modified_gmt":"2025-04-08T16:12:15","slug":"awards","status":"publish","type":"page","link":"https:\/\/moya-birchbark.com\/de\/awards\/","title":{"rendered":"Auszeichnungen"},"content":{"rendered":"<p>Crafts &amp; Design 2025 | Landespreis Kunsthandwerk Berlin, <em>1. Preis<\/em>, <em>2025<\/em><\/p>\r\n\r\n<p>Nature Art | Preis f\u00fcr umweltfreundliche \u00c4sthetik vom Lions Club Berlin-Preu\u00dfen von Humboldt,<em>\u00a02023<\/em><\/p>\r\n<p><a href=\"https:\/\/icff.com\/fair\/design-awards\/\">ICFF Editors Award |\u00a0Best Booth, Eco Solidarity, <\/a><em>2022<\/em><\/p>\r\n<p><a href=\"https:\/\/www.dezeen.com\/awards\/2022\/longlists\/weisswald-watch-straps\/\">Dezeen Award | Longlisted<\/a>, <em>2022<\/em><\/p>\r\n<p>Etsy Design Award | <em>Finalist<\/em>, <em>2021<\/em><\/p>\r\n<p><a href=\"https:\/\/www.exist.de\/DE\/Home\/inhalt.html\">EXIST<\/a> Gr\u00fcnder-Stipendium,\u00a0<em>2019<\/em><\/p>\r\n<p><a href=\"https:\/\/www.she-works.de\/aktuelles\/preisverleihung-unternehmerinnen-der-zukunft-2019\/2019\/10\/28\/\" target=\"_blank\" rel=\"noopener\">Unternehmerinnen der Zukunft<\/a> | \u201cVon Offline zu Online\u201c,\u00a0<em>2019<\/em><\/p>\r\n<p><a href=\"https:\/\/digital-female-leader.de\">Digital Female Leader Award<\/a> | Nominee,\u00a0<em>2019<\/em><\/p>\r\n<p><a href=\"http:\/\/www.german-design-award.com\/\">German Design Award<\/a> | <em>Nominee, 2018<\/em><\/p>\r\n<p><a href=\"http:\/\/ambiente-blog.com\/de\/talents-2018\/\">Ambiente Talents<\/a> | <em>Nominee, 2018<\/em><\/p>\r\n<p>Creators Community by Formland | <em>Nominee, 2017<\/em><\/p>\r\n<p><a href=\"http:\/\/www.designpreis-brandenburg.de\/preistraeger-in-der-kategorie-nachwuchspreis\/\">Designpreis Brandenburg<\/a> |<em> Newcomer<\/em><em>, 3 Place, 2017<\/em><\/p>\r\n<p><a href=\"http:\/\/www.designpreis-brandenburg.de\/nominierungen-in-der-kategorie-nachwuchspreis\/\">Berliner Volksbank Grant<\/a> |\u00a0<em>Applied Arts\u00a02016<\/em><\/p>\r\n<p><a href=\"https:\/\/marianne-brandt-wettbewerb.de\/de\/wettbewerbe-index\/anastasiya-koshcheeva.html\">6. International Marianne Brandt Contest<\/a> | Poesie des Funktionalen,\u00a0Material Effects\u00a0| <em>Product Category, 2nd Place,\u00a02016<\/em><\/p>\r\n<p>DMY New Talents Competition | <em>Winners<\/em>, <em>2016<\/em><\/p>\r\n<p>Materialica\u00a0Design + Technology Student Award | <em>Honorable Mention, 2014\u00a0<\/em><\/p>\r\n<p>Salone Satellite Worldwide Moscow |\u00a0<em>2nd Place, 2014<\/em><\/p>\r\n","protected":false},"excerpt":{"rendered":"<p>Crafts &amp; Design 2025 | Landespreis Kunsthandwerk Berlin, 1. Preis, 2025 Nature Art | Preis f\u00fcr umweltfreundliche \u00c4sthetik vom Lions Club Berlin-Preu\u00dfen von&hellip;<\/p>\n","protected":false},"author":1,"featured_media":0,"parent":0,"menu_order":0,"comment_status":"closed","ping_status":"closed","template":"","meta":{"inline_featured_image":false,"footnotes":""},"class_list":["post-4819","page","type-page","status-publish","hentry"],"yoast_head":"<!-- This site is optimized with the Yoast SEO plugin v19.10 - https:\/\/yoast.com\/wordpress\/plugins\/seo\/ -->\n<title>Auszeichnungen - Moya Birkenrinde<\/title>\n<meta name=\"robots\" content=\"index, follow, max-snippet:-1, max-image-preview:large, max-video-preview:-1\" \/>\n<link rel=\"canonical\" href=\"https:\/\/moya-birchbark.com\/de\/awards\/\" \/>\n<meta property=\"og:locale\" content=\"de_DE\" \/>\n<meta property=\"og:type\" content=\"article\" \/>\n<meta property=\"og:title\" content=\"Auszeichnungen - Moya Birkenrinde\" \/>\n<meta property=\"og:description\" content=\"Crafts &amp; Design 2025 | Landespreis Kunsthandwerk Berlin, 1. Preis, 2025 Nature Art | Preis f\u00fcr umweltfreundliche \u00c4sthetik vom Lions Club Berlin-Preu\u00dfen von&hellip;\" \/>\n<meta property=\"og:url\" content=\"https:\/\/moya-birchbark.com\/de\/awards\/\" \/>\n<meta property=\"og:site_name\" content=\"Moya Birkenrinde\" \/>\n<meta property=\"article:modified_time\" content=\"2025-04-08T16:12:15+00:00\" \/>\n<meta name=\"twitter:card\" content=\"summary_large_image\" \/>\n<meta name=\"twitter:label1\" content=\"Gesch\u00e4tzte Lesezeit\" \/>\n\t<meta name=\"twitter:data1\" content=\"1\u00a0Minute\" \/>\n<script type=\"application\/ld+json\" class=\"yoast-schema-graph\">{\"@context\":\"https:\/\/schema.org\",\"@graph\":[{\"@type\":\"WebPage\",\"@id\":\"https:\/\/moya-birchbark.com\/de\/awards\/\",\"url\":\"https:\/\/moya-birchbark.com\/de\/awards\/\",\"name\":\"Auszeichnungen - Moya Birkenrinde\",\"isPartOf\":{\"@id\":\"https:\/\/moya-birchbark.com\/de\/#website\"},\"datePublished\":\"2019-04-23T15:39:25+00:00\",\"dateModified\":\"2025-04-08T16:12:15+00:00\",\"breadcrumb\":{\"@id\":\"https:\/\/moya-birchbark.com\/de\/awards\/#breadcrumb\"},\"inLanguage\":\"de\",\"potentialAction\":[{\"@type\":\"ReadAction\",\"target\":[\"https:\/\/moya-birchbark.com\/de\/awards\/\"]}]},{\"@type\":\"BreadcrumbList\",\"@id\":\"https:\/\/moya-birchbark.com\/de\/awards\/#breadcrumb\",\"itemListElement\":[{\"@type\":\"ListItem\",\"position\":1,\"name\":\"Home\",\"item\":\"https:\/\/moya-birchbark.com\/de\/\"},{\"@type\":\"ListItem\",\"position\":2,\"name\":\"Auszeichnungen\"}]},{\"@type\":\"WebSite\",\"@id\":\"https:\/\/moya-birchbark.com\/de\/#website\",\"url\":\"https:\/\/moya-birchbark.com\/de\/\",\"name\":\"Moya Birkenrinde\",\"description\":\"MOYA Birch Bark\",\"publisher\":{\"@id\":\"https:\/\/moya-birchbark.com\/de\/#organization\"},\"potentialAction\":[{\"@type\":\"SearchAction\",\"target\":{\"@type\":\"EntryPoint\",\"urlTemplate\":\"https:\/\/moya-birchbark.com\/de\/?s={search_term_string}\"},\"query-input\":\"required name=search_term_string\"}],\"inLanguage\":\"de\"},{\"@type\":\"Organization\",\"@id\":\"https:\/\/moya-birchbark.com\/de\/#organization\",\"name\":\"Moya Birkenrinde\",\"url\":\"https:\/\/moya-birchbark.com\/de\/\",\"logo\":{\"@type\":\"ImageObject\",\"inLanguage\":\"de\",\"@id\":\"https:\/\/moya-birchbark.com\/de\/#\/schema\/logo\/image\/\",\"url\":\"https:\/\/moya-birchbark.com\/de\/wp-content\/uploads\/sites\/4\/2021\/05\/MOYA-Birch-Bark-Logo-white.png\",\"contentUrl\":\"https:\/\/moya-birchbark.com\/de\/wp-content\/uploads\/sites\/4\/2021\/05\/MOYA-Birch-Bark-Logo-white.png\",\"width\":520,\"height\":152,\"caption\":\"Moya Birkenrinde\"},\"image\":{\"@id\":\"https:\/\/moya-birchbark.com\/de\/#\/schema\/logo\/image\/\"}}]}<\/script>\n<!-- \/ Yoast SEO plugin. -->","yoast_head_json":{"title":"Auszeichnungen - Moya Birkenrinde","robots":{"index":"index","follow":"follow","max-snippet":"max-snippet:-1","max-image-preview":"max-image-preview:large","max-video-preview":"max-video-preview:-1"},"canonical":"https:\/\/moya-birchbark.com\/de\/awards\/","og_locale":"de_DE","og_type":"article","og_title":"Auszeichnungen - Moya Birkenrinde","og_description":"Crafts &amp; Design 2025 | Landespreis Kunsthandwerk Berlin, 1. Preis, 2025 Nature Art | Preis f\u00fcr umweltfreundliche \u00c4sthetik vom Lions Club Berlin-Preu\u00dfen von&hellip;","og_url":"https:\/\/moya-birchbark.com\/de\/awards\/","og_site_name":"Moya Birkenrinde","article_modified_time":"2025-04-08T16:12:15+00:00","twitter_card":"summary_large_image","twitter_misc":{"Gesch\u00e4tzte Lesezeit":"1\u00a0Minute"},"schema":{"@context":"https:\/\/schema.org","@graph":[{"@type":"WebPage","@id":"https:\/\/moya-birchbark.com\/de\/awards\/","url":"https:\/\/moya-birchbark.com\/de\/awards\/","name":"Auszeichnungen - Moya Birkenrinde","isPartOf":{"@id":"https:\/\/moya-birchbark.com\/de\/#website"},"datePublished":"2019-04-23T15:39:25+00:00","dateModified":"2025-04-08T16:12:15+00:00","breadcrumb":{"@id":"https:\/\/moya-birchbark.com\/de\/awards\/#breadcrumb"},"inLanguage":"de","potentialAction":[{"@type":"ReadAction","target":["https:\/\/moya-birchbark.com\/de\/awards\/"]}]},{"@type":"BreadcrumbList","@id":"https:\/\/moya-birchbark.com\/de\/awards\/#breadcrumb","itemListElement":[{"@type":"ListItem","position":1,"name":"Home","item":"https:\/\/moya-birchbark.com\/de\/"},{"@type":"ListItem","position":2,"name":"Auszeichnungen"}]},{"@type":"WebSite","@id":"https:\/\/moya-birchbark.com\/de\/#website","url":"https:\/\/moya-birchbark.com\/de\/","name":"Moya Birkenrinde","description":"MOYA Birch Bark","publisher":{"@id":"https:\/\/moya-birchbark.com\/de\/#organization"},"potentialAction":[{"@type":"SearchAction","target":{"@type":"EntryPoint","urlTemplate":"https:\/\/moya-birchbark.com\/de\/?s={search_term_string}"},"query-input":"required name=search_term_string"}],"inLanguage":"de"},{"@type":"Organization","@id":"https:\/\/moya-birchbark.com\/de\/#organization","name":"Moya Birkenrinde","url":"https:\/\/moya-birchbark.com\/de\/","logo":{"@type":"ImageObject","inLanguage":"de","@id":"https:\/\/moya-birchbark.com\/de\/#\/schema\/logo\/image\/","url":"https:\/\/moya-birchbark.com\/de\/wp-content\/uploads\/sites\/4\/2021\/05\/MOYA-Birch-Bark-Logo-white.png","contentUrl":"https:\/\/moya-birchbark.com\/de\/wp-content\/uploads\/sites\/4\/2021\/05\/MOYA-Birch-Bark-Logo-white.png","width":520,"height":152,"caption":"Moya Birkenrinde"},"image":{"@id":"https:\/\/moya-birchbark.com\/de\/#\/schema\/logo\/image\/"}}]}},"_links":{"self":[{"href":"https:\/\/moya-birchbark.com\/de\/wp-json\/wp\/v2\/pages\/4819","targetHints":{"allow":["GET"]}}],"collection":[{"href":"https:\/\/moya-birchbark.com\/de\/wp-json\/wp\/v2\/pages"}],"about":[{"href":"https:\/\/moya-birchbark.com\/de\/wp-json\/wp\/v2\/types\/page"}],"author":[{"embeddable":true,"href":"https:\/\/moya-birchbark.com\/de\/wp-json\/wp\/v2\/users\/1"}],"replies":[{"embeddable":true,"href":"https:\/\/moya-birchbark.com\/de\/wp-json\/wp\/v2\/comments?post=4819"}],"version-history":[{"count":15,"href":"https:\/\/moya-birchbark.com\/de\/wp-json\/wp\/v2\/pages\/4819\/revisions"}],"predecessor-version":[{"id":11734,"href":"https:\/\/moya-birchbark.com\/de\/wp-json\/wp\/v2\/pages\/4819\/revisions\/11734"}],"wp:attachment":[{"href":"https:\/\/moya-birchbark.com\/de\/wp-json\/wp\/v2\/media?parent=4819"}],"curies":[{"name":"wp","href":"https:\/\/api.w.org\/{rel}","templated":true}]}}