{"id":4662,"date":"2019-04-23T13:19:23","date_gmt":"2019-04-23T13:19:23","guid":{"rendered":"https:\/\/moya-birchbark.com\/?page_id=4662"},"modified":"2022-09-29T10:47:30","modified_gmt":"2022-09-29T10:47:30","slug":"press","status":"publish","type":"page","link":"https:\/\/moya-birchbark.com\/de\/press\/","title":{"rendered":"Presse"},"content":{"rendered":"\n<p>MOYA kreiert moderne Design-Produkte aus nat\u00fcrlicher Birkenrinde von h\u00f6chster Qualit\u00e4t und\u00a0fertigt sie in sozialer sowie \u00f6kologischer Verantwortung mit dem Ziel, das Jahrtausende alte, vom Aussterben bedrohte Handwerk neu zu beleben. Gegr\u00fcndet wurde MOYA von Anastasiya Koshcheeva 2018 in Berlin, wobei die Designerin sich bereits seit 2012 mit dem Rohstoff Birkenrinde besch\u00e4ftigt. Seit der Gr\u00fcndung verfolgt MOYA den Ansatz, die faszinierenden und vielf\u00e4ltigen Eigenschaften der Birkenrinde zu erforschen und durch funktionale Produktl\u00f6sungen in den Alltag zu integrieren.\u00a0<\/p>\n<h4><strong>Ansprechpartnerin<\/strong><\/h4>\n<p>Anastasiya Koshcheeva, Gr\u00fcnderin von MOYA <br \/><a href=\"mailto:ak@moya-birchbark.com\">ak@moya-birchbark.com<\/a><\/p>\n<h4><strong>Pressebilder zum Download<\/strong><\/h4>\n<ul>\n<li><a href=\"https:\/\/moya-cloud.com\/index.php\/s\/ATYMxyjGJwQ8Twx\">Kampagne 2022<\/a><\/li>\n<li><a href=\"https:\/\/moya-cloud.com\/index.php\/s\/rxK3cMfK74jb9Ni\">Unternehmen<\/a><\/li>\n<li><a href=\"https:\/\/moya-cloud.com\/index.php\/s\/2DBcyewCsN4WmNd\">Produkte<\/a><\/li>\n<\/ul>\n<p>Hinweis: Bitte auf Copyright verweisen, mehr Bilder auf Anfrage.<\/p>\n<h4><strong><br \/>Ausgew\u00e4hlte Ver\u00f6ffentlichungen<br \/><\/strong><\/h4>\n<ul>\n<li><strong>Arte<\/strong> \/ Die Rohstoff-Revolution &#8211; Neu, nat\u00fcrlich, nachwachsend 10.02.2021, 19:45<\/li>\n<li><a href=\"https:\/\/www.zdf.de\/gesellschaft\/plan-b\/plan-b-mit-der-kraft-der-natur-100.html\" target=\"_blank\" rel=\"noopener\"><strong>ZDF Plan<\/strong> <strong>B<\/strong><\/a> \/ Mit der Kraft der Natur &#8211; Die Rohstoff Revolution 25.02.2021<\/li>\n<li><a href=\"https:\/\/www.sueddeutsche.de\/stil\/birke-birkenrinde-design-berlin-1.4562286\" target=\"_blank\" rel=\"noopener noreferrer\"><strong>S\u00fcddeutsche Zeitung <\/strong><\/a>\/ Baum im Raum 17.08-18.08.2019<\/li>\n<li><strong><a href=\"https:\/\/utopia.de\/tuesa-antibakterielle-vorratsdosen-aus-birke-55726\/\">Utopia<\/a>\u00a0<\/strong>\/ &#8220;Tuesa&#8221;: plastikfreie Vorratsdosen aus Birkenrinde<\/li>\n<li><strong>FLOW Magazin \/ <\/strong>\u201cWas machst du gerade?\u201d (# 46 \u2013 Dezember 2019)<\/li>\n<li><strong><a href=\"https:\/\/www.faz.net\/aktuell\/wirtschaft\/wohnen\/birkenrinde-kehrt-als-biologischer-baustoff-zurueck-16576758.html\" target=\"_blank\" rel=\"noreferrer noopener\" aria-label=\"Frankfurter Allgemeine Sonntagszeitung (opens in a new tab)\" data-rich-text-format-boundary=\"true\">Frankfurter Allgemeine Sonntagszeitung<\/a> \/ <\/strong>&#8220;Weist Wasser ab, zieht Blicke an&#8221; 12.01.2020<\/li>\n<li><strong>AEROFLOT Magazin<\/strong> \/ Heritage: Birch Bark Craft\u00a0<\/li>\n<li><strong><a href=\"https:\/\/www.pamono.com\/stories\/anastasiya-koshcheeva-designs-for-greater-good\" target=\"_blank\" rel=\"noopener noreferrer\">Pamono<\/a><\/strong> \/ On a Mission. Anastasiya Koshcheevas Designs for a greater good<\/li>\n<\/ul>\n<p>\u00a0<\/p>\n\n\n\n<figure class=\"wp-block-gallery aligncenter has-nested-images columns-default is-cropped wp-block-gallery-1 is-layout-flex wp-block-gallery-is-layout-flex\">\n<figure class=\"wp-block-image size-large\"><img decoding=\"async\" width=\"1024\" height=\"852\" data-id=\"8959\" src=\"https:\/\/moya-birchbark.com\/de\/wp-content\/uploads\/sites\/4\/2021\/06\/MOYA-SZ-Artikel-1024x852.jpg\" alt=\"\" class=\"wp-image-8959\" srcset=\"https:\/\/moya-birchbark.com\/de\/wp-content\/uploads\/sites\/4\/2021\/06\/MOYA-SZ-Artikel-1024x852.jpg 1024w, https:\/\/moya-birchbark.com\/de\/wp-content\/uploads\/sites\/4\/2021\/06\/MOYA-SZ-Artikel-300x250.jpg 300w, https:\/\/moya-birchbark.com\/de\/wp-content\/uploads\/sites\/4\/2021\/06\/MOYA-SZ-Artikel-768x639.jpg 768w, https:\/\/moya-birchbark.com\/de\/wp-content\/uploads\/sites\/4\/2021\/06\/MOYA-SZ-Artikel-250x208.jpg 250w, https:\/\/moya-birchbark.com\/de\/wp-content\/uploads\/sites\/4\/2021\/06\/MOYA-SZ-Artikel-830x690.jpg 830w, https:\/\/moya-birchbark.com\/de\/wp-content\/uploads\/sites\/4\/2021\/06\/MOYA-SZ-Artikel-790x657.jpg 790w, https:\/\/moya-birchbark.com\/de\/wp-content\/uploads\/sites\/4\/2021\/06\/MOYA-SZ-Artikel.jpg 1058w\" sizes=\"(max-width: 1024px) 100vw, 1024px\" \/><\/figure>\n\n\n\n<figure class=\"wp-block-image size-large\"><img decoding=\"async\" width=\"991\" height=\"861\" data-id=\"8960\" src=\"https:\/\/moya-birchbark.com\/de\/wp-content\/uploads\/sites\/4\/2021\/06\/MOYA-FAZ-Artikel-1.jpg\" alt=\"\" class=\"wp-image-8960\" srcset=\"https:\/\/moya-birchbark.com\/de\/wp-content\/uploads\/sites\/4\/2021\/06\/MOYA-FAZ-Artikel-1.jpg 991w, https:\/\/moya-birchbark.com\/de\/wp-content\/uploads\/sites\/4\/2021\/06\/MOYA-FAZ-Artikel-1-300x261.jpg 300w, https:\/\/moya-birchbark.com\/de\/wp-content\/uploads\/sites\/4\/2021\/06\/MOYA-FAZ-Artikel-1-768x667.jpg 768w, https:\/\/moya-birchbark.com\/de\/wp-content\/uploads\/sites\/4\/2021\/06\/MOYA-FAZ-Artikel-1-250x217.jpg 250w, https:\/\/moya-birchbark.com\/de\/wp-content\/uploads\/sites\/4\/2021\/06\/MOYA-FAZ-Artikel-1-794x690.jpg 794w, https:\/\/moya-birchbark.com\/de\/wp-content\/uploads\/sites\/4\/2021\/06\/MOYA-FAZ-Artikel-1-790x686.jpg 790w\" sizes=\"(max-width: 991px) 100vw, 991px\" \/><\/figure>\n\n\n\n<figure class=\"wp-block-image size-large\"><img decoding=\"async\" width=\"667\" height=\"808\" data-id=\"8961\" src=\"https:\/\/moya-birchbark.com\/de\/wp-content\/uploads\/sites\/4\/2021\/06\/MOYA-UTOPIA-Artikel.jpg\" alt=\"\" class=\"wp-image-8961\" srcset=\"https:\/\/moya-birchbark.com\/de\/wp-content\/uploads\/sites\/4\/2021\/06\/MOYA-UTOPIA-Artikel.jpg 667w, https:\/\/moya-birchbark.com\/de\/wp-content\/uploads\/sites\/4\/2021\/06\/MOYA-UTOPIA-Artikel-248x300.jpg 248w, https:\/\/moya-birchbark.com\/de\/wp-content\/uploads\/sites\/4\/2021\/06\/MOYA-UTOPIA-Artikel-250x303.jpg 250w, https:\/\/moya-birchbark.com\/de\/wp-content\/uploads\/sites\/4\/2021\/06\/MOYA-UTOPIA-Artikel-570x690.jpg 570w\" sizes=\"(max-width: 667px) 100vw, 667px\" \/><\/figure>\n<\/figure>\n\n\n\n<figure class=\"wp-block-gallery aligncenter has-nested-images columns-default is-cropped wp-block-gallery-2 is-layout-flex wp-block-gallery-is-layout-flex\">\n<figure class=\"wp-block-image size-large\"><img decoding=\"async\" width=\"821\" height=\"1024\" data-id=\"10501\" src=\"https:\/\/moya-birchbark.com\/de\/wp-content\/uploads\/sites\/4\/2022\/03\/20220117_Brigitte_Weisswald-821x1024.png\" alt=\"\" class=\"wp-image-10501\" srcset=\"https:\/\/moya-birchbark.com\/de\/wp-content\/uploads\/sites\/4\/2022\/03\/20220117_Brigitte_Weisswald-821x1024.png 821w, https:\/\/moya-birchbark.com\/de\/wp-content\/uploads\/sites\/4\/2022\/03\/20220117_Brigitte_Weisswald-240x300.png 240w, https:\/\/moya-birchbark.com\/de\/wp-content\/uploads\/sites\/4\/2022\/03\/20220117_Brigitte_Weisswald-250x312.png 250w, https:\/\/moya-birchbark.com\/de\/wp-content\/uploads\/sites\/4\/2022\/03\/20220117_Brigitte_Weisswald-553x690.png 553w, https:\/\/moya-birchbark.com\/de\/wp-content\/uploads\/sites\/4\/2022\/03\/20220117_Brigitte_Weisswald-790x985.png 790w, https:\/\/moya-birchbark.com\/de\/wp-content\/uploads\/sites\/4\/2022\/03\/20220117_Brigitte_Weisswald.png 970w\" sizes=\"(max-width: 821px) 100vw, 821px\" \/><figcaption>Brigitte \/ M\u00e4rz 2022<\/figcaption><\/figure>\n\n\n\n<figure class=\"wp-block-image size-full\"><img decoding=\"async\" width=\"681\" height=\"905\" data-id=\"10502\" src=\"https:\/\/moya-birchbark.com\/de\/wp-content\/uploads\/sites\/4\/2022\/03\/Schoener-Wohnen.jpg\" alt=\"\" class=\"wp-image-10502\" srcset=\"https:\/\/moya-birchbark.com\/de\/wp-content\/uploads\/sites\/4\/2022\/03\/Schoener-Wohnen.jpg 681w, https:\/\/moya-birchbark.com\/de\/wp-content\/uploads\/sites\/4\/2022\/03\/Schoener-Wohnen-226x300.jpg 226w, https:\/\/moya-birchbark.com\/de\/wp-content\/uploads\/sites\/4\/2022\/03\/Schoener-Wohnen-250x332.jpg 250w, https:\/\/moya-birchbark.com\/de\/wp-content\/uploads\/sites\/4\/2022\/03\/Schoener-Wohnen-519x690.jpg 519w\" sizes=\"(max-width: 681px) 100vw, 681px\" \/><figcaption>Sch\u00f6ner Wohnen \/ Januar 2022<\/figcaption><\/figure>\n\n\n\n<figure class=\"wp-block-image size-full\"><img decoding=\"async\" width=\"741\" height=\"959\" data-id=\"10505\" src=\"https:\/\/moya-birchbark.com\/de\/wp-content\/uploads\/sites\/4\/2022\/03\/Living-at-home-2022-3.jpg\" alt=\"\" class=\"wp-image-10505\" srcset=\"https:\/\/moya-birchbark.com\/de\/wp-content\/uploads\/sites\/4\/2022\/03\/Living-at-home-2022-3.jpg 741w, https:\/\/moya-birchbark.com\/de\/wp-content\/uploads\/sites\/4\/2022\/03\/Living-at-home-2022-3-232x300.jpg 232w, https:\/\/moya-birchbark.com\/de\/wp-content\/uploads\/sites\/4\/2022\/03\/Living-at-home-2022-3-250x324.jpg 250w, https:\/\/moya-birchbark.com\/de\/wp-content\/uploads\/sites\/4\/2022\/03\/Living-at-home-2022-3-533x690.jpg 533w\" sizes=\"(max-width: 741px) 100vw, 741px\" \/><figcaption>Living at Home \/ Januar 2022<\/figcaption><\/figure>\n<\/figure>\n\n\n\n<p>\u00a0<\/p>\n<h4><strong>Weitere<\/strong>\u00a0<strong>Ver\u00f6ffentlichungen<\/strong><\/h4>\n<ul>\n<li><strong>Wohn!Design<\/strong> \/ Mai 2021<\/li>\n<li><a href=\"https:\/\/www.dear-magazin.de\/newcomer\/Korob_18801700.html\"><strong>Dear Magazin<\/strong><\/a>\u00a0\/ Frisch aus dem Wald<br \/><a href=\"https:\/\/www.dear-magazin.de\/newcomer\/From-Siberia_16064411.html\" target=\"_blank\" rel=\"noopener noreferrer\"><strong>Dear Magazin<\/strong><\/a> \/ From Siberia<\/li>\n<li><a href=\"https:\/\/www.elledecoration.ru\/heroes\/design\/novye-imena-dizainer-anastasiya-kosheeva-id6820106\/\"><strong>Elle Decoration Russia<\/strong><\/a> \/ New names of the Russian Design: Anastasiya Koshcheeva<\/li>\n<li><strong><a href=\"https:\/\/www.admagazine.ru\/design\/nashe-russkoe-novinki-brenda-moya-na-vystavke-maison-objet\" target=\"_blank\" rel=\"noopener noreferrer\">AD Magazine<\/a><\/strong>\u00a0 \/ Bringing Siberia to Paris: latest pieces of MOYA at Maison &amp; Objet\u00a0<\/li>\n<li><a href=\"https:\/\/www.designboom.com\/design\/anastasiya-koshcheeva-sibirjak-lounge-chair-birchbark-12-10-2014\/\"><strong>Designboom<\/strong><\/a>\u00a0\/ Anastasiya Koshcheeva configures Sibirjak Lounge Chair from Birch Bark<\/li>\n<li><a href=\"https:\/\/www.dezeen.com\/2015\/11\/29\/naturalist-exhibition-products-reconnect-city-dwellers-with-nature-orangery-of-tavrida-garden-st-petersburg-russia\/\"><strong>Dezeen<\/strong><\/a> \/ Naturalist exhibition in Russia features products that reconnect city dwellers with nature<\/li>\n<li><a href=\"http:\/\/www.haute-innovation.com\/en\/magazine\/sustainabilty\/antiseptical-birchbark-anastasiya-koshcheeva.html\"><strong>Haute Innovation<\/strong><\/a> \/ Antiseptical Birch Bark<\/li>\n<li><strong><a href=\"https:\/\/design-milk.com\/sibirjak-modern-lounge-chair-made-birchbark\/\" target=\"_blank\" rel=\"noopener noreferrer\">Design Milk<\/a>\u00a0<\/strong>\/ A modern Lounge Chair made of Birch Bark<br \/><a href=\"https:\/\/design-milk.com\/siberia-brings-back-traditional-siberian-craft\/\" target=\"_blank\" rel=\"noopener noreferrer\"><strong>Design Milk<\/strong><\/a> \/ &#8220;From Siberia&#8221; brings back a Traditional Siberian Craft<\/li>\n<li><strong><a href=\"https:\/\/design-mate.ru\/read\/people\/anastasiya-kosheeva\" target=\"_blank\" rel=\"noopener noreferrer\">Design Mate<\/a><\/strong> \/ From Russia with Love<\/li>\n<li><strong><a href=\"http:\/\/makersofsiberia.com\/lyudi\/kosheeva.html\" target=\"_blank\" rel=\"noopener noreferrer\">Makers of Siberia<\/a><\/strong> \u00a0\/ Interview<\/li>\n<li><a href=\"https:\/\/www.wallpaper.com\/salone-del-mobile\/2015-archive#pic_15575\" target=\"_blank\" rel=\"noopener noreferrer\"><strong>Wallpaper<\/strong><\/a> \/ Salone del mobile 2015<\/li>\n<li><strong><a href=\"https:\/\/vegconomist.de\/produkte-und-neuerscheinungen\/moya-launcht-weisswald-vegane-uhrenarmbaender-aus-birkenrinde\/?pk_campaign=feed&amp;pk_kwd=moya-launcht-weisswald-vegane-uhrenarmbaender-aus-birkenrinde\" target=\"_blank\" rel=\"noopener\">Vegconomist<\/a><\/strong> \/ Moya launcht Weisswald: Vegane Uhrenarmb\u00e4nder aus Birkenrinde<\/li>\n<li><a href=\"https:\/\/etailment.de\/news\/stories\/Digitalisierung-sibirische-Birke-Design-22342\" target=\"_blank\" rel=\"noopener noreferrer\"><strong>e-tailment<\/strong><\/a> \/ Digitalisierung: Die sibirische Birke bl\u00fcht wieder auf<\/li>\n<li><a href=\"https:\/\/www.greengadgets.de\/2018\/02\/22\/moya-nachhaltige-behaelter-und-moebel-aus-birkenrinde\/\" target=\"_blank\" rel=\"noopener noreferrer\"><strong>Green gadgets<\/strong><\/a> \/ Nachhaltige Beh\u00e4lter und M\u00f6bel aus Birkenrinde<\/li>\n<li><a href=\"http:\/\/dzinetrip.com\/designer-turns-an-age-old-siberian-craft-into-contemporary-design\/\" target=\"_blank\" rel=\"noopener noreferrer\"><strong>DZine Trip<\/strong><\/a> \/ Designer turns an age-old siberian craft into contemporary design<\/li>\n<li><a href=\"https:\/\/blog-espritdesign.com\/mobilier\/sibirjak-le-fauteuil-en-ecorce-par-anastasiya-koshcheeva-28455\" target=\"_blank\" rel=\"noopener noreferrer\"><strong>Blog Esprit Design<\/strong><\/a> \/ Sibirjak le fauteuil en \u00e9corce par Anastasiya Koshcheeva<\/li>\n<li><a href=\"https:\/\/freshideen.com\/moebel\/relaxsessel-mit-hocker.html\" target=\"_blank\" rel=\"noopener noreferrer\"><strong>Fresh Ideen<\/strong><\/a> \/ Relaxsessel mit Hocker \u201eSibirjak\u201c von Designerin Anastasiya Koshcheeva<\/li>\n<li><a href=\"https:\/\/www.joliplace.com\/moya-design-ecorce-de-bouleau\/\" target=\"_blank\" rel=\"noopener noreferrer\"><strong>Joli Place<\/strong><\/a> \/ Moya, design en \u00e9corce de bouleau<\/li>\n<li><a href=\"http:\/\/www.journal-du-design.fr\/design\/svetoch-et-tuesa-luminaires-et-objets-en-ecorce-darbre-par-anastasiya-koshcheeva-101490\/\" target=\"_blank\" rel=\"noopener noreferrer\"><strong>Journal du Design<\/strong><\/a> \/ Svetoch et Tuesa, luminaires et objets en \u00e9corce d\u2019arbre par Anastasiya Koshcheeva<\/li>\n<li><a href=\"https:\/\/tutdesign.ru\/cats\/object\/32693-moj-samy-j-bely-j-3-inter-erny-h-podarka-iz-serdtsa-zimy.html\" target=\"_blank\" rel=\"noopener noreferrer\"><strong>TUT Design<\/strong><\/a> \/ Geschenke aus dem Herzen des Winters<\/li>\n<li><strong><a href=\"https:\/\/luxuryliving-fengshui.com\/sibierische-birkenrinde-in-mordernem-design\/\" target=\"_blank\" rel=\"noopener noreferrer\" data-rich-text-format-boundary=\"true\">Luxury Living Feng Shui BLOG<\/a> <\/strong>\/ Interview\u00a0<\/li>\n<li><a href=\"https:\/\/etailment.de\/news\/stories\/Digitalisierung-sibirische-Birke-Design-22342\" target=\"_blank\" rel=\"noopener noreferrer\"><strong>E-tailment<\/strong><\/a> \/ Die sibirische Birke bl\u00fcht wieder auf<\/li>\n<li><strong>MD<\/strong> \/ 12.2018<\/li>\n<li><strong>Enorm-Magazin<\/strong> \/ Tupper-Box aus Birkenrinde\u00a0<\/li>\n<li><strong>EGGER Magazin<\/strong> \/ Edition 11, 2018<\/li>\n<li><strong>TIP Berlin<\/strong> \/ 12.2018<\/li>\n<li><strong>ZITTY<\/strong> \/ 12.2018<\/li>\n<li><strong>Tagesspiegel \/ Wohnen<\/strong> \/ 29.09.2017<\/li>\n<li><span style=\"font-weight: 600;\">S\u00fcddeutsche<\/span><b>\u00a0Zeitung <\/b>\/ Stil \/ 10-11.11.2016<\/li>\n<li><b>Ingenious<\/b> \/ Product Design that works, ISBN 978-988-77409-7-1<\/li>\n<li><strong>Salone Satellite<\/strong> \/ 20 Years of new Creativity, 2016<\/li>\n<li><strong>Interni<\/strong> \/ 07, 08.2016<\/li>\n<li><strong>Maison &amp; Objet \/ Inspirations &#8220;Wild&#8221;<\/strong> \/ Edition 28, 2016<\/li>\n<li><strong>Bauwelt<\/strong> \/ 22.2015<\/li>\n<li><strong>Wohnrevue<\/strong> \/ 03.2015<\/li>\n<li><strong>Holz-Zentralblatt<\/strong> \/ 30.04.2015<\/li>\n<\/ul>\n","protected":false},"excerpt":{"rendered":"<p>MOYA kreiert moderne Design-Produkte aus nat\u00fcrlicher Birkenrinde von h\u00f6chster Qualit\u00e4t und\u00a0fertigt sie in sozialer sowie \u00f6kologischer Verantwortung mit dem Ziel, das Jahrtausende alte,&hellip;<\/p>\n","protected":false},"author":1,"featured_media":0,"parent":0,"menu_order":0,"comment_status":"closed","ping_status":"closed","template":"page-templates\/full-width.php","meta":{"inline_featured_image":false,"footnotes":""},"class_list":["post-4662","page","type-page","status-publish","hentry"],"yoast_head":"<!-- This site is optimized with the Yoast SEO plugin v19.10 - https:\/\/yoast.com\/wordpress\/plugins\/seo\/ -->\n<title>Presse - Moya Birkenrinde<\/title>\n<meta name=\"description\" content=\"MOYA kreiert moderne Design-Produkte aus nat\u00fcrlicher Birkenrinde von h\u00f6chster Qualit\u00e4t und\u00a0fertigt sie in sozialer sowie \u00f6kologischer Verantwortung mit dem Ziel, das Jahrtausende alte, vom Aussterben bedrohte Handwerk neu zu beleben.\" \/>\n<meta name=\"robots\" content=\"index, follow, max-snippet:-1, max-image-preview:large, max-video-preview:-1\" \/>\n<link rel=\"canonical\" href=\"https:\/\/moya-birchbark.com\/de\/press\/\" \/>\n<meta property=\"og:locale\" content=\"de_DE\" \/>\n<meta property=\"og:type\" content=\"article\" \/>\n<meta property=\"og:title\" content=\"Presse - Moya Birkenrinde\" \/>\n<meta property=\"og:description\" content=\"MOYA kreiert moderne Design-Produkte aus nat\u00fcrlicher Birkenrinde von h\u00f6chster Qualit\u00e4t und\u00a0fertigt sie in sozialer sowie \u00f6kologischer Verantwortung mit dem Ziel, das Jahrtausende alte, vom Aussterben bedrohte Handwerk neu zu beleben.\" \/>\n<meta property=\"og:url\" content=\"https:\/\/moya-birchbark.com\/de\/press\/\" \/>\n<meta property=\"og:site_name\" content=\"Moya Birkenrinde\" \/>\n<meta property=\"article:modified_time\" content=\"2022-09-29T10:47:30+00:00\" \/>\n<meta property=\"og:image\" content=\"https:\/\/moya-birchbark.com\/de\/wp-content\/uploads\/sites\/4\/2021\/06\/MOYA-SZ-Artikel-1024x852.jpg\" \/>\n<meta name=\"twitter:card\" content=\"summary_large_image\" \/>\n<meta name=\"twitter:label1\" content=\"Gesch\u00e4tzte Lesezeit\" \/>\n\t<meta name=\"twitter:data1\" content=\"4\u00a0Minuten\" \/>\n<script type=\"application\/ld+json\" class=\"yoast-schema-graph\">{\"@context\":\"https:\/\/schema.org\",\"@graph\":[{\"@type\":\"WebPage\",\"@id\":\"https:\/\/moya-birchbark.com\/de\/press\/\",\"url\":\"https:\/\/moya-birchbark.com\/de\/press\/\",\"name\":\"Presse - Moya Birkenrinde\",\"isPartOf\":{\"@id\":\"https:\/\/moya-birchbark.com\/de\/#website\"},\"datePublished\":\"2019-04-23T13:19:23+00:00\",\"dateModified\":\"2022-09-29T10:47:30+00:00\",\"description\":\"MOYA kreiert moderne Design-Produkte aus nat\u00fcrlicher Birkenrinde von h\u00f6chster Qualit\u00e4t und\u00a0fertigt sie in sozialer sowie \u00f6kologischer Verantwortung mit dem Ziel, das Jahrtausende alte, vom Aussterben bedrohte Handwerk neu zu beleben.\",\"breadcrumb\":{\"@id\":\"https:\/\/moya-birchbark.com\/de\/press\/#breadcrumb\"},\"inLanguage\":\"de\",\"potentialAction\":[{\"@type\":\"ReadAction\",\"target\":[\"https:\/\/moya-birchbark.com\/de\/press\/\"]}]},{\"@type\":\"BreadcrumbList\",\"@id\":\"https:\/\/moya-birchbark.com\/de\/press\/#breadcrumb\",\"itemListElement\":[{\"@type\":\"ListItem\",\"position\":1,\"name\":\"Home\",\"item\":\"https:\/\/moya-birchbark.com\/de\/\"},{\"@type\":\"ListItem\",\"position\":2,\"name\":\"Presse\"}]},{\"@type\":\"WebSite\",\"@id\":\"https:\/\/moya-birchbark.com\/de\/#website\",\"url\":\"https:\/\/moya-birchbark.com\/de\/\",\"name\":\"Moya Birkenrinde\",\"description\":\"MOYA Birch Bark\",\"publisher\":{\"@id\":\"https:\/\/moya-birchbark.com\/de\/#organization\"},\"potentialAction\":[{\"@type\":\"SearchAction\",\"target\":{\"@type\":\"EntryPoint\",\"urlTemplate\":\"https:\/\/moya-birchbark.com\/de\/?s={search_term_string}\"},\"query-input\":\"required name=search_term_string\"}],\"inLanguage\":\"de\"},{\"@type\":\"Organization\",\"@id\":\"https:\/\/moya-birchbark.com\/de\/#organization\",\"name\":\"Moya Birkenrinde\",\"url\":\"https:\/\/moya-birchbark.com\/de\/\",\"logo\":{\"@type\":\"ImageObject\",\"inLanguage\":\"de\",\"@id\":\"https:\/\/moya-birchbark.com\/de\/#\/schema\/logo\/image\/\",\"url\":\"https:\/\/moya-birchbark.com\/de\/wp-content\/uploads\/sites\/4\/2021\/05\/MOYA-Birch-Bark-Logo-white.png\",\"contentUrl\":\"https:\/\/moya-birchbark.com\/de\/wp-content\/uploads\/sites\/4\/2021\/05\/MOYA-Birch-Bark-Logo-white.png\",\"width\":520,\"height\":152,\"caption\":\"Moya Birkenrinde\"},\"image\":{\"@id\":\"https:\/\/moya-birchbark.com\/de\/#\/schema\/logo\/image\/\"}}]}<\/script>\n<!-- \/ Yoast SEO plugin. -->","yoast_head_json":{"title":"Presse - Moya Birkenrinde","description":"MOYA kreiert moderne Design-Produkte aus nat\u00fcrlicher Birkenrinde von h\u00f6chster Qualit\u00e4t und\u00a0fertigt sie in sozialer sowie \u00f6kologischer Verantwortung mit dem Ziel, das Jahrtausende alte, vom Aussterben bedrohte Handwerk neu zu beleben.","robots":{"index":"index","follow":"follow","max-snippet":"max-snippet:-1","max-image-preview":"max-image-preview:large","max-video-preview":"max-video-preview:-1"},"canonical":"https:\/\/moya-birchbark.com\/de\/press\/","og_locale":"de_DE","og_type":"article","og_title":"Presse - Moya Birkenrinde","og_description":"MOYA kreiert moderne Design-Produkte aus nat\u00fcrlicher Birkenrinde von h\u00f6chster Qualit\u00e4t und\u00a0fertigt sie in sozialer sowie \u00f6kologischer Verantwortung mit dem Ziel, das Jahrtausende alte, vom Aussterben bedrohte Handwerk neu zu beleben.","og_url":"https:\/\/moya-birchbark.com\/de\/press\/","og_site_name":"Moya Birkenrinde","article_modified_time":"2022-09-29T10:47:30+00:00","og_image":[{"url":"https:\/\/moya-birchbark.com\/de\/wp-content\/uploads\/sites\/4\/2021\/06\/MOYA-SZ-Artikel-1024x852.jpg"}],"twitter_card":"summary_large_image","twitter_misc":{"Gesch\u00e4tzte Lesezeit":"4\u00a0Minuten"},"schema":{"@context":"https:\/\/schema.org","@graph":[{"@type":"WebPage","@id":"https:\/\/moya-birchbark.com\/de\/press\/","url":"https:\/\/moya-birchbark.com\/de\/press\/","name":"Presse - Moya Birkenrinde","isPartOf":{"@id":"https:\/\/moya-birchbark.com\/de\/#website"},"datePublished":"2019-04-23T13:19:23+00:00","dateModified":"2022-09-29T10:47:30+00:00","description":"MOYA kreiert moderne Design-Produkte aus nat\u00fcrlicher Birkenrinde von h\u00f6chster Qualit\u00e4t und\u00a0fertigt sie in sozialer sowie \u00f6kologischer Verantwortung mit dem Ziel, das Jahrtausende alte, vom Aussterben bedrohte Handwerk neu zu beleben.","breadcrumb":{"@id":"https:\/\/moya-birchbark.com\/de\/press\/#breadcrumb"},"inLanguage":"de","potentialAction":[{"@type":"ReadAction","target":["https:\/\/moya-birchbark.com\/de\/press\/"]}]},{"@type":"BreadcrumbList","@id":"https:\/\/moya-birchbark.com\/de\/press\/#breadcrumb","itemListElement":[{"@type":"ListItem","position":1,"name":"Home","item":"https:\/\/moya-birchbark.com\/de\/"},{"@type":"ListItem","position":2,"name":"Presse"}]},{"@type":"WebSite","@id":"https:\/\/moya-birchbark.com\/de\/#website","url":"https:\/\/moya-birchbark.com\/de\/","name":"Moya Birkenrinde","description":"MOYA Birch Bark","publisher":{"@id":"https:\/\/moya-birchbark.com\/de\/#organization"},"potentialAction":[{"@type":"SearchAction","target":{"@type":"EntryPoint","urlTemplate":"https:\/\/moya-birchbark.com\/de\/?s={search_term_string}"},"query-input":"required name=search_term_string"}],"inLanguage":"de"},{"@type":"Organization","@id":"https:\/\/moya-birchbark.com\/de\/#organization","name":"Moya Birkenrinde","url":"https:\/\/moya-birchbark.com\/de\/","logo":{"@type":"ImageObject","inLanguage":"de","@id":"https:\/\/moya-birchbark.com\/de\/#\/schema\/logo\/image\/","url":"https:\/\/moya-birchbark.com\/de\/wp-content\/uploads\/sites\/4\/2021\/05\/MOYA-Birch-Bark-Logo-white.png","contentUrl":"https:\/\/moya-birchbark.com\/de\/wp-content\/uploads\/sites\/4\/2021\/05\/MOYA-Birch-Bark-Logo-white.png","width":520,"height":152,"caption":"Moya Birkenrinde"},"image":{"@id":"https:\/\/moya-birchbark.com\/de\/#\/schema\/logo\/image\/"}}]}},"_links":{"self":[{"href":"https:\/\/moya-birchbark.com\/de\/wp-json\/wp\/v2\/pages\/4662","targetHints":{"allow":["GET"]}}],"collection":[{"href":"https:\/\/moya-birchbark.com\/de\/wp-json\/wp\/v2\/pages"}],"about":[{"href":"https:\/\/moya-birchbark.com\/de\/wp-json\/wp\/v2\/types\/page"}],"author":[{"embeddable":true,"href":"https:\/\/moya-birchbark.com\/de\/wp-json\/wp\/v2\/users\/1"}],"replies":[{"embeddable":true,"href":"https:\/\/moya-birchbark.com\/de\/wp-json\/wp\/v2\/comments?post=4662"}],"version-history":[{"count":103,"href":"https:\/\/moya-birchbark.com\/de\/wp-json\/wp\/v2\/pages\/4662\/revisions"}],"predecessor-version":[{"id":10986,"href":"https:\/\/moya-birchbark.com\/de\/wp-json\/wp\/v2\/pages\/4662\/revisions\/10986"}],"wp:attachment":[{"href":"https:\/\/moya-birchbark.com\/de\/wp-json\/wp\/v2\/media?parent=4662"}],"curies":[{"name":"wp","href":"https:\/\/api.w.org\/{rel}","templated":true}]}}